{"id":2220,"date":"2018-03-28T12:08:03","date_gmt":"2018-03-28T12:08:03","guid":{"rendered":"https:\/\/lat.nl\/sonnen-erdschattenberechnung\/"},"modified":"2018-03-28T12:08:03","modified_gmt":"2018-03-28T12:08:03","slug":"sonnen-erdschattenberechnung","status":"publish","type":"page","link":"https:\/\/lat.nl\/de\/sonnen-erdschattenberechnung\/","title":{"rendered":"Sonnen-\/Erdschattenberechnung"},"content":{"rendered":"<p>Es gibt Faktoren, die wir zwar nicht bestimmen k\u00f6nnen, jedoch vorhersagen und messen, wie zum Beispiel: die Sonneneinwirkung. Durch die Anordnung von verschiedenen Bauwerken zu einander k\u00f6nnen bei Bauprojekten erw\u00fcnschte oder unerw\u00fcnschte Schattenwirkungen auftreten. Spezial-Simulierungen durch geeignete Software vermitteln ausreichende Daten und Einblicke, wie Sonne- und Schattenfaktoren sich gegen\u00fcber Ihr Projekt verhalten.<\/p>\n<p>Selbstverst\u00e4ndlich verwenden die Planer von Looije Agro Technics diese avancierte Software bei der Anfertigung Ihres Projektentwurfs. Daneben wird Looije Agro Technics regelm\u00e4\u00dfig von Dritten beauftragt, externe Gutachten zu erstellen und aus Sonnen- und Erdschattenberechnungen die stimmigen Schlussfolgerungen zu ziehen, die erforderlich sind f\u00fcr ad\u00e4quate Empfehlungen.<\/p>\n","protected":false},"excerpt":{"rendered":"<p>Es gibt Faktoren, die wir zwar nicht bestimmen k\u00f6nnen, jedoch vorhersagen und messen, wie zum Beispiel: die Sonneneinwirkung. Durch die Anordnung von verschiedenen Bauwerken zu einander k\u00f6nnen bei Bauprojekten erw\u00fcnschte oder unerw\u00fcnschte Schattenwirkungen auftreten. Spezial-Simulierungen durch geeignete Software vermitteln ausreichende Daten und Einblicke, wie Sonne- und Schattenfaktoren sich gegen\u00fcber Ihr Projekt verhalten. Selbstverst\u00e4ndlich verwenden die [&hellip;]<\/p>\n","protected":false},"author":1,"featured_media":0,"parent":0,"menu_order":0,"comment_status":"open","ping_status":"closed","template":"","meta":{"_acf_changed":false,"_exactmetrics_skip_tracking":false,"_exactmetrics_sitenote_active":false,"_exactmetrics_sitenote_note":"","_exactmetrics_sitenote_category":0,"footnotes":""},"class_list":["post-2220","page","type-page","status-publish","hentry"],"acf":[],"yoast_head":"<!-- This site is optimized with the Yoast SEO plugin v27.4 - https:\/\/yoast.com\/product\/yoast-seo-wordpress\/ -->\n<title>Sonnen-\/Erdschattenberechnung - Looije Agro Technics BV<\/title>\n<meta name=\"robots\" content=\"index, follow, max-snippet:-1, max-image-preview:large, max-video-preview:-1\" \/>\n<link rel=\"canonical\" href=\"https:\/\/lat.nl\/de\/sonnen-erdschattenberechnung\/\" \/>\n<meta property=\"og:locale\" content=\"de_DE\" \/>\n<meta property=\"og:type\" content=\"article\" \/>\n<meta property=\"og:title\" content=\"Sonnen-\/Erdschattenberechnung - Looije Agro Technics BV\" \/>\n<meta property=\"og:description\" content=\"Es gibt Faktoren, die wir zwar nicht bestimmen k\u00f6nnen, jedoch vorhersagen und messen, wie zum Beispiel: die Sonneneinwirkung. Durch die Anordnung von verschiedenen Bauwerken zu einander k\u00f6nnen bei Bauprojekten erw\u00fcnschte oder unerw\u00fcnschte Schattenwirkungen auftreten. Spezial-Simulierungen durch geeignete Software vermitteln ausreichende Daten und Einblicke, wie Sonne- und Schattenfaktoren sich gegen\u00fcber Ihr Projekt verhalten. Selbstverst\u00e4ndlich verwenden die [&hellip;]\" \/>\n<meta property=\"og:url\" content=\"https:\/\/lat.nl\/de\/sonnen-erdschattenberechnung\/\" \/>\n<meta property=\"og:site_name\" content=\"Looije Agro Technics BV\" \/>\n<meta name=\"twitter:card\" content=\"summary_large_image\" \/>\n<meta name=\"twitter:label1\" content=\"Gesch\u00e4tzte Lesezeit\" \/>\n\t<meta name=\"twitter:data1\" content=\"1\u00a0Minute\" \/>\n<script type=\"application\/ld+json\" class=\"yoast-schema-graph\">{\"@context\":\"https:\\\/\\\/schema.org\",\"@graph\":[{\"@type\":\"WebPage\",\"@id\":\"https:\\\/\\\/lat.nl\\\/de\\\/sonnen-erdschattenberechnung\\\/\",\"url\":\"https:\\\/\\\/lat.nl\\\/de\\\/sonnen-erdschattenberechnung\\\/\",\"name\":\"Sonnen-\\\/Erdschattenberechnung - Looije Agro Technics BV\",\"isPartOf\":{\"@id\":\"https:\\\/\\\/lat.nl\\\/#website\"},\"datePublished\":\"2018-03-28T12:08:03+00:00\",\"breadcrumb\":{\"@id\":\"https:\\\/\\\/lat.nl\\\/de\\\/sonnen-erdschattenberechnung\\\/#breadcrumb\"},\"inLanguage\":\"de\",\"potentialAction\":[{\"@type\":\"ReadAction\",\"target\":[\"https:\\\/\\\/lat.nl\\\/de\\\/sonnen-erdschattenberechnung\\\/\"]}]},{\"@type\":\"BreadcrumbList\",\"@id\":\"https:\\\/\\\/lat.nl\\\/de\\\/sonnen-erdschattenberechnung\\\/#breadcrumb\",\"itemListElement\":[{\"@type\":\"ListItem\",\"position\":1,\"name\":\"Home\",\"item\":\"https:\\\/\\\/lat.nl\\\/de\\\/\"},{\"@type\":\"ListItem\",\"position\":2,\"name\":\"Sonnen-\\\/Erdschattenberechnung\"}]},{\"@type\":\"WebSite\",\"@id\":\"https:\\\/\\\/lat.nl\\\/#website\",\"url\":\"https:\\\/\\\/lat.nl\\\/\",\"name\":\"Looije Agro Technics BV\",\"description\":\"H\u00e9t onafhankelijk bouwmanagementbureau in de glastuinbouwsector\",\"publisher\":{\"@id\":\"https:\\\/\\\/lat.nl\\\/#organization\"},\"potentialAction\":[{\"@type\":\"SearchAction\",\"target\":{\"@type\":\"EntryPoint\",\"urlTemplate\":\"https:\\\/\\\/lat.nl\\\/?s={search_term_string}\"},\"query-input\":{\"@type\":\"PropertyValueSpecification\",\"valueRequired\":true,\"valueName\":\"search_term_string\"}}],\"inLanguage\":\"de\"},{\"@type\":\"Organization\",\"@id\":\"https:\\\/\\\/lat.nl\\\/#organization\",\"name\":\"Looije Agro Technics BV\",\"url\":\"https:\\\/\\\/lat.nl\\\/\",\"logo\":{\"@type\":\"ImageObject\",\"inLanguage\":\"de\",\"@id\":\"https:\\\/\\\/lat.nl\\\/#\\\/schema\\\/logo\\\/image\\\/\",\"url\":\"https:\\\/\\\/lat.nl\\\/wp-content\\\/uploads\\\/2018\\\/03\\\/logo.jpg\",\"contentUrl\":\"https:\\\/\\\/lat.nl\\\/wp-content\\\/uploads\\\/2018\\\/03\\\/logo.jpg\",\"width\":319,\"height\":122,\"caption\":\"Looije Agro Technics BV\"},\"image\":{\"@id\":\"https:\\\/\\\/lat.nl\\\/#\\\/schema\\\/logo\\\/image\\\/\"}}]}<\/script>\n<!-- \/ Yoast SEO plugin. -->","yoast_head_json":{"title":"Sonnen-\/Erdschattenberechnung - Looije Agro Technics BV","robots":{"index":"index","follow":"follow","max-snippet":"max-snippet:-1","max-image-preview":"max-image-preview:large","max-video-preview":"max-video-preview:-1"},"canonical":"https:\/\/lat.nl\/de\/sonnen-erdschattenberechnung\/","og_locale":"de_DE","og_type":"article","og_title":"Sonnen-\/Erdschattenberechnung - Looije Agro Technics BV","og_description":"Es gibt Faktoren, die wir zwar nicht bestimmen k\u00f6nnen, jedoch vorhersagen und messen, wie zum Beispiel: die Sonneneinwirkung. Durch die Anordnung von verschiedenen Bauwerken zu einander k\u00f6nnen bei Bauprojekten erw\u00fcnschte oder unerw\u00fcnschte Schattenwirkungen auftreten. Spezial-Simulierungen durch geeignete Software vermitteln ausreichende Daten und Einblicke, wie Sonne- und Schattenfaktoren sich gegen\u00fcber Ihr Projekt verhalten. Selbstverst\u00e4ndlich verwenden die [&hellip;]","og_url":"https:\/\/lat.nl\/de\/sonnen-erdschattenberechnung\/","og_site_name":"Looije Agro Technics BV","twitter_card":"summary_large_image","twitter_misc":{"Gesch\u00e4tzte Lesezeit":"1\u00a0Minute"},"schema":{"@context":"https:\/\/schema.org","@graph":[{"@type":"WebPage","@id":"https:\/\/lat.nl\/de\/sonnen-erdschattenberechnung\/","url":"https:\/\/lat.nl\/de\/sonnen-erdschattenberechnung\/","name":"Sonnen-\/Erdschattenberechnung - Looije Agro Technics BV","isPartOf":{"@id":"https:\/\/lat.nl\/#website"},"datePublished":"2018-03-28T12:08:03+00:00","breadcrumb":{"@id":"https:\/\/lat.nl\/de\/sonnen-erdschattenberechnung\/#breadcrumb"},"inLanguage":"de","potentialAction":[{"@type":"ReadAction","target":["https:\/\/lat.nl\/de\/sonnen-erdschattenberechnung\/"]}]},{"@type":"BreadcrumbList","@id":"https:\/\/lat.nl\/de\/sonnen-erdschattenberechnung\/#breadcrumb","itemListElement":[{"@type":"ListItem","position":1,"name":"Home","item":"https:\/\/lat.nl\/de\/"},{"@type":"ListItem","position":2,"name":"Sonnen-\/Erdschattenberechnung"}]},{"@type":"WebSite","@id":"https:\/\/lat.nl\/#website","url":"https:\/\/lat.nl\/","name":"Looije Agro Technics BV","description":"H\u00e9t onafhankelijk bouwmanagementbureau in de glastuinbouwsector","publisher":{"@id":"https:\/\/lat.nl\/#organization"},"potentialAction":[{"@type":"SearchAction","target":{"@type":"EntryPoint","urlTemplate":"https:\/\/lat.nl\/?s={search_term_string}"},"query-input":{"@type":"PropertyValueSpecification","valueRequired":true,"valueName":"search_term_string"}}],"inLanguage":"de"},{"@type":"Organization","@id":"https:\/\/lat.nl\/#organization","name":"Looije Agro Technics BV","url":"https:\/\/lat.nl\/","logo":{"@type":"ImageObject","inLanguage":"de","@id":"https:\/\/lat.nl\/#\/schema\/logo\/image\/","url":"https:\/\/lat.nl\/wp-content\/uploads\/2018\/03\/logo.jpg","contentUrl":"https:\/\/lat.nl\/wp-content\/uploads\/2018\/03\/logo.jpg","width":319,"height":122,"caption":"Looije Agro Technics BV"},"image":{"@id":"https:\/\/lat.nl\/#\/schema\/logo\/image\/"}}]}},"_links":{"self":[{"href":"https:\/\/lat.nl\/de\/wp-json\/wp\/v2\/pages\/2220","targetHints":{"allow":["GET"]}}],"collection":[{"href":"https:\/\/lat.nl\/de\/wp-json\/wp\/v2\/pages"}],"about":[{"href":"https:\/\/lat.nl\/de\/wp-json\/wp\/v2\/types\/page"}],"author":[{"embeddable":true,"href":"https:\/\/lat.nl\/de\/wp-json\/wp\/v2\/users\/1"}],"replies":[{"embeddable":true,"href":"https:\/\/lat.nl\/de\/wp-json\/wp\/v2\/comments?post=2220"}],"version-history":[{"count":0,"href":"https:\/\/lat.nl\/de\/wp-json\/wp\/v2\/pages\/2220\/revisions"}],"wp:attachment":[{"href":"https:\/\/lat.nl\/de\/wp-json\/wp\/v2\/media?parent=2220"}],"curies":[{"name":"wp","href":"https:\/\/api.w.org\/{rel}","templated":true}]}}