{"id":2224,"date":"2018-03-28T12:08:03","date_gmt":"2018-03-28T12:08:03","guid":{"rendered":"https:\/\/lat.nl\/warmeubertragung\/"},"modified":"2018-03-28T12:08:03","modified_gmt":"2018-03-28T12:08:03","slug":"warmeubertragung","status":"publish","type":"page","link":"https:\/\/lat.nl\/de\/warmeubertragung\/","title":{"rendered":"W\u00e4rme\u00fcbertragung"},"content":{"rendered":"<p>Beim Ermitteln der W\u00e4rme\u00fcbertragung wird festgehalten, wie viel W\u00e4rme ein Gew\u00e4chshaus oder Geb\u00e4ude &#8218;verliert&#8216; durch m\u00f6gliche K\u00e4ltebr\u00fccken, Glasoberfl\u00e4chen, undichte Stellen und sonstiges. Solche Daten sind wichtig um zu ermitteln, wie viel W\u00e4rme erforderlich ist, um ein Gew\u00e4chshaus oder Geb\u00e4ude zu einem bestimmten Zeitpunkt auf eine bestimmte Temperatur zu bringen und zu halten.<\/p>\n<p>Das eine Gew\u00e4chshaus oder das andere Geb\u00e4ude, sind nicht gleich und auch die Anordnung der verschiedenen Abteilungen zu einander sind Faktoren, die die W\u00e4rme\u00fcbertragung mitbestimmen. Die W\u00e4rme\u00fcbertragung Ihres Projektes wird von Versorgungsspezialisten anhand von Software-Simulationen, die speziell f\u00fcr Looije Agro Technics entwickelt wurden, ermittelt. Die Ergebnisse dienen als Grundlage f\u00fcr die Ermittlung weiterer Stromversorgung im Hinblick auf die Erzeugung von Strom und energiesparenden Ma\u00dfnahmen.<\/p>\n","protected":false},"excerpt":{"rendered":"<p>Beim Ermitteln der W\u00e4rme\u00fcbertragung wird festgehalten, wie viel W\u00e4rme ein Gew\u00e4chshaus oder Geb\u00e4ude &#8218;verliert&#8216; durch m\u00f6gliche K\u00e4ltebr\u00fccken, Glasoberfl\u00e4chen, undichte Stellen und sonstiges. Solche Daten sind wichtig um zu ermitteln, wie viel W\u00e4rme erforderlich ist, um ein Gew\u00e4chshaus oder Geb\u00e4ude zu einem bestimmten Zeitpunkt auf eine bestimmte Temperatur zu bringen und zu halten. Das eine Gew\u00e4chshaus [&hellip;]<\/p>\n","protected":false},"author":1,"featured_media":0,"parent":0,"menu_order":0,"comment_status":"open","ping_status":"closed","template":"","meta":{"_acf_changed":false,"_exactmetrics_skip_tracking":false,"_exactmetrics_sitenote_active":false,"_exactmetrics_sitenote_note":"","_exactmetrics_sitenote_category":0,"footnotes":""},"class_list":["post-2224","page","type-page","status-publish","hentry"],"acf":[],"yoast_head":"<!-- This site is optimized with the Yoast SEO plugin v27.3 - https:\/\/yoast.com\/product\/yoast-seo-wordpress\/ -->\n<title>W\u00e4rme\u00fcbertragung - Looije Agro Technics BV<\/title>\n<meta name=\"robots\" content=\"index, follow, max-snippet:-1, max-image-preview:large, max-video-preview:-1\" \/>\n<link rel=\"canonical\" href=\"https:\/\/lat.nl\/de\/warmeubertragung\/\" \/>\n<meta property=\"og:locale\" content=\"de_DE\" \/>\n<meta property=\"og:type\" content=\"article\" \/>\n<meta property=\"og:title\" content=\"W\u00e4rme\u00fcbertragung - Looije Agro Technics BV\" \/>\n<meta property=\"og:description\" content=\"Beim Ermitteln der W\u00e4rme\u00fcbertragung wird festgehalten, wie viel W\u00e4rme ein Gew\u00e4chshaus oder Geb\u00e4ude &#8218;verliert&#8216; durch m\u00f6gliche K\u00e4ltebr\u00fccken, Glasoberfl\u00e4chen, undichte Stellen und sonstiges. Solche Daten sind wichtig um zu ermitteln, wie viel W\u00e4rme erforderlich ist, um ein Gew\u00e4chshaus oder Geb\u00e4ude zu einem bestimmten Zeitpunkt auf eine bestimmte Temperatur zu bringen und zu halten. Das eine Gew\u00e4chshaus [&hellip;]\" \/>\n<meta property=\"og:url\" content=\"https:\/\/lat.nl\/de\/warmeubertragung\/\" \/>\n<meta property=\"og:site_name\" content=\"Looije Agro Technics BV\" \/>\n<meta name=\"twitter:card\" content=\"summary_large_image\" \/>\n<meta name=\"twitter:label1\" content=\"Gesch\u00e4tzte Lesezeit\" \/>\n\t<meta name=\"twitter:data1\" content=\"1\u00a0Minute\" \/>\n<script type=\"application\/ld+json\" class=\"yoast-schema-graph\">{\"@context\":\"https:\\\/\\\/schema.org\",\"@graph\":[{\"@type\":\"WebPage\",\"@id\":\"https:\\\/\\\/lat.nl\\\/de\\\/warmeubertragung\\\/\",\"url\":\"https:\\\/\\\/lat.nl\\\/de\\\/warmeubertragung\\\/\",\"name\":\"W\u00e4rme\u00fcbertragung - Looije Agro Technics BV\",\"isPartOf\":{\"@id\":\"https:\\\/\\\/lat.nl\\\/#website\"},\"datePublished\":\"2018-03-28T12:08:03+00:00\",\"breadcrumb\":{\"@id\":\"https:\\\/\\\/lat.nl\\\/de\\\/warmeubertragung\\\/#breadcrumb\"},\"inLanguage\":\"de\",\"potentialAction\":[{\"@type\":\"ReadAction\",\"target\":[\"https:\\\/\\\/lat.nl\\\/de\\\/warmeubertragung\\\/\"]}]},{\"@type\":\"BreadcrumbList\",\"@id\":\"https:\\\/\\\/lat.nl\\\/de\\\/warmeubertragung\\\/#breadcrumb\",\"itemListElement\":[{\"@type\":\"ListItem\",\"position\":1,\"name\":\"Home\",\"item\":\"https:\\\/\\\/lat.nl\\\/de\\\/\"},{\"@type\":\"ListItem\",\"position\":2,\"name\":\"W\u00e4rme\u00fcbertragung\"}]},{\"@type\":\"WebSite\",\"@id\":\"https:\\\/\\\/lat.nl\\\/#website\",\"url\":\"https:\\\/\\\/lat.nl\\\/\",\"name\":\"Looije Agro Technics BV\",\"description\":\"H\u00e9t onafhankelijk bouwmanagementbureau in de glastuinbouwsector\",\"publisher\":{\"@id\":\"https:\\\/\\\/lat.nl\\\/#organization\"},\"potentialAction\":[{\"@type\":\"SearchAction\",\"target\":{\"@type\":\"EntryPoint\",\"urlTemplate\":\"https:\\\/\\\/lat.nl\\\/?s={search_term_string}\"},\"query-input\":{\"@type\":\"PropertyValueSpecification\",\"valueRequired\":true,\"valueName\":\"search_term_string\"}}],\"inLanguage\":\"de\"},{\"@type\":\"Organization\",\"@id\":\"https:\\\/\\\/lat.nl\\\/#organization\",\"name\":\"Looije Agro Technics BV\",\"url\":\"https:\\\/\\\/lat.nl\\\/\",\"logo\":{\"@type\":\"ImageObject\",\"inLanguage\":\"de\",\"@id\":\"https:\\\/\\\/lat.nl\\\/#\\\/schema\\\/logo\\\/image\\\/\",\"url\":\"https:\\\/\\\/lat.nl\\\/wp-content\\\/uploads\\\/2018\\\/03\\\/logo.jpg\",\"contentUrl\":\"https:\\\/\\\/lat.nl\\\/wp-content\\\/uploads\\\/2018\\\/03\\\/logo.jpg\",\"width\":319,\"height\":122,\"caption\":\"Looije Agro Technics BV\"},\"image\":{\"@id\":\"https:\\\/\\\/lat.nl\\\/#\\\/schema\\\/logo\\\/image\\\/\"}}]}<\/script>\n<!-- \/ Yoast SEO plugin. -->","yoast_head_json":{"title":"W\u00e4rme\u00fcbertragung - Looije Agro Technics BV","robots":{"index":"index","follow":"follow","max-snippet":"max-snippet:-1","max-image-preview":"max-image-preview:large","max-video-preview":"max-video-preview:-1"},"canonical":"https:\/\/lat.nl\/de\/warmeubertragung\/","og_locale":"de_DE","og_type":"article","og_title":"W\u00e4rme\u00fcbertragung - Looije Agro Technics BV","og_description":"Beim Ermitteln der W\u00e4rme\u00fcbertragung wird festgehalten, wie viel W\u00e4rme ein Gew\u00e4chshaus oder Geb\u00e4ude &#8218;verliert&#8216; durch m\u00f6gliche K\u00e4ltebr\u00fccken, Glasoberfl\u00e4chen, undichte Stellen und sonstiges. Solche Daten sind wichtig um zu ermitteln, wie viel W\u00e4rme erforderlich ist, um ein Gew\u00e4chshaus oder Geb\u00e4ude zu einem bestimmten Zeitpunkt auf eine bestimmte Temperatur zu bringen und zu halten. Das eine Gew\u00e4chshaus [&hellip;]","og_url":"https:\/\/lat.nl\/de\/warmeubertragung\/","og_site_name":"Looije Agro Technics BV","twitter_card":"summary_large_image","twitter_misc":{"Gesch\u00e4tzte Lesezeit":"1\u00a0Minute"},"schema":{"@context":"https:\/\/schema.org","@graph":[{"@type":"WebPage","@id":"https:\/\/lat.nl\/de\/warmeubertragung\/","url":"https:\/\/lat.nl\/de\/warmeubertragung\/","name":"W\u00e4rme\u00fcbertragung - Looije Agro Technics BV","isPartOf":{"@id":"https:\/\/lat.nl\/#website"},"datePublished":"2018-03-28T12:08:03+00:00","breadcrumb":{"@id":"https:\/\/lat.nl\/de\/warmeubertragung\/#breadcrumb"},"inLanguage":"de","potentialAction":[{"@type":"ReadAction","target":["https:\/\/lat.nl\/de\/warmeubertragung\/"]}]},{"@type":"BreadcrumbList","@id":"https:\/\/lat.nl\/de\/warmeubertragung\/#breadcrumb","itemListElement":[{"@type":"ListItem","position":1,"name":"Home","item":"https:\/\/lat.nl\/de\/"},{"@type":"ListItem","position":2,"name":"W\u00e4rme\u00fcbertragung"}]},{"@type":"WebSite","@id":"https:\/\/lat.nl\/#website","url":"https:\/\/lat.nl\/","name":"Looije Agro Technics BV","description":"H\u00e9t onafhankelijk bouwmanagementbureau in de glastuinbouwsector","publisher":{"@id":"https:\/\/lat.nl\/#organization"},"potentialAction":[{"@type":"SearchAction","target":{"@type":"EntryPoint","urlTemplate":"https:\/\/lat.nl\/?s={search_term_string}"},"query-input":{"@type":"PropertyValueSpecification","valueRequired":true,"valueName":"search_term_string"}}],"inLanguage":"de"},{"@type":"Organization","@id":"https:\/\/lat.nl\/#organization","name":"Looije Agro Technics BV","url":"https:\/\/lat.nl\/","logo":{"@type":"ImageObject","inLanguage":"de","@id":"https:\/\/lat.nl\/#\/schema\/logo\/image\/","url":"https:\/\/lat.nl\/wp-content\/uploads\/2018\/03\/logo.jpg","contentUrl":"https:\/\/lat.nl\/wp-content\/uploads\/2018\/03\/logo.jpg","width":319,"height":122,"caption":"Looije Agro Technics BV"},"image":{"@id":"https:\/\/lat.nl\/#\/schema\/logo\/image\/"}}]}},"_links":{"self":[{"href":"https:\/\/lat.nl\/de\/wp-json\/wp\/v2\/pages\/2224","targetHints":{"allow":["GET"]}}],"collection":[{"href":"https:\/\/lat.nl\/de\/wp-json\/wp\/v2\/pages"}],"about":[{"href":"https:\/\/lat.nl\/de\/wp-json\/wp\/v2\/types\/page"}],"author":[{"embeddable":true,"href":"https:\/\/lat.nl\/de\/wp-json\/wp\/v2\/users\/1"}],"replies":[{"embeddable":true,"href":"https:\/\/lat.nl\/de\/wp-json\/wp\/v2\/comments?post=2224"}],"version-history":[{"count":0,"href":"https:\/\/lat.nl\/de\/wp-json\/wp\/v2\/pages\/2224\/revisions"}],"wp:attachment":[{"href":"https:\/\/lat.nl\/de\/wp-json\/wp\/v2\/media?parent=2224"}],"curies":[{"name":"wp","href":"https:\/\/api.w.org\/{rel}","templated":true}]}}