{"id":2226,"date":"2018-03-28T12:08:03","date_gmt":"2018-03-28T12:08:03","guid":{"rendered":"https:\/\/lat.nl\/unsere-vision\/"},"modified":"2018-03-28T12:08:03","modified_gmt":"2018-03-28T12:08:03","slug":"unsere-vision","status":"publish","type":"page","link":"https:\/\/lat.nl\/de\/unsere-vision\/","title":{"rendered":"Unsere Vision"},"content":{"rendered":"<p>Martin Looije, Gr\u00fcnder und treibende Kraft hinter Looije Agro Technics.<\/p>\n<p>&#8218;Die St\u00e4rke unseres Unternehmens liegt in der B\u00fcndelung unserer breit gef\u00e4cherten Erfahrungen: Einerseits haben wir naturnahe Gartenbauerfahrung, andererseits bieten wir juristische, energietechnische, wirtschaftliche und bautechnische Expertise. Sowohl unser Hintergrundwissen als au<img decoding=\"async\" border=\"0\" hspace=\"10\" alt=\"Martin Looije\" vspace=\"10\" align=\"right\" src=\"http:\/\/lat15.testjouwsite.nl\/images\/stories\/martinlooije.jpg\" mce_src=\"images\/stories\/martinlooije.jpg\" \/>ch unsere n\u00fcchterne, klare, aufrichtige und no-nonsense Art des Handelns, gibt dem Kunden die praktische Information und Unterst\u00fctzung, die er manchmal braucht.<\/p>\n<p>Schon bei der Gr\u00fcndung unseres Unternehmens habe ich in unserem Firmenlogo den Firmenleitspruch &#8218;wohl \u00fcberlegt und umfassend&#8216; aufnehmen lassen. Unser Slogan ist dann auch charakterisierend f\u00fcr alles was wir tun und lassen und diese Zielsetzung hat zweifelsohne das Unternehmen zu dem einmaligen und unabh\u00e4ngigen Unternehmen im Unterglas-Gartenbausektor wachsen lassen, das Looije Agro Technics heute ist.&#8216;<\/p>\n","protected":false},"excerpt":{"rendered":"<p>Martin Looije, Gr\u00fcnder und treibende Kraft hinter Looije Agro Technics. &#8218;Die St\u00e4rke unseres Unternehmens liegt in der B\u00fcndelung unserer breit gef\u00e4cherten Erfahrungen: Einerseits haben wir naturnahe Gartenbauerfahrung, andererseits bieten wir juristische, energietechnische, wirtschaftliche und bautechnische Expertise. Sowohl unser Hintergrundwissen als auch unsere n\u00fcchterne, klare, aufrichtige und no-nonsense Art des Handelns, gibt dem Kunden die praktische [&hellip;]<\/p>\n","protected":false},"author":1,"featured_media":0,"parent":0,"menu_order":0,"comment_status":"open","ping_status":"closed","template":"","meta":{"_acf_changed":false,"_exactmetrics_skip_tracking":false,"_exactmetrics_sitenote_active":false,"_exactmetrics_sitenote_note":"","_exactmetrics_sitenote_category":0,"footnotes":""},"class_list":["post-2226","page","type-page","status-publish","hentry"],"acf":[],"yoast_head":"<!-- This site is optimized with the Yoast SEO plugin v27.3 - https:\/\/yoast.com\/product\/yoast-seo-wordpress\/ -->\n<title>Unsere Vision - Looije Agro Technics BV<\/title>\n<meta name=\"robots\" content=\"index, follow, max-snippet:-1, max-image-preview:large, max-video-preview:-1\" \/>\n<link rel=\"canonical\" href=\"https:\/\/lat.nl\/de\/unsere-vision\/\" \/>\n<meta property=\"og:locale\" content=\"de_DE\" \/>\n<meta property=\"og:type\" content=\"article\" \/>\n<meta property=\"og:title\" content=\"Unsere Vision - Looije Agro Technics BV\" \/>\n<meta property=\"og:description\" content=\"Martin Looije, Gr\u00fcnder und treibende Kraft hinter Looije Agro Technics. &#8218;Die St\u00e4rke unseres Unternehmens liegt in der B\u00fcndelung unserer breit gef\u00e4cherten Erfahrungen: Einerseits haben wir naturnahe Gartenbauerfahrung, andererseits bieten wir juristische, energietechnische, wirtschaftliche und bautechnische Expertise. Sowohl unser Hintergrundwissen als auch unsere n\u00fcchterne, klare, aufrichtige und no-nonsense Art des Handelns, gibt dem Kunden die praktische [&hellip;]\" \/>\n<meta property=\"og:url\" content=\"https:\/\/lat.nl\/de\/unsere-vision\/\" \/>\n<meta property=\"og:site_name\" content=\"Looije Agro Technics BV\" \/>\n<meta property=\"og:image\" content=\"http:\/\/lat15.testjouwsite.nl\/images\/stories\/martinlooije.jpg\" \/>\n<meta name=\"twitter:card\" content=\"summary_large_image\" \/>\n<meta name=\"twitter:label1\" content=\"Gesch\u00e4tzte Lesezeit\" \/>\n\t<meta name=\"twitter:data1\" content=\"1\u00a0Minute\" \/>\n<script type=\"application\/ld+json\" class=\"yoast-schema-graph\">{\"@context\":\"https:\\\/\\\/schema.org\",\"@graph\":[{\"@type\":\"WebPage\",\"@id\":\"https:\\\/\\\/lat.nl\\\/de\\\/unsere-vision\\\/\",\"url\":\"https:\\\/\\\/lat.nl\\\/de\\\/unsere-vision\\\/\",\"name\":\"Unsere Vision - Looije Agro Technics BV\",\"isPartOf\":{\"@id\":\"https:\\\/\\\/lat.nl\\\/#website\"},\"primaryImageOfPage\":{\"@id\":\"https:\\\/\\\/lat.nl\\\/de\\\/unsere-vision\\\/#primaryimage\"},\"image\":{\"@id\":\"https:\\\/\\\/lat.nl\\\/de\\\/unsere-vision\\\/#primaryimage\"},\"thumbnailUrl\":\"http:\\\/\\\/lat15.testjouwsite.nl\\\/images\\\/stories\\\/martinlooije.jpg\",\"datePublished\":\"2018-03-28T12:08:03+00:00\",\"breadcrumb\":{\"@id\":\"https:\\\/\\\/lat.nl\\\/de\\\/unsere-vision\\\/#breadcrumb\"},\"inLanguage\":\"de\",\"potentialAction\":[{\"@type\":\"ReadAction\",\"target\":[\"https:\\\/\\\/lat.nl\\\/de\\\/unsere-vision\\\/\"]}]},{\"@type\":\"ImageObject\",\"inLanguage\":\"de\",\"@id\":\"https:\\\/\\\/lat.nl\\\/de\\\/unsere-vision\\\/#primaryimage\",\"url\":\"http:\\\/\\\/lat15.testjouwsite.nl\\\/images\\\/stories\\\/martinlooije.jpg\",\"contentUrl\":\"http:\\\/\\\/lat15.testjouwsite.nl\\\/images\\\/stories\\\/martinlooije.jpg\"},{\"@type\":\"BreadcrumbList\",\"@id\":\"https:\\\/\\\/lat.nl\\\/de\\\/unsere-vision\\\/#breadcrumb\",\"itemListElement\":[{\"@type\":\"ListItem\",\"position\":1,\"name\":\"Home\",\"item\":\"https:\\\/\\\/lat.nl\\\/de\\\/\"},{\"@type\":\"ListItem\",\"position\":2,\"name\":\"Unsere Vision\"}]},{\"@type\":\"WebSite\",\"@id\":\"https:\\\/\\\/lat.nl\\\/#website\",\"url\":\"https:\\\/\\\/lat.nl\\\/\",\"name\":\"Looije Agro Technics BV\",\"description\":\"H\u00e9t onafhankelijk bouwmanagementbureau in de glastuinbouwsector\",\"publisher\":{\"@id\":\"https:\\\/\\\/lat.nl\\\/#organization\"},\"potentialAction\":[{\"@type\":\"SearchAction\",\"target\":{\"@type\":\"EntryPoint\",\"urlTemplate\":\"https:\\\/\\\/lat.nl\\\/?s={search_term_string}\"},\"query-input\":{\"@type\":\"PropertyValueSpecification\",\"valueRequired\":true,\"valueName\":\"search_term_string\"}}],\"inLanguage\":\"de\"},{\"@type\":\"Organization\",\"@id\":\"https:\\\/\\\/lat.nl\\\/#organization\",\"name\":\"Looije Agro Technics BV\",\"url\":\"https:\\\/\\\/lat.nl\\\/\",\"logo\":{\"@type\":\"ImageObject\",\"inLanguage\":\"de\",\"@id\":\"https:\\\/\\\/lat.nl\\\/#\\\/schema\\\/logo\\\/image\\\/\",\"url\":\"https:\\\/\\\/lat.nl\\\/wp-content\\\/uploads\\\/2018\\\/03\\\/logo.jpg\",\"contentUrl\":\"https:\\\/\\\/lat.nl\\\/wp-content\\\/uploads\\\/2018\\\/03\\\/logo.jpg\",\"width\":319,\"height\":122,\"caption\":\"Looije Agro Technics BV\"},\"image\":{\"@id\":\"https:\\\/\\\/lat.nl\\\/#\\\/schema\\\/logo\\\/image\\\/\"}}]}<\/script>\n<!-- \/ Yoast SEO plugin. -->","yoast_head_json":{"title":"Unsere Vision - Looije Agro Technics BV","robots":{"index":"index","follow":"follow","max-snippet":"max-snippet:-1","max-image-preview":"max-image-preview:large","max-video-preview":"max-video-preview:-1"},"canonical":"https:\/\/lat.nl\/de\/unsere-vision\/","og_locale":"de_DE","og_type":"article","og_title":"Unsere Vision - Looije Agro Technics BV","og_description":"Martin Looije, Gr\u00fcnder und treibende Kraft hinter Looije Agro Technics. &#8218;Die St\u00e4rke unseres Unternehmens liegt in der B\u00fcndelung unserer breit gef\u00e4cherten Erfahrungen: Einerseits haben wir naturnahe Gartenbauerfahrung, andererseits bieten wir juristische, energietechnische, wirtschaftliche und bautechnische Expertise. Sowohl unser Hintergrundwissen als auch unsere n\u00fcchterne, klare, aufrichtige und no-nonsense Art des Handelns, gibt dem Kunden die praktische [&hellip;]","og_url":"https:\/\/lat.nl\/de\/unsere-vision\/","og_site_name":"Looije Agro Technics BV","og_image":[{"url":"http:\/\/lat15.testjouwsite.nl\/images\/stories\/martinlooije.jpg","type":"","width":"","height":""}],"twitter_card":"summary_large_image","twitter_misc":{"Gesch\u00e4tzte Lesezeit":"1\u00a0Minute"},"schema":{"@context":"https:\/\/schema.org","@graph":[{"@type":"WebPage","@id":"https:\/\/lat.nl\/de\/unsere-vision\/","url":"https:\/\/lat.nl\/de\/unsere-vision\/","name":"Unsere Vision - Looije Agro Technics BV","isPartOf":{"@id":"https:\/\/lat.nl\/#website"},"primaryImageOfPage":{"@id":"https:\/\/lat.nl\/de\/unsere-vision\/#primaryimage"},"image":{"@id":"https:\/\/lat.nl\/de\/unsere-vision\/#primaryimage"},"thumbnailUrl":"http:\/\/lat15.testjouwsite.nl\/images\/stories\/martinlooije.jpg","datePublished":"2018-03-28T12:08:03+00:00","breadcrumb":{"@id":"https:\/\/lat.nl\/de\/unsere-vision\/#breadcrumb"},"inLanguage":"de","potentialAction":[{"@type":"ReadAction","target":["https:\/\/lat.nl\/de\/unsere-vision\/"]}]},{"@type":"ImageObject","inLanguage":"de","@id":"https:\/\/lat.nl\/de\/unsere-vision\/#primaryimage","url":"http:\/\/lat15.testjouwsite.nl\/images\/stories\/martinlooije.jpg","contentUrl":"http:\/\/lat15.testjouwsite.nl\/images\/stories\/martinlooije.jpg"},{"@type":"BreadcrumbList","@id":"https:\/\/lat.nl\/de\/unsere-vision\/#breadcrumb","itemListElement":[{"@type":"ListItem","position":1,"name":"Home","item":"https:\/\/lat.nl\/de\/"},{"@type":"ListItem","position":2,"name":"Unsere Vision"}]},{"@type":"WebSite","@id":"https:\/\/lat.nl\/#website","url":"https:\/\/lat.nl\/","name":"Looije Agro Technics BV","description":"H\u00e9t onafhankelijk bouwmanagementbureau in de glastuinbouwsector","publisher":{"@id":"https:\/\/lat.nl\/#organization"},"potentialAction":[{"@type":"SearchAction","target":{"@type":"EntryPoint","urlTemplate":"https:\/\/lat.nl\/?s={search_term_string}"},"query-input":{"@type":"PropertyValueSpecification","valueRequired":true,"valueName":"search_term_string"}}],"inLanguage":"de"},{"@type":"Organization","@id":"https:\/\/lat.nl\/#organization","name":"Looije Agro Technics BV","url":"https:\/\/lat.nl\/","logo":{"@type":"ImageObject","inLanguage":"de","@id":"https:\/\/lat.nl\/#\/schema\/logo\/image\/","url":"https:\/\/lat.nl\/wp-content\/uploads\/2018\/03\/logo.jpg","contentUrl":"https:\/\/lat.nl\/wp-content\/uploads\/2018\/03\/logo.jpg","width":319,"height":122,"caption":"Looije Agro Technics BV"},"image":{"@id":"https:\/\/lat.nl\/#\/schema\/logo\/image\/"}}]}},"_links":{"self":[{"href":"https:\/\/lat.nl\/de\/wp-json\/wp\/v2\/pages\/2226","targetHints":{"allow":["GET"]}}],"collection":[{"href":"https:\/\/lat.nl\/de\/wp-json\/wp\/v2\/pages"}],"about":[{"href":"https:\/\/lat.nl\/de\/wp-json\/wp\/v2\/types\/page"}],"author":[{"embeddable":true,"href":"https:\/\/lat.nl\/de\/wp-json\/wp\/v2\/users\/1"}],"replies":[{"embeddable":true,"href":"https:\/\/lat.nl\/de\/wp-json\/wp\/v2\/comments?post=2226"}],"version-history":[{"count":0,"href":"https:\/\/lat.nl\/de\/wp-json\/wp\/v2\/pages\/2226\/revisions"}],"wp:attachment":[{"href":"https:\/\/lat.nl\/de\/wp-json\/wp\/v2\/media?parent=2226"}],"curies":[{"name":"wp","href":"https:\/\/api.w.org\/{rel}","templated":true}]}}