{"id":2228,"date":"2018-03-28T12:08:03","date_gmt":"2018-03-28T12:08:03","guid":{"rendered":"https:\/\/lat.nl\/bewilligungen-und-verordnungen\/"},"modified":"2018-03-28T12:08:03","modified_gmt":"2018-03-28T12:08:03","slug":"bewilligungen-und-verordnungen","status":"publish","type":"page","link":"https:\/\/lat.nl\/de\/bewilligungen-und-verordnungen\/","title":{"rendered":"Bewilligungen und Verordnungen"},"content":{"rendered":"<p>Beim Neubau, Um- und Ausbau oder bei der F\u00fchrung eines Unterglas-Gartenbauunternehmens hat man es mit vielerlei Gesetzen und Vorschriften zu tun. Denken Sie zum Beispiel an Baubewilligungen, \u00c4nderungen in den Bestimmungspl\u00e4nen, Umweltgenehmigungen, oder Brandschutz und Gebrauchsgenehmigungen.<\/p>\n<p>Wo ein Unternehmer fr\u00fcher den beh\u00f6rdlichen Papierkram noch selbst &#8222;erledigen&#8220; konnte, ist das heute einfach nicht mehr m\u00f6glich: Um als vollwertiger Gespr\u00e4chspartner bei einer bau- oder wasserbeh\u00f6rdlichen Instanz, bei der Feuerwehr oder anderen beh\u00f6rdlichen Stellen, vorsprechen zu k\u00f6nnen, muss man v\u00f6llig auf dem Laufenden sein und die herrschenden Vorschriften und Bestimmungen kennen. Leider ver\u00e4ndern sich die Vorschriften regelm\u00e4\u00dfig. Was heute noch so gemacht werden muss, kann morgen durch eine neue Vorschrift schon wieder \u00fcberholt sein.<\/p>\n<p>Looije Agro Technics verf\u00fcgt \u00fcber eine Abteilung, die sich ausschlie\u00dflich mit &#8218;Bewilligungen und Verordnungen&#8216; besch\u00e4ftigt und den Betrieben im Unterglas-Gartenbausektor zur Hand geht, wenn Bewilligungen und oder Verordnungen eine Rolle spielen. Weil die verantwortlichen Mitarbeiter \u00fcber eine reiche Erfahrung im Gartenbau verf\u00fcgen und sich ebenfalls mit den Verordnungen in den vorher genannten L\u00e4ndern auskennen, k\u00f6nnen sie daher eine Br\u00fccke bilden zwischen den verantwortlichen beh\u00f6rdlichen Instanzen und dem betreffenden Unternehmer. Die klare Sprache und praxisbezogene Vorgehensweise unserer Mitarbeiter spricht viele Unternehmer aus dem (Unterglas-) Gartenbausektor an.<\/p>\n<p>Falls erforderlich, wird auch eine Arbeitsgemeinschaft mit dem Architekten oder Bauplaner vor Ort eingegangen. Die Expertise und die \u00f6rtliche Bekanntheit des Sachverst\u00e4ndigen werden auf diese Weise mit dem soliden Fachwissen von Looije Agro Technics im Bereich des (Unterglas-) Gartenbausektors geb\u00fcndelt, so dass eine solide Grundlage entstehen kann f\u00fcr eine perfekte Arbeitsgemeinschaft, gem\u00e4\u00df dem Motto: &#8218;Tun, was getan werden muss, nichts weniger, nichts mehr.&#8216;<\/p>\n","protected":false},"excerpt":{"rendered":"<p>Beim Neubau, Um- und Ausbau oder bei der F\u00fchrung eines Unterglas-Gartenbauunternehmens hat man es mit vielerlei Gesetzen und Vorschriften zu tun. Denken Sie zum Beispiel an Baubewilligungen, \u00c4nderungen in den Bestimmungspl\u00e4nen, Umweltgenehmigungen, oder Brandschutz und Gebrauchsgenehmigungen. Wo ein Unternehmer fr\u00fcher den beh\u00f6rdlichen Papierkram noch selbst &#8222;erledigen&#8220; konnte, ist das heute einfach nicht mehr m\u00f6glich: Um [&hellip;]<\/p>\n","protected":false},"author":1,"featured_media":0,"parent":0,"menu_order":0,"comment_status":"open","ping_status":"closed","template":"","meta":{"_acf_changed":false,"_exactmetrics_skip_tracking":false,"_exactmetrics_sitenote_active":false,"_exactmetrics_sitenote_note":"","_exactmetrics_sitenote_category":0,"footnotes":""},"class_list":["post-2228","page","type-page","status-publish","hentry"],"acf":[],"yoast_head":"<!-- This site is optimized with the Yoast SEO plugin v27.3 - https:\/\/yoast.com\/product\/yoast-seo-wordpress\/ -->\n<title>Bewilligungen und Verordnungen - Looije Agro Technics BV<\/title>\n<meta name=\"robots\" content=\"index, follow, max-snippet:-1, max-image-preview:large, max-video-preview:-1\" \/>\n<link rel=\"canonical\" href=\"https:\/\/lat.nl\/de\/bewilligungen-und-verordnungen\/\" \/>\n<meta property=\"og:locale\" content=\"de_DE\" \/>\n<meta property=\"og:type\" content=\"article\" \/>\n<meta property=\"og:title\" content=\"Bewilligungen und Verordnungen - Looije Agro Technics BV\" \/>\n<meta property=\"og:description\" content=\"Beim Neubau, Um- und Ausbau oder bei der F\u00fchrung eines Unterglas-Gartenbauunternehmens hat man es mit vielerlei Gesetzen und Vorschriften zu tun. Denken Sie zum Beispiel an Baubewilligungen, \u00c4nderungen in den Bestimmungspl\u00e4nen, Umweltgenehmigungen, oder Brandschutz und Gebrauchsgenehmigungen. Wo ein Unternehmer fr\u00fcher den beh\u00f6rdlichen Papierkram noch selbst &#8222;erledigen&#8220; konnte, ist das heute einfach nicht mehr m\u00f6glich: Um [&hellip;]\" \/>\n<meta property=\"og:url\" content=\"https:\/\/lat.nl\/de\/bewilligungen-und-verordnungen\/\" \/>\n<meta property=\"og:site_name\" content=\"Looije Agro Technics BV\" \/>\n<meta name=\"twitter:card\" content=\"summary_large_image\" \/>\n<meta name=\"twitter:label1\" content=\"Gesch\u00e4tzte Lesezeit\" \/>\n\t<meta name=\"twitter:data1\" content=\"1\u00a0Minute\" \/>\n<script type=\"application\/ld+json\" class=\"yoast-schema-graph\">{\"@context\":\"https:\\\/\\\/schema.org\",\"@graph\":[{\"@type\":\"WebPage\",\"@id\":\"https:\\\/\\\/lat.nl\\\/de\\\/bewilligungen-und-verordnungen\\\/\",\"url\":\"https:\\\/\\\/lat.nl\\\/de\\\/bewilligungen-und-verordnungen\\\/\",\"name\":\"Bewilligungen und Verordnungen - Looije Agro Technics BV\",\"isPartOf\":{\"@id\":\"https:\\\/\\\/lat.nl\\\/#website\"},\"datePublished\":\"2018-03-28T12:08:03+00:00\",\"breadcrumb\":{\"@id\":\"https:\\\/\\\/lat.nl\\\/de\\\/bewilligungen-und-verordnungen\\\/#breadcrumb\"},\"inLanguage\":\"de\",\"potentialAction\":[{\"@type\":\"ReadAction\",\"target\":[\"https:\\\/\\\/lat.nl\\\/de\\\/bewilligungen-und-verordnungen\\\/\"]}]},{\"@type\":\"BreadcrumbList\",\"@id\":\"https:\\\/\\\/lat.nl\\\/de\\\/bewilligungen-und-verordnungen\\\/#breadcrumb\",\"itemListElement\":[{\"@type\":\"ListItem\",\"position\":1,\"name\":\"Home\",\"item\":\"https:\\\/\\\/lat.nl\\\/de\\\/\"},{\"@type\":\"ListItem\",\"position\":2,\"name\":\"Bewilligungen und Verordnungen\"}]},{\"@type\":\"WebSite\",\"@id\":\"https:\\\/\\\/lat.nl\\\/#website\",\"url\":\"https:\\\/\\\/lat.nl\\\/\",\"name\":\"Looije Agro Technics BV\",\"description\":\"H\u00e9t onafhankelijk bouwmanagementbureau in de glastuinbouwsector\",\"publisher\":{\"@id\":\"https:\\\/\\\/lat.nl\\\/#organization\"},\"potentialAction\":[{\"@type\":\"SearchAction\",\"target\":{\"@type\":\"EntryPoint\",\"urlTemplate\":\"https:\\\/\\\/lat.nl\\\/?s={search_term_string}\"},\"query-input\":{\"@type\":\"PropertyValueSpecification\",\"valueRequired\":true,\"valueName\":\"search_term_string\"}}],\"inLanguage\":\"de\"},{\"@type\":\"Organization\",\"@id\":\"https:\\\/\\\/lat.nl\\\/#organization\",\"name\":\"Looije Agro Technics BV\",\"url\":\"https:\\\/\\\/lat.nl\\\/\",\"logo\":{\"@type\":\"ImageObject\",\"inLanguage\":\"de\",\"@id\":\"https:\\\/\\\/lat.nl\\\/#\\\/schema\\\/logo\\\/image\\\/\",\"url\":\"https:\\\/\\\/lat.nl\\\/wp-content\\\/uploads\\\/2018\\\/03\\\/logo.jpg\",\"contentUrl\":\"https:\\\/\\\/lat.nl\\\/wp-content\\\/uploads\\\/2018\\\/03\\\/logo.jpg\",\"width\":319,\"height\":122,\"caption\":\"Looije Agro Technics BV\"},\"image\":{\"@id\":\"https:\\\/\\\/lat.nl\\\/#\\\/schema\\\/logo\\\/image\\\/\"}}]}<\/script>\n<!-- \/ Yoast SEO plugin. -->","yoast_head_json":{"title":"Bewilligungen und Verordnungen - Looije Agro Technics BV","robots":{"index":"index","follow":"follow","max-snippet":"max-snippet:-1","max-image-preview":"max-image-preview:large","max-video-preview":"max-video-preview:-1"},"canonical":"https:\/\/lat.nl\/de\/bewilligungen-und-verordnungen\/","og_locale":"de_DE","og_type":"article","og_title":"Bewilligungen und Verordnungen - Looije Agro Technics BV","og_description":"Beim Neubau, Um- und Ausbau oder bei der F\u00fchrung eines Unterglas-Gartenbauunternehmens hat man es mit vielerlei Gesetzen und Vorschriften zu tun. Denken Sie zum Beispiel an Baubewilligungen, \u00c4nderungen in den Bestimmungspl\u00e4nen, Umweltgenehmigungen, oder Brandschutz und Gebrauchsgenehmigungen. Wo ein Unternehmer fr\u00fcher den beh\u00f6rdlichen Papierkram noch selbst &#8222;erledigen&#8220; konnte, ist das heute einfach nicht mehr m\u00f6glich: Um [&hellip;]","og_url":"https:\/\/lat.nl\/de\/bewilligungen-und-verordnungen\/","og_site_name":"Looije Agro Technics BV","twitter_card":"summary_large_image","twitter_misc":{"Gesch\u00e4tzte Lesezeit":"1\u00a0Minute"},"schema":{"@context":"https:\/\/schema.org","@graph":[{"@type":"WebPage","@id":"https:\/\/lat.nl\/de\/bewilligungen-und-verordnungen\/","url":"https:\/\/lat.nl\/de\/bewilligungen-und-verordnungen\/","name":"Bewilligungen und Verordnungen - Looije Agro Technics BV","isPartOf":{"@id":"https:\/\/lat.nl\/#website"},"datePublished":"2018-03-28T12:08:03+00:00","breadcrumb":{"@id":"https:\/\/lat.nl\/de\/bewilligungen-und-verordnungen\/#breadcrumb"},"inLanguage":"de","potentialAction":[{"@type":"ReadAction","target":["https:\/\/lat.nl\/de\/bewilligungen-und-verordnungen\/"]}]},{"@type":"BreadcrumbList","@id":"https:\/\/lat.nl\/de\/bewilligungen-und-verordnungen\/#breadcrumb","itemListElement":[{"@type":"ListItem","position":1,"name":"Home","item":"https:\/\/lat.nl\/de\/"},{"@type":"ListItem","position":2,"name":"Bewilligungen und Verordnungen"}]},{"@type":"WebSite","@id":"https:\/\/lat.nl\/#website","url":"https:\/\/lat.nl\/","name":"Looije Agro Technics BV","description":"H\u00e9t onafhankelijk bouwmanagementbureau in de glastuinbouwsector","publisher":{"@id":"https:\/\/lat.nl\/#organization"},"potentialAction":[{"@type":"SearchAction","target":{"@type":"EntryPoint","urlTemplate":"https:\/\/lat.nl\/?s={search_term_string}"},"query-input":{"@type":"PropertyValueSpecification","valueRequired":true,"valueName":"search_term_string"}}],"inLanguage":"de"},{"@type":"Organization","@id":"https:\/\/lat.nl\/#organization","name":"Looije Agro Technics BV","url":"https:\/\/lat.nl\/","logo":{"@type":"ImageObject","inLanguage":"de","@id":"https:\/\/lat.nl\/#\/schema\/logo\/image\/","url":"https:\/\/lat.nl\/wp-content\/uploads\/2018\/03\/logo.jpg","contentUrl":"https:\/\/lat.nl\/wp-content\/uploads\/2018\/03\/logo.jpg","width":319,"height":122,"caption":"Looije Agro Technics BV"},"image":{"@id":"https:\/\/lat.nl\/#\/schema\/logo\/image\/"}}]}},"_links":{"self":[{"href":"https:\/\/lat.nl\/de\/wp-json\/wp\/v2\/pages\/2228","targetHints":{"allow":["GET"]}}],"collection":[{"href":"https:\/\/lat.nl\/de\/wp-json\/wp\/v2\/pages"}],"about":[{"href":"https:\/\/lat.nl\/de\/wp-json\/wp\/v2\/types\/page"}],"author":[{"embeddable":true,"href":"https:\/\/lat.nl\/de\/wp-json\/wp\/v2\/users\/1"}],"replies":[{"embeddable":true,"href":"https:\/\/lat.nl\/de\/wp-json\/wp\/v2\/comments?post=2228"}],"version-history":[{"count":0,"href":"https:\/\/lat.nl\/de\/wp-json\/wp\/v2\/pages\/2228\/revisions"}],"wp:attachment":[{"href":"https:\/\/lat.nl\/de\/wp-json\/wp\/v2\/media?parent=2228"}],"curies":[{"name":"wp","href":"https:\/\/api.w.org\/{rel}","templated":true}]}}