{"id":2236,"date":"2018-03-28T12:08:03","date_gmt":"2018-03-28T12:08:03","guid":{"rendered":"https:\/\/lat.nl\/die-raumplanung\/"},"modified":"2018-03-28T12:08:03","modified_gmt":"2018-03-28T12:08:03","slug":"die-raumplanung","status":"publish","type":"page","link":"https:\/\/lat.nl\/de\/die-raumplanung\/","title":{"rendered":"Die Raumplanung"},"content":{"rendered":"<p>Bei der Vorbereitung eines Neubaus oder Erweiterungsprojekts spielt der Begriff der &#8218;Raumplanung&#8216; eine wichtige Rolle. Passt Ihr Erweiterungsvorhaben auch in die \u00f6rtliche Raumplanung Ihres Bezirks, bzw. in Ihre unmittelbare Umgebung?<\/p>\n<p>Bauvorhaben, die prinzipiell nicht m\u00f6glich sind (aufgrund eines Bestimmungsplans oder einer anderen Verordnung) k\u00f6nnen manchmal dennoch m\u00f6glich werden, wenn bestimmte \u00c4nderungs- oder Freistellungsverfahren beantragt werden. In den Niederlanden erledigt Looije Agro Technics solche Anliegen f\u00fcr den Auftraggeber komplett in eigener Regie. In anderen L\u00e4ndern wird die Zusammenarbeit mit dem \u00f6rtlichen Sachverst\u00e4ndigen zur Projektabwicklung bevorzugt. Die Expertise und die Bekanntheit der ortsans\u00e4ssigen Experten werden mit dem soliden Fachwissen von Looije Agro Technics im Bereich des (Unterglas-) Gartenbausektors geb\u00fcndelt, so dass eine perfekte Arbeitsplattform entsteht.<\/p>\n","protected":false},"excerpt":{"rendered":"<p>Bei der Vorbereitung eines Neubaus oder Erweiterungsprojekts spielt der Begriff der &#8218;Raumplanung&#8216; eine wichtige Rolle. Passt Ihr Erweiterungsvorhaben auch in die \u00f6rtliche Raumplanung Ihres Bezirks, bzw. in Ihre unmittelbare Umgebung? Bauvorhaben, die prinzipiell nicht m\u00f6glich sind (aufgrund eines Bestimmungsplans oder einer anderen Verordnung) k\u00f6nnen manchmal dennoch m\u00f6glich werden, wenn bestimmte \u00c4nderungs- oder Freistellungsverfahren beantragt werden. [&hellip;]<\/p>\n","protected":false},"author":1,"featured_media":0,"parent":0,"menu_order":0,"comment_status":"open","ping_status":"closed","template":"","meta":{"_acf_changed":false,"_exactmetrics_skip_tracking":false,"_exactmetrics_sitenote_active":false,"_exactmetrics_sitenote_note":"","_exactmetrics_sitenote_category":0,"footnotes":""},"class_list":["post-2236","page","type-page","status-publish","hentry"],"acf":[],"yoast_head":"<!-- This site is optimized with the Yoast SEO plugin v27.4 - https:\/\/yoast.com\/product\/yoast-seo-wordpress\/ -->\n<title>Die Raumplanung - Looije Agro Technics BV<\/title>\n<meta name=\"robots\" content=\"index, follow, max-snippet:-1, max-image-preview:large, max-video-preview:-1\" \/>\n<link rel=\"canonical\" href=\"https:\/\/lat.nl\/de\/die-raumplanung\/\" \/>\n<meta property=\"og:locale\" content=\"de_DE\" \/>\n<meta property=\"og:type\" content=\"article\" \/>\n<meta property=\"og:title\" content=\"Die Raumplanung - Looije Agro Technics BV\" \/>\n<meta property=\"og:description\" content=\"Bei der Vorbereitung eines Neubaus oder Erweiterungsprojekts spielt der Begriff der &#8218;Raumplanung&#8216; eine wichtige Rolle. Passt Ihr Erweiterungsvorhaben auch in die \u00f6rtliche Raumplanung Ihres Bezirks, bzw. in Ihre unmittelbare Umgebung? Bauvorhaben, die prinzipiell nicht m\u00f6glich sind (aufgrund eines Bestimmungsplans oder einer anderen Verordnung) k\u00f6nnen manchmal dennoch m\u00f6glich werden, wenn bestimmte \u00c4nderungs- oder Freistellungsverfahren beantragt werden. [&hellip;]\" \/>\n<meta property=\"og:url\" content=\"https:\/\/lat.nl\/de\/die-raumplanung\/\" \/>\n<meta property=\"og:site_name\" content=\"Looije Agro Technics BV\" \/>\n<meta name=\"twitter:card\" content=\"summary_large_image\" \/>\n<meta name=\"twitter:label1\" content=\"Gesch\u00e4tzte Lesezeit\" \/>\n\t<meta name=\"twitter:data1\" content=\"1\u00a0Minute\" \/>\n<script type=\"application\/ld+json\" class=\"yoast-schema-graph\">{\"@context\":\"https:\\\/\\\/schema.org\",\"@graph\":[{\"@type\":\"WebPage\",\"@id\":\"https:\\\/\\\/lat.nl\\\/de\\\/die-raumplanung\\\/\",\"url\":\"https:\\\/\\\/lat.nl\\\/de\\\/die-raumplanung\\\/\",\"name\":\"Die Raumplanung - Looije Agro Technics BV\",\"isPartOf\":{\"@id\":\"https:\\\/\\\/lat.nl\\\/#website\"},\"datePublished\":\"2018-03-28T12:08:03+00:00\",\"breadcrumb\":{\"@id\":\"https:\\\/\\\/lat.nl\\\/de\\\/die-raumplanung\\\/#breadcrumb\"},\"inLanguage\":\"de\",\"potentialAction\":[{\"@type\":\"ReadAction\",\"target\":[\"https:\\\/\\\/lat.nl\\\/de\\\/die-raumplanung\\\/\"]}]},{\"@type\":\"BreadcrumbList\",\"@id\":\"https:\\\/\\\/lat.nl\\\/de\\\/die-raumplanung\\\/#breadcrumb\",\"itemListElement\":[{\"@type\":\"ListItem\",\"position\":1,\"name\":\"Home\",\"item\":\"https:\\\/\\\/lat.nl\\\/de\\\/\"},{\"@type\":\"ListItem\",\"position\":2,\"name\":\"Die Raumplanung\"}]},{\"@type\":\"WebSite\",\"@id\":\"https:\\\/\\\/lat.nl\\\/#website\",\"url\":\"https:\\\/\\\/lat.nl\\\/\",\"name\":\"Looije Agro Technics BV\",\"description\":\"H\u00e9t onafhankelijk bouwmanagementbureau in de glastuinbouwsector\",\"publisher\":{\"@id\":\"https:\\\/\\\/lat.nl\\\/#organization\"},\"potentialAction\":[{\"@type\":\"SearchAction\",\"target\":{\"@type\":\"EntryPoint\",\"urlTemplate\":\"https:\\\/\\\/lat.nl\\\/?s={search_term_string}\"},\"query-input\":{\"@type\":\"PropertyValueSpecification\",\"valueRequired\":true,\"valueName\":\"search_term_string\"}}],\"inLanguage\":\"de\"},{\"@type\":\"Organization\",\"@id\":\"https:\\\/\\\/lat.nl\\\/#organization\",\"name\":\"Looije Agro Technics BV\",\"url\":\"https:\\\/\\\/lat.nl\\\/\",\"logo\":{\"@type\":\"ImageObject\",\"inLanguage\":\"de\",\"@id\":\"https:\\\/\\\/lat.nl\\\/#\\\/schema\\\/logo\\\/image\\\/\",\"url\":\"https:\\\/\\\/lat.nl\\\/wp-content\\\/uploads\\\/2018\\\/03\\\/logo.jpg\",\"contentUrl\":\"https:\\\/\\\/lat.nl\\\/wp-content\\\/uploads\\\/2018\\\/03\\\/logo.jpg\",\"width\":319,\"height\":122,\"caption\":\"Looije Agro Technics BV\"},\"image\":{\"@id\":\"https:\\\/\\\/lat.nl\\\/#\\\/schema\\\/logo\\\/image\\\/\"}}]}<\/script>\n<!-- \/ Yoast SEO plugin. -->","yoast_head_json":{"title":"Die Raumplanung - Looije Agro Technics BV","robots":{"index":"index","follow":"follow","max-snippet":"max-snippet:-1","max-image-preview":"max-image-preview:large","max-video-preview":"max-video-preview:-1"},"canonical":"https:\/\/lat.nl\/de\/die-raumplanung\/","og_locale":"de_DE","og_type":"article","og_title":"Die Raumplanung - Looije Agro Technics BV","og_description":"Bei der Vorbereitung eines Neubaus oder Erweiterungsprojekts spielt der Begriff der &#8218;Raumplanung&#8216; eine wichtige Rolle. Passt Ihr Erweiterungsvorhaben auch in die \u00f6rtliche Raumplanung Ihres Bezirks, bzw. in Ihre unmittelbare Umgebung? Bauvorhaben, die prinzipiell nicht m\u00f6glich sind (aufgrund eines Bestimmungsplans oder einer anderen Verordnung) k\u00f6nnen manchmal dennoch m\u00f6glich werden, wenn bestimmte \u00c4nderungs- oder Freistellungsverfahren beantragt werden. [&hellip;]","og_url":"https:\/\/lat.nl\/de\/die-raumplanung\/","og_site_name":"Looije Agro Technics BV","twitter_card":"summary_large_image","twitter_misc":{"Gesch\u00e4tzte Lesezeit":"1\u00a0Minute"},"schema":{"@context":"https:\/\/schema.org","@graph":[{"@type":"WebPage","@id":"https:\/\/lat.nl\/de\/die-raumplanung\/","url":"https:\/\/lat.nl\/de\/die-raumplanung\/","name":"Die Raumplanung - Looije Agro Technics BV","isPartOf":{"@id":"https:\/\/lat.nl\/#website"},"datePublished":"2018-03-28T12:08:03+00:00","breadcrumb":{"@id":"https:\/\/lat.nl\/de\/die-raumplanung\/#breadcrumb"},"inLanguage":"de","potentialAction":[{"@type":"ReadAction","target":["https:\/\/lat.nl\/de\/die-raumplanung\/"]}]},{"@type":"BreadcrumbList","@id":"https:\/\/lat.nl\/de\/die-raumplanung\/#breadcrumb","itemListElement":[{"@type":"ListItem","position":1,"name":"Home","item":"https:\/\/lat.nl\/de\/"},{"@type":"ListItem","position":2,"name":"Die Raumplanung"}]},{"@type":"WebSite","@id":"https:\/\/lat.nl\/#website","url":"https:\/\/lat.nl\/","name":"Looije Agro Technics BV","description":"H\u00e9t onafhankelijk bouwmanagementbureau in de glastuinbouwsector","publisher":{"@id":"https:\/\/lat.nl\/#organization"},"potentialAction":[{"@type":"SearchAction","target":{"@type":"EntryPoint","urlTemplate":"https:\/\/lat.nl\/?s={search_term_string}"},"query-input":{"@type":"PropertyValueSpecification","valueRequired":true,"valueName":"search_term_string"}}],"inLanguage":"de"},{"@type":"Organization","@id":"https:\/\/lat.nl\/#organization","name":"Looije Agro Technics BV","url":"https:\/\/lat.nl\/","logo":{"@type":"ImageObject","inLanguage":"de","@id":"https:\/\/lat.nl\/#\/schema\/logo\/image\/","url":"https:\/\/lat.nl\/wp-content\/uploads\/2018\/03\/logo.jpg","contentUrl":"https:\/\/lat.nl\/wp-content\/uploads\/2018\/03\/logo.jpg","width":319,"height":122,"caption":"Looije Agro Technics BV"},"image":{"@id":"https:\/\/lat.nl\/#\/schema\/logo\/image\/"}}]}},"_links":{"self":[{"href":"https:\/\/lat.nl\/de\/wp-json\/wp\/v2\/pages\/2236","targetHints":{"allow":["GET"]}}],"collection":[{"href":"https:\/\/lat.nl\/de\/wp-json\/wp\/v2\/pages"}],"about":[{"href":"https:\/\/lat.nl\/de\/wp-json\/wp\/v2\/types\/page"}],"author":[{"embeddable":true,"href":"https:\/\/lat.nl\/de\/wp-json\/wp\/v2\/users\/1"}],"replies":[{"embeddable":true,"href":"https:\/\/lat.nl\/de\/wp-json\/wp\/v2\/comments?post=2236"}],"version-history":[{"count":0,"href":"https:\/\/lat.nl\/de\/wp-json\/wp\/v2\/pages\/2236\/revisions"}],"wp:attachment":[{"href":"https:\/\/lat.nl\/de\/wp-json\/wp\/v2\/media?parent=2236"}],"curies":[{"name":"wp","href":"https:\/\/api.w.org\/{rel}","templated":true}]}}