{"id":2240,"date":"2018-03-28T12:08:03","date_gmt":"2018-03-28T12:08:03","guid":{"rendered":"https:\/\/lat.nl\/gutachten-studien-und-berichte\/"},"modified":"2018-03-28T12:08:03","modified_gmt":"2018-03-28T12:08:03","slug":"gutachten-studien-und-berichte","status":"publish","type":"page","link":"https:\/\/lat.nl\/de\/gutachten-studien-und-berichte\/","title":{"rendered":"Gutachten, Studien und Berichte"},"content":{"rendered":"<p>Looije Agro Technics ist ein unabh\u00e4ngiges Unternehmen mit gro\u00dfem, technischem Fachwissen. Es ist gerade die Verkn\u00fcpfung von Unabh\u00e4ngigkeit und technischem Sachverstand, die dann auch viele Auftraggeber anspricht.<\/p>\n<p>Ob es sich nun um Machbarkeitsstudien, Nutzungs- und Ertragsberechnungen, technische Studien oder Brandlastberechnungen handelt: Unsere Mitarbeiter&nbsp;verf\u00fcgen \u00fcber das erforderliche Fach- und Sachwissen, um die von Ihnen angeforderten Untersuchungen kurzfristig und fachm\u00e4nnisch zu erledigen.<\/p>\n<p>Gehen Sie \u00fcber die Taste &#8218;Gutachten Studien und Berichte&#8216; zu den im rechten Men\u00fc aufgelisteten Leistungen, welche Looije Agro Technics f\u00fcr Sie erbringen kann.<\/p>\n","protected":false},"excerpt":{"rendered":"<p>Looije Agro Technics ist ein unabh\u00e4ngiges Unternehmen mit gro\u00dfem, technischem Fachwissen. Es ist gerade die Verkn\u00fcpfung von Unabh\u00e4ngigkeit und technischem Sachverstand, die dann auch viele Auftraggeber anspricht. Ob es sich nun um Machbarkeitsstudien, Nutzungs- und Ertragsberechnungen, technische Studien oder Brandlastberechnungen handelt: Unsere Mitarbeiter&nbsp;verf\u00fcgen \u00fcber das erforderliche Fach- und Sachwissen, um die von Ihnen angeforderten Untersuchungen [&hellip;]<\/p>\n","protected":false},"author":1,"featured_media":0,"parent":0,"menu_order":0,"comment_status":"open","ping_status":"closed","template":"","meta":{"_acf_changed":false,"_exactmetrics_skip_tracking":false,"_exactmetrics_sitenote_active":false,"_exactmetrics_sitenote_note":"","_exactmetrics_sitenote_category":0,"footnotes":""},"class_list":["post-2240","page","type-page","status-publish","hentry"],"acf":[],"yoast_head":"<!-- This site is optimized with the Yoast SEO plugin v27.3 - https:\/\/yoast.com\/product\/yoast-seo-wordpress\/ -->\n<title>Gutachten, Studien und Berichte - Looije Agro Technics BV<\/title>\n<meta name=\"robots\" content=\"index, follow, max-snippet:-1, max-image-preview:large, max-video-preview:-1\" \/>\n<link rel=\"canonical\" href=\"https:\/\/lat.nl\/de\/gutachten-studien-und-berichte\/\" \/>\n<meta property=\"og:locale\" content=\"de_DE\" \/>\n<meta property=\"og:type\" content=\"article\" \/>\n<meta property=\"og:title\" content=\"Gutachten, Studien und Berichte - Looije Agro Technics BV\" \/>\n<meta property=\"og:description\" content=\"Looije Agro Technics ist ein unabh\u00e4ngiges Unternehmen mit gro\u00dfem, technischem Fachwissen. Es ist gerade die Verkn\u00fcpfung von Unabh\u00e4ngigkeit und technischem Sachverstand, die dann auch viele Auftraggeber anspricht. Ob es sich nun um Machbarkeitsstudien, Nutzungs- und Ertragsberechnungen, technische Studien oder Brandlastberechnungen handelt: Unsere Mitarbeiter&nbsp;verf\u00fcgen \u00fcber das erforderliche Fach- und Sachwissen, um die von Ihnen angeforderten Untersuchungen [&hellip;]\" \/>\n<meta property=\"og:url\" content=\"https:\/\/lat.nl\/de\/gutachten-studien-und-berichte\/\" \/>\n<meta property=\"og:site_name\" content=\"Looije Agro Technics BV\" \/>\n<meta name=\"twitter:card\" content=\"summary_large_image\" \/>\n<script type=\"application\/ld+json\" class=\"yoast-schema-graph\">{\"@context\":\"https:\\\/\\\/schema.org\",\"@graph\":[{\"@type\":\"WebPage\",\"@id\":\"https:\\\/\\\/lat.nl\\\/de\\\/gutachten-studien-und-berichte\\\/\",\"url\":\"https:\\\/\\\/lat.nl\\\/de\\\/gutachten-studien-und-berichte\\\/\",\"name\":\"Gutachten, Studien und Berichte - Looije Agro Technics BV\",\"isPartOf\":{\"@id\":\"https:\\\/\\\/lat.nl\\\/#website\"},\"datePublished\":\"2018-03-28T12:08:03+00:00\",\"breadcrumb\":{\"@id\":\"https:\\\/\\\/lat.nl\\\/de\\\/gutachten-studien-und-berichte\\\/#breadcrumb\"},\"inLanguage\":\"de\",\"potentialAction\":[{\"@type\":\"ReadAction\",\"target\":[\"https:\\\/\\\/lat.nl\\\/de\\\/gutachten-studien-und-berichte\\\/\"]}]},{\"@type\":\"BreadcrumbList\",\"@id\":\"https:\\\/\\\/lat.nl\\\/de\\\/gutachten-studien-und-berichte\\\/#breadcrumb\",\"itemListElement\":[{\"@type\":\"ListItem\",\"position\":1,\"name\":\"Home\",\"item\":\"https:\\\/\\\/lat.nl\\\/de\\\/\"},{\"@type\":\"ListItem\",\"position\":2,\"name\":\"Gutachten, Studien und Berichte\"}]},{\"@type\":\"WebSite\",\"@id\":\"https:\\\/\\\/lat.nl\\\/#website\",\"url\":\"https:\\\/\\\/lat.nl\\\/\",\"name\":\"Looije Agro Technics BV\",\"description\":\"H\u00e9t onafhankelijk bouwmanagementbureau in de glastuinbouwsector\",\"publisher\":{\"@id\":\"https:\\\/\\\/lat.nl\\\/#organization\"},\"potentialAction\":[{\"@type\":\"SearchAction\",\"target\":{\"@type\":\"EntryPoint\",\"urlTemplate\":\"https:\\\/\\\/lat.nl\\\/?s={search_term_string}\"},\"query-input\":{\"@type\":\"PropertyValueSpecification\",\"valueRequired\":true,\"valueName\":\"search_term_string\"}}],\"inLanguage\":\"de\"},{\"@type\":\"Organization\",\"@id\":\"https:\\\/\\\/lat.nl\\\/#organization\",\"name\":\"Looije Agro Technics BV\",\"url\":\"https:\\\/\\\/lat.nl\\\/\",\"logo\":{\"@type\":\"ImageObject\",\"inLanguage\":\"de\",\"@id\":\"https:\\\/\\\/lat.nl\\\/#\\\/schema\\\/logo\\\/image\\\/\",\"url\":\"https:\\\/\\\/lat.nl\\\/wp-content\\\/uploads\\\/2018\\\/03\\\/logo.jpg\",\"contentUrl\":\"https:\\\/\\\/lat.nl\\\/wp-content\\\/uploads\\\/2018\\\/03\\\/logo.jpg\",\"width\":319,\"height\":122,\"caption\":\"Looije Agro Technics BV\"},\"image\":{\"@id\":\"https:\\\/\\\/lat.nl\\\/#\\\/schema\\\/logo\\\/image\\\/\"}}]}<\/script>\n<!-- \/ Yoast SEO plugin. -->","yoast_head_json":{"title":"Gutachten, Studien und Berichte - Looije Agro Technics BV","robots":{"index":"index","follow":"follow","max-snippet":"max-snippet:-1","max-image-preview":"max-image-preview:large","max-video-preview":"max-video-preview:-1"},"canonical":"https:\/\/lat.nl\/de\/gutachten-studien-und-berichte\/","og_locale":"de_DE","og_type":"article","og_title":"Gutachten, Studien und Berichte - Looije Agro Technics BV","og_description":"Looije Agro Technics ist ein unabh\u00e4ngiges Unternehmen mit gro\u00dfem, technischem Fachwissen. Es ist gerade die Verkn\u00fcpfung von Unabh\u00e4ngigkeit und technischem Sachverstand, die dann auch viele Auftraggeber anspricht. Ob es sich nun um Machbarkeitsstudien, Nutzungs- und Ertragsberechnungen, technische Studien oder Brandlastberechnungen handelt: Unsere Mitarbeiter&nbsp;verf\u00fcgen \u00fcber das erforderliche Fach- und Sachwissen, um die von Ihnen angeforderten Untersuchungen [&hellip;]","og_url":"https:\/\/lat.nl\/de\/gutachten-studien-und-berichte\/","og_site_name":"Looije Agro Technics BV","twitter_card":"summary_large_image","schema":{"@context":"https:\/\/schema.org","@graph":[{"@type":"WebPage","@id":"https:\/\/lat.nl\/de\/gutachten-studien-und-berichte\/","url":"https:\/\/lat.nl\/de\/gutachten-studien-und-berichte\/","name":"Gutachten, Studien und Berichte - Looije Agro Technics BV","isPartOf":{"@id":"https:\/\/lat.nl\/#website"},"datePublished":"2018-03-28T12:08:03+00:00","breadcrumb":{"@id":"https:\/\/lat.nl\/de\/gutachten-studien-und-berichte\/#breadcrumb"},"inLanguage":"de","potentialAction":[{"@type":"ReadAction","target":["https:\/\/lat.nl\/de\/gutachten-studien-und-berichte\/"]}]},{"@type":"BreadcrumbList","@id":"https:\/\/lat.nl\/de\/gutachten-studien-und-berichte\/#breadcrumb","itemListElement":[{"@type":"ListItem","position":1,"name":"Home","item":"https:\/\/lat.nl\/de\/"},{"@type":"ListItem","position":2,"name":"Gutachten, Studien und Berichte"}]},{"@type":"WebSite","@id":"https:\/\/lat.nl\/#website","url":"https:\/\/lat.nl\/","name":"Looije Agro Technics BV","description":"H\u00e9t onafhankelijk bouwmanagementbureau in de glastuinbouwsector","publisher":{"@id":"https:\/\/lat.nl\/#organization"},"potentialAction":[{"@type":"SearchAction","target":{"@type":"EntryPoint","urlTemplate":"https:\/\/lat.nl\/?s={search_term_string}"},"query-input":{"@type":"PropertyValueSpecification","valueRequired":true,"valueName":"search_term_string"}}],"inLanguage":"de"},{"@type":"Organization","@id":"https:\/\/lat.nl\/#organization","name":"Looije Agro Technics BV","url":"https:\/\/lat.nl\/","logo":{"@type":"ImageObject","inLanguage":"de","@id":"https:\/\/lat.nl\/#\/schema\/logo\/image\/","url":"https:\/\/lat.nl\/wp-content\/uploads\/2018\/03\/logo.jpg","contentUrl":"https:\/\/lat.nl\/wp-content\/uploads\/2018\/03\/logo.jpg","width":319,"height":122,"caption":"Looije Agro Technics BV"},"image":{"@id":"https:\/\/lat.nl\/#\/schema\/logo\/image\/"}}]}},"_links":{"self":[{"href":"https:\/\/lat.nl\/de\/wp-json\/wp\/v2\/pages\/2240","targetHints":{"allow":["GET"]}}],"collection":[{"href":"https:\/\/lat.nl\/de\/wp-json\/wp\/v2\/pages"}],"about":[{"href":"https:\/\/lat.nl\/de\/wp-json\/wp\/v2\/types\/page"}],"author":[{"embeddable":true,"href":"https:\/\/lat.nl\/de\/wp-json\/wp\/v2\/users\/1"}],"replies":[{"embeddable":true,"href":"https:\/\/lat.nl\/de\/wp-json\/wp\/v2\/comments?post=2240"}],"version-history":[{"count":0,"href":"https:\/\/lat.nl\/de\/wp-json\/wp\/v2\/pages\/2240\/revisions"}],"wp:attachment":[{"href":"https:\/\/lat.nl\/de\/wp-json\/wp\/v2\/media?parent=2240"}],"curies":[{"name":"wp","href":"https:\/\/api.w.org\/{rel}","templated":true}]}}