{"id":2242,"date":"2018-03-28T12:08:03","date_gmt":"2018-03-28T12:08:03","guid":{"rendered":"https:\/\/lat.nl\/projektbetreuung\/"},"modified":"2018-03-28T12:08:03","modified_gmt":"2018-03-28T12:08:03","slug":"projektbetreuung","status":"publish","type":"page","link":"https:\/\/lat.nl\/de\/projektbetreuung\/","title":{"rendered":"Projektbetreuung"},"content":{"rendered":"<p>Als Grundlage eines Projektes dient ein wohl \u00fcberlegter und umfassender Plan. Ihre W\u00fcnsche und Anforderungen, die Sie uns vorlegen in Bezug auf ein Projekt oder Teilprojekt, werden von uns klar umrissen und \u00fcbersichtlich formuliert in einer detaillierten &#8218;Projektbeschreibung&#8216;. Mit der ausf\u00fchrlichen Beschreibung teilen Sie Ihrem Lieferanten mit, was er Ihnen anbieten soll.<\/p>\n<p>Durch die eindeutige Projektbeschreibung und die dazugeh\u00f6rigen \u00fcbersichtlichen Zeichnungen sind die Angebote der Lieferanten und Installateure Ihrer Wahl oft schon ziemlich gleichwertig. Um das eine Angebot mit dem anderen vergleichen zu k\u00f6nnen, pr\u00fcfen die Mitarbeiter unserer Abteilung &#8218;Projektvorbereitung&#8216; die vorgelegten Angebote sorgf\u00e4ltig und bitten die Lieferanten und Installateure so lange um erg\u00e4nzende Informationen, bis alle Angebotswerte tats\u00e4chlich vergleichbar sind. In einer \u00fcbersichtlichen Zusammenfassung k\u00f6nnen Sie anschlie\u00dfend genauestens nachlesen, was von wem geliefert werden kann und zu welchem Preis. Der Angebotsvergleich ist f\u00fcr Sie eine ausgezeichnete Hilfe bei Ihren Bestellungen und dient Ihnen ebenfalls als Ausschreibungsempfehlung.<\/p>\n<p>Unsere Mitarbeiter &#8218;Projektvorbereitung&#8216; kennen den Gartenbaumarkt als kein Zweiter und helfen Ihnen anschlie\u00dfend bei den Einkaufsverhandlungen. Weil die Mitarbeiter sich t\u00e4glich mit artverwandten Eink\u00e4ufen besch\u00e4ftigen, holen Sie deren Erfahrung aus mehrfachen Projekten gleichzeitig mit an Bord. Sie kaufen daher Ihr Projekt zu einem scharf kalkulierten Preis ein und beugen Fehlern vor.<\/p>\n<p>Die Tatsache, dass Looije Agro Technics v\u00f6llig unabh\u00e4ngig ist und ohne jegliche Lieferanten- oder Installateursbindung arbeitet, sorgt daf\u00fcr, dass Sie immer eine &#8217;saubere&#8216; Beratung erhalten. Wir sitzen mit Ihnen am gleichen Ende des Tisches und betrachten Ihr Projekt als das Unsrige!<\/p>\n","protected":false},"excerpt":{"rendered":"<p>Als Grundlage eines Projektes dient ein wohl \u00fcberlegter und umfassender Plan. Ihre W\u00fcnsche und Anforderungen, die Sie uns vorlegen in Bezug auf ein Projekt oder Teilprojekt, werden von uns klar umrissen und \u00fcbersichtlich formuliert in einer detaillierten &#8218;Projektbeschreibung&#8216;. Mit der ausf\u00fchrlichen Beschreibung teilen Sie Ihrem Lieferanten mit, was er Ihnen anbieten soll. Durch die eindeutige [&hellip;]<\/p>\n","protected":false},"author":1,"featured_media":0,"parent":0,"menu_order":0,"comment_status":"open","ping_status":"closed","template":"","meta":{"_acf_changed":false,"_exactmetrics_skip_tracking":false,"_exactmetrics_sitenote_active":false,"_exactmetrics_sitenote_note":"","_exactmetrics_sitenote_category":0,"footnotes":""},"class_list":["post-2242","page","type-page","status-publish","hentry"],"acf":[],"yoast_head":"<!-- This site is optimized with the Yoast SEO plugin v27.3 - https:\/\/yoast.com\/product\/yoast-seo-wordpress\/ -->\n<title>Projektbetreuung - Looije Agro Technics BV<\/title>\n<meta name=\"robots\" content=\"index, follow, max-snippet:-1, max-image-preview:large, max-video-preview:-1\" \/>\n<link rel=\"canonical\" href=\"https:\/\/lat.nl\/de\/projektbetreuung\/\" \/>\n<meta property=\"og:locale\" content=\"de_DE\" \/>\n<meta property=\"og:type\" content=\"article\" \/>\n<meta property=\"og:title\" content=\"Projektbetreuung - Looije Agro Technics BV\" \/>\n<meta property=\"og:description\" content=\"Als Grundlage eines Projektes dient ein wohl \u00fcberlegter und umfassender Plan. Ihre W\u00fcnsche und Anforderungen, die Sie uns vorlegen in Bezug auf ein Projekt oder Teilprojekt, werden von uns klar umrissen und \u00fcbersichtlich formuliert in einer detaillierten &#8218;Projektbeschreibung&#8216;. Mit der ausf\u00fchrlichen Beschreibung teilen Sie Ihrem Lieferanten mit, was er Ihnen anbieten soll. Durch die eindeutige [&hellip;]\" \/>\n<meta property=\"og:url\" content=\"https:\/\/lat.nl\/de\/projektbetreuung\/\" \/>\n<meta property=\"og:site_name\" content=\"Looije Agro Technics BV\" \/>\n<meta name=\"twitter:card\" content=\"summary_large_image\" \/>\n<meta name=\"twitter:label1\" content=\"Gesch\u00e4tzte Lesezeit\" \/>\n\t<meta name=\"twitter:data1\" content=\"1\u00a0Minute\" \/>\n<script type=\"application\/ld+json\" class=\"yoast-schema-graph\">{\"@context\":\"https:\\\/\\\/schema.org\",\"@graph\":[{\"@type\":\"WebPage\",\"@id\":\"https:\\\/\\\/lat.nl\\\/de\\\/projektbetreuung\\\/\",\"url\":\"https:\\\/\\\/lat.nl\\\/de\\\/projektbetreuung\\\/\",\"name\":\"Projektbetreuung - Looije Agro Technics BV\",\"isPartOf\":{\"@id\":\"https:\\\/\\\/lat.nl\\\/#website\"},\"datePublished\":\"2018-03-28T12:08:03+00:00\",\"breadcrumb\":{\"@id\":\"https:\\\/\\\/lat.nl\\\/de\\\/projektbetreuung\\\/#breadcrumb\"},\"inLanguage\":\"de\",\"potentialAction\":[{\"@type\":\"ReadAction\",\"target\":[\"https:\\\/\\\/lat.nl\\\/de\\\/projektbetreuung\\\/\"]}]},{\"@type\":\"BreadcrumbList\",\"@id\":\"https:\\\/\\\/lat.nl\\\/de\\\/projektbetreuung\\\/#breadcrumb\",\"itemListElement\":[{\"@type\":\"ListItem\",\"position\":1,\"name\":\"Home\",\"item\":\"https:\\\/\\\/lat.nl\\\/de\\\/\"},{\"@type\":\"ListItem\",\"position\":2,\"name\":\"Projektbetreuung\"}]},{\"@type\":\"WebSite\",\"@id\":\"https:\\\/\\\/lat.nl\\\/#website\",\"url\":\"https:\\\/\\\/lat.nl\\\/\",\"name\":\"Looije Agro Technics BV\",\"description\":\"H\u00e9t onafhankelijk bouwmanagementbureau in de glastuinbouwsector\",\"publisher\":{\"@id\":\"https:\\\/\\\/lat.nl\\\/#organization\"},\"potentialAction\":[{\"@type\":\"SearchAction\",\"target\":{\"@type\":\"EntryPoint\",\"urlTemplate\":\"https:\\\/\\\/lat.nl\\\/?s={search_term_string}\"},\"query-input\":{\"@type\":\"PropertyValueSpecification\",\"valueRequired\":true,\"valueName\":\"search_term_string\"}}],\"inLanguage\":\"de\"},{\"@type\":\"Organization\",\"@id\":\"https:\\\/\\\/lat.nl\\\/#organization\",\"name\":\"Looije Agro Technics BV\",\"url\":\"https:\\\/\\\/lat.nl\\\/\",\"logo\":{\"@type\":\"ImageObject\",\"inLanguage\":\"de\",\"@id\":\"https:\\\/\\\/lat.nl\\\/#\\\/schema\\\/logo\\\/image\\\/\",\"url\":\"https:\\\/\\\/lat.nl\\\/wp-content\\\/uploads\\\/2018\\\/03\\\/logo.jpg\",\"contentUrl\":\"https:\\\/\\\/lat.nl\\\/wp-content\\\/uploads\\\/2018\\\/03\\\/logo.jpg\",\"width\":319,\"height\":122,\"caption\":\"Looije Agro Technics BV\"},\"image\":{\"@id\":\"https:\\\/\\\/lat.nl\\\/#\\\/schema\\\/logo\\\/image\\\/\"}}]}<\/script>\n<!-- \/ Yoast SEO plugin. -->","yoast_head_json":{"title":"Projektbetreuung - Looije Agro Technics BV","robots":{"index":"index","follow":"follow","max-snippet":"max-snippet:-1","max-image-preview":"max-image-preview:large","max-video-preview":"max-video-preview:-1"},"canonical":"https:\/\/lat.nl\/de\/projektbetreuung\/","og_locale":"de_DE","og_type":"article","og_title":"Projektbetreuung - Looije Agro Technics BV","og_description":"Als Grundlage eines Projektes dient ein wohl \u00fcberlegter und umfassender Plan. Ihre W\u00fcnsche und Anforderungen, die Sie uns vorlegen in Bezug auf ein Projekt oder Teilprojekt, werden von uns klar umrissen und \u00fcbersichtlich formuliert in einer detaillierten &#8218;Projektbeschreibung&#8216;. Mit der ausf\u00fchrlichen Beschreibung teilen Sie Ihrem Lieferanten mit, was er Ihnen anbieten soll. Durch die eindeutige [&hellip;]","og_url":"https:\/\/lat.nl\/de\/projektbetreuung\/","og_site_name":"Looije Agro Technics BV","twitter_card":"summary_large_image","twitter_misc":{"Gesch\u00e4tzte Lesezeit":"1\u00a0Minute"},"schema":{"@context":"https:\/\/schema.org","@graph":[{"@type":"WebPage","@id":"https:\/\/lat.nl\/de\/projektbetreuung\/","url":"https:\/\/lat.nl\/de\/projektbetreuung\/","name":"Projektbetreuung - Looije Agro Technics BV","isPartOf":{"@id":"https:\/\/lat.nl\/#website"},"datePublished":"2018-03-28T12:08:03+00:00","breadcrumb":{"@id":"https:\/\/lat.nl\/de\/projektbetreuung\/#breadcrumb"},"inLanguage":"de","potentialAction":[{"@type":"ReadAction","target":["https:\/\/lat.nl\/de\/projektbetreuung\/"]}]},{"@type":"BreadcrumbList","@id":"https:\/\/lat.nl\/de\/projektbetreuung\/#breadcrumb","itemListElement":[{"@type":"ListItem","position":1,"name":"Home","item":"https:\/\/lat.nl\/de\/"},{"@type":"ListItem","position":2,"name":"Projektbetreuung"}]},{"@type":"WebSite","@id":"https:\/\/lat.nl\/#website","url":"https:\/\/lat.nl\/","name":"Looije Agro Technics BV","description":"H\u00e9t onafhankelijk bouwmanagementbureau in de glastuinbouwsector","publisher":{"@id":"https:\/\/lat.nl\/#organization"},"potentialAction":[{"@type":"SearchAction","target":{"@type":"EntryPoint","urlTemplate":"https:\/\/lat.nl\/?s={search_term_string}"},"query-input":{"@type":"PropertyValueSpecification","valueRequired":true,"valueName":"search_term_string"}}],"inLanguage":"de"},{"@type":"Organization","@id":"https:\/\/lat.nl\/#organization","name":"Looije Agro Technics BV","url":"https:\/\/lat.nl\/","logo":{"@type":"ImageObject","inLanguage":"de","@id":"https:\/\/lat.nl\/#\/schema\/logo\/image\/","url":"https:\/\/lat.nl\/wp-content\/uploads\/2018\/03\/logo.jpg","contentUrl":"https:\/\/lat.nl\/wp-content\/uploads\/2018\/03\/logo.jpg","width":319,"height":122,"caption":"Looije Agro Technics BV"},"image":{"@id":"https:\/\/lat.nl\/#\/schema\/logo\/image\/"}}]}},"_links":{"self":[{"href":"https:\/\/lat.nl\/de\/wp-json\/wp\/v2\/pages\/2242","targetHints":{"allow":["GET"]}}],"collection":[{"href":"https:\/\/lat.nl\/de\/wp-json\/wp\/v2\/pages"}],"about":[{"href":"https:\/\/lat.nl\/de\/wp-json\/wp\/v2\/types\/page"}],"author":[{"embeddable":true,"href":"https:\/\/lat.nl\/de\/wp-json\/wp\/v2\/users\/1"}],"replies":[{"embeddable":true,"href":"https:\/\/lat.nl\/de\/wp-json\/wp\/v2\/comments?post=2242"}],"version-history":[{"count":0,"href":"https:\/\/lat.nl\/de\/wp-json\/wp\/v2\/pages\/2242\/revisions"}],"wp:attachment":[{"href":"https:\/\/lat.nl\/de\/wp-json\/wp\/v2\/media?parent=2242"}],"curies":[{"name":"wp","href":"https:\/\/api.w.org\/{rel}","templated":true}]}}