{"id":2248,"date":"2018-03-28T12:08:03","date_gmt":"2018-03-28T12:08:03","guid":{"rendered":"https:\/\/lat.nl\/entwicklung-der-infrastruktur\/"},"modified":"2018-03-28T12:08:03","modified_gmt":"2018-03-28T12:08:03","slug":"entwicklung-der-infrastruktur","status":"publish","type":"page","link":"https:\/\/lat.nl\/de\/entwicklung-der-infrastruktur\/","title":{"rendered":"Entwicklung der Infrastruktur"},"content":{"rendered":"<p>Zusammenarbeit bringt in der Regel Vorteile. Damit Gartenbaubetriebe auf dem Gebiet der Strom- und\/oder Wasserversorgung den gemeinsamen Nutzen haben k\u00f6nnen, ist eine gute Infrastruktur lebenswichtig.<\/p>\n<p>Looije Agro Technics verf\u00fcgt \u00fcber das erforderliche Fachwissen, wie verschiedenartige Infrastrukturen miteinander verbunden und von mehreren Betrieben gemeinsam genutzt werden k\u00f6nnen. Weil unsere Experten sowohl \u00fcber eine gro\u00dfe praktische Erfahrung als auch \u00fcber die notwendigen Software-Modelle verf\u00fcgen, kann jedes denkbare Szenario bereits im Vorfeld durchgespielt werden.<\/p>\n<p>Looije Agro Technics arbeitet unabh\u00e4ngig von jeglichen Lieferanten und kann deshalb Ihr Anliegen aus einer objektiven Position heraus angehen. Erst nachdem klar wird, welche L\u00f6sung in Ihrer Situation am meisten geeignet ist, suchen wir f\u00fcr Ihr Anliegen den geeigneten Lieferanten.<\/p>\n","protected":false},"excerpt":{"rendered":"<p>Zusammenarbeit bringt in der Regel Vorteile. Damit Gartenbaubetriebe auf dem Gebiet der Strom- und\/oder Wasserversorgung den gemeinsamen Nutzen haben k\u00f6nnen, ist eine gute Infrastruktur lebenswichtig. Looije Agro Technics verf\u00fcgt \u00fcber das erforderliche Fachwissen, wie verschiedenartige Infrastrukturen miteinander verbunden und von mehreren Betrieben gemeinsam genutzt werden k\u00f6nnen. Weil unsere Experten sowohl \u00fcber eine gro\u00dfe praktische Erfahrung [&hellip;]<\/p>\n","protected":false},"author":1,"featured_media":0,"parent":0,"menu_order":0,"comment_status":"open","ping_status":"closed","template":"","meta":{"_acf_changed":false,"_exactmetrics_skip_tracking":false,"_exactmetrics_sitenote_active":false,"_exactmetrics_sitenote_note":"","_exactmetrics_sitenote_category":0,"footnotes":""},"class_list":["post-2248","page","type-page","status-publish","hentry"],"acf":[],"yoast_head":"<!-- This site is optimized with the Yoast SEO plugin v27.3 - https:\/\/yoast.com\/product\/yoast-seo-wordpress\/ -->\n<title>Entwicklung der Infrastruktur - Looije Agro Technics BV<\/title>\n<meta name=\"robots\" content=\"index, follow, max-snippet:-1, max-image-preview:large, max-video-preview:-1\" \/>\n<link rel=\"canonical\" href=\"https:\/\/lat.nl\/de\/entwicklung-der-infrastruktur\/\" \/>\n<meta property=\"og:locale\" content=\"de_DE\" \/>\n<meta property=\"og:type\" content=\"article\" \/>\n<meta property=\"og:title\" content=\"Entwicklung der Infrastruktur - Looije Agro Technics BV\" \/>\n<meta property=\"og:description\" content=\"Zusammenarbeit bringt in der Regel Vorteile. Damit Gartenbaubetriebe auf dem Gebiet der Strom- und\/oder Wasserversorgung den gemeinsamen Nutzen haben k\u00f6nnen, ist eine gute Infrastruktur lebenswichtig. Looije Agro Technics verf\u00fcgt \u00fcber das erforderliche Fachwissen, wie verschiedenartige Infrastrukturen miteinander verbunden und von mehreren Betrieben gemeinsam genutzt werden k\u00f6nnen. Weil unsere Experten sowohl \u00fcber eine gro\u00dfe praktische Erfahrung [&hellip;]\" \/>\n<meta property=\"og:url\" content=\"https:\/\/lat.nl\/de\/entwicklung-der-infrastruktur\/\" \/>\n<meta property=\"og:site_name\" content=\"Looije Agro Technics BV\" \/>\n<meta name=\"twitter:card\" content=\"summary_large_image\" \/>\n<meta name=\"twitter:label1\" content=\"Gesch\u00e4tzte Lesezeit\" \/>\n\t<meta name=\"twitter:data1\" content=\"1\u00a0Minute\" \/>\n<script type=\"application\/ld+json\" class=\"yoast-schema-graph\">{\"@context\":\"https:\\\/\\\/schema.org\",\"@graph\":[{\"@type\":\"WebPage\",\"@id\":\"https:\\\/\\\/lat.nl\\\/de\\\/entwicklung-der-infrastruktur\\\/\",\"url\":\"https:\\\/\\\/lat.nl\\\/de\\\/entwicklung-der-infrastruktur\\\/\",\"name\":\"Entwicklung der Infrastruktur - Looije Agro Technics BV\",\"isPartOf\":{\"@id\":\"https:\\\/\\\/lat.nl\\\/#website\"},\"datePublished\":\"2018-03-28T12:08:03+00:00\",\"breadcrumb\":{\"@id\":\"https:\\\/\\\/lat.nl\\\/de\\\/entwicklung-der-infrastruktur\\\/#breadcrumb\"},\"inLanguage\":\"de\",\"potentialAction\":[{\"@type\":\"ReadAction\",\"target\":[\"https:\\\/\\\/lat.nl\\\/de\\\/entwicklung-der-infrastruktur\\\/\"]}]},{\"@type\":\"BreadcrumbList\",\"@id\":\"https:\\\/\\\/lat.nl\\\/de\\\/entwicklung-der-infrastruktur\\\/#breadcrumb\",\"itemListElement\":[{\"@type\":\"ListItem\",\"position\":1,\"name\":\"Home\",\"item\":\"https:\\\/\\\/lat.nl\\\/de\\\/\"},{\"@type\":\"ListItem\",\"position\":2,\"name\":\"Entwicklung der Infrastruktur\"}]},{\"@type\":\"WebSite\",\"@id\":\"https:\\\/\\\/lat.nl\\\/#website\",\"url\":\"https:\\\/\\\/lat.nl\\\/\",\"name\":\"Looije Agro Technics BV\",\"description\":\"H\u00e9t onafhankelijk bouwmanagementbureau in de glastuinbouwsector\",\"publisher\":{\"@id\":\"https:\\\/\\\/lat.nl\\\/#organization\"},\"potentialAction\":[{\"@type\":\"SearchAction\",\"target\":{\"@type\":\"EntryPoint\",\"urlTemplate\":\"https:\\\/\\\/lat.nl\\\/?s={search_term_string}\"},\"query-input\":{\"@type\":\"PropertyValueSpecification\",\"valueRequired\":true,\"valueName\":\"search_term_string\"}}],\"inLanguage\":\"de\"},{\"@type\":\"Organization\",\"@id\":\"https:\\\/\\\/lat.nl\\\/#organization\",\"name\":\"Looije Agro Technics BV\",\"url\":\"https:\\\/\\\/lat.nl\\\/\",\"logo\":{\"@type\":\"ImageObject\",\"inLanguage\":\"de\",\"@id\":\"https:\\\/\\\/lat.nl\\\/#\\\/schema\\\/logo\\\/image\\\/\",\"url\":\"https:\\\/\\\/lat.nl\\\/wp-content\\\/uploads\\\/2018\\\/03\\\/logo.jpg\",\"contentUrl\":\"https:\\\/\\\/lat.nl\\\/wp-content\\\/uploads\\\/2018\\\/03\\\/logo.jpg\",\"width\":319,\"height\":122,\"caption\":\"Looije Agro Technics BV\"},\"image\":{\"@id\":\"https:\\\/\\\/lat.nl\\\/#\\\/schema\\\/logo\\\/image\\\/\"}}]}<\/script>\n<!-- \/ Yoast SEO plugin. -->","yoast_head_json":{"title":"Entwicklung der Infrastruktur - Looije Agro Technics BV","robots":{"index":"index","follow":"follow","max-snippet":"max-snippet:-1","max-image-preview":"max-image-preview:large","max-video-preview":"max-video-preview:-1"},"canonical":"https:\/\/lat.nl\/de\/entwicklung-der-infrastruktur\/","og_locale":"de_DE","og_type":"article","og_title":"Entwicklung der Infrastruktur - Looije Agro Technics BV","og_description":"Zusammenarbeit bringt in der Regel Vorteile. Damit Gartenbaubetriebe auf dem Gebiet der Strom- und\/oder Wasserversorgung den gemeinsamen Nutzen haben k\u00f6nnen, ist eine gute Infrastruktur lebenswichtig. Looije Agro Technics verf\u00fcgt \u00fcber das erforderliche Fachwissen, wie verschiedenartige Infrastrukturen miteinander verbunden und von mehreren Betrieben gemeinsam genutzt werden k\u00f6nnen. Weil unsere Experten sowohl \u00fcber eine gro\u00dfe praktische Erfahrung [&hellip;]","og_url":"https:\/\/lat.nl\/de\/entwicklung-der-infrastruktur\/","og_site_name":"Looije Agro Technics BV","twitter_card":"summary_large_image","twitter_misc":{"Gesch\u00e4tzte Lesezeit":"1\u00a0Minute"},"schema":{"@context":"https:\/\/schema.org","@graph":[{"@type":"WebPage","@id":"https:\/\/lat.nl\/de\/entwicklung-der-infrastruktur\/","url":"https:\/\/lat.nl\/de\/entwicklung-der-infrastruktur\/","name":"Entwicklung der Infrastruktur - Looije Agro Technics BV","isPartOf":{"@id":"https:\/\/lat.nl\/#website"},"datePublished":"2018-03-28T12:08:03+00:00","breadcrumb":{"@id":"https:\/\/lat.nl\/de\/entwicklung-der-infrastruktur\/#breadcrumb"},"inLanguage":"de","potentialAction":[{"@type":"ReadAction","target":["https:\/\/lat.nl\/de\/entwicklung-der-infrastruktur\/"]}]},{"@type":"BreadcrumbList","@id":"https:\/\/lat.nl\/de\/entwicklung-der-infrastruktur\/#breadcrumb","itemListElement":[{"@type":"ListItem","position":1,"name":"Home","item":"https:\/\/lat.nl\/de\/"},{"@type":"ListItem","position":2,"name":"Entwicklung der Infrastruktur"}]},{"@type":"WebSite","@id":"https:\/\/lat.nl\/#website","url":"https:\/\/lat.nl\/","name":"Looije Agro Technics BV","description":"H\u00e9t onafhankelijk bouwmanagementbureau in de glastuinbouwsector","publisher":{"@id":"https:\/\/lat.nl\/#organization"},"potentialAction":[{"@type":"SearchAction","target":{"@type":"EntryPoint","urlTemplate":"https:\/\/lat.nl\/?s={search_term_string}"},"query-input":{"@type":"PropertyValueSpecification","valueRequired":true,"valueName":"search_term_string"}}],"inLanguage":"de"},{"@type":"Organization","@id":"https:\/\/lat.nl\/#organization","name":"Looije Agro Technics BV","url":"https:\/\/lat.nl\/","logo":{"@type":"ImageObject","inLanguage":"de","@id":"https:\/\/lat.nl\/#\/schema\/logo\/image\/","url":"https:\/\/lat.nl\/wp-content\/uploads\/2018\/03\/logo.jpg","contentUrl":"https:\/\/lat.nl\/wp-content\/uploads\/2018\/03\/logo.jpg","width":319,"height":122,"caption":"Looije Agro Technics BV"},"image":{"@id":"https:\/\/lat.nl\/#\/schema\/logo\/image\/"}}]}},"_links":{"self":[{"href":"https:\/\/lat.nl\/de\/wp-json\/wp\/v2\/pages\/2248","targetHints":{"allow":["GET"]}}],"collection":[{"href":"https:\/\/lat.nl\/de\/wp-json\/wp\/v2\/pages"}],"about":[{"href":"https:\/\/lat.nl\/de\/wp-json\/wp\/v2\/types\/page"}],"author":[{"embeddable":true,"href":"https:\/\/lat.nl\/de\/wp-json\/wp\/v2\/users\/1"}],"replies":[{"embeddable":true,"href":"https:\/\/lat.nl\/de\/wp-json\/wp\/v2\/comments?post=2248"}],"version-history":[{"count":0,"href":"https:\/\/lat.nl\/de\/wp-json\/wp\/v2\/pages\/2248\/revisions"}],"wp:attachment":[{"href":"https:\/\/lat.nl\/de\/wp-json\/wp\/v2\/media?parent=2248"}],"curies":[{"name":"wp","href":"https:\/\/api.w.org\/{rel}","templated":true}]}}