{"id":2250,"date":"2018-03-28T12:08:03","date_gmt":"2018-03-28T12:08:03","guid":{"rendered":"https:\/\/lat.nl\/entwurf-eines-neues-unternehmens\/"},"modified":"2018-03-28T12:08:03","modified_gmt":"2018-03-28T12:08:03","slug":"entwurf-eines-neues-unternehmens","status":"publish","type":"page","link":"https:\/\/lat.nl\/de\/entwurf-eines-neues-unternehmens\/","title":{"rendered":"Entwurf eines neues Unternehmens"},"content":{"rendered":"<p>Das Entwerfen eines neuen (Unterglas)-Gartenbauunternehmens ist Arbeit f\u00fcr Spezialisten. Der verf\u00fcgbare Raum sollte so effektiv wie m\u00f6glich genutzt werden und in einem einzigen Entwurf sollten alle Erfordernisse aufeinander abgestimmt werden. Ihre W\u00fcnsche und Anforderungen sowie Ihre Firmenvision, sind die Ausgangslage unseres Entwurfs. Der Bestimmungsplan und die sonstigen Gesetzesanforderungen sowie Vorschriften, wie zum Beispiel die Vorschriften zur Versicherungslage, werden ebenfalls integriert und bilden gemeinsam mit den anderen Punkten einen einzigen ausgereiften Entwurf.<\/p>\n<p>Wichtig: Looije Agro Technics ist ein unabh\u00e4ngiges Unternehmen. Wir arbeiten selbst\u00e4ndig, ohne Lieferanten- oder Installateurbindungen, oder andere Wirtschaftsinteressen. Deshalb ist gew\u00e4hrleistet, dass Ihre Interessen bei der Durchf\u00fchrung Ihres Projektes ausschlie\u00dflich im Mittelpunkt stehen.<\/p>\n<p>Beim Erstellen eines Entwurfs setzen wir unsere gesamte Expertise ein, und zwar f\u00fcr den kompletten Bereich wie: Gew\u00e4chshaus, Schirmung, Heizung, Wasser, Ausstattung, Betonarbeiten, Erdarbeiten usw. bis einschlie\u00dflich der Planung Ihrer Betriebshalle und B\u00fcror\u00e4ume. Auch eine m\u00f6gliche logistische Gesamtautomatisierung des Betriebsablaufs (Roboter und Maschinen) sollte im Vorfeld gr\u00fcndlich einkalkuliert und entschieden werden, bevor die Ausstattung fertig geplant ist. Unsere Projektmitarbeiter kennen sich mit der Branche genau aus und wissen daher auch, wie ein solcher Betrieb ausgestattet sein muss. Unser komplettes Wissen bringen wir in den Entwurf ein und machen dann auch f\u00fcr Ihr Projekt einen einzigen Gesamtplan.<\/p>\n<p>Nach R\u00fccksprache und Ihrer erfolgten Zustimmung, wird der Gesamtplan von uns in exakten (Teil)bereichen aufgearbeitet, so dass Sie Angebote bei den von Ihnen gew\u00fcnschten Lieferanten oder Installateuren einholen k\u00f6nnen. Lesen Sie hierzu auch unsere &#8218;Kaufberatung&#8216;.<\/p>\n<p>Wir sind offen f\u00fcr Ihre W\u00fcnsche und integrieren diese in den Gesamtplan. Erst wenn wir zu einem sp\u00e4teren Zeitpunkt dazu aufgefordert werden, werden wir mehrere Lieferanten Ihrer Wahl kontaktieren mit der Bitte um ein entsprechendes Angebot.<\/p>\n<p>Selbstverst\u00e4ndlich werden die Looije Agro Technics Spezialisten auch nur Teilarbeiten Ihres Neubaus durchf\u00fchren, jedoch, wenn wir als integriertes Team am gesamten Projekt teilhaben, sind wir ohne Frage am besten. Nicht umsonst hei\u00dft es in unserem Firmenleitspruch: &#8218;wohl durchdacht und umfassend&#8216;.<\/p>\n","protected":false},"excerpt":{"rendered":"<p>Das Entwerfen eines neuen (Unterglas)-Gartenbauunternehmens ist Arbeit f\u00fcr Spezialisten. Der verf\u00fcgbare Raum sollte so effektiv wie m\u00f6glich genutzt werden und in einem einzigen Entwurf sollten alle Erfordernisse aufeinander abgestimmt werden. Ihre W\u00fcnsche und Anforderungen sowie Ihre Firmenvision, sind die Ausgangslage unseres Entwurfs. Der Bestimmungsplan und die sonstigen Gesetzesanforderungen sowie Vorschriften, wie zum Beispiel die Vorschriften [&hellip;]<\/p>\n","protected":false},"author":1,"featured_media":0,"parent":0,"menu_order":0,"comment_status":"open","ping_status":"closed","template":"","meta":{"_acf_changed":false,"_exactmetrics_skip_tracking":false,"_exactmetrics_sitenote_active":false,"_exactmetrics_sitenote_note":"","_exactmetrics_sitenote_category":0,"footnotes":""},"class_list":["post-2250","page","type-page","status-publish","hentry"],"acf":[],"yoast_head":"<!-- This site is optimized with the Yoast SEO plugin v27.4 - https:\/\/yoast.com\/product\/yoast-seo-wordpress\/ -->\n<title>Entwurf eines neues Unternehmens - Looije Agro Technics BV<\/title>\n<meta name=\"robots\" content=\"index, follow, max-snippet:-1, max-image-preview:large, max-video-preview:-1\" \/>\n<link rel=\"canonical\" href=\"https:\/\/lat.nl\/de\/entwurf-eines-neues-unternehmens\/\" \/>\n<meta property=\"og:locale\" content=\"de_DE\" \/>\n<meta property=\"og:type\" content=\"article\" \/>\n<meta property=\"og:title\" content=\"Entwurf eines neues Unternehmens - Looije Agro Technics BV\" \/>\n<meta property=\"og:description\" content=\"Das Entwerfen eines neuen (Unterglas)-Gartenbauunternehmens ist Arbeit f\u00fcr Spezialisten. Der verf\u00fcgbare Raum sollte so effektiv wie m\u00f6glich genutzt werden und in einem einzigen Entwurf sollten alle Erfordernisse aufeinander abgestimmt werden. Ihre W\u00fcnsche und Anforderungen sowie Ihre Firmenvision, sind die Ausgangslage unseres Entwurfs. Der Bestimmungsplan und die sonstigen Gesetzesanforderungen sowie Vorschriften, wie zum Beispiel die Vorschriften [&hellip;]\" \/>\n<meta property=\"og:url\" content=\"https:\/\/lat.nl\/de\/entwurf-eines-neues-unternehmens\/\" \/>\n<meta property=\"og:site_name\" content=\"Looije Agro Technics BV\" \/>\n<meta name=\"twitter:card\" content=\"summary_large_image\" \/>\n<meta name=\"twitter:label1\" content=\"Gesch\u00e4tzte Lesezeit\" \/>\n\t<meta name=\"twitter:data1\" content=\"2\u00a0Minuten\" \/>\n<script type=\"application\/ld+json\" class=\"yoast-schema-graph\">{\"@context\":\"https:\\\/\\\/schema.org\",\"@graph\":[{\"@type\":\"WebPage\",\"@id\":\"https:\\\/\\\/lat.nl\\\/de\\\/entwurf-eines-neues-unternehmens\\\/\",\"url\":\"https:\\\/\\\/lat.nl\\\/de\\\/entwurf-eines-neues-unternehmens\\\/\",\"name\":\"Entwurf eines neues Unternehmens - Looije Agro Technics BV\",\"isPartOf\":{\"@id\":\"https:\\\/\\\/lat.nl\\\/#website\"},\"datePublished\":\"2018-03-28T12:08:03+00:00\",\"breadcrumb\":{\"@id\":\"https:\\\/\\\/lat.nl\\\/de\\\/entwurf-eines-neues-unternehmens\\\/#breadcrumb\"},\"inLanguage\":\"de\",\"potentialAction\":[{\"@type\":\"ReadAction\",\"target\":[\"https:\\\/\\\/lat.nl\\\/de\\\/entwurf-eines-neues-unternehmens\\\/\"]}]},{\"@type\":\"BreadcrumbList\",\"@id\":\"https:\\\/\\\/lat.nl\\\/de\\\/entwurf-eines-neues-unternehmens\\\/#breadcrumb\",\"itemListElement\":[{\"@type\":\"ListItem\",\"position\":1,\"name\":\"Home\",\"item\":\"https:\\\/\\\/lat.nl\\\/de\\\/\"},{\"@type\":\"ListItem\",\"position\":2,\"name\":\"Entwurf eines neues Unternehmens\"}]},{\"@type\":\"WebSite\",\"@id\":\"https:\\\/\\\/lat.nl\\\/#website\",\"url\":\"https:\\\/\\\/lat.nl\\\/\",\"name\":\"Looije Agro Technics BV\",\"description\":\"H\u00e9t onafhankelijk bouwmanagementbureau in de glastuinbouwsector\",\"publisher\":{\"@id\":\"https:\\\/\\\/lat.nl\\\/#organization\"},\"potentialAction\":[{\"@type\":\"SearchAction\",\"target\":{\"@type\":\"EntryPoint\",\"urlTemplate\":\"https:\\\/\\\/lat.nl\\\/?s={search_term_string}\"},\"query-input\":{\"@type\":\"PropertyValueSpecification\",\"valueRequired\":true,\"valueName\":\"search_term_string\"}}],\"inLanguage\":\"de\"},{\"@type\":\"Organization\",\"@id\":\"https:\\\/\\\/lat.nl\\\/#organization\",\"name\":\"Looije Agro Technics BV\",\"url\":\"https:\\\/\\\/lat.nl\\\/\",\"logo\":{\"@type\":\"ImageObject\",\"inLanguage\":\"de\",\"@id\":\"https:\\\/\\\/lat.nl\\\/#\\\/schema\\\/logo\\\/image\\\/\",\"url\":\"https:\\\/\\\/lat.nl\\\/wp-content\\\/uploads\\\/2018\\\/03\\\/logo.jpg\",\"contentUrl\":\"https:\\\/\\\/lat.nl\\\/wp-content\\\/uploads\\\/2018\\\/03\\\/logo.jpg\",\"width\":319,\"height\":122,\"caption\":\"Looije Agro Technics BV\"},\"image\":{\"@id\":\"https:\\\/\\\/lat.nl\\\/#\\\/schema\\\/logo\\\/image\\\/\"}}]}<\/script>\n<!-- \/ Yoast SEO plugin. -->","yoast_head_json":{"title":"Entwurf eines neues Unternehmens - Looije Agro Technics BV","robots":{"index":"index","follow":"follow","max-snippet":"max-snippet:-1","max-image-preview":"max-image-preview:large","max-video-preview":"max-video-preview:-1"},"canonical":"https:\/\/lat.nl\/de\/entwurf-eines-neues-unternehmens\/","og_locale":"de_DE","og_type":"article","og_title":"Entwurf eines neues Unternehmens - Looije Agro Technics BV","og_description":"Das Entwerfen eines neuen (Unterglas)-Gartenbauunternehmens ist Arbeit f\u00fcr Spezialisten. Der verf\u00fcgbare Raum sollte so effektiv wie m\u00f6glich genutzt werden und in einem einzigen Entwurf sollten alle Erfordernisse aufeinander abgestimmt werden. Ihre W\u00fcnsche und Anforderungen sowie Ihre Firmenvision, sind die Ausgangslage unseres Entwurfs. Der Bestimmungsplan und die sonstigen Gesetzesanforderungen sowie Vorschriften, wie zum Beispiel die Vorschriften [&hellip;]","og_url":"https:\/\/lat.nl\/de\/entwurf-eines-neues-unternehmens\/","og_site_name":"Looije Agro Technics BV","twitter_card":"summary_large_image","twitter_misc":{"Gesch\u00e4tzte Lesezeit":"2\u00a0Minuten"},"schema":{"@context":"https:\/\/schema.org","@graph":[{"@type":"WebPage","@id":"https:\/\/lat.nl\/de\/entwurf-eines-neues-unternehmens\/","url":"https:\/\/lat.nl\/de\/entwurf-eines-neues-unternehmens\/","name":"Entwurf eines neues Unternehmens - Looije Agro Technics BV","isPartOf":{"@id":"https:\/\/lat.nl\/#website"},"datePublished":"2018-03-28T12:08:03+00:00","breadcrumb":{"@id":"https:\/\/lat.nl\/de\/entwurf-eines-neues-unternehmens\/#breadcrumb"},"inLanguage":"de","potentialAction":[{"@type":"ReadAction","target":["https:\/\/lat.nl\/de\/entwurf-eines-neues-unternehmens\/"]}]},{"@type":"BreadcrumbList","@id":"https:\/\/lat.nl\/de\/entwurf-eines-neues-unternehmens\/#breadcrumb","itemListElement":[{"@type":"ListItem","position":1,"name":"Home","item":"https:\/\/lat.nl\/de\/"},{"@type":"ListItem","position":2,"name":"Entwurf eines neues Unternehmens"}]},{"@type":"WebSite","@id":"https:\/\/lat.nl\/#website","url":"https:\/\/lat.nl\/","name":"Looije Agro Technics BV","description":"H\u00e9t onafhankelijk bouwmanagementbureau in de glastuinbouwsector","publisher":{"@id":"https:\/\/lat.nl\/#organization"},"potentialAction":[{"@type":"SearchAction","target":{"@type":"EntryPoint","urlTemplate":"https:\/\/lat.nl\/?s={search_term_string}"},"query-input":{"@type":"PropertyValueSpecification","valueRequired":true,"valueName":"search_term_string"}}],"inLanguage":"de"},{"@type":"Organization","@id":"https:\/\/lat.nl\/#organization","name":"Looije Agro Technics BV","url":"https:\/\/lat.nl\/","logo":{"@type":"ImageObject","inLanguage":"de","@id":"https:\/\/lat.nl\/#\/schema\/logo\/image\/","url":"https:\/\/lat.nl\/wp-content\/uploads\/2018\/03\/logo.jpg","contentUrl":"https:\/\/lat.nl\/wp-content\/uploads\/2018\/03\/logo.jpg","width":319,"height":122,"caption":"Looije Agro Technics BV"},"image":{"@id":"https:\/\/lat.nl\/#\/schema\/logo\/image\/"}}]}},"_links":{"self":[{"href":"https:\/\/lat.nl\/de\/wp-json\/wp\/v2\/pages\/2250","targetHints":{"allow":["GET"]}}],"collection":[{"href":"https:\/\/lat.nl\/de\/wp-json\/wp\/v2\/pages"}],"about":[{"href":"https:\/\/lat.nl\/de\/wp-json\/wp\/v2\/types\/page"}],"author":[{"embeddable":true,"href":"https:\/\/lat.nl\/de\/wp-json\/wp\/v2\/users\/1"}],"replies":[{"embeddable":true,"href":"https:\/\/lat.nl\/de\/wp-json\/wp\/v2\/comments?post=2250"}],"version-history":[{"count":0,"href":"https:\/\/lat.nl\/de\/wp-json\/wp\/v2\/pages\/2250\/revisions"}],"wp:attachment":[{"href":"https:\/\/lat.nl\/de\/wp-json\/wp\/v2\/media?parent=2250"}],"curies":[{"name":"wp","href":"https:\/\/api.w.org\/{rel}","templated":true}]}}