{"id":2252,"date":"2018-03-28T12:08:03","date_gmt":"2018-03-28T12:08:03","guid":{"rendered":"https:\/\/lat.nl\/entwurf-firmengebaude\/"},"modified":"2018-03-28T12:08:03","modified_gmt":"2018-03-28T12:08:03","slug":"entwurf-firmengebaude","status":"publish","type":"page","link":"https:\/\/lat.nl\/de\/entwurf-firmengebaude\/","title":{"rendered":"Entwurf Firmengeb\u00e4ude"},"content":{"rendered":"<p>Ein Firmengeb\u00e4ude ist meistens der Mittelpunkt, wo alle logistischen Linien eines (Unterglas)-Gartenbauunternehmens zusammen kommen. Ein solches Geb\u00e4ude muss nicht nur praktisch und so gut wie m\u00f6glich ausgestattet sein, sondern sollte ebenfalls die Visitenkarterolle Ihres Unternehmens \u00fcbernehmen.<\/p>\n<p>Unsere Projektmitarbeiter inventarisieren genauestens die Vorstellungen und Anforderungen, die Sie von Ihrem Firmengeb\u00e4ude erwarten d\u00fcrfen. Anschlie\u00dfend erstellt man Ihnen einen Entwurf, wobei die Vorstellungen und Anforderungen so effektiv wie m\u00f6glich mittels eines sorgf\u00e4ltig ausgewogenen Ausbau- und Einrichtungsplans ber\u00fccksichtigt werden. Hierbei finden selbstverst\u00e4ndlich die Vorgaben aus dem Arbeitsschutz- und aus dem Baugesetz Anwendung.<\/p>\n<p>Der Entwurf Ihres neuen Firmengeb\u00e4udes sollte selbstverst\u00e4ndlich auch die von Ihnen gew\u00fcnschte Firmendarstellung ber\u00fccksichtigen.<\/p>\n<p>&nbsp;<\/p>\n","protected":false},"excerpt":{"rendered":"<p>Ein Firmengeb\u00e4ude ist meistens der Mittelpunkt, wo alle logistischen Linien eines (Unterglas)-Gartenbauunternehmens zusammen kommen. Ein solches Geb\u00e4ude muss nicht nur praktisch und so gut wie m\u00f6glich ausgestattet sein, sondern sollte ebenfalls die Visitenkarterolle Ihres Unternehmens \u00fcbernehmen. Unsere Projektmitarbeiter inventarisieren genauestens die Vorstellungen und Anforderungen, die Sie von Ihrem Firmengeb\u00e4ude erwarten d\u00fcrfen. Anschlie\u00dfend erstellt man Ihnen [&hellip;]<\/p>\n","protected":false},"author":1,"featured_media":0,"parent":0,"menu_order":0,"comment_status":"open","ping_status":"closed","template":"","meta":{"_acf_changed":false,"_exactmetrics_skip_tracking":false,"_exactmetrics_sitenote_active":false,"_exactmetrics_sitenote_note":"","_exactmetrics_sitenote_category":0,"footnotes":""},"class_list":["post-2252","page","type-page","status-publish","hentry"],"acf":[],"yoast_head":"<!-- This site is optimized with the Yoast SEO plugin v27.3 - https:\/\/yoast.com\/product\/yoast-seo-wordpress\/ -->\n<title>Entwurf Firmengeb\u00e4ude - Looije Agro Technics BV<\/title>\n<meta name=\"robots\" content=\"index, follow, max-snippet:-1, max-image-preview:large, max-video-preview:-1\" \/>\n<link rel=\"canonical\" href=\"https:\/\/lat.nl\/de\/entwurf-firmengebaude\/\" \/>\n<meta property=\"og:locale\" content=\"de_DE\" \/>\n<meta property=\"og:type\" content=\"article\" \/>\n<meta property=\"og:title\" content=\"Entwurf Firmengeb\u00e4ude - Looije Agro Technics BV\" \/>\n<meta property=\"og:description\" content=\"Ein Firmengeb\u00e4ude ist meistens der Mittelpunkt, wo alle logistischen Linien eines (Unterglas)-Gartenbauunternehmens zusammen kommen. Ein solches Geb\u00e4ude muss nicht nur praktisch und so gut wie m\u00f6glich ausgestattet sein, sondern sollte ebenfalls die Visitenkarterolle Ihres Unternehmens \u00fcbernehmen. Unsere Projektmitarbeiter inventarisieren genauestens die Vorstellungen und Anforderungen, die Sie von Ihrem Firmengeb\u00e4ude erwarten d\u00fcrfen. Anschlie\u00dfend erstellt man Ihnen [&hellip;]\" \/>\n<meta property=\"og:url\" content=\"https:\/\/lat.nl\/de\/entwurf-firmengebaude\/\" \/>\n<meta property=\"og:site_name\" content=\"Looije Agro Technics BV\" \/>\n<meta name=\"twitter:card\" content=\"summary_large_image\" \/>\n<meta name=\"twitter:label1\" content=\"Gesch\u00e4tzte Lesezeit\" \/>\n\t<meta name=\"twitter:data1\" content=\"1\u00a0Minute\" \/>\n<script type=\"application\/ld+json\" class=\"yoast-schema-graph\">{\"@context\":\"https:\\\/\\\/schema.org\",\"@graph\":[{\"@type\":\"WebPage\",\"@id\":\"https:\\\/\\\/lat.nl\\\/de\\\/entwurf-firmengebaude\\\/\",\"url\":\"https:\\\/\\\/lat.nl\\\/de\\\/entwurf-firmengebaude\\\/\",\"name\":\"Entwurf Firmengeb\u00e4ude - Looije Agro Technics BV\",\"isPartOf\":{\"@id\":\"https:\\\/\\\/lat.nl\\\/#website\"},\"datePublished\":\"2018-03-28T12:08:03+00:00\",\"breadcrumb\":{\"@id\":\"https:\\\/\\\/lat.nl\\\/de\\\/entwurf-firmengebaude\\\/#breadcrumb\"},\"inLanguage\":\"de\",\"potentialAction\":[{\"@type\":\"ReadAction\",\"target\":[\"https:\\\/\\\/lat.nl\\\/de\\\/entwurf-firmengebaude\\\/\"]}]},{\"@type\":\"BreadcrumbList\",\"@id\":\"https:\\\/\\\/lat.nl\\\/de\\\/entwurf-firmengebaude\\\/#breadcrumb\",\"itemListElement\":[{\"@type\":\"ListItem\",\"position\":1,\"name\":\"Home\",\"item\":\"https:\\\/\\\/lat.nl\\\/de\\\/\"},{\"@type\":\"ListItem\",\"position\":2,\"name\":\"Entwurf Firmengeb\u00e4ude\"}]},{\"@type\":\"WebSite\",\"@id\":\"https:\\\/\\\/lat.nl\\\/#website\",\"url\":\"https:\\\/\\\/lat.nl\\\/\",\"name\":\"Looije Agro Technics BV\",\"description\":\"H\u00e9t onafhankelijk bouwmanagementbureau in de glastuinbouwsector\",\"publisher\":{\"@id\":\"https:\\\/\\\/lat.nl\\\/#organization\"},\"potentialAction\":[{\"@type\":\"SearchAction\",\"target\":{\"@type\":\"EntryPoint\",\"urlTemplate\":\"https:\\\/\\\/lat.nl\\\/?s={search_term_string}\"},\"query-input\":{\"@type\":\"PropertyValueSpecification\",\"valueRequired\":true,\"valueName\":\"search_term_string\"}}],\"inLanguage\":\"de\"},{\"@type\":\"Organization\",\"@id\":\"https:\\\/\\\/lat.nl\\\/#organization\",\"name\":\"Looije Agro Technics BV\",\"url\":\"https:\\\/\\\/lat.nl\\\/\",\"logo\":{\"@type\":\"ImageObject\",\"inLanguage\":\"de\",\"@id\":\"https:\\\/\\\/lat.nl\\\/#\\\/schema\\\/logo\\\/image\\\/\",\"url\":\"https:\\\/\\\/lat.nl\\\/wp-content\\\/uploads\\\/2018\\\/03\\\/logo.jpg\",\"contentUrl\":\"https:\\\/\\\/lat.nl\\\/wp-content\\\/uploads\\\/2018\\\/03\\\/logo.jpg\",\"width\":319,\"height\":122,\"caption\":\"Looije Agro Technics BV\"},\"image\":{\"@id\":\"https:\\\/\\\/lat.nl\\\/#\\\/schema\\\/logo\\\/image\\\/\"}}]}<\/script>\n<!-- \/ Yoast SEO plugin. -->","yoast_head_json":{"title":"Entwurf Firmengeb\u00e4ude - Looije Agro Technics BV","robots":{"index":"index","follow":"follow","max-snippet":"max-snippet:-1","max-image-preview":"max-image-preview:large","max-video-preview":"max-video-preview:-1"},"canonical":"https:\/\/lat.nl\/de\/entwurf-firmengebaude\/","og_locale":"de_DE","og_type":"article","og_title":"Entwurf Firmengeb\u00e4ude - Looije Agro Technics BV","og_description":"Ein Firmengeb\u00e4ude ist meistens der Mittelpunkt, wo alle logistischen Linien eines (Unterglas)-Gartenbauunternehmens zusammen kommen. Ein solches Geb\u00e4ude muss nicht nur praktisch und so gut wie m\u00f6glich ausgestattet sein, sondern sollte ebenfalls die Visitenkarterolle Ihres Unternehmens \u00fcbernehmen. Unsere Projektmitarbeiter inventarisieren genauestens die Vorstellungen und Anforderungen, die Sie von Ihrem Firmengeb\u00e4ude erwarten d\u00fcrfen. Anschlie\u00dfend erstellt man Ihnen [&hellip;]","og_url":"https:\/\/lat.nl\/de\/entwurf-firmengebaude\/","og_site_name":"Looije Agro Technics BV","twitter_card":"summary_large_image","twitter_misc":{"Gesch\u00e4tzte Lesezeit":"1\u00a0Minute"},"schema":{"@context":"https:\/\/schema.org","@graph":[{"@type":"WebPage","@id":"https:\/\/lat.nl\/de\/entwurf-firmengebaude\/","url":"https:\/\/lat.nl\/de\/entwurf-firmengebaude\/","name":"Entwurf Firmengeb\u00e4ude - Looije Agro Technics BV","isPartOf":{"@id":"https:\/\/lat.nl\/#website"},"datePublished":"2018-03-28T12:08:03+00:00","breadcrumb":{"@id":"https:\/\/lat.nl\/de\/entwurf-firmengebaude\/#breadcrumb"},"inLanguage":"de","potentialAction":[{"@type":"ReadAction","target":["https:\/\/lat.nl\/de\/entwurf-firmengebaude\/"]}]},{"@type":"BreadcrumbList","@id":"https:\/\/lat.nl\/de\/entwurf-firmengebaude\/#breadcrumb","itemListElement":[{"@type":"ListItem","position":1,"name":"Home","item":"https:\/\/lat.nl\/de\/"},{"@type":"ListItem","position":2,"name":"Entwurf Firmengeb\u00e4ude"}]},{"@type":"WebSite","@id":"https:\/\/lat.nl\/#website","url":"https:\/\/lat.nl\/","name":"Looije Agro Technics BV","description":"H\u00e9t onafhankelijk bouwmanagementbureau in de glastuinbouwsector","publisher":{"@id":"https:\/\/lat.nl\/#organization"},"potentialAction":[{"@type":"SearchAction","target":{"@type":"EntryPoint","urlTemplate":"https:\/\/lat.nl\/?s={search_term_string}"},"query-input":{"@type":"PropertyValueSpecification","valueRequired":true,"valueName":"search_term_string"}}],"inLanguage":"de"},{"@type":"Organization","@id":"https:\/\/lat.nl\/#organization","name":"Looije Agro Technics BV","url":"https:\/\/lat.nl\/","logo":{"@type":"ImageObject","inLanguage":"de","@id":"https:\/\/lat.nl\/#\/schema\/logo\/image\/","url":"https:\/\/lat.nl\/wp-content\/uploads\/2018\/03\/logo.jpg","contentUrl":"https:\/\/lat.nl\/wp-content\/uploads\/2018\/03\/logo.jpg","width":319,"height":122,"caption":"Looije Agro Technics BV"},"image":{"@id":"https:\/\/lat.nl\/#\/schema\/logo\/image\/"}}]}},"_links":{"self":[{"href":"https:\/\/lat.nl\/de\/wp-json\/wp\/v2\/pages\/2252","targetHints":{"allow":["GET"]}}],"collection":[{"href":"https:\/\/lat.nl\/de\/wp-json\/wp\/v2\/pages"}],"about":[{"href":"https:\/\/lat.nl\/de\/wp-json\/wp\/v2\/types\/page"}],"author":[{"embeddable":true,"href":"https:\/\/lat.nl\/de\/wp-json\/wp\/v2\/users\/1"}],"replies":[{"embeddable":true,"href":"https:\/\/lat.nl\/de\/wp-json\/wp\/v2\/comments?post=2252"}],"version-history":[{"count":0,"href":"https:\/\/lat.nl\/de\/wp-json\/wp\/v2\/pages\/2252\/revisions"}],"wp:attachment":[{"href":"https:\/\/lat.nl\/de\/wp-json\/wp\/v2\/media?parent=2252"}],"curies":[{"name":"wp","href":"https:\/\/api.w.org\/{rel}","templated":true}]}}