{"id":2254,"date":"2018-03-28T12:08:03","date_gmt":"2018-03-28T12:08:03","guid":{"rendered":"https:\/\/lat.nl\/entwurf\/"},"modified":"2018-03-28T12:08:03","modified_gmt":"2018-03-28T12:08:03","slug":"entwurf","status":"publish","type":"page","link":"https:\/\/lat.nl\/de\/entwurf\/","title":{"rendered":"Entwurf"},"content":{"rendered":"<p>&#8218;Die meisten Menschen haben nicht vor zu scheitern; sie schaffen es nur nicht, die richtigen Pl\u00e4ne zu entwerfen&#8216;. Um einen guten Plan, oder den richtigen Entwurf machen zu k\u00f6nnen, ist Kenntnis angesagt. Kenntnis von dem, was Sie wichtig finden. Welche W\u00fcnsche, Anspr\u00fcche und welche Ideen schweben Ihnen vor? Und welche Erwartungen und M\u00f6glichkeiten haben Sie?<\/p>\n<p>Unsere Mitarbeiter aus der Abteilung &#8218;Projektvorbereitung&#8216; fragen Sie buchst\u00e4blich nach Strich und Faden aus, um Ihre W\u00fcnsche und Vorstellungen klar umrei\u00dfen zu k\u00f6nnen. Dabei halten wir Ihnen regelm\u00e4\u00dfig den Spiegel vor. Ist dies genau auch das, was Sie wollen? Wo m\u00f6chten Sie in 5 Jahren mit Ihrer Firma stehen? Und wie sollte Ihr Unternehmen zum Beispiel in 15 Jahren aussehen?<\/p>\n<p>Wir sehen es als unsere Herausforderung, Ihnen die beste Beratung auf dem Gebiet des (Unterglas-) Gartenbaus bieten zu k\u00f6nnen. Selbstverst\u00e4ndlich orientieren wir uns ebenfalls am Markt, sind dabei jedoch v\u00f6llig unabh\u00e4ngig von Lieferanten und Wirtschaftskreisen. Durch das Zusammenf\u00fcgen dieser Eigenschaften sind wir in der Lage, klare, sachliche und vor allem fachm\u00e4nnische und unabh\u00e4ngige Beratungen zu bieten.<\/p>\n<p>Eventuell f\u00fchren wir zuerst eine Machbarkeitsstudie durch, bevor wir einen Entwurf umsetzen. Alle Gespr\u00e4che mit Ihnen werden zum Schluss in einen wohl durchdachten und fertigen Plan resultieren. Anschlie\u00dfend wird Ihr Projekt aufgeteilt in logische Teilbereiche und k\u00f6nnen wir f\u00fcr jedes Segment pr\u00e4zise Projektbeschreibungen anfertigen, womit Angebote eingeholt werden k\u00f6nnen.<\/p>\n","protected":false},"excerpt":{"rendered":"<p>&#8218;Die meisten Menschen haben nicht vor zu scheitern; sie schaffen es nur nicht, die richtigen Pl\u00e4ne zu entwerfen&#8216;. Um einen guten Plan, oder den richtigen Entwurf machen zu k\u00f6nnen, ist Kenntnis angesagt. Kenntnis von dem, was Sie wichtig finden. Welche W\u00fcnsche, Anspr\u00fcche und welche Ideen schweben Ihnen vor? Und welche Erwartungen und M\u00f6glichkeiten haben Sie? [&hellip;]<\/p>\n","protected":false},"author":1,"featured_media":0,"parent":0,"menu_order":0,"comment_status":"open","ping_status":"closed","template":"","meta":{"_acf_changed":false,"_exactmetrics_skip_tracking":false,"_exactmetrics_sitenote_active":false,"_exactmetrics_sitenote_note":"","_exactmetrics_sitenote_category":0,"footnotes":""},"class_list":["post-2254","page","type-page","status-publish","hentry"],"acf":[],"yoast_head":"<!-- This site is optimized with the Yoast SEO plugin v27.3 - https:\/\/yoast.com\/product\/yoast-seo-wordpress\/ -->\n<title>Entwurf - Looije Agro Technics BV<\/title>\n<meta name=\"robots\" content=\"index, follow, max-snippet:-1, max-image-preview:large, max-video-preview:-1\" \/>\n<link rel=\"canonical\" href=\"https:\/\/lat.nl\/de\/entwurf\/\" \/>\n<meta property=\"og:locale\" content=\"de_DE\" \/>\n<meta property=\"og:type\" content=\"article\" \/>\n<meta property=\"og:title\" content=\"Entwurf - Looije Agro Technics BV\" \/>\n<meta property=\"og:description\" content=\"&#8218;Die meisten Menschen haben nicht vor zu scheitern; sie schaffen es nur nicht, die richtigen Pl\u00e4ne zu entwerfen&#8216;. Um einen guten Plan, oder den richtigen Entwurf machen zu k\u00f6nnen, ist Kenntnis angesagt. Kenntnis von dem, was Sie wichtig finden. Welche W\u00fcnsche, Anspr\u00fcche und welche Ideen schweben Ihnen vor? Und welche Erwartungen und M\u00f6glichkeiten haben Sie? [&hellip;]\" \/>\n<meta property=\"og:url\" content=\"https:\/\/lat.nl\/de\/entwurf\/\" \/>\n<meta property=\"og:site_name\" content=\"Looije Agro Technics BV\" \/>\n<meta name=\"twitter:card\" content=\"summary_large_image\" \/>\n<meta name=\"twitter:label1\" content=\"Gesch\u00e4tzte Lesezeit\" \/>\n\t<meta name=\"twitter:data1\" content=\"1\u00a0Minute\" \/>\n<script type=\"application\/ld+json\" class=\"yoast-schema-graph\">{\"@context\":\"https:\\\/\\\/schema.org\",\"@graph\":[{\"@type\":\"WebPage\",\"@id\":\"https:\\\/\\\/lat.nl\\\/de\\\/entwurf\\\/\",\"url\":\"https:\\\/\\\/lat.nl\\\/de\\\/entwurf\\\/\",\"name\":\"Entwurf - Looije Agro Technics BV\",\"isPartOf\":{\"@id\":\"https:\\\/\\\/lat.nl\\\/#website\"},\"datePublished\":\"2018-03-28T12:08:03+00:00\",\"breadcrumb\":{\"@id\":\"https:\\\/\\\/lat.nl\\\/de\\\/entwurf\\\/#breadcrumb\"},\"inLanguage\":\"de\",\"potentialAction\":[{\"@type\":\"ReadAction\",\"target\":[\"https:\\\/\\\/lat.nl\\\/de\\\/entwurf\\\/\"]}]},{\"@type\":\"BreadcrumbList\",\"@id\":\"https:\\\/\\\/lat.nl\\\/de\\\/entwurf\\\/#breadcrumb\",\"itemListElement\":[{\"@type\":\"ListItem\",\"position\":1,\"name\":\"Home\",\"item\":\"https:\\\/\\\/lat.nl\\\/de\\\/\"},{\"@type\":\"ListItem\",\"position\":2,\"name\":\"Entwurf\"}]},{\"@type\":\"WebSite\",\"@id\":\"https:\\\/\\\/lat.nl\\\/#website\",\"url\":\"https:\\\/\\\/lat.nl\\\/\",\"name\":\"Looije Agro Technics BV\",\"description\":\"H\u00e9t onafhankelijk bouwmanagementbureau in de glastuinbouwsector\",\"publisher\":{\"@id\":\"https:\\\/\\\/lat.nl\\\/#organization\"},\"potentialAction\":[{\"@type\":\"SearchAction\",\"target\":{\"@type\":\"EntryPoint\",\"urlTemplate\":\"https:\\\/\\\/lat.nl\\\/?s={search_term_string}\"},\"query-input\":{\"@type\":\"PropertyValueSpecification\",\"valueRequired\":true,\"valueName\":\"search_term_string\"}}],\"inLanguage\":\"de\"},{\"@type\":\"Organization\",\"@id\":\"https:\\\/\\\/lat.nl\\\/#organization\",\"name\":\"Looije Agro Technics BV\",\"url\":\"https:\\\/\\\/lat.nl\\\/\",\"logo\":{\"@type\":\"ImageObject\",\"inLanguage\":\"de\",\"@id\":\"https:\\\/\\\/lat.nl\\\/#\\\/schema\\\/logo\\\/image\\\/\",\"url\":\"https:\\\/\\\/lat.nl\\\/wp-content\\\/uploads\\\/2018\\\/03\\\/logo.jpg\",\"contentUrl\":\"https:\\\/\\\/lat.nl\\\/wp-content\\\/uploads\\\/2018\\\/03\\\/logo.jpg\",\"width\":319,\"height\":122,\"caption\":\"Looije Agro Technics BV\"},\"image\":{\"@id\":\"https:\\\/\\\/lat.nl\\\/#\\\/schema\\\/logo\\\/image\\\/\"}}]}<\/script>\n<!-- \/ Yoast SEO plugin. -->","yoast_head_json":{"title":"Entwurf - Looije Agro Technics BV","robots":{"index":"index","follow":"follow","max-snippet":"max-snippet:-1","max-image-preview":"max-image-preview:large","max-video-preview":"max-video-preview:-1"},"canonical":"https:\/\/lat.nl\/de\/entwurf\/","og_locale":"de_DE","og_type":"article","og_title":"Entwurf - Looije Agro Technics BV","og_description":"&#8218;Die meisten Menschen haben nicht vor zu scheitern; sie schaffen es nur nicht, die richtigen Pl\u00e4ne zu entwerfen&#8216;. Um einen guten Plan, oder den richtigen Entwurf machen zu k\u00f6nnen, ist Kenntnis angesagt. Kenntnis von dem, was Sie wichtig finden. Welche W\u00fcnsche, Anspr\u00fcche und welche Ideen schweben Ihnen vor? Und welche Erwartungen und M\u00f6glichkeiten haben Sie? [&hellip;]","og_url":"https:\/\/lat.nl\/de\/entwurf\/","og_site_name":"Looije Agro Technics BV","twitter_card":"summary_large_image","twitter_misc":{"Gesch\u00e4tzte Lesezeit":"1\u00a0Minute"},"schema":{"@context":"https:\/\/schema.org","@graph":[{"@type":"WebPage","@id":"https:\/\/lat.nl\/de\/entwurf\/","url":"https:\/\/lat.nl\/de\/entwurf\/","name":"Entwurf - Looije Agro Technics BV","isPartOf":{"@id":"https:\/\/lat.nl\/#website"},"datePublished":"2018-03-28T12:08:03+00:00","breadcrumb":{"@id":"https:\/\/lat.nl\/de\/entwurf\/#breadcrumb"},"inLanguage":"de","potentialAction":[{"@type":"ReadAction","target":["https:\/\/lat.nl\/de\/entwurf\/"]}]},{"@type":"BreadcrumbList","@id":"https:\/\/lat.nl\/de\/entwurf\/#breadcrumb","itemListElement":[{"@type":"ListItem","position":1,"name":"Home","item":"https:\/\/lat.nl\/de\/"},{"@type":"ListItem","position":2,"name":"Entwurf"}]},{"@type":"WebSite","@id":"https:\/\/lat.nl\/#website","url":"https:\/\/lat.nl\/","name":"Looije Agro Technics BV","description":"H\u00e9t onafhankelijk bouwmanagementbureau in de glastuinbouwsector","publisher":{"@id":"https:\/\/lat.nl\/#organization"},"potentialAction":[{"@type":"SearchAction","target":{"@type":"EntryPoint","urlTemplate":"https:\/\/lat.nl\/?s={search_term_string}"},"query-input":{"@type":"PropertyValueSpecification","valueRequired":true,"valueName":"search_term_string"}}],"inLanguage":"de"},{"@type":"Organization","@id":"https:\/\/lat.nl\/#organization","name":"Looije Agro Technics BV","url":"https:\/\/lat.nl\/","logo":{"@type":"ImageObject","inLanguage":"de","@id":"https:\/\/lat.nl\/#\/schema\/logo\/image\/","url":"https:\/\/lat.nl\/wp-content\/uploads\/2018\/03\/logo.jpg","contentUrl":"https:\/\/lat.nl\/wp-content\/uploads\/2018\/03\/logo.jpg","width":319,"height":122,"caption":"Looije Agro Technics BV"},"image":{"@id":"https:\/\/lat.nl\/#\/schema\/logo\/image\/"}}]}},"_links":{"self":[{"href":"https:\/\/lat.nl\/de\/wp-json\/wp\/v2\/pages\/2254","targetHints":{"allow":["GET"]}}],"collection":[{"href":"https:\/\/lat.nl\/de\/wp-json\/wp\/v2\/pages"}],"about":[{"href":"https:\/\/lat.nl\/de\/wp-json\/wp\/v2\/types\/page"}],"author":[{"embeddable":true,"href":"https:\/\/lat.nl\/de\/wp-json\/wp\/v2\/users\/1"}],"replies":[{"embeddable":true,"href":"https:\/\/lat.nl\/de\/wp-json\/wp\/v2\/comments?post=2254"}],"version-history":[{"count":0,"href":"https:\/\/lat.nl\/de\/wp-json\/wp\/v2\/pages\/2254\/revisions"}],"wp:attachment":[{"href":"https:\/\/lat.nl\/de\/wp-json\/wp\/v2\/media?parent=2254"}],"curies":[{"name":"wp","href":"https:\/\/api.w.org\/{rel}","templated":true}]}}