{"id":2256,"date":"2018-03-28T12:08:03","date_gmt":"2018-03-28T12:08:03","guid":{"rendered":"https:\/\/lat.nl\/messungen\/"},"modified":"2018-03-28T12:08:03","modified_gmt":"2018-03-28T12:08:03","slug":"messungen","status":"publish","type":"page","link":"https:\/\/lat.nl\/de\/messungen\/","title":{"rendered":"Messungen"},"content":{"rendered":"<p><img loading=\"lazy\" decoding=\"async\" border=\"0\" src=\"http:\/\/lat15.testjouwsite.nl\/images\/frontpage\/metingen.jpg\" width=\"115\" height=\"147\" mce_src=\"images\/frontpage\/metingen.jpg\" \/><\/p>\n<h3>Messungen<\/h3>\n<p><span>Ein unabh\u00e4ngiges B\u00fcro f\u00fcr all Ihre Kontrolle und Messungen.<\/span><\/p>\n","protected":false},"excerpt":{"rendered":"<p>Messungen Ein unabh\u00e4ngiges B\u00fcro f\u00fcr all Ihre Kontrolle und Messungen.<\/p>\n","protected":false},"author":1,"featured_media":0,"parent":0,"menu_order":0,"comment_status":"open","ping_status":"closed","template":"","meta":{"_acf_changed":false,"_exactmetrics_skip_tracking":false,"_exactmetrics_sitenote_active":false,"_exactmetrics_sitenote_note":"","_exactmetrics_sitenote_category":0,"footnotes":""},"class_list":["post-2256","page","type-page","status-publish","hentry"],"acf":[],"yoast_head":"<!-- This site is optimized with the Yoast SEO plugin v27.3 - https:\/\/yoast.com\/product\/yoast-seo-wordpress\/ -->\n<title>Messungen - Looije Agro Technics BV<\/title>\n<meta name=\"robots\" content=\"index, follow, max-snippet:-1, max-image-preview:large, max-video-preview:-1\" \/>\n<link rel=\"canonical\" href=\"https:\/\/lat.nl\/de\/messungen\/\" \/>\n<meta property=\"og:locale\" content=\"de_DE\" \/>\n<meta property=\"og:type\" content=\"article\" \/>\n<meta property=\"og:title\" content=\"Messungen - Looije Agro Technics BV\" \/>\n<meta property=\"og:description\" content=\"Messungen Ein unabh\u00e4ngiges B\u00fcro f\u00fcr all Ihre Kontrolle und Messungen.\" \/>\n<meta property=\"og:url\" content=\"https:\/\/lat.nl\/de\/messungen\/\" \/>\n<meta property=\"og:site_name\" content=\"Looije Agro Technics BV\" \/>\n<meta property=\"og:image\" content=\"http:\/\/lat15.testjouwsite.nl\/images\/frontpage\/metingen.jpg\" \/>\n<meta name=\"twitter:card\" content=\"summary_large_image\" \/>\n<script type=\"application\/ld+json\" class=\"yoast-schema-graph\">{\"@context\":\"https:\\\/\\\/schema.org\",\"@graph\":[{\"@type\":\"WebPage\",\"@id\":\"https:\\\/\\\/lat.nl\\\/de\\\/messungen\\\/\",\"url\":\"https:\\\/\\\/lat.nl\\\/de\\\/messungen\\\/\",\"name\":\"Messungen - Looije Agro Technics BV\",\"isPartOf\":{\"@id\":\"https:\\\/\\\/lat.nl\\\/#website\"},\"primaryImageOfPage\":{\"@id\":\"https:\\\/\\\/lat.nl\\\/de\\\/messungen\\\/#primaryimage\"},\"image\":{\"@id\":\"https:\\\/\\\/lat.nl\\\/de\\\/messungen\\\/#primaryimage\"},\"thumbnailUrl\":\"http:\\\/\\\/lat15.testjouwsite.nl\\\/images\\\/frontpage\\\/metingen.jpg\",\"datePublished\":\"2018-03-28T12:08:03+00:00\",\"breadcrumb\":{\"@id\":\"https:\\\/\\\/lat.nl\\\/de\\\/messungen\\\/#breadcrumb\"},\"inLanguage\":\"de\",\"potentialAction\":[{\"@type\":\"ReadAction\",\"target\":[\"https:\\\/\\\/lat.nl\\\/de\\\/messungen\\\/\"]}]},{\"@type\":\"ImageObject\",\"inLanguage\":\"de\",\"@id\":\"https:\\\/\\\/lat.nl\\\/de\\\/messungen\\\/#primaryimage\",\"url\":\"http:\\\/\\\/lat15.testjouwsite.nl\\\/images\\\/frontpage\\\/metingen.jpg\",\"contentUrl\":\"http:\\\/\\\/lat15.testjouwsite.nl\\\/images\\\/frontpage\\\/metingen.jpg\"},{\"@type\":\"BreadcrumbList\",\"@id\":\"https:\\\/\\\/lat.nl\\\/de\\\/messungen\\\/#breadcrumb\",\"itemListElement\":[{\"@type\":\"ListItem\",\"position\":1,\"name\":\"Home\",\"item\":\"https:\\\/\\\/lat.nl\\\/de\\\/\"},{\"@type\":\"ListItem\",\"position\":2,\"name\":\"Messungen\"}]},{\"@type\":\"WebSite\",\"@id\":\"https:\\\/\\\/lat.nl\\\/#website\",\"url\":\"https:\\\/\\\/lat.nl\\\/\",\"name\":\"Looije Agro Technics BV\",\"description\":\"H\u00e9t onafhankelijk bouwmanagementbureau in de glastuinbouwsector\",\"publisher\":{\"@id\":\"https:\\\/\\\/lat.nl\\\/#organization\"},\"potentialAction\":[{\"@type\":\"SearchAction\",\"target\":{\"@type\":\"EntryPoint\",\"urlTemplate\":\"https:\\\/\\\/lat.nl\\\/?s={search_term_string}\"},\"query-input\":{\"@type\":\"PropertyValueSpecification\",\"valueRequired\":true,\"valueName\":\"search_term_string\"}}],\"inLanguage\":\"de\"},{\"@type\":\"Organization\",\"@id\":\"https:\\\/\\\/lat.nl\\\/#organization\",\"name\":\"Looije Agro Technics BV\",\"url\":\"https:\\\/\\\/lat.nl\\\/\",\"logo\":{\"@type\":\"ImageObject\",\"inLanguage\":\"de\",\"@id\":\"https:\\\/\\\/lat.nl\\\/#\\\/schema\\\/logo\\\/image\\\/\",\"url\":\"https:\\\/\\\/lat.nl\\\/wp-content\\\/uploads\\\/2018\\\/03\\\/logo.jpg\",\"contentUrl\":\"https:\\\/\\\/lat.nl\\\/wp-content\\\/uploads\\\/2018\\\/03\\\/logo.jpg\",\"width\":319,\"height\":122,\"caption\":\"Looije Agro Technics BV\"},\"image\":{\"@id\":\"https:\\\/\\\/lat.nl\\\/#\\\/schema\\\/logo\\\/image\\\/\"}}]}<\/script>\n<!-- \/ Yoast SEO plugin. -->","yoast_head_json":{"title":"Messungen - Looije Agro Technics BV","robots":{"index":"index","follow":"follow","max-snippet":"max-snippet:-1","max-image-preview":"max-image-preview:large","max-video-preview":"max-video-preview:-1"},"canonical":"https:\/\/lat.nl\/de\/messungen\/","og_locale":"de_DE","og_type":"article","og_title":"Messungen - Looije Agro Technics BV","og_description":"Messungen Ein unabh\u00e4ngiges B\u00fcro f\u00fcr all Ihre Kontrolle und Messungen.","og_url":"https:\/\/lat.nl\/de\/messungen\/","og_site_name":"Looije Agro Technics BV","og_image":[{"url":"http:\/\/lat15.testjouwsite.nl\/images\/frontpage\/metingen.jpg","type":"","width":"","height":""}],"twitter_card":"summary_large_image","schema":{"@context":"https:\/\/schema.org","@graph":[{"@type":"WebPage","@id":"https:\/\/lat.nl\/de\/messungen\/","url":"https:\/\/lat.nl\/de\/messungen\/","name":"Messungen - Looije Agro Technics BV","isPartOf":{"@id":"https:\/\/lat.nl\/#website"},"primaryImageOfPage":{"@id":"https:\/\/lat.nl\/de\/messungen\/#primaryimage"},"image":{"@id":"https:\/\/lat.nl\/de\/messungen\/#primaryimage"},"thumbnailUrl":"http:\/\/lat15.testjouwsite.nl\/images\/frontpage\/metingen.jpg","datePublished":"2018-03-28T12:08:03+00:00","breadcrumb":{"@id":"https:\/\/lat.nl\/de\/messungen\/#breadcrumb"},"inLanguage":"de","potentialAction":[{"@type":"ReadAction","target":["https:\/\/lat.nl\/de\/messungen\/"]}]},{"@type":"ImageObject","inLanguage":"de","@id":"https:\/\/lat.nl\/de\/messungen\/#primaryimage","url":"http:\/\/lat15.testjouwsite.nl\/images\/frontpage\/metingen.jpg","contentUrl":"http:\/\/lat15.testjouwsite.nl\/images\/frontpage\/metingen.jpg"},{"@type":"BreadcrumbList","@id":"https:\/\/lat.nl\/de\/messungen\/#breadcrumb","itemListElement":[{"@type":"ListItem","position":1,"name":"Home","item":"https:\/\/lat.nl\/de\/"},{"@type":"ListItem","position":2,"name":"Messungen"}]},{"@type":"WebSite","@id":"https:\/\/lat.nl\/#website","url":"https:\/\/lat.nl\/","name":"Looije Agro Technics BV","description":"H\u00e9t onafhankelijk bouwmanagementbureau in de glastuinbouwsector","publisher":{"@id":"https:\/\/lat.nl\/#organization"},"potentialAction":[{"@type":"SearchAction","target":{"@type":"EntryPoint","urlTemplate":"https:\/\/lat.nl\/?s={search_term_string}"},"query-input":{"@type":"PropertyValueSpecification","valueRequired":true,"valueName":"search_term_string"}}],"inLanguage":"de"},{"@type":"Organization","@id":"https:\/\/lat.nl\/#organization","name":"Looije Agro Technics BV","url":"https:\/\/lat.nl\/","logo":{"@type":"ImageObject","inLanguage":"de","@id":"https:\/\/lat.nl\/#\/schema\/logo\/image\/","url":"https:\/\/lat.nl\/wp-content\/uploads\/2018\/03\/logo.jpg","contentUrl":"https:\/\/lat.nl\/wp-content\/uploads\/2018\/03\/logo.jpg","width":319,"height":122,"caption":"Looije Agro Technics BV"},"image":{"@id":"https:\/\/lat.nl\/#\/schema\/logo\/image\/"}}]}},"_links":{"self":[{"href":"https:\/\/lat.nl\/de\/wp-json\/wp\/v2\/pages\/2256","targetHints":{"allow":["GET"]}}],"collection":[{"href":"https:\/\/lat.nl\/de\/wp-json\/wp\/v2\/pages"}],"about":[{"href":"https:\/\/lat.nl\/de\/wp-json\/wp\/v2\/types\/page"}],"author":[{"embeddable":true,"href":"https:\/\/lat.nl\/de\/wp-json\/wp\/v2\/users\/1"}],"replies":[{"embeddable":true,"href":"https:\/\/lat.nl\/de\/wp-json\/wp\/v2\/comments?post=2256"}],"version-history":[{"count":0,"href":"https:\/\/lat.nl\/de\/wp-json\/wp\/v2\/pages\/2256\/revisions"}],"wp:attachment":[{"href":"https:\/\/lat.nl\/de\/wp-json\/wp\/v2\/media?parent=2256"}],"curies":[{"name":"wp","href":"https:\/\/api.w.org\/{rel}","templated":true}]}}