{"id":2258,"date":"2018-03-28T12:08:40","date_gmt":"2018-03-28T12:08:40","guid":{"rendered":"https:\/\/lat.nl\/logistische-systeme-in-betriebshalle-und-gewachshaus\/"},"modified":"2018-03-28T12:08:40","modified_gmt":"2018-03-28T12:08:40","slug":"logistische-systeme-in-betriebshalle-und-gewachshaus","status":"publish","type":"page","link":"https:\/\/lat.nl\/de\/logistische-systeme-in-betriebshalle-und-gewachshaus\/","title":{"rendered":"Logistische Systeme in Betriebshalle und Gew\u00e4chshaus"},"content":{"rendered":"<p>Looije Agro Technics ist sowohl in dem Nahrungsmittelanbau als auch in anderen Gartenbaubereichen t\u00e4tig. Jeder Bereich hat seine eigenen logistischen L\u00f6sungen auf dem Gebiet von Eintopfen, Transportieren, Verarbeiten, Sortieren und Bereitstellen von den fertigen Produkten damit sie abgeholt werden k\u00f6nnen. Denken Sie zum Beispiel an Containersysteme, automatische Erntewagen, h\u00e4ngende oder unterirdische Transportsysteme, vollautomatische Sortiersysteme und vieles mehr.<\/p>\n<p>Wir haben gro\u00dfes Fachwissen hinsichtlich aller verf\u00fcgbaren Techniken und M\u00f6glichkeiten und machen f\u00fcr Sie die logistische Planung gem\u00e4\u00df Ihren Vorstellungen und Anforderungen. Der Plan f\u00fcr Ihr Unternehmen ist einmalig, weil die Angaben ausschlie\u00dflich auf Ihre Bed\u00fcrfnisse zugeschnitten worden sind.<\/p>\n<p>Bei der Ausarbeitung eines logistischen Planes stehen Ihre Interessen an vorderster Stelle. In dem einen Fall werden wir logistische Komponente verwenden, die standardm\u00e4\u00dfig f\u00fcr Ihren Betriebszweig angeboten werden und auf eine bestimmte Weise miteinander verbunden werden. In dem anderen Fall kann es sein, dass wir eine auf Ihren Betrieb zugeschnittene Speziall\u00f6sung entwickeln und anfertigen lassen m\u00fcssen.<\/p>\n<p>In erster Instanz arbeiten wir Konzepte, detaillierte Funktionsbeschreibungen und Zeichnungen aus, bevor wir Lieferanten bitten, uns ein Angebot zu unterbreiten. Hierdurch verhindern wir, dass das Engineering eines Systems m\u00f6glicherweise untergraben wird durch die Wirtschaftlsinteressen des einen oder anderen Lieferanten. Auf diese Weise hat Looije Agro Technics schon bei der Entwicklung vieler neuer Systeme im Gartenbau Pate gestanden, worunter die revolution\u00e4re Anzucht von Topfpflanzen und Kr\u00e4utern auf schmalen mobilen Pflanzrinnen. Selbstverst\u00e4ndlich ist auch die &#8222;\u00fcbliche&#8220; Ausstattung eines Tomaten-, Paprika- oder sonstigen Gartenbauunternehmens nach wie vor eine Herausforderung und eine verantwortliche Arbeit.<\/p>\n<p>Weil Aufteilung und Durchf\u00fchrung eines logistischen Systems sehr viele Ber\u00fchrungspunkte haben mit dem Bau eines Gew\u00e4chshauses, einer Betriebshalle und anderen Gartenbauanlagen im Gew\u00e4chshaus, arbeiten die Projektmitarbeiter &#8218;logistische Systeme&#8216; eng zusammen mit den Mitarbeitern &#8218;Projektvorbereitung&#8216; der anderen Arbeitsbereichen.<\/p>\n","protected":false},"excerpt":{"rendered":"<p>Looije Agro Technics ist sowohl in dem Nahrungsmittelanbau als auch in anderen Gartenbaubereichen t\u00e4tig. Jeder Bereich hat seine eigenen logistischen L\u00f6sungen auf dem Gebiet von Eintopfen, Transportieren, Verarbeiten, Sortieren und Bereitstellen von den fertigen Produkten damit sie abgeholt werden k\u00f6nnen. Denken Sie zum Beispiel an Containersysteme, automatische Erntewagen, h\u00e4ngende oder unterirdische Transportsysteme, vollautomatische Sortiersysteme und [&hellip;]<\/p>\n","protected":false},"author":1,"featured_media":0,"parent":0,"menu_order":0,"comment_status":"open","ping_status":"closed","template":"","meta":{"_acf_changed":false,"_exactmetrics_skip_tracking":false,"_exactmetrics_sitenote_active":false,"_exactmetrics_sitenote_note":"","_exactmetrics_sitenote_category":0,"footnotes":""},"class_list":["post-2258","page","type-page","status-publish","hentry"],"acf":[],"yoast_head":"<!-- This site is optimized with the Yoast SEO plugin v27.3 - https:\/\/yoast.com\/product\/yoast-seo-wordpress\/ -->\n<title>Logistische Systeme in Betriebshalle und Gew\u00e4chshaus - Looije Agro Technics BV<\/title>\n<meta name=\"robots\" content=\"index, follow, max-snippet:-1, max-image-preview:large, max-video-preview:-1\" \/>\n<link rel=\"canonical\" href=\"https:\/\/lat.nl\/de\/logistische-systeme-in-betriebshalle-und-gewachshaus\/\" \/>\n<meta property=\"og:locale\" content=\"de_DE\" \/>\n<meta property=\"og:type\" content=\"article\" \/>\n<meta property=\"og:title\" content=\"Logistische Systeme in Betriebshalle und Gew\u00e4chshaus - Looije Agro Technics BV\" \/>\n<meta property=\"og:description\" content=\"Looije Agro Technics ist sowohl in dem Nahrungsmittelanbau als auch in anderen Gartenbaubereichen t\u00e4tig. Jeder Bereich hat seine eigenen logistischen L\u00f6sungen auf dem Gebiet von Eintopfen, Transportieren, Verarbeiten, Sortieren und Bereitstellen von den fertigen Produkten damit sie abgeholt werden k\u00f6nnen. Denken Sie zum Beispiel an Containersysteme, automatische Erntewagen, h\u00e4ngende oder unterirdische Transportsysteme, vollautomatische Sortiersysteme und [&hellip;]\" \/>\n<meta property=\"og:url\" content=\"https:\/\/lat.nl\/de\/logistische-systeme-in-betriebshalle-und-gewachshaus\/\" \/>\n<meta property=\"og:site_name\" content=\"Looije Agro Technics BV\" \/>\n<meta name=\"twitter:card\" content=\"summary_large_image\" \/>\n<meta name=\"twitter:label1\" content=\"Gesch\u00e4tzte Lesezeit\" \/>\n\t<meta name=\"twitter:data1\" content=\"2\u00a0Minuten\" \/>\n<script type=\"application\/ld+json\" class=\"yoast-schema-graph\">{\"@context\":\"https:\\\/\\\/schema.org\",\"@graph\":[{\"@type\":\"WebPage\",\"@id\":\"https:\\\/\\\/lat.nl\\\/de\\\/logistische-systeme-in-betriebshalle-und-gewachshaus\\\/\",\"url\":\"https:\\\/\\\/lat.nl\\\/de\\\/logistische-systeme-in-betriebshalle-und-gewachshaus\\\/\",\"name\":\"Logistische Systeme in Betriebshalle und Gew\u00e4chshaus - Looije Agro Technics BV\",\"isPartOf\":{\"@id\":\"https:\\\/\\\/lat.nl\\\/#website\"},\"datePublished\":\"2018-03-28T12:08:40+00:00\",\"breadcrumb\":{\"@id\":\"https:\\\/\\\/lat.nl\\\/de\\\/logistische-systeme-in-betriebshalle-und-gewachshaus\\\/#breadcrumb\"},\"inLanguage\":\"de\",\"potentialAction\":[{\"@type\":\"ReadAction\",\"target\":[\"https:\\\/\\\/lat.nl\\\/de\\\/logistische-systeme-in-betriebshalle-und-gewachshaus\\\/\"]}]},{\"@type\":\"BreadcrumbList\",\"@id\":\"https:\\\/\\\/lat.nl\\\/de\\\/logistische-systeme-in-betriebshalle-und-gewachshaus\\\/#breadcrumb\",\"itemListElement\":[{\"@type\":\"ListItem\",\"position\":1,\"name\":\"Home\",\"item\":\"https:\\\/\\\/lat.nl\\\/de\\\/\"},{\"@type\":\"ListItem\",\"position\":2,\"name\":\"Logistische Systeme in Betriebshalle und Gew\u00e4chshaus\"}]},{\"@type\":\"WebSite\",\"@id\":\"https:\\\/\\\/lat.nl\\\/#website\",\"url\":\"https:\\\/\\\/lat.nl\\\/\",\"name\":\"Looije Agro Technics BV\",\"description\":\"H\u00e9t onafhankelijk bouwmanagementbureau in de glastuinbouwsector\",\"publisher\":{\"@id\":\"https:\\\/\\\/lat.nl\\\/#organization\"},\"potentialAction\":[{\"@type\":\"SearchAction\",\"target\":{\"@type\":\"EntryPoint\",\"urlTemplate\":\"https:\\\/\\\/lat.nl\\\/?s={search_term_string}\"},\"query-input\":{\"@type\":\"PropertyValueSpecification\",\"valueRequired\":true,\"valueName\":\"search_term_string\"}}],\"inLanguage\":\"de\"},{\"@type\":\"Organization\",\"@id\":\"https:\\\/\\\/lat.nl\\\/#organization\",\"name\":\"Looije Agro Technics BV\",\"url\":\"https:\\\/\\\/lat.nl\\\/\",\"logo\":{\"@type\":\"ImageObject\",\"inLanguage\":\"de\",\"@id\":\"https:\\\/\\\/lat.nl\\\/#\\\/schema\\\/logo\\\/image\\\/\",\"url\":\"https:\\\/\\\/lat.nl\\\/wp-content\\\/uploads\\\/2018\\\/03\\\/logo.jpg\",\"contentUrl\":\"https:\\\/\\\/lat.nl\\\/wp-content\\\/uploads\\\/2018\\\/03\\\/logo.jpg\",\"width\":319,\"height\":122,\"caption\":\"Looije Agro Technics BV\"},\"image\":{\"@id\":\"https:\\\/\\\/lat.nl\\\/#\\\/schema\\\/logo\\\/image\\\/\"}}]}<\/script>\n<!-- \/ Yoast SEO plugin. -->","yoast_head_json":{"title":"Logistische Systeme in Betriebshalle und Gew\u00e4chshaus - Looije Agro Technics BV","robots":{"index":"index","follow":"follow","max-snippet":"max-snippet:-1","max-image-preview":"max-image-preview:large","max-video-preview":"max-video-preview:-1"},"canonical":"https:\/\/lat.nl\/de\/logistische-systeme-in-betriebshalle-und-gewachshaus\/","og_locale":"de_DE","og_type":"article","og_title":"Logistische Systeme in Betriebshalle und Gew\u00e4chshaus - Looije Agro Technics BV","og_description":"Looije Agro Technics ist sowohl in dem Nahrungsmittelanbau als auch in anderen Gartenbaubereichen t\u00e4tig. Jeder Bereich hat seine eigenen logistischen L\u00f6sungen auf dem Gebiet von Eintopfen, Transportieren, Verarbeiten, Sortieren und Bereitstellen von den fertigen Produkten damit sie abgeholt werden k\u00f6nnen. Denken Sie zum Beispiel an Containersysteme, automatische Erntewagen, h\u00e4ngende oder unterirdische Transportsysteme, vollautomatische Sortiersysteme und [&hellip;]","og_url":"https:\/\/lat.nl\/de\/logistische-systeme-in-betriebshalle-und-gewachshaus\/","og_site_name":"Looije Agro Technics BV","twitter_card":"summary_large_image","twitter_misc":{"Gesch\u00e4tzte Lesezeit":"2\u00a0Minuten"},"schema":{"@context":"https:\/\/schema.org","@graph":[{"@type":"WebPage","@id":"https:\/\/lat.nl\/de\/logistische-systeme-in-betriebshalle-und-gewachshaus\/","url":"https:\/\/lat.nl\/de\/logistische-systeme-in-betriebshalle-und-gewachshaus\/","name":"Logistische Systeme in Betriebshalle und Gew\u00e4chshaus - Looije Agro Technics BV","isPartOf":{"@id":"https:\/\/lat.nl\/#website"},"datePublished":"2018-03-28T12:08:40+00:00","breadcrumb":{"@id":"https:\/\/lat.nl\/de\/logistische-systeme-in-betriebshalle-und-gewachshaus\/#breadcrumb"},"inLanguage":"de","potentialAction":[{"@type":"ReadAction","target":["https:\/\/lat.nl\/de\/logistische-systeme-in-betriebshalle-und-gewachshaus\/"]}]},{"@type":"BreadcrumbList","@id":"https:\/\/lat.nl\/de\/logistische-systeme-in-betriebshalle-und-gewachshaus\/#breadcrumb","itemListElement":[{"@type":"ListItem","position":1,"name":"Home","item":"https:\/\/lat.nl\/de\/"},{"@type":"ListItem","position":2,"name":"Logistische Systeme in Betriebshalle und Gew\u00e4chshaus"}]},{"@type":"WebSite","@id":"https:\/\/lat.nl\/#website","url":"https:\/\/lat.nl\/","name":"Looije Agro Technics BV","description":"H\u00e9t onafhankelijk bouwmanagementbureau in de glastuinbouwsector","publisher":{"@id":"https:\/\/lat.nl\/#organization"},"potentialAction":[{"@type":"SearchAction","target":{"@type":"EntryPoint","urlTemplate":"https:\/\/lat.nl\/?s={search_term_string}"},"query-input":{"@type":"PropertyValueSpecification","valueRequired":true,"valueName":"search_term_string"}}],"inLanguage":"de"},{"@type":"Organization","@id":"https:\/\/lat.nl\/#organization","name":"Looije Agro Technics BV","url":"https:\/\/lat.nl\/","logo":{"@type":"ImageObject","inLanguage":"de","@id":"https:\/\/lat.nl\/#\/schema\/logo\/image\/","url":"https:\/\/lat.nl\/wp-content\/uploads\/2018\/03\/logo.jpg","contentUrl":"https:\/\/lat.nl\/wp-content\/uploads\/2018\/03\/logo.jpg","width":319,"height":122,"caption":"Looije Agro Technics BV"},"image":{"@id":"https:\/\/lat.nl\/#\/schema\/logo\/image\/"}}]}},"_links":{"self":[{"href":"https:\/\/lat.nl\/de\/wp-json\/wp\/v2\/pages\/2258","targetHints":{"allow":["GET"]}}],"collection":[{"href":"https:\/\/lat.nl\/de\/wp-json\/wp\/v2\/pages"}],"about":[{"href":"https:\/\/lat.nl\/de\/wp-json\/wp\/v2\/types\/page"}],"author":[{"embeddable":true,"href":"https:\/\/lat.nl\/de\/wp-json\/wp\/v2\/users\/1"}],"replies":[{"embeddable":true,"href":"https:\/\/lat.nl\/de\/wp-json\/wp\/v2\/comments?post=2258"}],"version-history":[{"count":0,"href":"https:\/\/lat.nl\/de\/wp-json\/wp\/v2\/pages\/2258\/revisions"}],"wp:attachment":[{"href":"https:\/\/lat.nl\/de\/wp-json\/wp\/v2\/media?parent=2258"}],"curies":[{"name":"wp","href":"https:\/\/api.w.org\/{rel}","templated":true}]}}