{"id":2260,"date":"2018-03-28T12:08:40","date_gmt":"2018-03-28T12:08:40","guid":{"rendered":"https:\/\/lat.nl\/flurvermessungen\/"},"modified":"2018-03-28T12:08:40","modified_gmt":"2018-03-28T12:08:40","slug":"flurvermessungen","status":"publish","type":"page","link":"https:\/\/lat.nl\/de\/flurvermessungen\/","title":{"rendered":"Flurvermessungen"},"content":{"rendered":"<p>Looije Agro Technics verf\u00fcgt \u00fcber eigene Mitarbeiter und moderne Apparatur zur Durchf\u00fchrung von Flurvermessungen: Der Aufgabenbereich variiert von &#8218;einfachen&#8216; Aufgaben, wie das Vermessen von Fluren oder Parzellen, bis zu den differenzierten Profilmessungen und H\u00f6henmessungen \u00fcber Amsterdamer Pegel, Dreiecksmessungen und sonstiges. In den Niederlanden verf\u00fcgen wir \u00fcber den direkten Zugang zu den digitalen Systemen des Katasteramtes, so dass Messungen unmittelbar auf der Grundlage der aktuellen Flurdaten vorgenommen werden k\u00f6nnen. Unsere Landvermesser kennen sich mit den spezifischen niederl\u00e4ndischen Koordinationssystemen, aber auch mit den typischen Vermessungssystemen und Besonderheiten anderer europ\u00e4ischer L\u00e4nder aus.<\/p>\n<p>Haben Sie vor eine Parzelle zu kaufen, oder m\u00f6chten Sie wissen, ob ihr Grundst\u00fcck geeignet ist f\u00fcr den Bau eines Projektes mit bestimmten Abmessungen oder Anforderungen? Die Messergebnisse sind unabh\u00e4ngig und geben Ihnen eine klare Antwort auf Ihr Anliegen.<\/p>\n<p>Die Vermessungszeichnungen, Profilzeichnungen und Berechnungen bilden f\u00fcr den Planer Ihres Projektes eine gute Grundlage, den Anfang zu machen. Daneben pr\u00fcfen unsere Land- und Flurvermesser regelm\u00e4\u00dfig verschiedene Erdarbeiten vor Ort, gem\u00e4\u00df dem Motto: &#8218;Vertrauen ist gut, Vermessen ist besser!&#8216;<\/p>\n","protected":false},"excerpt":{"rendered":"<p>Looije Agro Technics verf\u00fcgt \u00fcber eigene Mitarbeiter und moderne Apparatur zur Durchf\u00fchrung von Flurvermessungen: Der Aufgabenbereich variiert von &#8218;einfachen&#8216; Aufgaben, wie das Vermessen von Fluren oder Parzellen, bis zu den differenzierten Profilmessungen und H\u00f6henmessungen \u00fcber Amsterdamer Pegel, Dreiecksmessungen und sonstiges. In den Niederlanden verf\u00fcgen wir \u00fcber den direkten Zugang zu den digitalen Systemen des Katasteramtes, [&hellip;]<\/p>\n","protected":false},"author":1,"featured_media":0,"parent":0,"menu_order":0,"comment_status":"open","ping_status":"closed","template":"","meta":{"_acf_changed":false,"_exactmetrics_skip_tracking":false,"_exactmetrics_sitenote_active":false,"_exactmetrics_sitenote_note":"","_exactmetrics_sitenote_category":0,"footnotes":""},"class_list":["post-2260","page","type-page","status-publish","hentry"],"acf":[],"yoast_head":"<!-- This site is optimized with the Yoast SEO plugin v27.4 - https:\/\/yoast.com\/product\/yoast-seo-wordpress\/ -->\n<title>Flurvermessungen - Looije Agro Technics BV<\/title>\n<meta name=\"robots\" content=\"index, follow, max-snippet:-1, max-image-preview:large, max-video-preview:-1\" \/>\n<link rel=\"canonical\" href=\"https:\/\/lat.nl\/de\/flurvermessungen\/\" \/>\n<meta property=\"og:locale\" content=\"de_DE\" \/>\n<meta property=\"og:type\" content=\"article\" \/>\n<meta property=\"og:title\" content=\"Flurvermessungen - Looije Agro Technics BV\" \/>\n<meta property=\"og:description\" content=\"Looije Agro Technics verf\u00fcgt \u00fcber eigene Mitarbeiter und moderne Apparatur zur Durchf\u00fchrung von Flurvermessungen: Der Aufgabenbereich variiert von &#8218;einfachen&#8216; Aufgaben, wie das Vermessen von Fluren oder Parzellen, bis zu den differenzierten Profilmessungen und H\u00f6henmessungen \u00fcber Amsterdamer Pegel, Dreiecksmessungen und sonstiges. In den Niederlanden verf\u00fcgen wir \u00fcber den direkten Zugang zu den digitalen Systemen des Katasteramtes, [&hellip;]\" \/>\n<meta property=\"og:url\" content=\"https:\/\/lat.nl\/de\/flurvermessungen\/\" \/>\n<meta property=\"og:site_name\" content=\"Looije Agro Technics BV\" \/>\n<meta name=\"twitter:card\" content=\"summary_large_image\" \/>\n<meta name=\"twitter:label1\" content=\"Gesch\u00e4tzte Lesezeit\" \/>\n\t<meta name=\"twitter:data1\" content=\"1\u00a0Minute\" \/>\n<script type=\"application\/ld+json\" class=\"yoast-schema-graph\">{\"@context\":\"https:\\\/\\\/schema.org\",\"@graph\":[{\"@type\":\"WebPage\",\"@id\":\"https:\\\/\\\/lat.nl\\\/de\\\/flurvermessungen\\\/\",\"url\":\"https:\\\/\\\/lat.nl\\\/de\\\/flurvermessungen\\\/\",\"name\":\"Flurvermessungen - Looije Agro Technics BV\",\"isPartOf\":{\"@id\":\"https:\\\/\\\/lat.nl\\\/#website\"},\"datePublished\":\"2018-03-28T12:08:40+00:00\",\"breadcrumb\":{\"@id\":\"https:\\\/\\\/lat.nl\\\/de\\\/flurvermessungen\\\/#breadcrumb\"},\"inLanguage\":\"de\",\"potentialAction\":[{\"@type\":\"ReadAction\",\"target\":[\"https:\\\/\\\/lat.nl\\\/de\\\/flurvermessungen\\\/\"]}]},{\"@type\":\"BreadcrumbList\",\"@id\":\"https:\\\/\\\/lat.nl\\\/de\\\/flurvermessungen\\\/#breadcrumb\",\"itemListElement\":[{\"@type\":\"ListItem\",\"position\":1,\"name\":\"Home\",\"item\":\"https:\\\/\\\/lat.nl\\\/de\\\/\"},{\"@type\":\"ListItem\",\"position\":2,\"name\":\"Flurvermessungen\"}]},{\"@type\":\"WebSite\",\"@id\":\"https:\\\/\\\/lat.nl\\\/#website\",\"url\":\"https:\\\/\\\/lat.nl\\\/\",\"name\":\"Looije Agro Technics BV\",\"description\":\"H\u00e9t onafhankelijk bouwmanagementbureau in de glastuinbouwsector\",\"publisher\":{\"@id\":\"https:\\\/\\\/lat.nl\\\/#organization\"},\"potentialAction\":[{\"@type\":\"SearchAction\",\"target\":{\"@type\":\"EntryPoint\",\"urlTemplate\":\"https:\\\/\\\/lat.nl\\\/?s={search_term_string}\"},\"query-input\":{\"@type\":\"PropertyValueSpecification\",\"valueRequired\":true,\"valueName\":\"search_term_string\"}}],\"inLanguage\":\"de\"},{\"@type\":\"Organization\",\"@id\":\"https:\\\/\\\/lat.nl\\\/#organization\",\"name\":\"Looije Agro Technics BV\",\"url\":\"https:\\\/\\\/lat.nl\\\/\",\"logo\":{\"@type\":\"ImageObject\",\"inLanguage\":\"de\",\"@id\":\"https:\\\/\\\/lat.nl\\\/#\\\/schema\\\/logo\\\/image\\\/\",\"url\":\"https:\\\/\\\/lat.nl\\\/wp-content\\\/uploads\\\/2018\\\/03\\\/logo.jpg\",\"contentUrl\":\"https:\\\/\\\/lat.nl\\\/wp-content\\\/uploads\\\/2018\\\/03\\\/logo.jpg\",\"width\":319,\"height\":122,\"caption\":\"Looije Agro Technics BV\"},\"image\":{\"@id\":\"https:\\\/\\\/lat.nl\\\/#\\\/schema\\\/logo\\\/image\\\/\"}}]}<\/script>\n<!-- \/ Yoast SEO plugin. -->","yoast_head_json":{"title":"Flurvermessungen - Looije Agro Technics BV","robots":{"index":"index","follow":"follow","max-snippet":"max-snippet:-1","max-image-preview":"max-image-preview:large","max-video-preview":"max-video-preview:-1"},"canonical":"https:\/\/lat.nl\/de\/flurvermessungen\/","og_locale":"de_DE","og_type":"article","og_title":"Flurvermessungen - Looije Agro Technics BV","og_description":"Looije Agro Technics verf\u00fcgt \u00fcber eigene Mitarbeiter und moderne Apparatur zur Durchf\u00fchrung von Flurvermessungen: Der Aufgabenbereich variiert von &#8218;einfachen&#8216; Aufgaben, wie das Vermessen von Fluren oder Parzellen, bis zu den differenzierten Profilmessungen und H\u00f6henmessungen \u00fcber Amsterdamer Pegel, Dreiecksmessungen und sonstiges. In den Niederlanden verf\u00fcgen wir \u00fcber den direkten Zugang zu den digitalen Systemen des Katasteramtes, [&hellip;]","og_url":"https:\/\/lat.nl\/de\/flurvermessungen\/","og_site_name":"Looije Agro Technics BV","twitter_card":"summary_large_image","twitter_misc":{"Gesch\u00e4tzte Lesezeit":"1\u00a0Minute"},"schema":{"@context":"https:\/\/schema.org","@graph":[{"@type":"WebPage","@id":"https:\/\/lat.nl\/de\/flurvermessungen\/","url":"https:\/\/lat.nl\/de\/flurvermessungen\/","name":"Flurvermessungen - Looije Agro Technics BV","isPartOf":{"@id":"https:\/\/lat.nl\/#website"},"datePublished":"2018-03-28T12:08:40+00:00","breadcrumb":{"@id":"https:\/\/lat.nl\/de\/flurvermessungen\/#breadcrumb"},"inLanguage":"de","potentialAction":[{"@type":"ReadAction","target":["https:\/\/lat.nl\/de\/flurvermessungen\/"]}]},{"@type":"BreadcrumbList","@id":"https:\/\/lat.nl\/de\/flurvermessungen\/#breadcrumb","itemListElement":[{"@type":"ListItem","position":1,"name":"Home","item":"https:\/\/lat.nl\/de\/"},{"@type":"ListItem","position":2,"name":"Flurvermessungen"}]},{"@type":"WebSite","@id":"https:\/\/lat.nl\/#website","url":"https:\/\/lat.nl\/","name":"Looije Agro Technics BV","description":"H\u00e9t onafhankelijk bouwmanagementbureau in de glastuinbouwsector","publisher":{"@id":"https:\/\/lat.nl\/#organization"},"potentialAction":[{"@type":"SearchAction","target":{"@type":"EntryPoint","urlTemplate":"https:\/\/lat.nl\/?s={search_term_string}"},"query-input":{"@type":"PropertyValueSpecification","valueRequired":true,"valueName":"search_term_string"}}],"inLanguage":"de"},{"@type":"Organization","@id":"https:\/\/lat.nl\/#organization","name":"Looije Agro Technics BV","url":"https:\/\/lat.nl\/","logo":{"@type":"ImageObject","inLanguage":"de","@id":"https:\/\/lat.nl\/#\/schema\/logo\/image\/","url":"https:\/\/lat.nl\/wp-content\/uploads\/2018\/03\/logo.jpg","contentUrl":"https:\/\/lat.nl\/wp-content\/uploads\/2018\/03\/logo.jpg","width":319,"height":122,"caption":"Looije Agro Technics BV"},"image":{"@id":"https:\/\/lat.nl\/#\/schema\/logo\/image\/"}}]}},"_links":{"self":[{"href":"https:\/\/lat.nl\/de\/wp-json\/wp\/v2\/pages\/2260","targetHints":{"allow":["GET"]}}],"collection":[{"href":"https:\/\/lat.nl\/de\/wp-json\/wp\/v2\/pages"}],"about":[{"href":"https:\/\/lat.nl\/de\/wp-json\/wp\/v2\/types\/page"}],"author":[{"embeddable":true,"href":"https:\/\/lat.nl\/de\/wp-json\/wp\/v2\/users\/1"}],"replies":[{"embeddable":true,"href":"https:\/\/lat.nl\/de\/wp-json\/wp\/v2\/comments?post=2260"}],"version-history":[{"count":0,"href":"https:\/\/lat.nl\/de\/wp-json\/wp\/v2\/pages\/2260\/revisions"}],"wp:attachment":[{"href":"https:\/\/lat.nl\/de\/wp-json\/wp\/v2\/media?parent=2260"}],"curies":[{"name":"wp","href":"https:\/\/api.w.org\/{rel}","templated":true}]}}