{"id":2262,"date":"2018-03-28T12:08:40","date_gmt":"2018-03-28T12:08:40","guid":{"rendered":"https:\/\/lat.nl\/industrie-und-restwarme\/"},"modified":"2018-03-28T12:08:40","modified_gmt":"2018-03-28T12:08:40","slug":"industrie-und-restwarme","status":"publish","type":"page","link":"https:\/\/lat.nl\/de\/industrie-und-restwarme\/","title":{"rendered":"Industrie und Restw\u00e4rme"},"content":{"rendered":"<p>Innovation bedeutet: Chancen suchen und neue M\u00f6glichkeiten schaffen, ohne deren Realisierung und Nutzung aus den Augen zu verlieren.<\/p>\n<p>So betreut Looije Agro Technics mehrere Projekte, wobei Restw\u00e4rme von Industrieanlagen nutzbringend zu Gunsten der Beheizung von Treibhauskulturen eingesetzt wird.<\/p>\n<p>Nehmen Sie zum Beispiel die Shell Raffinerie in Hemmingstedt (Deutschland). Ein \u00dcberschuss an W\u00e4rme wird mehrere hundert Meter weit zu einem nagelneuen Gew\u00e4chshausgebiet geleitet, das von Looije Agro Technics entwickelt worden ist. Weil mehrere technische Disziplinen sowie Planungsabteilungen unter einem Dach zusammen arbeiten, kann Looije Agro Technics sich verb\u00fcrgen f\u00fcr eine optimale Betreuung eines solchen innovativen und vielseitigen Projektes<\/p>\n","protected":false},"excerpt":{"rendered":"<p>Innovation bedeutet: Chancen suchen und neue M\u00f6glichkeiten schaffen, ohne deren Realisierung und Nutzung aus den Augen zu verlieren. So betreut Looije Agro Technics mehrere Projekte, wobei Restw\u00e4rme von Industrieanlagen nutzbringend zu Gunsten der Beheizung von Treibhauskulturen eingesetzt wird. Nehmen Sie zum Beispiel die Shell Raffinerie in Hemmingstedt (Deutschland). Ein \u00dcberschuss an W\u00e4rme wird mehrere hundert [&hellip;]<\/p>\n","protected":false},"author":1,"featured_media":0,"parent":0,"menu_order":0,"comment_status":"open","ping_status":"closed","template":"","meta":{"_acf_changed":false,"_exactmetrics_skip_tracking":false,"_exactmetrics_sitenote_active":false,"_exactmetrics_sitenote_note":"","_exactmetrics_sitenote_category":0,"footnotes":""},"class_list":["post-2262","page","type-page","status-publish","hentry"],"acf":[],"yoast_head":"<!-- This site is optimized with the Yoast SEO plugin v27.3 - https:\/\/yoast.com\/product\/yoast-seo-wordpress\/ -->\n<title>Industrie und Restw\u00e4rme - Looije Agro Technics BV<\/title>\n<meta name=\"robots\" content=\"index, follow, max-snippet:-1, max-image-preview:large, max-video-preview:-1\" \/>\n<link rel=\"canonical\" href=\"https:\/\/lat.nl\/de\/industrie-und-restwarme\/\" \/>\n<meta property=\"og:locale\" content=\"de_DE\" \/>\n<meta property=\"og:type\" content=\"article\" \/>\n<meta property=\"og:title\" content=\"Industrie und Restw\u00e4rme - Looije Agro Technics BV\" \/>\n<meta property=\"og:description\" content=\"Innovation bedeutet: Chancen suchen und neue M\u00f6glichkeiten schaffen, ohne deren Realisierung und Nutzung aus den Augen zu verlieren. So betreut Looije Agro Technics mehrere Projekte, wobei Restw\u00e4rme von Industrieanlagen nutzbringend zu Gunsten der Beheizung von Treibhauskulturen eingesetzt wird. Nehmen Sie zum Beispiel die Shell Raffinerie in Hemmingstedt (Deutschland). Ein \u00dcberschuss an W\u00e4rme wird mehrere hundert [&hellip;]\" \/>\n<meta property=\"og:url\" content=\"https:\/\/lat.nl\/de\/industrie-und-restwarme\/\" \/>\n<meta property=\"og:site_name\" content=\"Looije Agro Technics BV\" \/>\n<meta name=\"twitter:card\" content=\"summary_large_image\" \/>\n<meta name=\"twitter:label1\" content=\"Gesch\u00e4tzte Lesezeit\" \/>\n\t<meta name=\"twitter:data1\" content=\"1\u00a0Minute\" \/>\n<script type=\"application\/ld+json\" class=\"yoast-schema-graph\">{\"@context\":\"https:\\\/\\\/schema.org\",\"@graph\":[{\"@type\":\"WebPage\",\"@id\":\"https:\\\/\\\/lat.nl\\\/de\\\/industrie-und-restwarme\\\/\",\"url\":\"https:\\\/\\\/lat.nl\\\/de\\\/industrie-und-restwarme\\\/\",\"name\":\"Industrie und Restw\u00e4rme - Looije Agro Technics BV\",\"isPartOf\":{\"@id\":\"https:\\\/\\\/lat.nl\\\/#website\"},\"datePublished\":\"2018-03-28T12:08:40+00:00\",\"breadcrumb\":{\"@id\":\"https:\\\/\\\/lat.nl\\\/de\\\/industrie-und-restwarme\\\/#breadcrumb\"},\"inLanguage\":\"de\",\"potentialAction\":[{\"@type\":\"ReadAction\",\"target\":[\"https:\\\/\\\/lat.nl\\\/de\\\/industrie-und-restwarme\\\/\"]}]},{\"@type\":\"BreadcrumbList\",\"@id\":\"https:\\\/\\\/lat.nl\\\/de\\\/industrie-und-restwarme\\\/#breadcrumb\",\"itemListElement\":[{\"@type\":\"ListItem\",\"position\":1,\"name\":\"Home\",\"item\":\"https:\\\/\\\/lat.nl\\\/de\\\/\"},{\"@type\":\"ListItem\",\"position\":2,\"name\":\"Industrie und Restw\u00e4rme\"}]},{\"@type\":\"WebSite\",\"@id\":\"https:\\\/\\\/lat.nl\\\/#website\",\"url\":\"https:\\\/\\\/lat.nl\\\/\",\"name\":\"Looije Agro Technics BV\",\"description\":\"H\u00e9t onafhankelijk bouwmanagementbureau in de glastuinbouwsector\",\"publisher\":{\"@id\":\"https:\\\/\\\/lat.nl\\\/#organization\"},\"potentialAction\":[{\"@type\":\"SearchAction\",\"target\":{\"@type\":\"EntryPoint\",\"urlTemplate\":\"https:\\\/\\\/lat.nl\\\/?s={search_term_string}\"},\"query-input\":{\"@type\":\"PropertyValueSpecification\",\"valueRequired\":true,\"valueName\":\"search_term_string\"}}],\"inLanguage\":\"de\"},{\"@type\":\"Organization\",\"@id\":\"https:\\\/\\\/lat.nl\\\/#organization\",\"name\":\"Looije Agro Technics BV\",\"url\":\"https:\\\/\\\/lat.nl\\\/\",\"logo\":{\"@type\":\"ImageObject\",\"inLanguage\":\"de\",\"@id\":\"https:\\\/\\\/lat.nl\\\/#\\\/schema\\\/logo\\\/image\\\/\",\"url\":\"https:\\\/\\\/lat.nl\\\/wp-content\\\/uploads\\\/2018\\\/03\\\/logo.jpg\",\"contentUrl\":\"https:\\\/\\\/lat.nl\\\/wp-content\\\/uploads\\\/2018\\\/03\\\/logo.jpg\",\"width\":319,\"height\":122,\"caption\":\"Looije Agro Technics BV\"},\"image\":{\"@id\":\"https:\\\/\\\/lat.nl\\\/#\\\/schema\\\/logo\\\/image\\\/\"}}]}<\/script>\n<!-- \/ Yoast SEO plugin. -->","yoast_head_json":{"title":"Industrie und Restw\u00e4rme - Looije Agro Technics BV","robots":{"index":"index","follow":"follow","max-snippet":"max-snippet:-1","max-image-preview":"max-image-preview:large","max-video-preview":"max-video-preview:-1"},"canonical":"https:\/\/lat.nl\/de\/industrie-und-restwarme\/","og_locale":"de_DE","og_type":"article","og_title":"Industrie und Restw\u00e4rme - Looije Agro Technics BV","og_description":"Innovation bedeutet: Chancen suchen und neue M\u00f6glichkeiten schaffen, ohne deren Realisierung und Nutzung aus den Augen zu verlieren. So betreut Looije Agro Technics mehrere Projekte, wobei Restw\u00e4rme von Industrieanlagen nutzbringend zu Gunsten der Beheizung von Treibhauskulturen eingesetzt wird. Nehmen Sie zum Beispiel die Shell Raffinerie in Hemmingstedt (Deutschland). Ein \u00dcberschuss an W\u00e4rme wird mehrere hundert [&hellip;]","og_url":"https:\/\/lat.nl\/de\/industrie-und-restwarme\/","og_site_name":"Looije Agro Technics BV","twitter_card":"summary_large_image","twitter_misc":{"Gesch\u00e4tzte Lesezeit":"1\u00a0Minute"},"schema":{"@context":"https:\/\/schema.org","@graph":[{"@type":"WebPage","@id":"https:\/\/lat.nl\/de\/industrie-und-restwarme\/","url":"https:\/\/lat.nl\/de\/industrie-und-restwarme\/","name":"Industrie und Restw\u00e4rme - Looije Agro Technics BV","isPartOf":{"@id":"https:\/\/lat.nl\/#website"},"datePublished":"2018-03-28T12:08:40+00:00","breadcrumb":{"@id":"https:\/\/lat.nl\/de\/industrie-und-restwarme\/#breadcrumb"},"inLanguage":"de","potentialAction":[{"@type":"ReadAction","target":["https:\/\/lat.nl\/de\/industrie-und-restwarme\/"]}]},{"@type":"BreadcrumbList","@id":"https:\/\/lat.nl\/de\/industrie-und-restwarme\/#breadcrumb","itemListElement":[{"@type":"ListItem","position":1,"name":"Home","item":"https:\/\/lat.nl\/de\/"},{"@type":"ListItem","position":2,"name":"Industrie und Restw\u00e4rme"}]},{"@type":"WebSite","@id":"https:\/\/lat.nl\/#website","url":"https:\/\/lat.nl\/","name":"Looije Agro Technics BV","description":"H\u00e9t onafhankelijk bouwmanagementbureau in de glastuinbouwsector","publisher":{"@id":"https:\/\/lat.nl\/#organization"},"potentialAction":[{"@type":"SearchAction","target":{"@type":"EntryPoint","urlTemplate":"https:\/\/lat.nl\/?s={search_term_string}"},"query-input":{"@type":"PropertyValueSpecification","valueRequired":true,"valueName":"search_term_string"}}],"inLanguage":"de"},{"@type":"Organization","@id":"https:\/\/lat.nl\/#organization","name":"Looije Agro Technics BV","url":"https:\/\/lat.nl\/","logo":{"@type":"ImageObject","inLanguage":"de","@id":"https:\/\/lat.nl\/#\/schema\/logo\/image\/","url":"https:\/\/lat.nl\/wp-content\/uploads\/2018\/03\/logo.jpg","contentUrl":"https:\/\/lat.nl\/wp-content\/uploads\/2018\/03\/logo.jpg","width":319,"height":122,"caption":"Looije Agro Technics BV"},"image":{"@id":"https:\/\/lat.nl\/#\/schema\/logo\/image\/"}}]}},"_links":{"self":[{"href":"https:\/\/lat.nl\/de\/wp-json\/wp\/v2\/pages\/2262","targetHints":{"allow":["GET"]}}],"collection":[{"href":"https:\/\/lat.nl\/de\/wp-json\/wp\/v2\/pages"}],"about":[{"href":"https:\/\/lat.nl\/de\/wp-json\/wp\/v2\/types\/page"}],"author":[{"embeddable":true,"href":"https:\/\/lat.nl\/de\/wp-json\/wp\/v2\/users\/1"}],"replies":[{"embeddable":true,"href":"https:\/\/lat.nl\/de\/wp-json\/wp\/v2\/comments?post=2262"}],"version-history":[{"count":0,"href":"https:\/\/lat.nl\/de\/wp-json\/wp\/v2\/pages\/2262\/revisions"}],"wp:attachment":[{"href":"https:\/\/lat.nl\/de\/wp-json\/wp\/v2\/media?parent=2262"}],"curies":[{"name":"wp","href":"https:\/\/api.w.org\/{rel}","templated":true}]}}