{"id":2264,"date":"2018-03-28T12:08:40","date_gmt":"2018-03-28T12:08:40","guid":{"rendered":"https:\/\/lat.nl\/zentrale-holzfeuerungsanlage\/"},"modified":"2018-03-28T12:08:40","modified_gmt":"2018-03-28T12:08:40","slug":"zentrale-holzfeuerungsanlage","status":"publish","type":"page","link":"https:\/\/lat.nl\/de\/zentrale-holzfeuerungsanlage\/","title":{"rendered":"Zentrale Holzfeuerungsanlage"},"content":{"rendered":"<p><P>Bei einer zentralen Holzfeuerungsanlage wird durch die Verbrennung von Holzprodukten Dampf erzeugt, die als Grundlage dient f\u00fcr den Antrieb einer kleinen Dampfturbine. Ob eine solche Energiegewinnungsanlage f\u00fcr Sie die beste L\u00f6sung sein wird, wird sich zeigen nach einer ausf\u00fchrlichen Analyse Ihrer Firmensituation. <\/P><br \/>\n<P>Die Energiespezialisten von Looije Agro Technics B.V. sind mit beiden Beinen sowohl in der Gartenbauwelt als auch in der Energiewelt zu Hause. Sie d\u00fcrfen eine ehrliche und unabh\u00e4ngige Beratung erwarten. <\/P><\/p>\n","protected":false},"excerpt":{"rendered":"<p>Bei einer zentralen Holzfeuerungsanlage wird durch die Verbrennung von Holzprodukten Dampf erzeugt, die als Grundlage dient f\u00fcr den Antrieb einer kleinen Dampfturbine. Ob eine solche Energiegewinnungsanlage f\u00fcr Sie die beste L\u00f6sung sein wird, wird sich zeigen nach einer ausf\u00fchrlichen Analyse Ihrer Firmensituation. Die Energiespezialisten von Looije Agro Technics B.V. sind mit beiden Beinen sowohl in [&hellip;]<\/p>\n","protected":false},"author":1,"featured_media":0,"parent":0,"menu_order":0,"comment_status":"open","ping_status":"closed","template":"","meta":{"_acf_changed":false,"_exactmetrics_skip_tracking":false,"_exactmetrics_sitenote_active":false,"_exactmetrics_sitenote_note":"","_exactmetrics_sitenote_category":0,"footnotes":""},"class_list":["post-2264","page","type-page","status-publish","hentry"],"acf":[],"yoast_head":"<!-- This site is optimized with the Yoast SEO plugin v27.3 - https:\/\/yoast.com\/product\/yoast-seo-wordpress\/ -->\n<title>Zentrale Holzfeuerungsanlage - Looije Agro Technics BV<\/title>\n<meta name=\"robots\" content=\"index, follow, max-snippet:-1, max-image-preview:large, max-video-preview:-1\" \/>\n<link rel=\"canonical\" href=\"https:\/\/lat.nl\/de\/zentrale-holzfeuerungsanlage\/\" \/>\n<meta property=\"og:locale\" content=\"de_DE\" \/>\n<meta property=\"og:type\" content=\"article\" \/>\n<meta property=\"og:title\" content=\"Zentrale Holzfeuerungsanlage - Looije Agro Technics BV\" \/>\n<meta property=\"og:description\" content=\"Bei einer zentralen Holzfeuerungsanlage wird durch die Verbrennung von Holzprodukten Dampf erzeugt, die als Grundlage dient f\u00fcr den Antrieb einer kleinen Dampfturbine. Ob eine solche Energiegewinnungsanlage f\u00fcr Sie die beste L\u00f6sung sein wird, wird sich zeigen nach einer ausf\u00fchrlichen Analyse Ihrer Firmensituation. Die Energiespezialisten von Looije Agro Technics B.V. sind mit beiden Beinen sowohl in [&hellip;]\" \/>\n<meta property=\"og:url\" content=\"https:\/\/lat.nl\/de\/zentrale-holzfeuerungsanlage\/\" \/>\n<meta property=\"og:site_name\" content=\"Looije Agro Technics BV\" \/>\n<meta name=\"twitter:card\" content=\"summary_large_image\" \/>\n<script type=\"application\/ld+json\" class=\"yoast-schema-graph\">{\"@context\":\"https:\\\/\\\/schema.org\",\"@graph\":[{\"@type\":\"WebPage\",\"@id\":\"https:\\\/\\\/lat.nl\\\/de\\\/zentrale-holzfeuerungsanlage\\\/\",\"url\":\"https:\\\/\\\/lat.nl\\\/de\\\/zentrale-holzfeuerungsanlage\\\/\",\"name\":\"Zentrale Holzfeuerungsanlage - Looije Agro Technics BV\",\"isPartOf\":{\"@id\":\"https:\\\/\\\/lat.nl\\\/#website\"},\"datePublished\":\"2018-03-28T12:08:40+00:00\",\"breadcrumb\":{\"@id\":\"https:\\\/\\\/lat.nl\\\/de\\\/zentrale-holzfeuerungsanlage\\\/#breadcrumb\"},\"inLanguage\":\"de\",\"potentialAction\":[{\"@type\":\"ReadAction\",\"target\":[\"https:\\\/\\\/lat.nl\\\/de\\\/zentrale-holzfeuerungsanlage\\\/\"]}]},{\"@type\":\"BreadcrumbList\",\"@id\":\"https:\\\/\\\/lat.nl\\\/de\\\/zentrale-holzfeuerungsanlage\\\/#breadcrumb\",\"itemListElement\":[{\"@type\":\"ListItem\",\"position\":1,\"name\":\"Home\",\"item\":\"https:\\\/\\\/lat.nl\\\/de\\\/\"},{\"@type\":\"ListItem\",\"position\":2,\"name\":\"Zentrale Holzfeuerungsanlage\"}]},{\"@type\":\"WebSite\",\"@id\":\"https:\\\/\\\/lat.nl\\\/#website\",\"url\":\"https:\\\/\\\/lat.nl\\\/\",\"name\":\"Looije Agro Technics BV\",\"description\":\"H\u00e9t onafhankelijk bouwmanagementbureau in de glastuinbouwsector\",\"publisher\":{\"@id\":\"https:\\\/\\\/lat.nl\\\/#organization\"},\"potentialAction\":[{\"@type\":\"SearchAction\",\"target\":{\"@type\":\"EntryPoint\",\"urlTemplate\":\"https:\\\/\\\/lat.nl\\\/?s={search_term_string}\"},\"query-input\":{\"@type\":\"PropertyValueSpecification\",\"valueRequired\":true,\"valueName\":\"search_term_string\"}}],\"inLanguage\":\"de\"},{\"@type\":\"Organization\",\"@id\":\"https:\\\/\\\/lat.nl\\\/#organization\",\"name\":\"Looije Agro Technics BV\",\"url\":\"https:\\\/\\\/lat.nl\\\/\",\"logo\":{\"@type\":\"ImageObject\",\"inLanguage\":\"de\",\"@id\":\"https:\\\/\\\/lat.nl\\\/#\\\/schema\\\/logo\\\/image\\\/\",\"url\":\"https:\\\/\\\/lat.nl\\\/wp-content\\\/uploads\\\/2018\\\/03\\\/logo.jpg\",\"contentUrl\":\"https:\\\/\\\/lat.nl\\\/wp-content\\\/uploads\\\/2018\\\/03\\\/logo.jpg\",\"width\":319,\"height\":122,\"caption\":\"Looije Agro Technics BV\"},\"image\":{\"@id\":\"https:\\\/\\\/lat.nl\\\/#\\\/schema\\\/logo\\\/image\\\/\"}}]}<\/script>\n<!-- \/ Yoast SEO plugin. -->","yoast_head_json":{"title":"Zentrale Holzfeuerungsanlage - Looije Agro Technics BV","robots":{"index":"index","follow":"follow","max-snippet":"max-snippet:-1","max-image-preview":"max-image-preview:large","max-video-preview":"max-video-preview:-1"},"canonical":"https:\/\/lat.nl\/de\/zentrale-holzfeuerungsanlage\/","og_locale":"de_DE","og_type":"article","og_title":"Zentrale Holzfeuerungsanlage - Looije Agro Technics BV","og_description":"Bei einer zentralen Holzfeuerungsanlage wird durch die Verbrennung von Holzprodukten Dampf erzeugt, die als Grundlage dient f\u00fcr den Antrieb einer kleinen Dampfturbine. Ob eine solche Energiegewinnungsanlage f\u00fcr Sie die beste L\u00f6sung sein wird, wird sich zeigen nach einer ausf\u00fchrlichen Analyse Ihrer Firmensituation. Die Energiespezialisten von Looije Agro Technics B.V. sind mit beiden Beinen sowohl in [&hellip;]","og_url":"https:\/\/lat.nl\/de\/zentrale-holzfeuerungsanlage\/","og_site_name":"Looije Agro Technics BV","twitter_card":"summary_large_image","schema":{"@context":"https:\/\/schema.org","@graph":[{"@type":"WebPage","@id":"https:\/\/lat.nl\/de\/zentrale-holzfeuerungsanlage\/","url":"https:\/\/lat.nl\/de\/zentrale-holzfeuerungsanlage\/","name":"Zentrale Holzfeuerungsanlage - Looije Agro Technics BV","isPartOf":{"@id":"https:\/\/lat.nl\/#website"},"datePublished":"2018-03-28T12:08:40+00:00","breadcrumb":{"@id":"https:\/\/lat.nl\/de\/zentrale-holzfeuerungsanlage\/#breadcrumb"},"inLanguage":"de","potentialAction":[{"@type":"ReadAction","target":["https:\/\/lat.nl\/de\/zentrale-holzfeuerungsanlage\/"]}]},{"@type":"BreadcrumbList","@id":"https:\/\/lat.nl\/de\/zentrale-holzfeuerungsanlage\/#breadcrumb","itemListElement":[{"@type":"ListItem","position":1,"name":"Home","item":"https:\/\/lat.nl\/de\/"},{"@type":"ListItem","position":2,"name":"Zentrale Holzfeuerungsanlage"}]},{"@type":"WebSite","@id":"https:\/\/lat.nl\/#website","url":"https:\/\/lat.nl\/","name":"Looije Agro Technics BV","description":"H\u00e9t onafhankelijk bouwmanagementbureau in de glastuinbouwsector","publisher":{"@id":"https:\/\/lat.nl\/#organization"},"potentialAction":[{"@type":"SearchAction","target":{"@type":"EntryPoint","urlTemplate":"https:\/\/lat.nl\/?s={search_term_string}"},"query-input":{"@type":"PropertyValueSpecification","valueRequired":true,"valueName":"search_term_string"}}],"inLanguage":"de"},{"@type":"Organization","@id":"https:\/\/lat.nl\/#organization","name":"Looije Agro Technics BV","url":"https:\/\/lat.nl\/","logo":{"@type":"ImageObject","inLanguage":"de","@id":"https:\/\/lat.nl\/#\/schema\/logo\/image\/","url":"https:\/\/lat.nl\/wp-content\/uploads\/2018\/03\/logo.jpg","contentUrl":"https:\/\/lat.nl\/wp-content\/uploads\/2018\/03\/logo.jpg","width":319,"height":122,"caption":"Looije Agro Technics BV"},"image":{"@id":"https:\/\/lat.nl\/#\/schema\/logo\/image\/"}}]}},"_links":{"self":[{"href":"https:\/\/lat.nl\/de\/wp-json\/wp\/v2\/pages\/2264","targetHints":{"allow":["GET"]}}],"collection":[{"href":"https:\/\/lat.nl\/de\/wp-json\/wp\/v2\/pages"}],"about":[{"href":"https:\/\/lat.nl\/de\/wp-json\/wp\/v2\/types\/page"}],"author":[{"embeddable":true,"href":"https:\/\/lat.nl\/de\/wp-json\/wp\/v2\/users\/1"}],"replies":[{"embeddable":true,"href":"https:\/\/lat.nl\/de\/wp-json\/wp\/v2\/comments?post=2264"}],"version-history":[{"count":0,"href":"https:\/\/lat.nl\/de\/wp-json\/wp\/v2\/pages\/2264\/revisions"}],"wp:attachment":[{"href":"https:\/\/lat.nl\/de\/wp-json\/wp\/v2\/media?parent=2264"}],"curies":[{"name":"wp","href":"https:\/\/api.w.org\/{rel}","templated":true}]}}