{"id":2266,"date":"2018-03-28T12:08:40","date_gmt":"2018-03-28T12:08:40","guid":{"rendered":"https:\/\/lat.nl\/horizontale-temperaturmessung\/"},"modified":"2018-03-28T12:08:40","modified_gmt":"2018-03-28T12:08:40","slug":"horizontale-temperaturmessung","status":"publish","type":"page","link":"https:\/\/lat.nl\/de\/horizontale-temperaturmessung\/","title":{"rendered":"Horizontale Temperaturmessung"},"content":{"rendered":"<p>Bei der Planung eines (Unterglas)-Gartenbaubetriebes \u00fcberlegt man gr\u00fcndlich, wie die Temperaturregelung im Anbauraum auch stattfinden soll. Der Betrieb wird in mehrere Heizgruppen aufgeteilt und der exakte Ort, Einsatz sowie W\u00e4rme- oder K\u00e4ltebeitrag jeder einzelnen Heizgruppe oder K\u00fchleinheit muss gut \u00fcberlegt sein. Die Projektmitarbeiter von Looije Agro Technics verwenden dabei Spezial-Software, die die unterschiedlichen Str\u00f6mungen, Auswirkungen und die Funktionalit\u00e4t der angewendeten Systeme sichtbar machen.<\/p>\n<p>Nicht selten stellt sich heraus, dass bei der Inbetriebnahme einer Anlage die nicht so funktioniert, wie geplant. Ob es sich nun um die &#8218;vergessene&#8216; Drosselklappe handelt, oder um eine fehlerhaft eingestellte Pumpe: Ein Temperatursystem, das nicht optimal eingestellt worden ist, \u00fcbt immer eine negative Auswirkung aus auf Ihre Pflanzen.<\/p>\n<p>Eine sogenannte Temperatur-Horizontalmessung in Ihrem Gew\u00e4chshaus gibt an, ob Ihre Anlage gut funktioniert. Spezial kalibrierte Temperaturlogger werden in einem bestimmten Muster in Ihre Anbauhalle geh\u00e4ngt und registrieren jede Minute die Temperatur bis zu 0,1 Grad C. genau. Die gesamten Messungen eines Zeitabschnitts von zum Beispiel 1 oder 2 Tagen, werden anschlie\u00dfend mit spezial hierf\u00fcr entwickelter Software analysiert. In einer 2D oder 3D Temperaturwiedergabe Ihrer Anbauhalle sieht man sofort, wie die Temperaturverteilung zu gewissen Zeiten ist. Falls es Probleme gibt, dann ist der ausf\u00fchrliche Temperaturbericht die Grundlage um das Problem anzugehen und eine L\u00f6sung zu finden. Ist Ihre Anlage jedoch in Ordnung, dann ist der Bericht der tats\u00e4chliche &#8218;Beweis&#8216;.<\/p>\n","protected":false},"excerpt":{"rendered":"<p>Bei der Planung eines (Unterglas)-Gartenbaubetriebes \u00fcberlegt man gr\u00fcndlich, wie die Temperaturregelung im Anbauraum auch stattfinden soll. Der Betrieb wird in mehrere Heizgruppen aufgeteilt und der exakte Ort, Einsatz sowie W\u00e4rme- oder K\u00e4ltebeitrag jeder einzelnen Heizgruppe oder K\u00fchleinheit muss gut \u00fcberlegt sein. Die Projektmitarbeiter von Looije Agro Technics verwenden dabei Spezial-Software, die die unterschiedlichen Str\u00f6mungen, Auswirkungen [&hellip;]<\/p>\n","protected":false},"author":1,"featured_media":0,"parent":0,"menu_order":0,"comment_status":"open","ping_status":"closed","template":"","meta":{"_acf_changed":false,"_exactmetrics_skip_tracking":false,"_exactmetrics_sitenote_active":false,"_exactmetrics_sitenote_note":"","_exactmetrics_sitenote_category":0,"footnotes":""},"class_list":["post-2266","page","type-page","status-publish","hentry"],"acf":[],"yoast_head":"<!-- This site is optimized with the Yoast SEO plugin v27.3 - https:\/\/yoast.com\/product\/yoast-seo-wordpress\/ -->\n<title>Horizontale Temperaturmessung - Looije Agro Technics BV<\/title>\n<meta name=\"robots\" content=\"index, follow, max-snippet:-1, max-image-preview:large, max-video-preview:-1\" \/>\n<link rel=\"canonical\" href=\"https:\/\/lat.nl\/de\/horizontale-temperaturmessung\/\" \/>\n<meta property=\"og:locale\" content=\"de_DE\" \/>\n<meta property=\"og:type\" content=\"article\" \/>\n<meta property=\"og:title\" content=\"Horizontale Temperaturmessung - Looije Agro Technics BV\" \/>\n<meta property=\"og:description\" content=\"Bei der Planung eines (Unterglas)-Gartenbaubetriebes \u00fcberlegt man gr\u00fcndlich, wie die Temperaturregelung im Anbauraum auch stattfinden soll. Der Betrieb wird in mehrere Heizgruppen aufgeteilt und der exakte Ort, Einsatz sowie W\u00e4rme- oder K\u00e4ltebeitrag jeder einzelnen Heizgruppe oder K\u00fchleinheit muss gut \u00fcberlegt sein. Die Projektmitarbeiter von Looije Agro Technics verwenden dabei Spezial-Software, die die unterschiedlichen Str\u00f6mungen, Auswirkungen [&hellip;]\" \/>\n<meta property=\"og:url\" content=\"https:\/\/lat.nl\/de\/horizontale-temperaturmessung\/\" \/>\n<meta property=\"og:site_name\" content=\"Looije Agro Technics BV\" \/>\n<meta name=\"twitter:card\" content=\"summary_large_image\" \/>\n<meta name=\"twitter:label1\" content=\"Gesch\u00e4tzte Lesezeit\" \/>\n\t<meta name=\"twitter:data1\" content=\"1\u00a0Minute\" \/>\n<script type=\"application\/ld+json\" class=\"yoast-schema-graph\">{\"@context\":\"https:\\\/\\\/schema.org\",\"@graph\":[{\"@type\":\"WebPage\",\"@id\":\"https:\\\/\\\/lat.nl\\\/de\\\/horizontale-temperaturmessung\\\/\",\"url\":\"https:\\\/\\\/lat.nl\\\/de\\\/horizontale-temperaturmessung\\\/\",\"name\":\"Horizontale Temperaturmessung - Looije Agro Technics BV\",\"isPartOf\":{\"@id\":\"https:\\\/\\\/lat.nl\\\/#website\"},\"datePublished\":\"2018-03-28T12:08:40+00:00\",\"breadcrumb\":{\"@id\":\"https:\\\/\\\/lat.nl\\\/de\\\/horizontale-temperaturmessung\\\/#breadcrumb\"},\"inLanguage\":\"de\",\"potentialAction\":[{\"@type\":\"ReadAction\",\"target\":[\"https:\\\/\\\/lat.nl\\\/de\\\/horizontale-temperaturmessung\\\/\"]}]},{\"@type\":\"BreadcrumbList\",\"@id\":\"https:\\\/\\\/lat.nl\\\/de\\\/horizontale-temperaturmessung\\\/#breadcrumb\",\"itemListElement\":[{\"@type\":\"ListItem\",\"position\":1,\"name\":\"Home\",\"item\":\"https:\\\/\\\/lat.nl\\\/de\\\/\"},{\"@type\":\"ListItem\",\"position\":2,\"name\":\"Horizontale Temperaturmessung\"}]},{\"@type\":\"WebSite\",\"@id\":\"https:\\\/\\\/lat.nl\\\/#website\",\"url\":\"https:\\\/\\\/lat.nl\\\/\",\"name\":\"Looije Agro Technics BV\",\"description\":\"H\u00e9t onafhankelijk bouwmanagementbureau in de glastuinbouwsector\",\"publisher\":{\"@id\":\"https:\\\/\\\/lat.nl\\\/#organization\"},\"potentialAction\":[{\"@type\":\"SearchAction\",\"target\":{\"@type\":\"EntryPoint\",\"urlTemplate\":\"https:\\\/\\\/lat.nl\\\/?s={search_term_string}\"},\"query-input\":{\"@type\":\"PropertyValueSpecification\",\"valueRequired\":true,\"valueName\":\"search_term_string\"}}],\"inLanguage\":\"de\"},{\"@type\":\"Organization\",\"@id\":\"https:\\\/\\\/lat.nl\\\/#organization\",\"name\":\"Looije Agro Technics BV\",\"url\":\"https:\\\/\\\/lat.nl\\\/\",\"logo\":{\"@type\":\"ImageObject\",\"inLanguage\":\"de\",\"@id\":\"https:\\\/\\\/lat.nl\\\/#\\\/schema\\\/logo\\\/image\\\/\",\"url\":\"https:\\\/\\\/lat.nl\\\/wp-content\\\/uploads\\\/2018\\\/03\\\/logo.jpg\",\"contentUrl\":\"https:\\\/\\\/lat.nl\\\/wp-content\\\/uploads\\\/2018\\\/03\\\/logo.jpg\",\"width\":319,\"height\":122,\"caption\":\"Looije Agro Technics BV\"},\"image\":{\"@id\":\"https:\\\/\\\/lat.nl\\\/#\\\/schema\\\/logo\\\/image\\\/\"}}]}<\/script>\n<!-- \/ Yoast SEO plugin. -->","yoast_head_json":{"title":"Horizontale Temperaturmessung - Looije Agro Technics BV","robots":{"index":"index","follow":"follow","max-snippet":"max-snippet:-1","max-image-preview":"max-image-preview:large","max-video-preview":"max-video-preview:-1"},"canonical":"https:\/\/lat.nl\/de\/horizontale-temperaturmessung\/","og_locale":"de_DE","og_type":"article","og_title":"Horizontale Temperaturmessung - Looije Agro Technics BV","og_description":"Bei der Planung eines (Unterglas)-Gartenbaubetriebes \u00fcberlegt man gr\u00fcndlich, wie die Temperaturregelung im Anbauraum auch stattfinden soll. Der Betrieb wird in mehrere Heizgruppen aufgeteilt und der exakte Ort, Einsatz sowie W\u00e4rme- oder K\u00e4ltebeitrag jeder einzelnen Heizgruppe oder K\u00fchleinheit muss gut \u00fcberlegt sein. Die Projektmitarbeiter von Looije Agro Technics verwenden dabei Spezial-Software, die die unterschiedlichen Str\u00f6mungen, Auswirkungen [&hellip;]","og_url":"https:\/\/lat.nl\/de\/horizontale-temperaturmessung\/","og_site_name":"Looije Agro Technics BV","twitter_card":"summary_large_image","twitter_misc":{"Gesch\u00e4tzte Lesezeit":"1\u00a0Minute"},"schema":{"@context":"https:\/\/schema.org","@graph":[{"@type":"WebPage","@id":"https:\/\/lat.nl\/de\/horizontale-temperaturmessung\/","url":"https:\/\/lat.nl\/de\/horizontale-temperaturmessung\/","name":"Horizontale Temperaturmessung - Looije Agro Technics BV","isPartOf":{"@id":"https:\/\/lat.nl\/#website"},"datePublished":"2018-03-28T12:08:40+00:00","breadcrumb":{"@id":"https:\/\/lat.nl\/de\/horizontale-temperaturmessung\/#breadcrumb"},"inLanguage":"de","potentialAction":[{"@type":"ReadAction","target":["https:\/\/lat.nl\/de\/horizontale-temperaturmessung\/"]}]},{"@type":"BreadcrumbList","@id":"https:\/\/lat.nl\/de\/horizontale-temperaturmessung\/#breadcrumb","itemListElement":[{"@type":"ListItem","position":1,"name":"Home","item":"https:\/\/lat.nl\/de\/"},{"@type":"ListItem","position":2,"name":"Horizontale Temperaturmessung"}]},{"@type":"WebSite","@id":"https:\/\/lat.nl\/#website","url":"https:\/\/lat.nl\/","name":"Looije Agro Technics BV","description":"H\u00e9t onafhankelijk bouwmanagementbureau in de glastuinbouwsector","publisher":{"@id":"https:\/\/lat.nl\/#organization"},"potentialAction":[{"@type":"SearchAction","target":{"@type":"EntryPoint","urlTemplate":"https:\/\/lat.nl\/?s={search_term_string}"},"query-input":{"@type":"PropertyValueSpecification","valueRequired":true,"valueName":"search_term_string"}}],"inLanguage":"de"},{"@type":"Organization","@id":"https:\/\/lat.nl\/#organization","name":"Looije Agro Technics BV","url":"https:\/\/lat.nl\/","logo":{"@type":"ImageObject","inLanguage":"de","@id":"https:\/\/lat.nl\/#\/schema\/logo\/image\/","url":"https:\/\/lat.nl\/wp-content\/uploads\/2018\/03\/logo.jpg","contentUrl":"https:\/\/lat.nl\/wp-content\/uploads\/2018\/03\/logo.jpg","width":319,"height":122,"caption":"Looije Agro Technics BV"},"image":{"@id":"https:\/\/lat.nl\/#\/schema\/logo\/image\/"}}]}},"_links":{"self":[{"href":"https:\/\/lat.nl\/de\/wp-json\/wp\/v2\/pages\/2266","targetHints":{"allow":["GET"]}}],"collection":[{"href":"https:\/\/lat.nl\/de\/wp-json\/wp\/v2\/pages"}],"about":[{"href":"https:\/\/lat.nl\/de\/wp-json\/wp\/v2\/types\/page"}],"author":[{"embeddable":true,"href":"https:\/\/lat.nl\/de\/wp-json\/wp\/v2\/users\/1"}],"replies":[{"embeddable":true,"href":"https:\/\/lat.nl\/de\/wp-json\/wp\/v2\/comments?post=2266"}],"version-history":[{"count":0,"href":"https:\/\/lat.nl\/de\/wp-json\/wp\/v2\/pages\/2266\/revisions"}],"wp:attachment":[{"href":"https:\/\/lat.nl\/de\/wp-json\/wp\/v2\/media?parent=2266"}],"curies":[{"name":"wp","href":"https:\/\/api.w.org\/{rel}","templated":true}]}}