{"id":2268,"date":"2018-03-28T12:08:40","date_gmt":"2018-03-28T12:08:40","guid":{"rendered":"https:\/\/lat.nl\/machbarkeitsstudien\/"},"modified":"2018-03-28T12:08:40","modified_gmt":"2018-03-28T12:08:40","slug":"machbarkeitsstudien","status":"publish","type":"page","link":"https:\/\/lat.nl\/de\/machbarkeitsstudien\/","title":{"rendered":"Machbarkeitsstudien"},"content":{"rendered":"<p>&#8218;Erst w\u00e4gen dann wagen!&#8216; Ein Unternehmer f\u00e4llt regelm\u00e4\u00dfig Entscheidungen aufgrund seiner Intuition. Ein &#8218;Gef\u00fchl&#8216; ist jedoch nicht ausreichend, wenn es um ansehnliche Investierungen und Konsequenzen handelt. Deshalb f\u00fchrt Looije Agro Technics bei gr\u00f6\u00dferen Neubauprojekten oder Erweiterungen oft erst auf Anfrage des Auftraggebers eine Machbarkeitsstudie durch.<\/p>\n<p>Hierbei wird Ihr Projekt noch nicht mit maximalem Tiefgang bearbeitet, sondern werden wir uns sorgf\u00e4ltig eine \u00dcbersicht verschaffen von Ihren W\u00fcnschen und Anforderungen sowie von Ihren M\u00f6glichkeiten und Problemen. Alle Projekte und alle Ank\u00e4ufe, die Looije Agro Technics schon mal betreute, werden von uns in anonymisierten Zahlen in eine Datenbank gespeichert. Durch die jahrelange Erfahrung verf\u00fcgen wir nun \u00fcber die meist umfassenden und pr\u00e4zisen Zahlen auf dem Gebiet der (Unterglas)-Gartenbauprojekte. Hierdurch sind wir in der Lage, zu Gunsten Ihres Projektes zuverl\u00e4ssige und vergleichbare Projektinformationen zu verschaffen und die Kosten pr\u00e4zise zu ermitteln.<\/p>\n<p>Eine Machbarkeitsstudie ist jedoch noch mehr: Auch die funktionelle Brauchbarkeit (wird es so funktionieren?) und mehrere Gesetzesvorschriften (worunter Bestimmungsplan, Wasser- und Umweltgesetzgebung usw.) werden in der Studie ber\u00fccksichtigt. Anhand der Machbarkeitsstudie wissen Sie dann genau, was auf Sie zu kommt.<\/p>\n","protected":false},"excerpt":{"rendered":"<p>&#8218;Erst w\u00e4gen dann wagen!&#8216; Ein Unternehmer f\u00e4llt regelm\u00e4\u00dfig Entscheidungen aufgrund seiner Intuition. Ein &#8218;Gef\u00fchl&#8216; ist jedoch nicht ausreichend, wenn es um ansehnliche Investierungen und Konsequenzen handelt. Deshalb f\u00fchrt Looije Agro Technics bei gr\u00f6\u00dferen Neubauprojekten oder Erweiterungen oft erst auf Anfrage des Auftraggebers eine Machbarkeitsstudie durch. Hierbei wird Ihr Projekt noch nicht mit maximalem Tiefgang bearbeitet, [&hellip;]<\/p>\n","protected":false},"author":1,"featured_media":0,"parent":0,"menu_order":0,"comment_status":"open","ping_status":"closed","template":"","meta":{"_acf_changed":false,"_exactmetrics_skip_tracking":false,"_exactmetrics_sitenote_active":false,"_exactmetrics_sitenote_note":"","_exactmetrics_sitenote_category":0,"footnotes":""},"class_list":["post-2268","page","type-page","status-publish","hentry"],"acf":[],"yoast_head":"<!-- This site is optimized with the Yoast SEO plugin v27.3 - https:\/\/yoast.com\/product\/yoast-seo-wordpress\/ -->\n<title>Machbarkeitsstudien - Looije Agro Technics BV<\/title>\n<meta name=\"robots\" content=\"index, follow, max-snippet:-1, max-image-preview:large, max-video-preview:-1\" \/>\n<link rel=\"canonical\" href=\"https:\/\/lat.nl\/de\/machbarkeitsstudien\/\" \/>\n<meta property=\"og:locale\" content=\"de_DE\" \/>\n<meta property=\"og:type\" content=\"article\" \/>\n<meta property=\"og:title\" content=\"Machbarkeitsstudien - Looije Agro Technics BV\" \/>\n<meta property=\"og:description\" content=\"&#8218;Erst w\u00e4gen dann wagen!&#8216; Ein Unternehmer f\u00e4llt regelm\u00e4\u00dfig Entscheidungen aufgrund seiner Intuition. Ein &#8218;Gef\u00fchl&#8216; ist jedoch nicht ausreichend, wenn es um ansehnliche Investierungen und Konsequenzen handelt. Deshalb f\u00fchrt Looije Agro Technics bei gr\u00f6\u00dferen Neubauprojekten oder Erweiterungen oft erst auf Anfrage des Auftraggebers eine Machbarkeitsstudie durch. Hierbei wird Ihr Projekt noch nicht mit maximalem Tiefgang bearbeitet, [&hellip;]\" \/>\n<meta property=\"og:url\" content=\"https:\/\/lat.nl\/de\/machbarkeitsstudien\/\" \/>\n<meta property=\"og:site_name\" content=\"Looije Agro Technics BV\" \/>\n<meta name=\"twitter:card\" content=\"summary_large_image\" \/>\n<meta name=\"twitter:label1\" content=\"Gesch\u00e4tzte Lesezeit\" \/>\n\t<meta name=\"twitter:data1\" content=\"1\u00a0Minute\" \/>\n<script type=\"application\/ld+json\" class=\"yoast-schema-graph\">{\"@context\":\"https:\\\/\\\/schema.org\",\"@graph\":[{\"@type\":\"WebPage\",\"@id\":\"https:\\\/\\\/lat.nl\\\/de\\\/machbarkeitsstudien\\\/\",\"url\":\"https:\\\/\\\/lat.nl\\\/de\\\/machbarkeitsstudien\\\/\",\"name\":\"Machbarkeitsstudien - Looije Agro Technics BV\",\"isPartOf\":{\"@id\":\"https:\\\/\\\/lat.nl\\\/#website\"},\"datePublished\":\"2018-03-28T12:08:40+00:00\",\"breadcrumb\":{\"@id\":\"https:\\\/\\\/lat.nl\\\/de\\\/machbarkeitsstudien\\\/#breadcrumb\"},\"inLanguage\":\"de\",\"potentialAction\":[{\"@type\":\"ReadAction\",\"target\":[\"https:\\\/\\\/lat.nl\\\/de\\\/machbarkeitsstudien\\\/\"]}]},{\"@type\":\"BreadcrumbList\",\"@id\":\"https:\\\/\\\/lat.nl\\\/de\\\/machbarkeitsstudien\\\/#breadcrumb\",\"itemListElement\":[{\"@type\":\"ListItem\",\"position\":1,\"name\":\"Home\",\"item\":\"https:\\\/\\\/lat.nl\\\/de\\\/\"},{\"@type\":\"ListItem\",\"position\":2,\"name\":\"Machbarkeitsstudien\"}]},{\"@type\":\"WebSite\",\"@id\":\"https:\\\/\\\/lat.nl\\\/#website\",\"url\":\"https:\\\/\\\/lat.nl\\\/\",\"name\":\"Looije Agro Technics BV\",\"description\":\"H\u00e9t onafhankelijk bouwmanagementbureau in de glastuinbouwsector\",\"publisher\":{\"@id\":\"https:\\\/\\\/lat.nl\\\/#organization\"},\"potentialAction\":[{\"@type\":\"SearchAction\",\"target\":{\"@type\":\"EntryPoint\",\"urlTemplate\":\"https:\\\/\\\/lat.nl\\\/?s={search_term_string}\"},\"query-input\":{\"@type\":\"PropertyValueSpecification\",\"valueRequired\":true,\"valueName\":\"search_term_string\"}}],\"inLanguage\":\"de\"},{\"@type\":\"Organization\",\"@id\":\"https:\\\/\\\/lat.nl\\\/#organization\",\"name\":\"Looije Agro Technics BV\",\"url\":\"https:\\\/\\\/lat.nl\\\/\",\"logo\":{\"@type\":\"ImageObject\",\"inLanguage\":\"de\",\"@id\":\"https:\\\/\\\/lat.nl\\\/#\\\/schema\\\/logo\\\/image\\\/\",\"url\":\"https:\\\/\\\/lat.nl\\\/wp-content\\\/uploads\\\/2018\\\/03\\\/logo.jpg\",\"contentUrl\":\"https:\\\/\\\/lat.nl\\\/wp-content\\\/uploads\\\/2018\\\/03\\\/logo.jpg\",\"width\":319,\"height\":122,\"caption\":\"Looije Agro Technics BV\"},\"image\":{\"@id\":\"https:\\\/\\\/lat.nl\\\/#\\\/schema\\\/logo\\\/image\\\/\"}}]}<\/script>\n<!-- \/ Yoast SEO plugin. -->","yoast_head_json":{"title":"Machbarkeitsstudien - Looije Agro Technics BV","robots":{"index":"index","follow":"follow","max-snippet":"max-snippet:-1","max-image-preview":"max-image-preview:large","max-video-preview":"max-video-preview:-1"},"canonical":"https:\/\/lat.nl\/de\/machbarkeitsstudien\/","og_locale":"de_DE","og_type":"article","og_title":"Machbarkeitsstudien - Looije Agro Technics BV","og_description":"&#8218;Erst w\u00e4gen dann wagen!&#8216; Ein Unternehmer f\u00e4llt regelm\u00e4\u00dfig Entscheidungen aufgrund seiner Intuition. Ein &#8218;Gef\u00fchl&#8216; ist jedoch nicht ausreichend, wenn es um ansehnliche Investierungen und Konsequenzen handelt. Deshalb f\u00fchrt Looije Agro Technics bei gr\u00f6\u00dferen Neubauprojekten oder Erweiterungen oft erst auf Anfrage des Auftraggebers eine Machbarkeitsstudie durch. Hierbei wird Ihr Projekt noch nicht mit maximalem Tiefgang bearbeitet, [&hellip;]","og_url":"https:\/\/lat.nl\/de\/machbarkeitsstudien\/","og_site_name":"Looije Agro Technics BV","twitter_card":"summary_large_image","twitter_misc":{"Gesch\u00e4tzte Lesezeit":"1\u00a0Minute"},"schema":{"@context":"https:\/\/schema.org","@graph":[{"@type":"WebPage","@id":"https:\/\/lat.nl\/de\/machbarkeitsstudien\/","url":"https:\/\/lat.nl\/de\/machbarkeitsstudien\/","name":"Machbarkeitsstudien - Looije Agro Technics BV","isPartOf":{"@id":"https:\/\/lat.nl\/#website"},"datePublished":"2018-03-28T12:08:40+00:00","breadcrumb":{"@id":"https:\/\/lat.nl\/de\/machbarkeitsstudien\/#breadcrumb"},"inLanguage":"de","potentialAction":[{"@type":"ReadAction","target":["https:\/\/lat.nl\/de\/machbarkeitsstudien\/"]}]},{"@type":"BreadcrumbList","@id":"https:\/\/lat.nl\/de\/machbarkeitsstudien\/#breadcrumb","itemListElement":[{"@type":"ListItem","position":1,"name":"Home","item":"https:\/\/lat.nl\/de\/"},{"@type":"ListItem","position":2,"name":"Machbarkeitsstudien"}]},{"@type":"WebSite","@id":"https:\/\/lat.nl\/#website","url":"https:\/\/lat.nl\/","name":"Looije Agro Technics BV","description":"H\u00e9t onafhankelijk bouwmanagementbureau in de glastuinbouwsector","publisher":{"@id":"https:\/\/lat.nl\/#organization"},"potentialAction":[{"@type":"SearchAction","target":{"@type":"EntryPoint","urlTemplate":"https:\/\/lat.nl\/?s={search_term_string}"},"query-input":{"@type":"PropertyValueSpecification","valueRequired":true,"valueName":"search_term_string"}}],"inLanguage":"de"},{"@type":"Organization","@id":"https:\/\/lat.nl\/#organization","name":"Looije Agro Technics BV","url":"https:\/\/lat.nl\/","logo":{"@type":"ImageObject","inLanguage":"de","@id":"https:\/\/lat.nl\/#\/schema\/logo\/image\/","url":"https:\/\/lat.nl\/wp-content\/uploads\/2018\/03\/logo.jpg","contentUrl":"https:\/\/lat.nl\/wp-content\/uploads\/2018\/03\/logo.jpg","width":319,"height":122,"caption":"Looije Agro Technics BV"},"image":{"@id":"https:\/\/lat.nl\/#\/schema\/logo\/image\/"}}]}},"_links":{"self":[{"href":"https:\/\/lat.nl\/de\/wp-json\/wp\/v2\/pages\/2268","targetHints":{"allow":["GET"]}}],"collection":[{"href":"https:\/\/lat.nl\/de\/wp-json\/wp\/v2\/pages"}],"about":[{"href":"https:\/\/lat.nl\/de\/wp-json\/wp\/v2\/types\/page"}],"author":[{"embeddable":true,"href":"https:\/\/lat.nl\/de\/wp-json\/wp\/v2\/users\/1"}],"replies":[{"embeddable":true,"href":"https:\/\/lat.nl\/de\/wp-json\/wp\/v2\/comments?post=2268"}],"version-history":[{"count":0,"href":"https:\/\/lat.nl\/de\/wp-json\/wp\/v2\/pages\/2268\/revisions"}],"wp:attachment":[{"href":"https:\/\/lat.nl\/de\/wp-json\/wp\/v2\/media?parent=2268"}],"curies":[{"name":"wp","href":"https:\/\/api.w.org\/{rel}","templated":true}]}}