{"id":2270,"date":"2018-03-28T12:08:40","date_gmt":"2018-03-28T12:08:40","guid":{"rendered":"https:\/\/lat.nl\/betreibungskosten-kwk-anlagen\/"},"modified":"2022-11-14T05:52:46","modified_gmt":"2022-11-14T05:52:46","slug":"betreibungskosten-kwk-anlagen","status":"publish","type":"page","link":"https:\/\/lat.nl\/de\/betreibungskosten-kwk-anlagen\/","title":{"rendered":"Betreibungskosten KWK-Anlagen"},"content":{"rendered":"<p>Bei vielen (Unterglas)-Gartenbaubetrieben hat es sich gezeigt, dass seit der Freigabe der Energieversorgungsbetriebe, der Einsatz einer BHKW-Anlage eine gute Wahl gewesen ist, um die eigene Energieversorgung sicherzustellen und gleichzeitig die Betriebsrendite zu steigern mittels der R\u00fcckgabe von Mehrstrom an den Stromanbieter. Ein Team von Energiespezialisten bei Looije Agro Technics rechnet Ihren Ihre pers\u00f6nliche Bedarfssituation vor:<\/p>\n<p>Bei der Anschaffung einer BHKW-Anlage ist nicht nur die Investierung von Bedeutung. In einem von uns entwickelten Simulationsmodell wird die Rentabilit\u00e4t der BHKW-Anlage ermittelt. In der Berechnung werden die Investierungen f\u00fcr die BHKW-Anlage, die Netzanschl\u00fcsse und alle \u00fcbrigen Kosten miteinberechnet. Auch die staatlichen Subventionen und Strompreise werden eingerechnet, um die Rentabilit\u00e4t zu ermitteln.<\/p>\n<p>Aufgrund Ihres Gasverbrauches in der Vergangenheit, wobei auch das angebaute Produkt ber\u00fccksichtigt wird, werden wir den m\u00f6glichen Einsatz einer BHKW-Anlage ermitteln. Unsere Energiespezialisten k\u00f6nnen im Bedarfsfall auch ein Finanzierungsgutachten f\u00fcr Ihre Bank oder Ihren Geldvermittler erstellen.<\/p>\n","protected":false},"excerpt":{"rendered":"<p>Bei vielen (Unterglas)-Gartenbaubetrieben hat es sich gezeigt, dass seit der Freigabe der Energieversorgungsbetriebe, der Einsatz einer BHKW-Anlage eine gute Wahl gewesen ist, um die eigene Energieversorgung sicherzustellen und gleichzeitig die Betriebsrendite zu steigern mittels der R\u00fcckgabe von Mehrstrom an den Stromanbieter. Ein Team von Energiespezialisten bei Looije Agro Technics rechnet Ihren Ihre pers\u00f6nliche Bedarfssituation vor: [&hellip;]<\/p>\n","protected":false},"author":1,"featured_media":0,"parent":0,"menu_order":0,"comment_status":"open","ping_status":"closed","template":"","meta":{"_acf_changed":false,"_exactmetrics_skip_tracking":false,"_exactmetrics_sitenote_active":false,"_exactmetrics_sitenote_note":"","_exactmetrics_sitenote_category":0,"footnotes":""},"class_list":["post-2270","page","type-page","status-publish","hentry"],"acf":[],"yoast_head":"<!-- This site is optimized with the Yoast SEO plugin v27.3 - https:\/\/yoast.com\/product\/yoast-seo-wordpress\/ -->\n<title>Betreibungskosten KWK-Anlagen - Looije Agro Technics BV<\/title>\n<meta name=\"robots\" content=\"index, follow, max-snippet:-1, max-image-preview:large, max-video-preview:-1\" \/>\n<link rel=\"canonical\" href=\"https:\/\/lat.nl\/de\/betreibungskosten-kwk-anlagen\/\" \/>\n<meta property=\"og:locale\" content=\"de_DE\" \/>\n<meta property=\"og:type\" content=\"article\" \/>\n<meta property=\"og:title\" content=\"Betreibungskosten KWK-Anlagen - Looije Agro Technics BV\" \/>\n<meta property=\"og:description\" content=\"Bei vielen (Unterglas)-Gartenbaubetrieben hat es sich gezeigt, dass seit der Freigabe der Energieversorgungsbetriebe, der Einsatz einer BHKW-Anlage eine gute Wahl gewesen ist, um die eigene Energieversorgung sicherzustellen und gleichzeitig die Betriebsrendite zu steigern mittels der R\u00fcckgabe von Mehrstrom an den Stromanbieter. Ein Team von Energiespezialisten bei Looije Agro Technics rechnet Ihren Ihre pers\u00f6nliche Bedarfssituation vor: [&hellip;]\" \/>\n<meta property=\"og:url\" content=\"https:\/\/lat.nl\/de\/betreibungskosten-kwk-anlagen\/\" \/>\n<meta property=\"og:site_name\" content=\"Looije Agro Technics BV\" \/>\n<meta property=\"article:modified_time\" content=\"2022-11-14T05:52:46+00:00\" \/>\n<meta name=\"twitter:card\" content=\"summary_large_image\" \/>\n<meta name=\"twitter:label1\" content=\"Gesch\u00e4tzte Lesezeit\" \/>\n\t<meta name=\"twitter:data1\" content=\"1\u00a0Minute\" \/>\n<script type=\"application\/ld+json\" class=\"yoast-schema-graph\">{\"@context\":\"https:\\\/\\\/schema.org\",\"@graph\":[{\"@type\":\"WebPage\",\"@id\":\"https:\\\/\\\/lat.nl\\\/de\\\/betreibungskosten-kwk-anlagen\\\/\",\"url\":\"https:\\\/\\\/lat.nl\\\/de\\\/betreibungskosten-kwk-anlagen\\\/\",\"name\":\"Betreibungskosten KWK-Anlagen - Looije Agro Technics BV\",\"isPartOf\":{\"@id\":\"https:\\\/\\\/lat.nl\\\/#website\"},\"datePublished\":\"2018-03-28T12:08:40+00:00\",\"dateModified\":\"2022-11-14T05:52:46+00:00\",\"breadcrumb\":{\"@id\":\"https:\\\/\\\/lat.nl\\\/de\\\/betreibungskosten-kwk-anlagen\\\/#breadcrumb\"},\"inLanguage\":\"de\",\"potentialAction\":[{\"@type\":\"ReadAction\",\"target\":[\"https:\\\/\\\/lat.nl\\\/de\\\/betreibungskosten-kwk-anlagen\\\/\"]}]},{\"@type\":\"BreadcrumbList\",\"@id\":\"https:\\\/\\\/lat.nl\\\/de\\\/betreibungskosten-kwk-anlagen\\\/#breadcrumb\",\"itemListElement\":[{\"@type\":\"ListItem\",\"position\":1,\"name\":\"Home\",\"item\":\"https:\\\/\\\/lat.nl\\\/de\\\/\"},{\"@type\":\"ListItem\",\"position\":2,\"name\":\"Betreibungskosten KWK-Anlagen\"}]},{\"@type\":\"WebSite\",\"@id\":\"https:\\\/\\\/lat.nl\\\/#website\",\"url\":\"https:\\\/\\\/lat.nl\\\/\",\"name\":\"Looije Agro Technics BV\",\"description\":\"H\u00e9t onafhankelijk bouwmanagementbureau in de glastuinbouwsector\",\"publisher\":{\"@id\":\"https:\\\/\\\/lat.nl\\\/#organization\"},\"potentialAction\":[{\"@type\":\"SearchAction\",\"target\":{\"@type\":\"EntryPoint\",\"urlTemplate\":\"https:\\\/\\\/lat.nl\\\/?s={search_term_string}\"},\"query-input\":{\"@type\":\"PropertyValueSpecification\",\"valueRequired\":true,\"valueName\":\"search_term_string\"}}],\"inLanguage\":\"de\"},{\"@type\":\"Organization\",\"@id\":\"https:\\\/\\\/lat.nl\\\/#organization\",\"name\":\"Looije Agro Technics BV\",\"url\":\"https:\\\/\\\/lat.nl\\\/\",\"logo\":{\"@type\":\"ImageObject\",\"inLanguage\":\"de\",\"@id\":\"https:\\\/\\\/lat.nl\\\/#\\\/schema\\\/logo\\\/image\\\/\",\"url\":\"https:\\\/\\\/lat.nl\\\/wp-content\\\/uploads\\\/2018\\\/03\\\/logo.jpg\",\"contentUrl\":\"https:\\\/\\\/lat.nl\\\/wp-content\\\/uploads\\\/2018\\\/03\\\/logo.jpg\",\"width\":319,\"height\":122,\"caption\":\"Looije Agro Technics BV\"},\"image\":{\"@id\":\"https:\\\/\\\/lat.nl\\\/#\\\/schema\\\/logo\\\/image\\\/\"}}]}<\/script>\n<!-- \/ Yoast SEO plugin. -->","yoast_head_json":{"title":"Betreibungskosten KWK-Anlagen - Looije Agro Technics BV","robots":{"index":"index","follow":"follow","max-snippet":"max-snippet:-1","max-image-preview":"max-image-preview:large","max-video-preview":"max-video-preview:-1"},"canonical":"https:\/\/lat.nl\/de\/betreibungskosten-kwk-anlagen\/","og_locale":"de_DE","og_type":"article","og_title":"Betreibungskosten KWK-Anlagen - Looije Agro Technics BV","og_description":"Bei vielen (Unterglas)-Gartenbaubetrieben hat es sich gezeigt, dass seit der Freigabe der Energieversorgungsbetriebe, der Einsatz einer BHKW-Anlage eine gute Wahl gewesen ist, um die eigene Energieversorgung sicherzustellen und gleichzeitig die Betriebsrendite zu steigern mittels der R\u00fcckgabe von Mehrstrom an den Stromanbieter. Ein Team von Energiespezialisten bei Looije Agro Technics rechnet Ihren Ihre pers\u00f6nliche Bedarfssituation vor: [&hellip;]","og_url":"https:\/\/lat.nl\/de\/betreibungskosten-kwk-anlagen\/","og_site_name":"Looije Agro Technics BV","article_modified_time":"2022-11-14T05:52:46+00:00","twitter_card":"summary_large_image","twitter_misc":{"Gesch\u00e4tzte Lesezeit":"1\u00a0Minute"},"schema":{"@context":"https:\/\/schema.org","@graph":[{"@type":"WebPage","@id":"https:\/\/lat.nl\/de\/betreibungskosten-kwk-anlagen\/","url":"https:\/\/lat.nl\/de\/betreibungskosten-kwk-anlagen\/","name":"Betreibungskosten KWK-Anlagen - Looije Agro Technics BV","isPartOf":{"@id":"https:\/\/lat.nl\/#website"},"datePublished":"2018-03-28T12:08:40+00:00","dateModified":"2022-11-14T05:52:46+00:00","breadcrumb":{"@id":"https:\/\/lat.nl\/de\/betreibungskosten-kwk-anlagen\/#breadcrumb"},"inLanguage":"de","potentialAction":[{"@type":"ReadAction","target":["https:\/\/lat.nl\/de\/betreibungskosten-kwk-anlagen\/"]}]},{"@type":"BreadcrumbList","@id":"https:\/\/lat.nl\/de\/betreibungskosten-kwk-anlagen\/#breadcrumb","itemListElement":[{"@type":"ListItem","position":1,"name":"Home","item":"https:\/\/lat.nl\/de\/"},{"@type":"ListItem","position":2,"name":"Betreibungskosten KWK-Anlagen"}]},{"@type":"WebSite","@id":"https:\/\/lat.nl\/#website","url":"https:\/\/lat.nl\/","name":"Looije Agro Technics BV","description":"H\u00e9t onafhankelijk bouwmanagementbureau in de glastuinbouwsector","publisher":{"@id":"https:\/\/lat.nl\/#organization"},"potentialAction":[{"@type":"SearchAction","target":{"@type":"EntryPoint","urlTemplate":"https:\/\/lat.nl\/?s={search_term_string}"},"query-input":{"@type":"PropertyValueSpecification","valueRequired":true,"valueName":"search_term_string"}}],"inLanguage":"de"},{"@type":"Organization","@id":"https:\/\/lat.nl\/#organization","name":"Looije Agro Technics BV","url":"https:\/\/lat.nl\/","logo":{"@type":"ImageObject","inLanguage":"de","@id":"https:\/\/lat.nl\/#\/schema\/logo\/image\/","url":"https:\/\/lat.nl\/wp-content\/uploads\/2018\/03\/logo.jpg","contentUrl":"https:\/\/lat.nl\/wp-content\/uploads\/2018\/03\/logo.jpg","width":319,"height":122,"caption":"Looije Agro Technics BV"},"image":{"@id":"https:\/\/lat.nl\/#\/schema\/logo\/image\/"}}]}},"_links":{"self":[{"href":"https:\/\/lat.nl\/de\/wp-json\/wp\/v2\/pages\/2270","targetHints":{"allow":["GET"]}}],"collection":[{"href":"https:\/\/lat.nl\/de\/wp-json\/wp\/v2\/pages"}],"about":[{"href":"https:\/\/lat.nl\/de\/wp-json\/wp\/v2\/types\/page"}],"author":[{"embeddable":true,"href":"https:\/\/lat.nl\/de\/wp-json\/wp\/v2\/users\/1"}],"replies":[{"embeddable":true,"href":"https:\/\/lat.nl\/de\/wp-json\/wp\/v2\/comments?post=2270"}],"version-history":[{"count":1,"href":"https:\/\/lat.nl\/de\/wp-json\/wp\/v2\/pages\/2270\/revisions"}],"predecessor-version":[{"id":4126,"href":"https:\/\/lat.nl\/de\/wp-json\/wp\/v2\/pages\/2270\/revisions\/4126"}],"wp:attachment":[{"href":"https:\/\/lat.nl\/de\/wp-json\/wp\/v2\/media?parent=2270"}],"curies":[{"name":"wp","href":"https:\/\/api.w.org\/{rel}","templated":true}]}}