{"id":2272,"date":"2018-03-28T12:08:40","date_gmt":"2018-03-28T12:08:40","guid":{"rendered":"https:\/\/lat.nl\/ausschreibung-in-europa\/"},"modified":"2018-03-28T12:08:40","modified_gmt":"2018-03-28T12:08:40","slug":"ausschreibung-in-europa","status":"publish","type":"page","link":"https:\/\/lat.nl\/de\/ausschreibung-in-europa\/","title":{"rendered":"Ausschreibung in Europa"},"content":{"rendered":"<p><P>Wenn ein Projekt realisiert wird entweder durch die beh\u00f6rdlichen Instanzen oder f\u00fcr die beh\u00f6rdlichen Instanzen, dann gelten gesetzliche Vorschriften bez\u00fcglich der Durchf\u00fchrung oder Ausschreibung des Projektes. \u00dcber einen bestimmten &#8222;Schwellenbetrag&#8220; hinaus, muss in Europa sogar eine europ\u00e4ische Ausschreibung erfolgen, unter anderem durch Anmeldung und Ver\u00f6ffentlichung in den Ausgabenberichten der EU. Mit Hilfe dieser Vorschriften m\u00f6chten die beh\u00f6rdlichen Instanzen Baubetrug verhindern und anregen, dass mehrere Lieferanten ein Angebot unterbreiten. <\/P><br \/>\n<P>Auch wenn ein Projekt nicht \u00fcber die gesetzlichen Schwellenbetr\u00e4ge hinauskommt und also keine gesetzlichen Vorschriften zur Ausschreibung bestehen, kann es vern\u00fcnftig sein, die Ausschreibung zumindest auf &#8218;transparente Weise&#8216; vorzunehmen. Dies bedeutet, dass Sie Ma\u00dfnahmen treffen, um mit jedem Lieferanten auf klare und transparente Weise zu kommunizieren, so dass demnach keinerlei Anschein vorhanden ist, dass Wirtschaftsinteressen sich verkn\u00fcpfen. <\/P><br \/>\n<P>Es ist eine wirkliche Herausforderung, um bei jeder Ausschreibung eine ausgewogene Balance zu finden zwischen einerseits der Notwendigkeit zur Ausschreibung und andererseits dem Wunsch, weiterhin praktisch und schnell arbeiten zu k\u00f6nnen. Die Mitarbeiter der Abteilung &#8218;Bewilligung und Vorschriften&#8216; kennen alle Aspekte der verschiedenen Verfahrensweisen und gesetzlichen Verordnungen, sowohl auf dem Gebiet der nationalen Ausschreibungen als auch bei den europ\u00e4ischen Ausschreibungen. Auch werden wir Sie beraten \u00fcber die Grundlagen und Arbeitsmethoden der &#8218;transparenten Ausschreibung&#8216; und bei Bedarf, werden wir Ihr gesamtes Projekt betreuen.<\/P><br \/>\n<P>Der Einsatz unseres praktischen Fachwissen zeigt sich auch in unserem Firmenleitsatz, wo es hei\u00dft: &#8218;wohl durchdacht und umfassend&#8216;.<\/P><\/p>\n","protected":false},"excerpt":{"rendered":"<p>Wenn ein Projekt realisiert wird entweder durch die beh\u00f6rdlichen Instanzen oder f\u00fcr die beh\u00f6rdlichen Instanzen, dann gelten gesetzliche Vorschriften bez\u00fcglich der Durchf\u00fchrung oder Ausschreibung des Projektes. \u00dcber einen bestimmten &#8222;Schwellenbetrag&#8220; hinaus, muss in Europa sogar eine europ\u00e4ische Ausschreibung erfolgen, unter anderem durch Anmeldung und Ver\u00f6ffentlichung in den Ausgabenberichten der EU. Mit Hilfe dieser Vorschriften m\u00f6chten [&hellip;]<\/p>\n","protected":false},"author":1,"featured_media":0,"parent":0,"menu_order":0,"comment_status":"open","ping_status":"closed","template":"","meta":{"_acf_changed":false,"_exactmetrics_skip_tracking":false,"_exactmetrics_sitenote_active":false,"_exactmetrics_sitenote_note":"","_exactmetrics_sitenote_category":0,"footnotes":""},"class_list":["post-2272","page","type-page","status-publish","hentry"],"acf":[],"yoast_head":"<!-- This site is optimized with the Yoast SEO plugin v27.3 - https:\/\/yoast.com\/product\/yoast-seo-wordpress\/ -->\n<title>Ausschreibung in Europa - Looije Agro Technics BV<\/title>\n<meta name=\"robots\" content=\"index, follow, max-snippet:-1, max-image-preview:large, max-video-preview:-1\" \/>\n<link rel=\"canonical\" href=\"https:\/\/lat.nl\/de\/ausschreibung-in-europa\/\" \/>\n<meta property=\"og:locale\" content=\"de_DE\" \/>\n<meta property=\"og:type\" content=\"article\" \/>\n<meta property=\"og:title\" content=\"Ausschreibung in Europa - Looije Agro Technics BV\" \/>\n<meta property=\"og:description\" content=\"Wenn ein Projekt realisiert wird entweder durch die beh\u00f6rdlichen Instanzen oder f\u00fcr die beh\u00f6rdlichen Instanzen, dann gelten gesetzliche Vorschriften bez\u00fcglich der Durchf\u00fchrung oder Ausschreibung des Projektes. \u00dcber einen bestimmten &#8222;Schwellenbetrag&#8220; hinaus, muss in Europa sogar eine europ\u00e4ische Ausschreibung erfolgen, unter anderem durch Anmeldung und Ver\u00f6ffentlichung in den Ausgabenberichten der EU. Mit Hilfe dieser Vorschriften m\u00f6chten [&hellip;]\" \/>\n<meta property=\"og:url\" content=\"https:\/\/lat.nl\/de\/ausschreibung-in-europa\/\" \/>\n<meta property=\"og:site_name\" content=\"Looije Agro Technics BV\" \/>\n<meta name=\"twitter:card\" content=\"summary_large_image\" \/>\n<meta name=\"twitter:label1\" content=\"Gesch\u00e4tzte Lesezeit\" \/>\n\t<meta name=\"twitter:data1\" content=\"1\u00a0Minute\" \/>\n<script type=\"application\/ld+json\" class=\"yoast-schema-graph\">{\"@context\":\"https:\\\/\\\/schema.org\",\"@graph\":[{\"@type\":\"WebPage\",\"@id\":\"https:\\\/\\\/lat.nl\\\/de\\\/ausschreibung-in-europa\\\/\",\"url\":\"https:\\\/\\\/lat.nl\\\/de\\\/ausschreibung-in-europa\\\/\",\"name\":\"Ausschreibung in Europa - Looije Agro Technics BV\",\"isPartOf\":{\"@id\":\"https:\\\/\\\/lat.nl\\\/#website\"},\"datePublished\":\"2018-03-28T12:08:40+00:00\",\"breadcrumb\":{\"@id\":\"https:\\\/\\\/lat.nl\\\/de\\\/ausschreibung-in-europa\\\/#breadcrumb\"},\"inLanguage\":\"de\",\"potentialAction\":[{\"@type\":\"ReadAction\",\"target\":[\"https:\\\/\\\/lat.nl\\\/de\\\/ausschreibung-in-europa\\\/\"]}]},{\"@type\":\"BreadcrumbList\",\"@id\":\"https:\\\/\\\/lat.nl\\\/de\\\/ausschreibung-in-europa\\\/#breadcrumb\",\"itemListElement\":[{\"@type\":\"ListItem\",\"position\":1,\"name\":\"Home\",\"item\":\"https:\\\/\\\/lat.nl\\\/de\\\/\"},{\"@type\":\"ListItem\",\"position\":2,\"name\":\"Ausschreibung in Europa\"}]},{\"@type\":\"WebSite\",\"@id\":\"https:\\\/\\\/lat.nl\\\/#website\",\"url\":\"https:\\\/\\\/lat.nl\\\/\",\"name\":\"Looije Agro Technics BV\",\"description\":\"H\u00e9t onafhankelijk bouwmanagementbureau in de glastuinbouwsector\",\"publisher\":{\"@id\":\"https:\\\/\\\/lat.nl\\\/#organization\"},\"potentialAction\":[{\"@type\":\"SearchAction\",\"target\":{\"@type\":\"EntryPoint\",\"urlTemplate\":\"https:\\\/\\\/lat.nl\\\/?s={search_term_string}\"},\"query-input\":{\"@type\":\"PropertyValueSpecification\",\"valueRequired\":true,\"valueName\":\"search_term_string\"}}],\"inLanguage\":\"de\"},{\"@type\":\"Organization\",\"@id\":\"https:\\\/\\\/lat.nl\\\/#organization\",\"name\":\"Looije Agro Technics BV\",\"url\":\"https:\\\/\\\/lat.nl\\\/\",\"logo\":{\"@type\":\"ImageObject\",\"inLanguage\":\"de\",\"@id\":\"https:\\\/\\\/lat.nl\\\/#\\\/schema\\\/logo\\\/image\\\/\",\"url\":\"https:\\\/\\\/lat.nl\\\/wp-content\\\/uploads\\\/2018\\\/03\\\/logo.jpg\",\"contentUrl\":\"https:\\\/\\\/lat.nl\\\/wp-content\\\/uploads\\\/2018\\\/03\\\/logo.jpg\",\"width\":319,\"height\":122,\"caption\":\"Looije Agro Technics BV\"},\"image\":{\"@id\":\"https:\\\/\\\/lat.nl\\\/#\\\/schema\\\/logo\\\/image\\\/\"}}]}<\/script>\n<!-- \/ Yoast SEO plugin. -->","yoast_head_json":{"title":"Ausschreibung in Europa - Looije Agro Technics BV","robots":{"index":"index","follow":"follow","max-snippet":"max-snippet:-1","max-image-preview":"max-image-preview:large","max-video-preview":"max-video-preview:-1"},"canonical":"https:\/\/lat.nl\/de\/ausschreibung-in-europa\/","og_locale":"de_DE","og_type":"article","og_title":"Ausschreibung in Europa - Looije Agro Technics BV","og_description":"Wenn ein Projekt realisiert wird entweder durch die beh\u00f6rdlichen Instanzen oder f\u00fcr die beh\u00f6rdlichen Instanzen, dann gelten gesetzliche Vorschriften bez\u00fcglich der Durchf\u00fchrung oder Ausschreibung des Projektes. \u00dcber einen bestimmten &#8222;Schwellenbetrag&#8220; hinaus, muss in Europa sogar eine europ\u00e4ische Ausschreibung erfolgen, unter anderem durch Anmeldung und Ver\u00f6ffentlichung in den Ausgabenberichten der EU. Mit Hilfe dieser Vorschriften m\u00f6chten [&hellip;]","og_url":"https:\/\/lat.nl\/de\/ausschreibung-in-europa\/","og_site_name":"Looije Agro Technics BV","twitter_card":"summary_large_image","twitter_misc":{"Gesch\u00e4tzte Lesezeit":"1\u00a0Minute"},"schema":{"@context":"https:\/\/schema.org","@graph":[{"@type":"WebPage","@id":"https:\/\/lat.nl\/de\/ausschreibung-in-europa\/","url":"https:\/\/lat.nl\/de\/ausschreibung-in-europa\/","name":"Ausschreibung in Europa - Looije Agro Technics BV","isPartOf":{"@id":"https:\/\/lat.nl\/#website"},"datePublished":"2018-03-28T12:08:40+00:00","breadcrumb":{"@id":"https:\/\/lat.nl\/de\/ausschreibung-in-europa\/#breadcrumb"},"inLanguage":"de","potentialAction":[{"@type":"ReadAction","target":["https:\/\/lat.nl\/de\/ausschreibung-in-europa\/"]}]},{"@type":"BreadcrumbList","@id":"https:\/\/lat.nl\/de\/ausschreibung-in-europa\/#breadcrumb","itemListElement":[{"@type":"ListItem","position":1,"name":"Home","item":"https:\/\/lat.nl\/de\/"},{"@type":"ListItem","position":2,"name":"Ausschreibung in Europa"}]},{"@type":"WebSite","@id":"https:\/\/lat.nl\/#website","url":"https:\/\/lat.nl\/","name":"Looije Agro Technics BV","description":"H\u00e9t onafhankelijk bouwmanagementbureau in de glastuinbouwsector","publisher":{"@id":"https:\/\/lat.nl\/#organization"},"potentialAction":[{"@type":"SearchAction","target":{"@type":"EntryPoint","urlTemplate":"https:\/\/lat.nl\/?s={search_term_string}"},"query-input":{"@type":"PropertyValueSpecification","valueRequired":true,"valueName":"search_term_string"}}],"inLanguage":"de"},{"@type":"Organization","@id":"https:\/\/lat.nl\/#organization","name":"Looije Agro Technics BV","url":"https:\/\/lat.nl\/","logo":{"@type":"ImageObject","inLanguage":"de","@id":"https:\/\/lat.nl\/#\/schema\/logo\/image\/","url":"https:\/\/lat.nl\/wp-content\/uploads\/2018\/03\/logo.jpg","contentUrl":"https:\/\/lat.nl\/wp-content\/uploads\/2018\/03\/logo.jpg","width":319,"height":122,"caption":"Looije Agro Technics BV"},"image":{"@id":"https:\/\/lat.nl\/#\/schema\/logo\/image\/"}}]}},"_links":{"self":[{"href":"https:\/\/lat.nl\/de\/wp-json\/wp\/v2\/pages\/2272","targetHints":{"allow":["GET"]}}],"collection":[{"href":"https:\/\/lat.nl\/de\/wp-json\/wp\/v2\/pages"}],"about":[{"href":"https:\/\/lat.nl\/de\/wp-json\/wp\/v2\/types\/page"}],"author":[{"embeddable":true,"href":"https:\/\/lat.nl\/de\/wp-json\/wp\/v2\/users\/1"}],"replies":[{"embeddable":true,"href":"https:\/\/lat.nl\/de\/wp-json\/wp\/v2\/comments?post=2272"}],"version-history":[{"count":0,"href":"https:\/\/lat.nl\/de\/wp-json\/wp\/v2\/pages\/2272\/revisions"}],"wp:attachment":[{"href":"https:\/\/lat.nl\/de\/wp-json\/wp\/v2\/media?parent=2272"}],"curies":[{"name":"wp","href":"https:\/\/api.w.org\/{rel}","templated":true}]}}