{"id":2274,"date":"2018-03-28T12:08:40","date_gmt":"2018-03-28T12:08:40","guid":{"rendered":"https:\/\/lat.nl\/beratung-beim-energieversorgungsbetrieb\/"},"modified":"2018-03-28T12:08:40","modified_gmt":"2018-03-28T12:08:40","slug":"beratung-beim-energieversorgungsbetrieb","status":"publish","type":"page","link":"https:\/\/lat.nl\/de\/beratung-beim-energieversorgungsbetrieb\/","title":{"rendered":"Beratung beim Energieversorgungsbetrieb"},"content":{"rendered":"<p>Mit den heutigen Problemen am Energiemarkt ist die Entscheidung f\u00fcr die &#8222;richtige&#8220; Wahl zum richtigen Moment ein wichtiges Faktum f\u00fcr die Betreibung eines modernen (Unterglas)-Gartenbaubetriebes. Das Erstellen von Versorgungsberechnungen ist daher ein sehr komplexes Anliegen.<\/p>\n<p>Looije Agro Technics operiert v\u00f6llig unabh\u00e4ngig ohne Lieferantenbindung und ist daher ein ausgezeichneter Partner in Fragen \u00fcber Energieversorgung, BHKW-Anlagen, unterirdische Lagerung, Aquifers, Holzkessel, Bioverg\u00e4rungsanlagen K\u00fchlung und sonstiges.<\/p>\n<p>Durch alle Techniken nebeneinander zu stellen und auf Ihre Situation zu projizieren, erhalten Sie eine fundierte Grundlage, die richtige Entscheidung zu treffen im Hinblick auf Ihren Energieversorgungsbedarf. Unsere Techniker gehen gerne mit Ihnen die verschiedenen M\u00f6glichkeiten durch und rechnen Ihnen alles vor.<\/p>\n","protected":false},"excerpt":{"rendered":"<p>Mit den heutigen Problemen am Energiemarkt ist die Entscheidung f\u00fcr die &#8222;richtige&#8220; Wahl zum richtigen Moment ein wichtiges Faktum f\u00fcr die Betreibung eines modernen (Unterglas)-Gartenbaubetriebes. Das Erstellen von Versorgungsberechnungen ist daher ein sehr komplexes Anliegen. Looije Agro Technics operiert v\u00f6llig unabh\u00e4ngig ohne Lieferantenbindung und ist daher ein ausgezeichneter Partner in Fragen \u00fcber Energieversorgung, BHKW-Anlagen, unterirdische [&hellip;]<\/p>\n","protected":false},"author":1,"featured_media":0,"parent":0,"menu_order":0,"comment_status":"open","ping_status":"closed","template":"","meta":{"_acf_changed":false,"_exactmetrics_skip_tracking":false,"_exactmetrics_sitenote_active":false,"_exactmetrics_sitenote_note":"","_exactmetrics_sitenote_category":0,"footnotes":""},"class_list":["post-2274","page","type-page","status-publish","hentry"],"acf":[],"yoast_head":"<!-- This site is optimized with the Yoast SEO plugin v27.4 - https:\/\/yoast.com\/product\/yoast-seo-wordpress\/ -->\n<title>Beratung beim Energieversorgungsbetrieb - Looije Agro Technics BV<\/title>\n<meta name=\"robots\" content=\"index, follow, max-snippet:-1, max-image-preview:large, max-video-preview:-1\" \/>\n<link rel=\"canonical\" href=\"https:\/\/lat.nl\/de\/beratung-beim-energieversorgungsbetrieb\/\" \/>\n<meta property=\"og:locale\" content=\"de_DE\" \/>\n<meta property=\"og:type\" content=\"article\" \/>\n<meta property=\"og:title\" content=\"Beratung beim Energieversorgungsbetrieb - Looije Agro Technics BV\" \/>\n<meta property=\"og:description\" content=\"Mit den heutigen Problemen am Energiemarkt ist die Entscheidung f\u00fcr die &#8222;richtige&#8220; Wahl zum richtigen Moment ein wichtiges Faktum f\u00fcr die Betreibung eines modernen (Unterglas)-Gartenbaubetriebes. Das Erstellen von Versorgungsberechnungen ist daher ein sehr komplexes Anliegen. Looije Agro Technics operiert v\u00f6llig unabh\u00e4ngig ohne Lieferantenbindung und ist daher ein ausgezeichneter Partner in Fragen \u00fcber Energieversorgung, BHKW-Anlagen, unterirdische [&hellip;]\" \/>\n<meta property=\"og:url\" content=\"https:\/\/lat.nl\/de\/beratung-beim-energieversorgungsbetrieb\/\" \/>\n<meta property=\"og:site_name\" content=\"Looije Agro Technics BV\" \/>\n<meta name=\"twitter:card\" content=\"summary_large_image\" \/>\n<meta name=\"twitter:label1\" content=\"Gesch\u00e4tzte Lesezeit\" \/>\n\t<meta name=\"twitter:data1\" content=\"1\u00a0Minute\" \/>\n<script type=\"application\/ld+json\" class=\"yoast-schema-graph\">{\"@context\":\"https:\\\/\\\/schema.org\",\"@graph\":[{\"@type\":\"WebPage\",\"@id\":\"https:\\\/\\\/lat.nl\\\/de\\\/beratung-beim-energieversorgungsbetrieb\\\/\",\"url\":\"https:\\\/\\\/lat.nl\\\/de\\\/beratung-beim-energieversorgungsbetrieb\\\/\",\"name\":\"Beratung beim Energieversorgungsbetrieb - Looije Agro Technics BV\",\"isPartOf\":{\"@id\":\"https:\\\/\\\/lat.nl\\\/#website\"},\"datePublished\":\"2018-03-28T12:08:40+00:00\",\"breadcrumb\":{\"@id\":\"https:\\\/\\\/lat.nl\\\/de\\\/beratung-beim-energieversorgungsbetrieb\\\/#breadcrumb\"},\"inLanguage\":\"de\",\"potentialAction\":[{\"@type\":\"ReadAction\",\"target\":[\"https:\\\/\\\/lat.nl\\\/de\\\/beratung-beim-energieversorgungsbetrieb\\\/\"]}]},{\"@type\":\"BreadcrumbList\",\"@id\":\"https:\\\/\\\/lat.nl\\\/de\\\/beratung-beim-energieversorgungsbetrieb\\\/#breadcrumb\",\"itemListElement\":[{\"@type\":\"ListItem\",\"position\":1,\"name\":\"Home\",\"item\":\"https:\\\/\\\/lat.nl\\\/de\\\/\"},{\"@type\":\"ListItem\",\"position\":2,\"name\":\"Beratung beim Energieversorgungsbetrieb\"}]},{\"@type\":\"WebSite\",\"@id\":\"https:\\\/\\\/lat.nl\\\/#website\",\"url\":\"https:\\\/\\\/lat.nl\\\/\",\"name\":\"Looije Agro Technics BV\",\"description\":\"H\u00e9t onafhankelijk bouwmanagementbureau in de glastuinbouwsector\",\"publisher\":{\"@id\":\"https:\\\/\\\/lat.nl\\\/#organization\"},\"potentialAction\":[{\"@type\":\"SearchAction\",\"target\":{\"@type\":\"EntryPoint\",\"urlTemplate\":\"https:\\\/\\\/lat.nl\\\/?s={search_term_string}\"},\"query-input\":{\"@type\":\"PropertyValueSpecification\",\"valueRequired\":true,\"valueName\":\"search_term_string\"}}],\"inLanguage\":\"de\"},{\"@type\":\"Organization\",\"@id\":\"https:\\\/\\\/lat.nl\\\/#organization\",\"name\":\"Looije Agro Technics BV\",\"url\":\"https:\\\/\\\/lat.nl\\\/\",\"logo\":{\"@type\":\"ImageObject\",\"inLanguage\":\"de\",\"@id\":\"https:\\\/\\\/lat.nl\\\/#\\\/schema\\\/logo\\\/image\\\/\",\"url\":\"https:\\\/\\\/lat.nl\\\/wp-content\\\/uploads\\\/2018\\\/03\\\/logo.jpg\",\"contentUrl\":\"https:\\\/\\\/lat.nl\\\/wp-content\\\/uploads\\\/2018\\\/03\\\/logo.jpg\",\"width\":319,\"height\":122,\"caption\":\"Looije Agro Technics BV\"},\"image\":{\"@id\":\"https:\\\/\\\/lat.nl\\\/#\\\/schema\\\/logo\\\/image\\\/\"}}]}<\/script>\n<!-- \/ Yoast SEO plugin. -->","yoast_head_json":{"title":"Beratung beim Energieversorgungsbetrieb - Looije Agro Technics BV","robots":{"index":"index","follow":"follow","max-snippet":"max-snippet:-1","max-image-preview":"max-image-preview:large","max-video-preview":"max-video-preview:-1"},"canonical":"https:\/\/lat.nl\/de\/beratung-beim-energieversorgungsbetrieb\/","og_locale":"de_DE","og_type":"article","og_title":"Beratung beim Energieversorgungsbetrieb - Looije Agro Technics BV","og_description":"Mit den heutigen Problemen am Energiemarkt ist die Entscheidung f\u00fcr die &#8222;richtige&#8220; Wahl zum richtigen Moment ein wichtiges Faktum f\u00fcr die Betreibung eines modernen (Unterglas)-Gartenbaubetriebes. Das Erstellen von Versorgungsberechnungen ist daher ein sehr komplexes Anliegen. Looije Agro Technics operiert v\u00f6llig unabh\u00e4ngig ohne Lieferantenbindung und ist daher ein ausgezeichneter Partner in Fragen \u00fcber Energieversorgung, BHKW-Anlagen, unterirdische [&hellip;]","og_url":"https:\/\/lat.nl\/de\/beratung-beim-energieversorgungsbetrieb\/","og_site_name":"Looije Agro Technics BV","twitter_card":"summary_large_image","twitter_misc":{"Gesch\u00e4tzte Lesezeit":"1\u00a0Minute"},"schema":{"@context":"https:\/\/schema.org","@graph":[{"@type":"WebPage","@id":"https:\/\/lat.nl\/de\/beratung-beim-energieversorgungsbetrieb\/","url":"https:\/\/lat.nl\/de\/beratung-beim-energieversorgungsbetrieb\/","name":"Beratung beim Energieversorgungsbetrieb - Looije Agro Technics BV","isPartOf":{"@id":"https:\/\/lat.nl\/#website"},"datePublished":"2018-03-28T12:08:40+00:00","breadcrumb":{"@id":"https:\/\/lat.nl\/de\/beratung-beim-energieversorgungsbetrieb\/#breadcrumb"},"inLanguage":"de","potentialAction":[{"@type":"ReadAction","target":["https:\/\/lat.nl\/de\/beratung-beim-energieversorgungsbetrieb\/"]}]},{"@type":"BreadcrumbList","@id":"https:\/\/lat.nl\/de\/beratung-beim-energieversorgungsbetrieb\/#breadcrumb","itemListElement":[{"@type":"ListItem","position":1,"name":"Home","item":"https:\/\/lat.nl\/de\/"},{"@type":"ListItem","position":2,"name":"Beratung beim Energieversorgungsbetrieb"}]},{"@type":"WebSite","@id":"https:\/\/lat.nl\/#website","url":"https:\/\/lat.nl\/","name":"Looije Agro Technics BV","description":"H\u00e9t onafhankelijk bouwmanagementbureau in de glastuinbouwsector","publisher":{"@id":"https:\/\/lat.nl\/#organization"},"potentialAction":[{"@type":"SearchAction","target":{"@type":"EntryPoint","urlTemplate":"https:\/\/lat.nl\/?s={search_term_string}"},"query-input":{"@type":"PropertyValueSpecification","valueRequired":true,"valueName":"search_term_string"}}],"inLanguage":"de"},{"@type":"Organization","@id":"https:\/\/lat.nl\/#organization","name":"Looije Agro Technics BV","url":"https:\/\/lat.nl\/","logo":{"@type":"ImageObject","inLanguage":"de","@id":"https:\/\/lat.nl\/#\/schema\/logo\/image\/","url":"https:\/\/lat.nl\/wp-content\/uploads\/2018\/03\/logo.jpg","contentUrl":"https:\/\/lat.nl\/wp-content\/uploads\/2018\/03\/logo.jpg","width":319,"height":122,"caption":"Looije Agro Technics BV"},"image":{"@id":"https:\/\/lat.nl\/#\/schema\/logo\/image\/"}}]}},"_links":{"self":[{"href":"https:\/\/lat.nl\/de\/wp-json\/wp\/v2\/pages\/2274","targetHints":{"allow":["GET"]}}],"collection":[{"href":"https:\/\/lat.nl\/de\/wp-json\/wp\/v2\/pages"}],"about":[{"href":"https:\/\/lat.nl\/de\/wp-json\/wp\/v2\/types\/page"}],"author":[{"embeddable":true,"href":"https:\/\/lat.nl\/de\/wp-json\/wp\/v2\/users\/1"}],"replies":[{"embeddable":true,"href":"https:\/\/lat.nl\/de\/wp-json\/wp\/v2\/comments?post=2274"}],"version-history":[{"count":0,"href":"https:\/\/lat.nl\/de\/wp-json\/wp\/v2\/pages\/2274\/revisions"}],"wp:attachment":[{"href":"https:\/\/lat.nl\/de\/wp-json\/wp\/v2\/media?parent=2274"}],"curies":[{"name":"wp","href":"https:\/\/api.w.org\/{rel}","templated":true}]}}