{"id":2276,"date":"2018-03-28T12:08:40","date_gmt":"2018-03-28T12:08:40","guid":{"rendered":"https:\/\/lat.nl\/laden-sie-hier-unsere-allgemeinen-geschafts-broschure\/"},"modified":"2020-01-23T12:25:12","modified_gmt":"2020-01-23T12:25:12","slug":"laden-sie-hier-unsere-allgemeinen-geschafts-broschure","status":"publish","type":"page","link":"https:\/\/lat.nl\/de\/uber-uns\/laden-sie-hier-unsere-allgemeinen-geschafts-broschure\/","title":{"rendered":"Laden Sie hier unsere allgemeinen Gesch\u00e4fts-Brosch\u00fcre"},"content":{"rendered":"<ul class=\"pdf-ul\">\n<li><a href=\"https:\/\/lat.nl\/wp-content\/uploads\/2020\/01\/Looije-Agro-Technics-bv-Brochure-Duits-1e.pdf\">Gesch\u00e4fts-Brosch\u00fcre Deutsch (PDF)<\/a><\/li>\n<\/ul>\n","protected":false},"excerpt":{"rendered":"<p>Gesch\u00e4fts-Brosch\u00fcre Deutsch (PDF)<\/p>\n","protected":false},"author":1,"featured_media":0,"parent":2244,"menu_order":0,"comment_status":"open","ping_status":"closed","template":"","meta":{"_acf_changed":false,"_exactmetrics_skip_tracking":false,"_exactmetrics_sitenote_active":false,"_exactmetrics_sitenote_note":"","_exactmetrics_sitenote_category":0,"footnotes":""},"class_list":["post-2276","page","type-page","status-publish","hentry"],"acf":[],"yoast_head":"<!-- This site is optimized with the Yoast SEO plugin v27.4 - https:\/\/yoast.com\/product\/yoast-seo-wordpress\/ -->\n<title>Laden Sie hier unsere allgemeinen Gesch\u00e4fts-Brosch\u00fcre - Looije Agro Technics BV<\/title>\n<meta name=\"robots\" content=\"index, follow, max-snippet:-1, max-image-preview:large, max-video-preview:-1\" \/>\n<link rel=\"canonical\" href=\"https:\/\/lat.nl\/de\/uber-uns\/laden-sie-hier-unsere-allgemeinen-geschafts-broschure\/\" \/>\n<meta property=\"og:locale\" content=\"de_DE\" \/>\n<meta property=\"og:type\" content=\"article\" \/>\n<meta property=\"og:title\" content=\"Laden Sie hier unsere allgemeinen Gesch\u00e4fts-Brosch\u00fcre - Looije Agro Technics BV\" \/>\n<meta property=\"og:description\" content=\"Gesch\u00e4fts-Brosch\u00fcre Deutsch (PDF)\" \/>\n<meta property=\"og:url\" content=\"https:\/\/lat.nl\/de\/uber-uns\/laden-sie-hier-unsere-allgemeinen-geschafts-broschure\/\" \/>\n<meta property=\"og:site_name\" content=\"Looije Agro Technics BV\" \/>\n<meta property=\"article:modified_time\" content=\"2020-01-23T12:25:12+00:00\" \/>\n<meta name=\"twitter:card\" content=\"summary_large_image\" \/>\n<script type=\"application\/ld+json\" class=\"yoast-schema-graph\">{\"@context\":\"https:\\\/\\\/schema.org\",\"@graph\":[{\"@type\":\"WebPage\",\"@id\":\"https:\\\/\\\/lat.nl\\\/de\\\/uber-uns\\\/laden-sie-hier-unsere-allgemeinen-geschafts-broschure\\\/\",\"url\":\"https:\\\/\\\/lat.nl\\\/de\\\/uber-uns\\\/laden-sie-hier-unsere-allgemeinen-geschafts-broschure\\\/\",\"name\":\"Laden Sie hier unsere allgemeinen Gesch\u00e4fts-Brosch\u00fcre - Looije Agro Technics BV\",\"isPartOf\":{\"@id\":\"https:\\\/\\\/lat.nl\\\/#website\"},\"datePublished\":\"2018-03-28T12:08:40+00:00\",\"dateModified\":\"2020-01-23T12:25:12+00:00\",\"breadcrumb\":{\"@id\":\"https:\\\/\\\/lat.nl\\\/de\\\/uber-uns\\\/laden-sie-hier-unsere-allgemeinen-geschafts-broschure\\\/#breadcrumb\"},\"inLanguage\":\"de\",\"potentialAction\":[{\"@type\":\"ReadAction\",\"target\":[\"https:\\\/\\\/lat.nl\\\/de\\\/uber-uns\\\/laden-sie-hier-unsere-allgemeinen-geschafts-broschure\\\/\"]}]},{\"@type\":\"BreadcrumbList\",\"@id\":\"https:\\\/\\\/lat.nl\\\/de\\\/uber-uns\\\/laden-sie-hier-unsere-allgemeinen-geschafts-broschure\\\/#breadcrumb\",\"itemListElement\":[{\"@type\":\"ListItem\",\"position\":1,\"name\":\"Home\",\"item\":\"https:\\\/\\\/lat.nl\\\/de\\\/\"},{\"@type\":\"ListItem\",\"position\":2,\"name\":\"\u00dcber uns\",\"item\":\"https:\\\/\\\/lat.nl\\\/de\\\/uber-uns\\\/\"},{\"@type\":\"ListItem\",\"position\":3,\"name\":\"Laden Sie hier unsere allgemeinen Gesch\u00e4fts-Brosch\u00fcre\"}]},{\"@type\":\"WebSite\",\"@id\":\"https:\\\/\\\/lat.nl\\\/#website\",\"url\":\"https:\\\/\\\/lat.nl\\\/\",\"name\":\"Looije Agro Technics BV\",\"description\":\"H\u00e9t onafhankelijk bouwmanagementbureau in de glastuinbouwsector\",\"publisher\":{\"@id\":\"https:\\\/\\\/lat.nl\\\/#organization\"},\"potentialAction\":[{\"@type\":\"SearchAction\",\"target\":{\"@type\":\"EntryPoint\",\"urlTemplate\":\"https:\\\/\\\/lat.nl\\\/?s={search_term_string}\"},\"query-input\":{\"@type\":\"PropertyValueSpecification\",\"valueRequired\":true,\"valueName\":\"search_term_string\"}}],\"inLanguage\":\"de\"},{\"@type\":\"Organization\",\"@id\":\"https:\\\/\\\/lat.nl\\\/#organization\",\"name\":\"Looije Agro Technics BV\",\"url\":\"https:\\\/\\\/lat.nl\\\/\",\"logo\":{\"@type\":\"ImageObject\",\"inLanguage\":\"de\",\"@id\":\"https:\\\/\\\/lat.nl\\\/#\\\/schema\\\/logo\\\/image\\\/\",\"url\":\"https:\\\/\\\/lat.nl\\\/wp-content\\\/uploads\\\/2018\\\/03\\\/logo.jpg\",\"contentUrl\":\"https:\\\/\\\/lat.nl\\\/wp-content\\\/uploads\\\/2018\\\/03\\\/logo.jpg\",\"width\":319,\"height\":122,\"caption\":\"Looije Agro Technics BV\"},\"image\":{\"@id\":\"https:\\\/\\\/lat.nl\\\/#\\\/schema\\\/logo\\\/image\\\/\"}}]}<\/script>\n<!-- \/ Yoast SEO plugin. -->","yoast_head_json":{"title":"Laden Sie hier unsere allgemeinen Gesch\u00e4fts-Brosch\u00fcre - Looije Agro Technics BV","robots":{"index":"index","follow":"follow","max-snippet":"max-snippet:-1","max-image-preview":"max-image-preview:large","max-video-preview":"max-video-preview:-1"},"canonical":"https:\/\/lat.nl\/de\/uber-uns\/laden-sie-hier-unsere-allgemeinen-geschafts-broschure\/","og_locale":"de_DE","og_type":"article","og_title":"Laden Sie hier unsere allgemeinen Gesch\u00e4fts-Brosch\u00fcre - Looije Agro Technics BV","og_description":"Gesch\u00e4fts-Brosch\u00fcre Deutsch (PDF)","og_url":"https:\/\/lat.nl\/de\/uber-uns\/laden-sie-hier-unsere-allgemeinen-geschafts-broschure\/","og_site_name":"Looije Agro Technics BV","article_modified_time":"2020-01-23T12:25:12+00:00","twitter_card":"summary_large_image","schema":{"@context":"https:\/\/schema.org","@graph":[{"@type":"WebPage","@id":"https:\/\/lat.nl\/de\/uber-uns\/laden-sie-hier-unsere-allgemeinen-geschafts-broschure\/","url":"https:\/\/lat.nl\/de\/uber-uns\/laden-sie-hier-unsere-allgemeinen-geschafts-broschure\/","name":"Laden Sie hier unsere allgemeinen Gesch\u00e4fts-Brosch\u00fcre - Looije Agro Technics BV","isPartOf":{"@id":"https:\/\/lat.nl\/#website"},"datePublished":"2018-03-28T12:08:40+00:00","dateModified":"2020-01-23T12:25:12+00:00","breadcrumb":{"@id":"https:\/\/lat.nl\/de\/uber-uns\/laden-sie-hier-unsere-allgemeinen-geschafts-broschure\/#breadcrumb"},"inLanguage":"de","potentialAction":[{"@type":"ReadAction","target":["https:\/\/lat.nl\/de\/uber-uns\/laden-sie-hier-unsere-allgemeinen-geschafts-broschure\/"]}]},{"@type":"BreadcrumbList","@id":"https:\/\/lat.nl\/de\/uber-uns\/laden-sie-hier-unsere-allgemeinen-geschafts-broschure\/#breadcrumb","itemListElement":[{"@type":"ListItem","position":1,"name":"Home","item":"https:\/\/lat.nl\/de\/"},{"@type":"ListItem","position":2,"name":"\u00dcber uns","item":"https:\/\/lat.nl\/de\/uber-uns\/"},{"@type":"ListItem","position":3,"name":"Laden Sie hier unsere allgemeinen Gesch\u00e4fts-Brosch\u00fcre"}]},{"@type":"WebSite","@id":"https:\/\/lat.nl\/#website","url":"https:\/\/lat.nl\/","name":"Looije Agro Technics BV","description":"H\u00e9t onafhankelijk bouwmanagementbureau in de glastuinbouwsector","publisher":{"@id":"https:\/\/lat.nl\/#organization"},"potentialAction":[{"@type":"SearchAction","target":{"@type":"EntryPoint","urlTemplate":"https:\/\/lat.nl\/?s={search_term_string}"},"query-input":{"@type":"PropertyValueSpecification","valueRequired":true,"valueName":"search_term_string"}}],"inLanguage":"de"},{"@type":"Organization","@id":"https:\/\/lat.nl\/#organization","name":"Looije Agro Technics BV","url":"https:\/\/lat.nl\/","logo":{"@type":"ImageObject","inLanguage":"de","@id":"https:\/\/lat.nl\/#\/schema\/logo\/image\/","url":"https:\/\/lat.nl\/wp-content\/uploads\/2018\/03\/logo.jpg","contentUrl":"https:\/\/lat.nl\/wp-content\/uploads\/2018\/03\/logo.jpg","width":319,"height":122,"caption":"Looije Agro Technics BV"},"image":{"@id":"https:\/\/lat.nl\/#\/schema\/logo\/image\/"}}]}},"_links":{"self":[{"href":"https:\/\/lat.nl\/de\/wp-json\/wp\/v2\/pages\/2276","targetHints":{"allow":["GET"]}}],"collection":[{"href":"https:\/\/lat.nl\/de\/wp-json\/wp\/v2\/pages"}],"about":[{"href":"https:\/\/lat.nl\/de\/wp-json\/wp\/v2\/types\/page"}],"author":[{"embeddable":true,"href":"https:\/\/lat.nl\/de\/wp-json\/wp\/v2\/users\/1"}],"replies":[{"embeddable":true,"href":"https:\/\/lat.nl\/de\/wp-json\/wp\/v2\/comments?post=2276"}],"version-history":[{"count":1,"href":"https:\/\/lat.nl\/de\/wp-json\/wp\/v2\/pages\/2276\/revisions"}],"predecessor-version":[{"id":3916,"href":"https:\/\/lat.nl\/de\/wp-json\/wp\/v2\/pages\/2276\/revisions\/3916"}],"up":[{"embeddable":true,"href":"https:\/\/lat.nl\/de\/wp-json\/wp\/v2\/pages\/2244"}],"wp:attachment":[{"href":"https:\/\/lat.nl\/de\/wp-json\/wp\/v2\/media?parent=2276"}],"curies":[{"name":"wp","href":"https:\/\/api.w.org\/{rel}","templated":true}]}}