{"id":2278,"date":"2018-03-28T12:08:40","date_gmt":"2018-03-28T12:08:40","guid":{"rendered":"https:\/\/lat.nl\/kontrolle-am-bau\/"},"modified":"2018-03-28T12:08:40","modified_gmt":"2018-03-28T12:08:40","slug":"kontrolle-am-bau","status":"publish","type":"page","link":"https:\/\/lat.nl\/de\/kontrolle-am-bau\/","title":{"rendered":"Kontrolle am Bau"},"content":{"rendered":"<p>Jedes Bauprojekt steht oder f\u00e4llt mit der regelm\u00e4\u00dfigen und strukturellen Koordination und Kontrolle durch alle beteiligten Parteien, die den vereinbarten Absprachen gewissenhaft nachkommen. Die Au\u00dfendienstmitarbeiter von Looije Agro Technics sorgen gem\u00e4\u00df der Absprache f\u00fcr ausreichende und unmittelbare Baubetreuung vor Ort. Falls die Arbeiten es erforderlich machen, (zum Beispiel beim Betongie\u00dfen oder bei intensiven Erdarbeiten) oder weil der Auftraggeber dies f\u00fcr notwendig erachtet, kann die Baukontrolle sogar t\u00e4glich oder durchgehend stattfinden.<\/p>\n<p>Unter die Aufgaben der Baubetreuung f\u00e4llt auch die stichprobenartige Musterentnahme durch unsere Projektmitarbeiter, und zwar pr\u00fcfen sie alle betreffenden Baumaterialien, um deren Qualit\u00e4t und Anwendbarkeit zu pr\u00fcfen. Zum Beispiel werden auch Glasmuster entnommen, um deren Lichtdurchl\u00e4ssigkeit zu pr\u00fcfen, oder Stahlmuster um die Qualit\u00e4t und St\u00e4rke des Stahls zu kontrollieren. Unsere Projektmitarbeiter sind vertraut mit allen gartenbauspezifischen Techniken. Auch die Art und Weise wie Lieferanten ihre Materialien liefern, lagern oder zusammensetzen, wird deshalb kritisch gepr\u00fcft und falls erforderlich, werden auch die betreffenden Lieferanten auf Fehler hingewiesen, gem\u00e4\u00df dem Motto: &#8218;Vertrauen ist gut, Kontrolle ist besser!&#8216;<\/p>\n<p>Daneben sind unsere Projektmitarbeiter &#8222;Au\u00dfendienst&#8220; durch ihre physische Anwesenheit auf der Baustelle auch die Anlaufstelle f\u00fcr Fragen seitens der Lieferanten oder der (Sub)Unternehmer.<\/p>\n","protected":false},"excerpt":{"rendered":"<p>Jedes Bauprojekt steht oder f\u00e4llt mit der regelm\u00e4\u00dfigen und strukturellen Koordination und Kontrolle durch alle beteiligten Parteien, die den vereinbarten Absprachen gewissenhaft nachkommen. Die Au\u00dfendienstmitarbeiter von Looije Agro Technics sorgen gem\u00e4\u00df der Absprache f\u00fcr ausreichende und unmittelbare Baubetreuung vor Ort. Falls die Arbeiten es erforderlich machen, (zum Beispiel beim Betongie\u00dfen oder bei intensiven Erdarbeiten) oder [&hellip;]<\/p>\n","protected":false},"author":1,"featured_media":0,"parent":0,"menu_order":0,"comment_status":"open","ping_status":"closed","template":"","meta":{"_acf_changed":false,"_exactmetrics_skip_tracking":false,"_exactmetrics_sitenote_active":false,"_exactmetrics_sitenote_note":"","_exactmetrics_sitenote_category":0,"footnotes":""},"class_list":["post-2278","page","type-page","status-publish","hentry"],"acf":[],"yoast_head":"<!-- This site is optimized with the Yoast SEO plugin v27.3 - https:\/\/yoast.com\/product\/yoast-seo-wordpress\/ -->\n<title>Kontrolle am Bau - Looije Agro Technics BV<\/title>\n<meta name=\"robots\" content=\"index, follow, max-snippet:-1, max-image-preview:large, max-video-preview:-1\" \/>\n<link rel=\"canonical\" href=\"https:\/\/lat.nl\/de\/kontrolle-am-bau\/\" \/>\n<meta property=\"og:locale\" content=\"de_DE\" \/>\n<meta property=\"og:type\" content=\"article\" \/>\n<meta property=\"og:title\" content=\"Kontrolle am Bau - Looije Agro Technics BV\" \/>\n<meta property=\"og:description\" content=\"Jedes Bauprojekt steht oder f\u00e4llt mit der regelm\u00e4\u00dfigen und strukturellen Koordination und Kontrolle durch alle beteiligten Parteien, die den vereinbarten Absprachen gewissenhaft nachkommen. Die Au\u00dfendienstmitarbeiter von Looije Agro Technics sorgen gem\u00e4\u00df der Absprache f\u00fcr ausreichende und unmittelbare Baubetreuung vor Ort. Falls die Arbeiten es erforderlich machen, (zum Beispiel beim Betongie\u00dfen oder bei intensiven Erdarbeiten) oder [&hellip;]\" \/>\n<meta property=\"og:url\" content=\"https:\/\/lat.nl\/de\/kontrolle-am-bau\/\" \/>\n<meta property=\"og:site_name\" content=\"Looije Agro Technics BV\" \/>\n<meta name=\"twitter:card\" content=\"summary_large_image\" \/>\n<meta name=\"twitter:label1\" content=\"Gesch\u00e4tzte Lesezeit\" \/>\n\t<meta name=\"twitter:data1\" content=\"1\u00a0Minute\" \/>\n<script type=\"application\/ld+json\" class=\"yoast-schema-graph\">{\"@context\":\"https:\\\/\\\/schema.org\",\"@graph\":[{\"@type\":\"WebPage\",\"@id\":\"https:\\\/\\\/lat.nl\\\/de\\\/kontrolle-am-bau\\\/\",\"url\":\"https:\\\/\\\/lat.nl\\\/de\\\/kontrolle-am-bau\\\/\",\"name\":\"Kontrolle am Bau - Looije Agro Technics BV\",\"isPartOf\":{\"@id\":\"https:\\\/\\\/lat.nl\\\/#website\"},\"datePublished\":\"2018-03-28T12:08:40+00:00\",\"breadcrumb\":{\"@id\":\"https:\\\/\\\/lat.nl\\\/de\\\/kontrolle-am-bau\\\/#breadcrumb\"},\"inLanguage\":\"de\",\"potentialAction\":[{\"@type\":\"ReadAction\",\"target\":[\"https:\\\/\\\/lat.nl\\\/de\\\/kontrolle-am-bau\\\/\"]}]},{\"@type\":\"BreadcrumbList\",\"@id\":\"https:\\\/\\\/lat.nl\\\/de\\\/kontrolle-am-bau\\\/#breadcrumb\",\"itemListElement\":[{\"@type\":\"ListItem\",\"position\":1,\"name\":\"Home\",\"item\":\"https:\\\/\\\/lat.nl\\\/de\\\/\"},{\"@type\":\"ListItem\",\"position\":2,\"name\":\"Kontrolle am Bau\"}]},{\"@type\":\"WebSite\",\"@id\":\"https:\\\/\\\/lat.nl\\\/#website\",\"url\":\"https:\\\/\\\/lat.nl\\\/\",\"name\":\"Looije Agro Technics BV\",\"description\":\"H\u00e9t onafhankelijk bouwmanagementbureau in de glastuinbouwsector\",\"publisher\":{\"@id\":\"https:\\\/\\\/lat.nl\\\/#organization\"},\"potentialAction\":[{\"@type\":\"SearchAction\",\"target\":{\"@type\":\"EntryPoint\",\"urlTemplate\":\"https:\\\/\\\/lat.nl\\\/?s={search_term_string}\"},\"query-input\":{\"@type\":\"PropertyValueSpecification\",\"valueRequired\":true,\"valueName\":\"search_term_string\"}}],\"inLanguage\":\"de\"},{\"@type\":\"Organization\",\"@id\":\"https:\\\/\\\/lat.nl\\\/#organization\",\"name\":\"Looije Agro Technics BV\",\"url\":\"https:\\\/\\\/lat.nl\\\/\",\"logo\":{\"@type\":\"ImageObject\",\"inLanguage\":\"de\",\"@id\":\"https:\\\/\\\/lat.nl\\\/#\\\/schema\\\/logo\\\/image\\\/\",\"url\":\"https:\\\/\\\/lat.nl\\\/wp-content\\\/uploads\\\/2018\\\/03\\\/logo.jpg\",\"contentUrl\":\"https:\\\/\\\/lat.nl\\\/wp-content\\\/uploads\\\/2018\\\/03\\\/logo.jpg\",\"width\":319,\"height\":122,\"caption\":\"Looije Agro Technics BV\"},\"image\":{\"@id\":\"https:\\\/\\\/lat.nl\\\/#\\\/schema\\\/logo\\\/image\\\/\"}}]}<\/script>\n<!-- \/ Yoast SEO plugin. -->","yoast_head_json":{"title":"Kontrolle am Bau - Looije Agro Technics BV","robots":{"index":"index","follow":"follow","max-snippet":"max-snippet:-1","max-image-preview":"max-image-preview:large","max-video-preview":"max-video-preview:-1"},"canonical":"https:\/\/lat.nl\/de\/kontrolle-am-bau\/","og_locale":"de_DE","og_type":"article","og_title":"Kontrolle am Bau - Looije Agro Technics BV","og_description":"Jedes Bauprojekt steht oder f\u00e4llt mit der regelm\u00e4\u00dfigen und strukturellen Koordination und Kontrolle durch alle beteiligten Parteien, die den vereinbarten Absprachen gewissenhaft nachkommen. Die Au\u00dfendienstmitarbeiter von Looije Agro Technics sorgen gem\u00e4\u00df der Absprache f\u00fcr ausreichende und unmittelbare Baubetreuung vor Ort. Falls die Arbeiten es erforderlich machen, (zum Beispiel beim Betongie\u00dfen oder bei intensiven Erdarbeiten) oder [&hellip;]","og_url":"https:\/\/lat.nl\/de\/kontrolle-am-bau\/","og_site_name":"Looije Agro Technics BV","twitter_card":"summary_large_image","twitter_misc":{"Gesch\u00e4tzte Lesezeit":"1\u00a0Minute"},"schema":{"@context":"https:\/\/schema.org","@graph":[{"@type":"WebPage","@id":"https:\/\/lat.nl\/de\/kontrolle-am-bau\/","url":"https:\/\/lat.nl\/de\/kontrolle-am-bau\/","name":"Kontrolle am Bau - Looije Agro Technics BV","isPartOf":{"@id":"https:\/\/lat.nl\/#website"},"datePublished":"2018-03-28T12:08:40+00:00","breadcrumb":{"@id":"https:\/\/lat.nl\/de\/kontrolle-am-bau\/#breadcrumb"},"inLanguage":"de","potentialAction":[{"@type":"ReadAction","target":["https:\/\/lat.nl\/de\/kontrolle-am-bau\/"]}]},{"@type":"BreadcrumbList","@id":"https:\/\/lat.nl\/de\/kontrolle-am-bau\/#breadcrumb","itemListElement":[{"@type":"ListItem","position":1,"name":"Home","item":"https:\/\/lat.nl\/de\/"},{"@type":"ListItem","position":2,"name":"Kontrolle am Bau"}]},{"@type":"WebSite","@id":"https:\/\/lat.nl\/#website","url":"https:\/\/lat.nl\/","name":"Looije Agro Technics BV","description":"H\u00e9t onafhankelijk bouwmanagementbureau in de glastuinbouwsector","publisher":{"@id":"https:\/\/lat.nl\/#organization"},"potentialAction":[{"@type":"SearchAction","target":{"@type":"EntryPoint","urlTemplate":"https:\/\/lat.nl\/?s={search_term_string}"},"query-input":{"@type":"PropertyValueSpecification","valueRequired":true,"valueName":"search_term_string"}}],"inLanguage":"de"},{"@type":"Organization","@id":"https:\/\/lat.nl\/#organization","name":"Looije Agro Technics BV","url":"https:\/\/lat.nl\/","logo":{"@type":"ImageObject","inLanguage":"de","@id":"https:\/\/lat.nl\/#\/schema\/logo\/image\/","url":"https:\/\/lat.nl\/wp-content\/uploads\/2018\/03\/logo.jpg","contentUrl":"https:\/\/lat.nl\/wp-content\/uploads\/2018\/03\/logo.jpg","width":319,"height":122,"caption":"Looije Agro Technics BV"},"image":{"@id":"https:\/\/lat.nl\/#\/schema\/logo\/image\/"}}]}},"_links":{"self":[{"href":"https:\/\/lat.nl\/de\/wp-json\/wp\/v2\/pages\/2278","targetHints":{"allow":["GET"]}}],"collection":[{"href":"https:\/\/lat.nl\/de\/wp-json\/wp\/v2\/pages"}],"about":[{"href":"https:\/\/lat.nl\/de\/wp-json\/wp\/v2\/types\/page"}],"author":[{"embeddable":true,"href":"https:\/\/lat.nl\/de\/wp-json\/wp\/v2\/users\/1"}],"replies":[{"embeddable":true,"href":"https:\/\/lat.nl\/de\/wp-json\/wp\/v2\/comments?post=2278"}],"version-history":[{"count":0,"href":"https:\/\/lat.nl\/de\/wp-json\/wp\/v2\/pages\/2278\/revisions"}],"wp:attachment":[{"href":"https:\/\/lat.nl\/de\/wp-json\/wp\/v2\/media?parent=2278"}],"curies":[{"name":"wp","href":"https:\/\/api.w.org\/{rel}","templated":true}]}}