{"id":2282,"date":"2018-03-28T12:08:40","date_gmt":"2018-03-28T12:08:40","guid":{"rendered":"https:\/\/lat.nl\/co2-messungen\/"},"modified":"2018-03-28T12:08:40","modified_gmt":"2018-03-28T12:08:40","slug":"co2-messungen","status":"publish","type":"page","link":"https:\/\/lat.nl\/de\/co2-messungen\/","title":{"rendered":"CO2 Messungen"},"content":{"rendered":"<p>Pflanzen verbrauchen ein bestimmtes CO2 Gehalt. Weil CO2 auch ein &#8218;Nebenprodukt&#8216; bei der Verbrennung im Heizkessel ist, oder bei der KWK-Anlage, die auf Erdgas ausrichtet ist, entsteht ein Spannungsfeld zwischen dem Produktionsangebot von CO2 und dem Bedarf an CO2. Um pr\u00fcfen zu k\u00f6nnen, ob Ihre Anlage auch einwandfrei funktioniert, verf\u00fcgt Looije Agro Technics \u00fcber Messinstrumente und ausgebildete Mitarbeiter, die Ihr Projekt durchleuchten und Bericht erstatten.<\/p>\n<p>Selbstverst\u00e4ndlich wird die Apparatur und vorhandene Expertise auch bei der Abnahme eingesetzt, um zu pr\u00fcfen, ob die Anlagen einwandfrei funktionieren. Auch wird die Expertise von Looije Agro Technics regelm\u00e4\u00dfig als externer Berater abgerufen, um bei einem Projekt oder Konflikt unabh\u00e4ngig beraten zu k\u00f6nnen.<\/p>\n","protected":false},"excerpt":{"rendered":"<p>Pflanzen verbrauchen ein bestimmtes CO2 Gehalt. Weil CO2 auch ein &#8218;Nebenprodukt&#8216; bei der Verbrennung im Heizkessel ist, oder bei der KWK-Anlage, die auf Erdgas ausrichtet ist, entsteht ein Spannungsfeld zwischen dem Produktionsangebot von CO2 und dem Bedarf an CO2. Um pr\u00fcfen zu k\u00f6nnen, ob Ihre Anlage auch einwandfrei funktioniert, verf\u00fcgt Looije Agro Technics \u00fcber Messinstrumente [&hellip;]<\/p>\n","protected":false},"author":1,"featured_media":0,"parent":0,"menu_order":0,"comment_status":"open","ping_status":"closed","template":"","meta":{"_acf_changed":false,"_exactmetrics_skip_tracking":false,"_exactmetrics_sitenote_active":false,"_exactmetrics_sitenote_note":"","_exactmetrics_sitenote_category":0,"footnotes":""},"class_list":["post-2282","page","type-page","status-publish","hentry"],"acf":[],"yoast_head":"<!-- This site is optimized with the Yoast SEO plugin v27.4 - https:\/\/yoast.com\/product\/yoast-seo-wordpress\/ -->\n<title>CO2 Messungen - Looije Agro Technics BV<\/title>\n<meta name=\"robots\" content=\"index, follow, max-snippet:-1, max-image-preview:large, max-video-preview:-1\" \/>\n<link rel=\"canonical\" href=\"https:\/\/lat.nl\/de\/co2-messungen\/\" \/>\n<meta property=\"og:locale\" content=\"de_DE\" \/>\n<meta property=\"og:type\" content=\"article\" \/>\n<meta property=\"og:title\" content=\"CO2 Messungen - Looije Agro Technics BV\" \/>\n<meta property=\"og:description\" content=\"Pflanzen verbrauchen ein bestimmtes CO2 Gehalt. Weil CO2 auch ein &#8218;Nebenprodukt&#8216; bei der Verbrennung im Heizkessel ist, oder bei der KWK-Anlage, die auf Erdgas ausrichtet ist, entsteht ein Spannungsfeld zwischen dem Produktionsangebot von CO2 und dem Bedarf an CO2. Um pr\u00fcfen zu k\u00f6nnen, ob Ihre Anlage auch einwandfrei funktioniert, verf\u00fcgt Looije Agro Technics \u00fcber Messinstrumente [&hellip;]\" \/>\n<meta property=\"og:url\" content=\"https:\/\/lat.nl\/de\/co2-messungen\/\" \/>\n<meta property=\"og:site_name\" content=\"Looije Agro Technics BV\" \/>\n<meta name=\"twitter:card\" content=\"summary_large_image\" \/>\n<meta name=\"twitter:label1\" content=\"Gesch\u00e4tzte Lesezeit\" \/>\n\t<meta name=\"twitter:data1\" content=\"1\u00a0Minute\" \/>\n<script type=\"application\/ld+json\" class=\"yoast-schema-graph\">{\"@context\":\"https:\\\/\\\/schema.org\",\"@graph\":[{\"@type\":\"WebPage\",\"@id\":\"https:\\\/\\\/lat.nl\\\/de\\\/co2-messungen\\\/\",\"url\":\"https:\\\/\\\/lat.nl\\\/de\\\/co2-messungen\\\/\",\"name\":\"CO2 Messungen - Looije Agro Technics BV\",\"isPartOf\":{\"@id\":\"https:\\\/\\\/lat.nl\\\/#website\"},\"datePublished\":\"2018-03-28T12:08:40+00:00\",\"breadcrumb\":{\"@id\":\"https:\\\/\\\/lat.nl\\\/de\\\/co2-messungen\\\/#breadcrumb\"},\"inLanguage\":\"de\",\"potentialAction\":[{\"@type\":\"ReadAction\",\"target\":[\"https:\\\/\\\/lat.nl\\\/de\\\/co2-messungen\\\/\"]}]},{\"@type\":\"BreadcrumbList\",\"@id\":\"https:\\\/\\\/lat.nl\\\/de\\\/co2-messungen\\\/#breadcrumb\",\"itemListElement\":[{\"@type\":\"ListItem\",\"position\":1,\"name\":\"Home\",\"item\":\"https:\\\/\\\/lat.nl\\\/de\\\/\"},{\"@type\":\"ListItem\",\"position\":2,\"name\":\"CO2 Messungen\"}]},{\"@type\":\"WebSite\",\"@id\":\"https:\\\/\\\/lat.nl\\\/#website\",\"url\":\"https:\\\/\\\/lat.nl\\\/\",\"name\":\"Looije Agro Technics BV\",\"description\":\"H\u00e9t onafhankelijk bouwmanagementbureau in de glastuinbouwsector\",\"publisher\":{\"@id\":\"https:\\\/\\\/lat.nl\\\/#organization\"},\"potentialAction\":[{\"@type\":\"SearchAction\",\"target\":{\"@type\":\"EntryPoint\",\"urlTemplate\":\"https:\\\/\\\/lat.nl\\\/?s={search_term_string}\"},\"query-input\":{\"@type\":\"PropertyValueSpecification\",\"valueRequired\":true,\"valueName\":\"search_term_string\"}}],\"inLanguage\":\"de\"},{\"@type\":\"Organization\",\"@id\":\"https:\\\/\\\/lat.nl\\\/#organization\",\"name\":\"Looije Agro Technics BV\",\"url\":\"https:\\\/\\\/lat.nl\\\/\",\"logo\":{\"@type\":\"ImageObject\",\"inLanguage\":\"de\",\"@id\":\"https:\\\/\\\/lat.nl\\\/#\\\/schema\\\/logo\\\/image\\\/\",\"url\":\"https:\\\/\\\/lat.nl\\\/wp-content\\\/uploads\\\/2018\\\/03\\\/logo.jpg\",\"contentUrl\":\"https:\\\/\\\/lat.nl\\\/wp-content\\\/uploads\\\/2018\\\/03\\\/logo.jpg\",\"width\":319,\"height\":122,\"caption\":\"Looije Agro Technics BV\"},\"image\":{\"@id\":\"https:\\\/\\\/lat.nl\\\/#\\\/schema\\\/logo\\\/image\\\/\"}}]}<\/script>\n<!-- \/ Yoast SEO plugin. -->","yoast_head_json":{"title":"CO2 Messungen - Looije Agro Technics BV","robots":{"index":"index","follow":"follow","max-snippet":"max-snippet:-1","max-image-preview":"max-image-preview:large","max-video-preview":"max-video-preview:-1"},"canonical":"https:\/\/lat.nl\/de\/co2-messungen\/","og_locale":"de_DE","og_type":"article","og_title":"CO2 Messungen - Looije Agro Technics BV","og_description":"Pflanzen verbrauchen ein bestimmtes CO2 Gehalt. Weil CO2 auch ein &#8218;Nebenprodukt&#8216; bei der Verbrennung im Heizkessel ist, oder bei der KWK-Anlage, die auf Erdgas ausrichtet ist, entsteht ein Spannungsfeld zwischen dem Produktionsangebot von CO2 und dem Bedarf an CO2. Um pr\u00fcfen zu k\u00f6nnen, ob Ihre Anlage auch einwandfrei funktioniert, verf\u00fcgt Looije Agro Technics \u00fcber Messinstrumente [&hellip;]","og_url":"https:\/\/lat.nl\/de\/co2-messungen\/","og_site_name":"Looije Agro Technics BV","twitter_card":"summary_large_image","twitter_misc":{"Gesch\u00e4tzte Lesezeit":"1\u00a0Minute"},"schema":{"@context":"https:\/\/schema.org","@graph":[{"@type":"WebPage","@id":"https:\/\/lat.nl\/de\/co2-messungen\/","url":"https:\/\/lat.nl\/de\/co2-messungen\/","name":"CO2 Messungen - Looije Agro Technics BV","isPartOf":{"@id":"https:\/\/lat.nl\/#website"},"datePublished":"2018-03-28T12:08:40+00:00","breadcrumb":{"@id":"https:\/\/lat.nl\/de\/co2-messungen\/#breadcrumb"},"inLanguage":"de","potentialAction":[{"@type":"ReadAction","target":["https:\/\/lat.nl\/de\/co2-messungen\/"]}]},{"@type":"BreadcrumbList","@id":"https:\/\/lat.nl\/de\/co2-messungen\/#breadcrumb","itemListElement":[{"@type":"ListItem","position":1,"name":"Home","item":"https:\/\/lat.nl\/de\/"},{"@type":"ListItem","position":2,"name":"CO2 Messungen"}]},{"@type":"WebSite","@id":"https:\/\/lat.nl\/#website","url":"https:\/\/lat.nl\/","name":"Looije Agro Technics BV","description":"H\u00e9t onafhankelijk bouwmanagementbureau in de glastuinbouwsector","publisher":{"@id":"https:\/\/lat.nl\/#organization"},"potentialAction":[{"@type":"SearchAction","target":{"@type":"EntryPoint","urlTemplate":"https:\/\/lat.nl\/?s={search_term_string}"},"query-input":{"@type":"PropertyValueSpecification","valueRequired":true,"valueName":"search_term_string"}}],"inLanguage":"de"},{"@type":"Organization","@id":"https:\/\/lat.nl\/#organization","name":"Looije Agro Technics BV","url":"https:\/\/lat.nl\/","logo":{"@type":"ImageObject","inLanguage":"de","@id":"https:\/\/lat.nl\/#\/schema\/logo\/image\/","url":"https:\/\/lat.nl\/wp-content\/uploads\/2018\/03\/logo.jpg","contentUrl":"https:\/\/lat.nl\/wp-content\/uploads\/2018\/03\/logo.jpg","width":319,"height":122,"caption":"Looije Agro Technics BV"},"image":{"@id":"https:\/\/lat.nl\/#\/schema\/logo\/image\/"}}]}},"_links":{"self":[{"href":"https:\/\/lat.nl\/de\/wp-json\/wp\/v2\/pages\/2282","targetHints":{"allow":["GET"]}}],"collection":[{"href":"https:\/\/lat.nl\/de\/wp-json\/wp\/v2\/pages"}],"about":[{"href":"https:\/\/lat.nl\/de\/wp-json\/wp\/v2\/types\/page"}],"author":[{"embeddable":true,"href":"https:\/\/lat.nl\/de\/wp-json\/wp\/v2\/users\/1"}],"replies":[{"embeddable":true,"href":"https:\/\/lat.nl\/de\/wp-json\/wp\/v2\/comments?post=2282"}],"version-history":[{"count":0,"href":"https:\/\/lat.nl\/de\/wp-json\/wp\/v2\/pages\/2282\/revisions"}],"wp:attachment":[{"href":"https:\/\/lat.nl\/de\/wp-json\/wp\/v2\/media?parent=2282"}],"curies":[{"name":"wp","href":"https:\/\/api.w.org\/{rel}","templated":true}]}}