{"id":2284,"date":"2018-03-28T12:08:40","date_gmt":"2018-03-28T12:08:40","guid":{"rendered":"https:\/\/lat.nl\/baubewilligungen\/"},"modified":"2018-03-28T12:08:40","modified_gmt":"2018-03-28T12:08:40","slug":"baubewilligungen","status":"publish","type":"page","link":"https:\/\/lat.nl\/de\/baubewilligungen\/","title":{"rendered":"Baubewilligungen"},"content":{"rendered":"<p>Um ein Gew\u00e4chshaus, eine Betriebshalle, einen Pufferspeicher, ein Geb\u00e4ude mit KWK-Anlage oder ein anderes Geb\u00e4ude bauen zu k\u00f6nnen, braucht man in der Regel eine Baubewilligung. Das Verfahren zur Erlangung einer Baubewilligung ist festgelegt in verschiedenen gesetzlichen Vorschriften und Verordnungen, die von Land zu Land und von Bundesland zu Bundesland verschieden sind.<\/p>\n<p>Ihr Projekt wird von uns umgesetzt in eine klare und einwandfreie Bauanfrage, einschlie\u00dflich der notwendigen Dokumente wie: Bauzeichnungen, Konstruktionsberechnungen, bauphysikalische Berechnungen, Brandlastberechnungen und weitere Dokumentationen. Weil Looije Agro Technics Bauzeichner und -techniker als hauseigene Mitarbeiter hat, bleiben die Arbeitswege so kurz wie m\u00f6glich und machen wir f\u00fcr Ihre Bauanfrage genau das, was erforderlich ist: nichts weniger, nichts mehr.<\/p>\n<p>Falls erforderlich, werden in der Anfangsphase auch Kontakte mit ortsans\u00e4ssigen Experten, wie Architekten, Konstrukteure oder technische Planer, gekn\u00fcpft. Die Expertise und die Bekanntheit der ortsans\u00e4ssigen Experten bilden gemeinsam mit dem soliden Fachwissen von uns im Bereich des (Unterglas-) Gartenbausektors, die perfekte Arbeitsplattform.<\/p>\n","protected":false},"excerpt":{"rendered":"<p>Um ein Gew\u00e4chshaus, eine Betriebshalle, einen Pufferspeicher, ein Geb\u00e4ude mit KWK-Anlage oder ein anderes Geb\u00e4ude bauen zu k\u00f6nnen, braucht man in der Regel eine Baubewilligung. Das Verfahren zur Erlangung einer Baubewilligung ist festgelegt in verschiedenen gesetzlichen Vorschriften und Verordnungen, die von Land zu Land und von Bundesland zu Bundesland verschieden sind. Ihr Projekt wird von [&hellip;]<\/p>\n","protected":false},"author":1,"featured_media":0,"parent":0,"menu_order":0,"comment_status":"open","ping_status":"closed","template":"","meta":{"_acf_changed":false,"_exactmetrics_skip_tracking":false,"_exactmetrics_sitenote_active":false,"_exactmetrics_sitenote_note":"","_exactmetrics_sitenote_category":0,"footnotes":""},"class_list":["post-2284","page","type-page","status-publish","hentry"],"acf":[],"yoast_head":"<!-- This site is optimized with the Yoast SEO plugin v27.3 - https:\/\/yoast.com\/product\/yoast-seo-wordpress\/ -->\n<title>Baubewilligungen - Looije Agro Technics BV<\/title>\n<meta name=\"robots\" content=\"index, follow, max-snippet:-1, max-image-preview:large, max-video-preview:-1\" \/>\n<link rel=\"canonical\" href=\"https:\/\/lat.nl\/de\/baubewilligungen\/\" \/>\n<meta property=\"og:locale\" content=\"de_DE\" \/>\n<meta property=\"og:type\" content=\"article\" \/>\n<meta property=\"og:title\" content=\"Baubewilligungen - Looije Agro Technics BV\" \/>\n<meta property=\"og:description\" content=\"Um ein Gew\u00e4chshaus, eine Betriebshalle, einen Pufferspeicher, ein Geb\u00e4ude mit KWK-Anlage oder ein anderes Geb\u00e4ude bauen zu k\u00f6nnen, braucht man in der Regel eine Baubewilligung. Das Verfahren zur Erlangung einer Baubewilligung ist festgelegt in verschiedenen gesetzlichen Vorschriften und Verordnungen, die von Land zu Land und von Bundesland zu Bundesland verschieden sind. Ihr Projekt wird von [&hellip;]\" \/>\n<meta property=\"og:url\" content=\"https:\/\/lat.nl\/de\/baubewilligungen\/\" \/>\n<meta property=\"og:site_name\" content=\"Looije Agro Technics BV\" \/>\n<meta name=\"twitter:card\" content=\"summary_large_image\" \/>\n<meta name=\"twitter:label1\" content=\"Gesch\u00e4tzte Lesezeit\" \/>\n\t<meta name=\"twitter:data1\" content=\"1\u00a0Minute\" \/>\n<script type=\"application\/ld+json\" class=\"yoast-schema-graph\">{\"@context\":\"https:\\\/\\\/schema.org\",\"@graph\":[{\"@type\":\"WebPage\",\"@id\":\"https:\\\/\\\/lat.nl\\\/de\\\/baubewilligungen\\\/\",\"url\":\"https:\\\/\\\/lat.nl\\\/de\\\/baubewilligungen\\\/\",\"name\":\"Baubewilligungen - Looije Agro Technics BV\",\"isPartOf\":{\"@id\":\"https:\\\/\\\/lat.nl\\\/#website\"},\"datePublished\":\"2018-03-28T12:08:40+00:00\",\"breadcrumb\":{\"@id\":\"https:\\\/\\\/lat.nl\\\/de\\\/baubewilligungen\\\/#breadcrumb\"},\"inLanguage\":\"de\",\"potentialAction\":[{\"@type\":\"ReadAction\",\"target\":[\"https:\\\/\\\/lat.nl\\\/de\\\/baubewilligungen\\\/\"]}]},{\"@type\":\"BreadcrumbList\",\"@id\":\"https:\\\/\\\/lat.nl\\\/de\\\/baubewilligungen\\\/#breadcrumb\",\"itemListElement\":[{\"@type\":\"ListItem\",\"position\":1,\"name\":\"Home\",\"item\":\"https:\\\/\\\/lat.nl\\\/de\\\/\"},{\"@type\":\"ListItem\",\"position\":2,\"name\":\"Baubewilligungen\"}]},{\"@type\":\"WebSite\",\"@id\":\"https:\\\/\\\/lat.nl\\\/#website\",\"url\":\"https:\\\/\\\/lat.nl\\\/\",\"name\":\"Looije Agro Technics BV\",\"description\":\"H\u00e9t onafhankelijk bouwmanagementbureau in de glastuinbouwsector\",\"publisher\":{\"@id\":\"https:\\\/\\\/lat.nl\\\/#organization\"},\"potentialAction\":[{\"@type\":\"SearchAction\",\"target\":{\"@type\":\"EntryPoint\",\"urlTemplate\":\"https:\\\/\\\/lat.nl\\\/?s={search_term_string}\"},\"query-input\":{\"@type\":\"PropertyValueSpecification\",\"valueRequired\":true,\"valueName\":\"search_term_string\"}}],\"inLanguage\":\"de\"},{\"@type\":\"Organization\",\"@id\":\"https:\\\/\\\/lat.nl\\\/#organization\",\"name\":\"Looije Agro Technics BV\",\"url\":\"https:\\\/\\\/lat.nl\\\/\",\"logo\":{\"@type\":\"ImageObject\",\"inLanguage\":\"de\",\"@id\":\"https:\\\/\\\/lat.nl\\\/#\\\/schema\\\/logo\\\/image\\\/\",\"url\":\"https:\\\/\\\/lat.nl\\\/wp-content\\\/uploads\\\/2018\\\/03\\\/logo.jpg\",\"contentUrl\":\"https:\\\/\\\/lat.nl\\\/wp-content\\\/uploads\\\/2018\\\/03\\\/logo.jpg\",\"width\":319,\"height\":122,\"caption\":\"Looije Agro Technics BV\"},\"image\":{\"@id\":\"https:\\\/\\\/lat.nl\\\/#\\\/schema\\\/logo\\\/image\\\/\"}}]}<\/script>\n<!-- \/ Yoast SEO plugin. -->","yoast_head_json":{"title":"Baubewilligungen - Looije Agro Technics BV","robots":{"index":"index","follow":"follow","max-snippet":"max-snippet:-1","max-image-preview":"max-image-preview:large","max-video-preview":"max-video-preview:-1"},"canonical":"https:\/\/lat.nl\/de\/baubewilligungen\/","og_locale":"de_DE","og_type":"article","og_title":"Baubewilligungen - Looije Agro Technics BV","og_description":"Um ein Gew\u00e4chshaus, eine Betriebshalle, einen Pufferspeicher, ein Geb\u00e4ude mit KWK-Anlage oder ein anderes Geb\u00e4ude bauen zu k\u00f6nnen, braucht man in der Regel eine Baubewilligung. Das Verfahren zur Erlangung einer Baubewilligung ist festgelegt in verschiedenen gesetzlichen Vorschriften und Verordnungen, die von Land zu Land und von Bundesland zu Bundesland verschieden sind. Ihr Projekt wird von [&hellip;]","og_url":"https:\/\/lat.nl\/de\/baubewilligungen\/","og_site_name":"Looije Agro Technics BV","twitter_card":"summary_large_image","twitter_misc":{"Gesch\u00e4tzte Lesezeit":"1\u00a0Minute"},"schema":{"@context":"https:\/\/schema.org","@graph":[{"@type":"WebPage","@id":"https:\/\/lat.nl\/de\/baubewilligungen\/","url":"https:\/\/lat.nl\/de\/baubewilligungen\/","name":"Baubewilligungen - Looije Agro Technics BV","isPartOf":{"@id":"https:\/\/lat.nl\/#website"},"datePublished":"2018-03-28T12:08:40+00:00","breadcrumb":{"@id":"https:\/\/lat.nl\/de\/baubewilligungen\/#breadcrumb"},"inLanguage":"de","potentialAction":[{"@type":"ReadAction","target":["https:\/\/lat.nl\/de\/baubewilligungen\/"]}]},{"@type":"BreadcrumbList","@id":"https:\/\/lat.nl\/de\/baubewilligungen\/#breadcrumb","itemListElement":[{"@type":"ListItem","position":1,"name":"Home","item":"https:\/\/lat.nl\/de\/"},{"@type":"ListItem","position":2,"name":"Baubewilligungen"}]},{"@type":"WebSite","@id":"https:\/\/lat.nl\/#website","url":"https:\/\/lat.nl\/","name":"Looije Agro Technics BV","description":"H\u00e9t onafhankelijk bouwmanagementbureau in de glastuinbouwsector","publisher":{"@id":"https:\/\/lat.nl\/#organization"},"potentialAction":[{"@type":"SearchAction","target":{"@type":"EntryPoint","urlTemplate":"https:\/\/lat.nl\/?s={search_term_string}"},"query-input":{"@type":"PropertyValueSpecification","valueRequired":true,"valueName":"search_term_string"}}],"inLanguage":"de"},{"@type":"Organization","@id":"https:\/\/lat.nl\/#organization","name":"Looije Agro Technics BV","url":"https:\/\/lat.nl\/","logo":{"@type":"ImageObject","inLanguage":"de","@id":"https:\/\/lat.nl\/#\/schema\/logo\/image\/","url":"https:\/\/lat.nl\/wp-content\/uploads\/2018\/03\/logo.jpg","contentUrl":"https:\/\/lat.nl\/wp-content\/uploads\/2018\/03\/logo.jpg","width":319,"height":122,"caption":"Looije Agro Technics BV"},"image":{"@id":"https:\/\/lat.nl\/#\/schema\/logo\/image\/"}}]}},"_links":{"self":[{"href":"https:\/\/lat.nl\/de\/wp-json\/wp\/v2\/pages\/2284","targetHints":{"allow":["GET"]}}],"collection":[{"href":"https:\/\/lat.nl\/de\/wp-json\/wp\/v2\/pages"}],"about":[{"href":"https:\/\/lat.nl\/de\/wp-json\/wp\/v2\/types\/page"}],"author":[{"embeddable":true,"href":"https:\/\/lat.nl\/de\/wp-json\/wp\/v2\/users\/1"}],"replies":[{"embeddable":true,"href":"https:\/\/lat.nl\/de\/wp-json\/wp\/v2\/comments?post=2284"}],"version-history":[{"count":0,"href":"https:\/\/lat.nl\/de\/wp-json\/wp\/v2\/pages\/2284\/revisions"}],"wp:attachment":[{"href":"https:\/\/lat.nl\/de\/wp-json\/wp\/v2\/media?parent=2284"}],"curies":[{"name":"wp","href":"https:\/\/api.w.org\/{rel}","templated":true}]}}