{"id":2288,"date":"2018-03-28T12:08:40","date_gmt":"2018-03-28T12:08:40","guid":{"rendered":"https:\/\/lat.nl\/die-erschliesung-der-parzelle\/"},"modified":"2018-03-28T12:08:40","modified_gmt":"2018-03-28T12:08:40","slug":"die-erschliesung-der-parzelle","status":"publish","type":"page","link":"https:\/\/lat.nl\/de\/die-erschliesung-der-parzelle\/","title":{"rendered":"Die Erschlie\u00dfung der Parzelle"},"content":{"rendered":"<p>Die Erschlie\u00dfung einer Parzelle ist der erste Schritt in der Vorbereitung des physischen Bauvorgangs. Anhand der von Looije Agro Technics angefertigten Bauzeichnungen werden die Erdarbeiten verrichtet. Mit Hilfe von speziell hierf\u00fcr entwickelter Software kann man die Erdmengen der An- und Abtransporte ermitteln. Auch wird im sogenannten geschlossenen Circuit die freiwerdende Erde exakt ermittelt und wieder verwendet bei den verschiedenen Bauabschnitten, wie z. B. Bassin, Grube, Wegprofil, Abschussstrecke und Gew\u00e4chshaus.<\/p>\n<p>Auch bei der Vergabe von Erdarbeiten m\u00fcssen die Bauunternehmer oder Erdarbeiter Ihrer Wahl gr\u00fcndlich informiert werden \u00fcber die von Ihnen zu verrichtenden T\u00e4tigkeiten. Nach Erhalt der Angebote sorgen wir daf\u00fcr, dass alle Angebote vergleichwertig sind. Wenn n\u00f6tig, holen wir zus\u00e4tzliche Informationen ein. Zum Schluss geben wir Ihnen eine Ausschreibungsempfehlung an die Hand und helfen Ihnen bei den vertraglichen Absprachen. Selbstverst\u00e4ndlich sorgen wir auch daf\u00fcr, dass diese Absprachen in der Praxis eingehalten werden.<\/p>\n<p>Die Arbeiten drau\u00dfen vor Ort werden von Mitarbeitern des Au\u00dfendienstes von Looije Agro Technics koordiniert. Auch werden sie nachhalten, ob die Arbeiten lt. Absprache erfolgen. Deshalb werden stichprobenartig auch Kontrollmessungen mit Hilfe einer besonderen Vermessungsapparatur durchgef\u00fchrt. Nur wenn die Werte: Ma\u00dfe, H\u00f6he und Verdichtung der Erdarbeiten in Ordnung sind, kann der Bau Ihres Projektes erfolgreich beginnen, gem\u00e4\u00df dem Motto: &#8218;Messen ist Wissen, und Absprache ist Absprache!&#8216;<\/p>\n","protected":false},"excerpt":{"rendered":"<p>Die Erschlie\u00dfung einer Parzelle ist der erste Schritt in der Vorbereitung des physischen Bauvorgangs. Anhand der von Looije Agro Technics angefertigten Bauzeichnungen werden die Erdarbeiten verrichtet. Mit Hilfe von speziell hierf\u00fcr entwickelter Software kann man die Erdmengen der An- und Abtransporte ermitteln. Auch wird im sogenannten geschlossenen Circuit die freiwerdende Erde exakt ermittelt und wieder [&hellip;]<\/p>\n","protected":false},"author":1,"featured_media":0,"parent":0,"menu_order":0,"comment_status":"open","ping_status":"closed","template":"","meta":{"_acf_changed":false,"_exactmetrics_skip_tracking":false,"_exactmetrics_sitenote_active":false,"_exactmetrics_sitenote_note":"","_exactmetrics_sitenote_category":0,"footnotes":""},"class_list":["post-2288","page","type-page","status-publish","hentry"],"acf":[],"yoast_head":"<!-- This site is optimized with the Yoast SEO plugin v27.3 - https:\/\/yoast.com\/product\/yoast-seo-wordpress\/ -->\n<title>Die Erschlie\u00dfung der Parzelle - Looije Agro Technics BV<\/title>\n<meta name=\"robots\" content=\"index, follow, max-snippet:-1, max-image-preview:large, max-video-preview:-1\" \/>\n<link rel=\"canonical\" href=\"https:\/\/lat.nl\/de\/die-erschliesung-der-parzelle\/\" \/>\n<meta property=\"og:locale\" content=\"de_DE\" \/>\n<meta property=\"og:type\" content=\"article\" \/>\n<meta property=\"og:title\" content=\"Die Erschlie\u00dfung der Parzelle - Looije Agro Technics BV\" \/>\n<meta property=\"og:description\" content=\"Die Erschlie\u00dfung einer Parzelle ist der erste Schritt in der Vorbereitung des physischen Bauvorgangs. Anhand der von Looije Agro Technics angefertigten Bauzeichnungen werden die Erdarbeiten verrichtet. Mit Hilfe von speziell hierf\u00fcr entwickelter Software kann man die Erdmengen der An- und Abtransporte ermitteln. Auch wird im sogenannten geschlossenen Circuit die freiwerdende Erde exakt ermittelt und wieder [&hellip;]\" \/>\n<meta property=\"og:url\" content=\"https:\/\/lat.nl\/de\/die-erschliesung-der-parzelle\/\" \/>\n<meta property=\"og:site_name\" content=\"Looije Agro Technics BV\" \/>\n<meta name=\"twitter:card\" content=\"summary_large_image\" \/>\n<meta name=\"twitter:label1\" content=\"Gesch\u00e4tzte Lesezeit\" \/>\n\t<meta name=\"twitter:data1\" content=\"1\u00a0Minute\" \/>\n<script type=\"application\/ld+json\" class=\"yoast-schema-graph\">{\"@context\":\"https:\\\/\\\/schema.org\",\"@graph\":[{\"@type\":\"WebPage\",\"@id\":\"https:\\\/\\\/lat.nl\\\/de\\\/die-erschliesung-der-parzelle\\\/\",\"url\":\"https:\\\/\\\/lat.nl\\\/de\\\/die-erschliesung-der-parzelle\\\/\",\"name\":\"Die Erschlie\u00dfung der Parzelle - Looije Agro Technics BV\",\"isPartOf\":{\"@id\":\"https:\\\/\\\/lat.nl\\\/#website\"},\"datePublished\":\"2018-03-28T12:08:40+00:00\",\"breadcrumb\":{\"@id\":\"https:\\\/\\\/lat.nl\\\/de\\\/die-erschliesung-der-parzelle\\\/#breadcrumb\"},\"inLanguage\":\"de\",\"potentialAction\":[{\"@type\":\"ReadAction\",\"target\":[\"https:\\\/\\\/lat.nl\\\/de\\\/die-erschliesung-der-parzelle\\\/\"]}]},{\"@type\":\"BreadcrumbList\",\"@id\":\"https:\\\/\\\/lat.nl\\\/de\\\/die-erschliesung-der-parzelle\\\/#breadcrumb\",\"itemListElement\":[{\"@type\":\"ListItem\",\"position\":1,\"name\":\"Home\",\"item\":\"https:\\\/\\\/lat.nl\\\/de\\\/\"},{\"@type\":\"ListItem\",\"position\":2,\"name\":\"Die Erschlie\u00dfung der Parzelle\"}]},{\"@type\":\"WebSite\",\"@id\":\"https:\\\/\\\/lat.nl\\\/#website\",\"url\":\"https:\\\/\\\/lat.nl\\\/\",\"name\":\"Looije Agro Technics BV\",\"description\":\"H\u00e9t onafhankelijk bouwmanagementbureau in de glastuinbouwsector\",\"publisher\":{\"@id\":\"https:\\\/\\\/lat.nl\\\/#organization\"},\"potentialAction\":[{\"@type\":\"SearchAction\",\"target\":{\"@type\":\"EntryPoint\",\"urlTemplate\":\"https:\\\/\\\/lat.nl\\\/?s={search_term_string}\"},\"query-input\":{\"@type\":\"PropertyValueSpecification\",\"valueRequired\":true,\"valueName\":\"search_term_string\"}}],\"inLanguage\":\"de\"},{\"@type\":\"Organization\",\"@id\":\"https:\\\/\\\/lat.nl\\\/#organization\",\"name\":\"Looije Agro Technics BV\",\"url\":\"https:\\\/\\\/lat.nl\\\/\",\"logo\":{\"@type\":\"ImageObject\",\"inLanguage\":\"de\",\"@id\":\"https:\\\/\\\/lat.nl\\\/#\\\/schema\\\/logo\\\/image\\\/\",\"url\":\"https:\\\/\\\/lat.nl\\\/wp-content\\\/uploads\\\/2018\\\/03\\\/logo.jpg\",\"contentUrl\":\"https:\\\/\\\/lat.nl\\\/wp-content\\\/uploads\\\/2018\\\/03\\\/logo.jpg\",\"width\":319,\"height\":122,\"caption\":\"Looije Agro Technics BV\"},\"image\":{\"@id\":\"https:\\\/\\\/lat.nl\\\/#\\\/schema\\\/logo\\\/image\\\/\"}}]}<\/script>\n<!-- \/ Yoast SEO plugin. -->","yoast_head_json":{"title":"Die Erschlie\u00dfung der Parzelle - Looije Agro Technics BV","robots":{"index":"index","follow":"follow","max-snippet":"max-snippet:-1","max-image-preview":"max-image-preview:large","max-video-preview":"max-video-preview:-1"},"canonical":"https:\/\/lat.nl\/de\/die-erschliesung-der-parzelle\/","og_locale":"de_DE","og_type":"article","og_title":"Die Erschlie\u00dfung der Parzelle - Looije Agro Technics BV","og_description":"Die Erschlie\u00dfung einer Parzelle ist der erste Schritt in der Vorbereitung des physischen Bauvorgangs. Anhand der von Looije Agro Technics angefertigten Bauzeichnungen werden die Erdarbeiten verrichtet. Mit Hilfe von speziell hierf\u00fcr entwickelter Software kann man die Erdmengen der An- und Abtransporte ermitteln. Auch wird im sogenannten geschlossenen Circuit die freiwerdende Erde exakt ermittelt und wieder [&hellip;]","og_url":"https:\/\/lat.nl\/de\/die-erschliesung-der-parzelle\/","og_site_name":"Looije Agro Technics BV","twitter_card":"summary_large_image","twitter_misc":{"Gesch\u00e4tzte Lesezeit":"1\u00a0Minute"},"schema":{"@context":"https:\/\/schema.org","@graph":[{"@type":"WebPage","@id":"https:\/\/lat.nl\/de\/die-erschliesung-der-parzelle\/","url":"https:\/\/lat.nl\/de\/die-erschliesung-der-parzelle\/","name":"Die Erschlie\u00dfung der Parzelle - Looije Agro Technics BV","isPartOf":{"@id":"https:\/\/lat.nl\/#website"},"datePublished":"2018-03-28T12:08:40+00:00","breadcrumb":{"@id":"https:\/\/lat.nl\/de\/die-erschliesung-der-parzelle\/#breadcrumb"},"inLanguage":"de","potentialAction":[{"@type":"ReadAction","target":["https:\/\/lat.nl\/de\/die-erschliesung-der-parzelle\/"]}]},{"@type":"BreadcrumbList","@id":"https:\/\/lat.nl\/de\/die-erschliesung-der-parzelle\/#breadcrumb","itemListElement":[{"@type":"ListItem","position":1,"name":"Home","item":"https:\/\/lat.nl\/de\/"},{"@type":"ListItem","position":2,"name":"Die Erschlie\u00dfung der Parzelle"}]},{"@type":"WebSite","@id":"https:\/\/lat.nl\/#website","url":"https:\/\/lat.nl\/","name":"Looije Agro Technics BV","description":"H\u00e9t onafhankelijk bouwmanagementbureau in de glastuinbouwsector","publisher":{"@id":"https:\/\/lat.nl\/#organization"},"potentialAction":[{"@type":"SearchAction","target":{"@type":"EntryPoint","urlTemplate":"https:\/\/lat.nl\/?s={search_term_string}"},"query-input":{"@type":"PropertyValueSpecification","valueRequired":true,"valueName":"search_term_string"}}],"inLanguage":"de"},{"@type":"Organization","@id":"https:\/\/lat.nl\/#organization","name":"Looije Agro Technics BV","url":"https:\/\/lat.nl\/","logo":{"@type":"ImageObject","inLanguage":"de","@id":"https:\/\/lat.nl\/#\/schema\/logo\/image\/","url":"https:\/\/lat.nl\/wp-content\/uploads\/2018\/03\/logo.jpg","contentUrl":"https:\/\/lat.nl\/wp-content\/uploads\/2018\/03\/logo.jpg","width":319,"height":122,"caption":"Looije Agro Technics BV"},"image":{"@id":"https:\/\/lat.nl\/#\/schema\/logo\/image\/"}}]}},"_links":{"self":[{"href":"https:\/\/lat.nl\/de\/wp-json\/wp\/v2\/pages\/2288","targetHints":{"allow":["GET"]}}],"collection":[{"href":"https:\/\/lat.nl\/de\/wp-json\/wp\/v2\/pages"}],"about":[{"href":"https:\/\/lat.nl\/de\/wp-json\/wp\/v2\/types\/page"}],"author":[{"embeddable":true,"href":"https:\/\/lat.nl\/de\/wp-json\/wp\/v2\/users\/1"}],"replies":[{"embeddable":true,"href":"https:\/\/lat.nl\/de\/wp-json\/wp\/v2\/comments?post=2288"}],"version-history":[{"count":0,"href":"https:\/\/lat.nl\/de\/wp-json\/wp\/v2\/pages\/2288\/revisions"}],"wp:attachment":[{"href":"https:\/\/lat.nl\/de\/wp-json\/wp\/v2\/media?parent=2288"}],"curies":[{"name":"wp","href":"https:\/\/api.w.org\/{rel}","templated":true}]}}