{"id":2292,"date":"2018-03-28T12:08:40","date_gmt":"2018-03-28T12:08:40","guid":{"rendered":"https:\/\/lat.nl\/baubetreuung\/"},"modified":"2018-03-28T12:08:40","modified_gmt":"2018-03-28T12:08:40","slug":"baubetreuung","status":"publish","type":"page","link":"https:\/\/lat.nl\/de\/baubetreuung\/","title":{"rendered":"Baubetreuung"},"content":{"rendered":"<p>Die Mitarbeiter der Abteilung &#8218;Projektbetreuung Au\u00dfendienst&#8216; versorgen die gesamte Betreuung Ihres Projekts drau\u00dfen vor Ort. Ob es sich nun um Landvermessungsaufgaben, das Erstellen von Baupl\u00e4nen, die Teilnahme an einer Bauversammlung oder die \u00dcberwachung der Bauarbeiten handelt: Unsere Au\u00dfendienstmitarbeiter sind unsere, und auch Ihre, Augen und Ohren.<\/p>\n<p>Unsere Au\u00dfendienstmitarbeiter sind der erste Ansprechpartner des von Ihnen gew\u00fcnschten Lieferanten, der Ihr Projekt nun umsetzen soll. Gem\u00e4\u00df dem Motto: &#8222;Vertrauen ist gut, Kontrolle ist besser&#8220; sorgen unsere Au\u00dfendienstmitarbeiter daf\u00fcr, dass die mit den Lieferanten oder Installateuren geschlossenen Vereinbarungen auch in der Praxis eingehalten werden.<\/p>\n","protected":false},"excerpt":{"rendered":"<p>Die Mitarbeiter der Abteilung &#8218;Projektbetreuung Au\u00dfendienst&#8216; versorgen die gesamte Betreuung Ihres Projekts drau\u00dfen vor Ort. Ob es sich nun um Landvermessungsaufgaben, das Erstellen von Baupl\u00e4nen, die Teilnahme an einer Bauversammlung oder die \u00dcberwachung der Bauarbeiten handelt: Unsere Au\u00dfendienstmitarbeiter sind unsere, und auch Ihre, Augen und Ohren. Unsere Au\u00dfendienstmitarbeiter sind der erste Ansprechpartner des von Ihnen [&hellip;]<\/p>\n","protected":false},"author":1,"featured_media":0,"parent":0,"menu_order":0,"comment_status":"open","ping_status":"closed","template":"","meta":{"_acf_changed":false,"_exactmetrics_skip_tracking":false,"_exactmetrics_sitenote_active":false,"_exactmetrics_sitenote_note":"","_exactmetrics_sitenote_category":0,"footnotes":""},"class_list":["post-2292","page","type-page","status-publish","hentry"],"acf":[],"yoast_head":"<!-- This site is optimized with the Yoast SEO plugin v27.3 - https:\/\/yoast.com\/product\/yoast-seo-wordpress\/ -->\n<title>Baubetreuung - Looije Agro Technics BV<\/title>\n<meta name=\"robots\" content=\"index, follow, max-snippet:-1, max-image-preview:large, max-video-preview:-1\" \/>\n<link rel=\"canonical\" href=\"https:\/\/lat.nl\/de\/baubetreuung\/\" \/>\n<meta property=\"og:locale\" content=\"de_DE\" \/>\n<meta property=\"og:type\" content=\"article\" \/>\n<meta property=\"og:title\" content=\"Baubetreuung - Looije Agro Technics BV\" \/>\n<meta property=\"og:description\" content=\"Die Mitarbeiter der Abteilung &#8218;Projektbetreuung Au\u00dfendienst&#8216; versorgen die gesamte Betreuung Ihres Projekts drau\u00dfen vor Ort. Ob es sich nun um Landvermessungsaufgaben, das Erstellen von Baupl\u00e4nen, die Teilnahme an einer Bauversammlung oder die \u00dcberwachung der Bauarbeiten handelt: Unsere Au\u00dfendienstmitarbeiter sind unsere, und auch Ihre, Augen und Ohren. Unsere Au\u00dfendienstmitarbeiter sind der erste Ansprechpartner des von Ihnen [&hellip;]\" \/>\n<meta property=\"og:url\" content=\"https:\/\/lat.nl\/de\/baubetreuung\/\" \/>\n<meta property=\"og:site_name\" content=\"Looije Agro Technics BV\" \/>\n<meta name=\"twitter:card\" content=\"summary_large_image\" \/>\n<script type=\"application\/ld+json\" class=\"yoast-schema-graph\">{\"@context\":\"https:\\\/\\\/schema.org\",\"@graph\":[{\"@type\":\"WebPage\",\"@id\":\"https:\\\/\\\/lat.nl\\\/de\\\/baubetreuung\\\/\",\"url\":\"https:\\\/\\\/lat.nl\\\/de\\\/baubetreuung\\\/\",\"name\":\"Baubetreuung - Looije Agro Technics BV\",\"isPartOf\":{\"@id\":\"https:\\\/\\\/lat.nl\\\/#website\"},\"datePublished\":\"2018-03-28T12:08:40+00:00\",\"breadcrumb\":{\"@id\":\"https:\\\/\\\/lat.nl\\\/de\\\/baubetreuung\\\/#breadcrumb\"},\"inLanguage\":\"de\",\"potentialAction\":[{\"@type\":\"ReadAction\",\"target\":[\"https:\\\/\\\/lat.nl\\\/de\\\/baubetreuung\\\/\"]}]},{\"@type\":\"BreadcrumbList\",\"@id\":\"https:\\\/\\\/lat.nl\\\/de\\\/baubetreuung\\\/#breadcrumb\",\"itemListElement\":[{\"@type\":\"ListItem\",\"position\":1,\"name\":\"Home\",\"item\":\"https:\\\/\\\/lat.nl\\\/de\\\/\"},{\"@type\":\"ListItem\",\"position\":2,\"name\":\"Baubetreuung\"}]},{\"@type\":\"WebSite\",\"@id\":\"https:\\\/\\\/lat.nl\\\/#website\",\"url\":\"https:\\\/\\\/lat.nl\\\/\",\"name\":\"Looije Agro Technics BV\",\"description\":\"H\u00e9t onafhankelijk bouwmanagementbureau in de glastuinbouwsector\",\"publisher\":{\"@id\":\"https:\\\/\\\/lat.nl\\\/#organization\"},\"potentialAction\":[{\"@type\":\"SearchAction\",\"target\":{\"@type\":\"EntryPoint\",\"urlTemplate\":\"https:\\\/\\\/lat.nl\\\/?s={search_term_string}\"},\"query-input\":{\"@type\":\"PropertyValueSpecification\",\"valueRequired\":true,\"valueName\":\"search_term_string\"}}],\"inLanguage\":\"de\"},{\"@type\":\"Organization\",\"@id\":\"https:\\\/\\\/lat.nl\\\/#organization\",\"name\":\"Looije Agro Technics BV\",\"url\":\"https:\\\/\\\/lat.nl\\\/\",\"logo\":{\"@type\":\"ImageObject\",\"inLanguage\":\"de\",\"@id\":\"https:\\\/\\\/lat.nl\\\/#\\\/schema\\\/logo\\\/image\\\/\",\"url\":\"https:\\\/\\\/lat.nl\\\/wp-content\\\/uploads\\\/2018\\\/03\\\/logo.jpg\",\"contentUrl\":\"https:\\\/\\\/lat.nl\\\/wp-content\\\/uploads\\\/2018\\\/03\\\/logo.jpg\",\"width\":319,\"height\":122,\"caption\":\"Looije Agro Technics BV\"},\"image\":{\"@id\":\"https:\\\/\\\/lat.nl\\\/#\\\/schema\\\/logo\\\/image\\\/\"}}]}<\/script>\n<!-- \/ Yoast SEO plugin. -->","yoast_head_json":{"title":"Baubetreuung - Looije Agro Technics BV","robots":{"index":"index","follow":"follow","max-snippet":"max-snippet:-1","max-image-preview":"max-image-preview:large","max-video-preview":"max-video-preview:-1"},"canonical":"https:\/\/lat.nl\/de\/baubetreuung\/","og_locale":"de_DE","og_type":"article","og_title":"Baubetreuung - Looije Agro Technics BV","og_description":"Die Mitarbeiter der Abteilung &#8218;Projektbetreuung Au\u00dfendienst&#8216; versorgen die gesamte Betreuung Ihres Projekts drau\u00dfen vor Ort. Ob es sich nun um Landvermessungsaufgaben, das Erstellen von Baupl\u00e4nen, die Teilnahme an einer Bauversammlung oder die \u00dcberwachung der Bauarbeiten handelt: Unsere Au\u00dfendienstmitarbeiter sind unsere, und auch Ihre, Augen und Ohren. Unsere Au\u00dfendienstmitarbeiter sind der erste Ansprechpartner des von Ihnen [&hellip;]","og_url":"https:\/\/lat.nl\/de\/baubetreuung\/","og_site_name":"Looije Agro Technics BV","twitter_card":"summary_large_image","schema":{"@context":"https:\/\/schema.org","@graph":[{"@type":"WebPage","@id":"https:\/\/lat.nl\/de\/baubetreuung\/","url":"https:\/\/lat.nl\/de\/baubetreuung\/","name":"Baubetreuung - Looije Agro Technics BV","isPartOf":{"@id":"https:\/\/lat.nl\/#website"},"datePublished":"2018-03-28T12:08:40+00:00","breadcrumb":{"@id":"https:\/\/lat.nl\/de\/baubetreuung\/#breadcrumb"},"inLanguage":"de","potentialAction":[{"@type":"ReadAction","target":["https:\/\/lat.nl\/de\/baubetreuung\/"]}]},{"@type":"BreadcrumbList","@id":"https:\/\/lat.nl\/de\/baubetreuung\/#breadcrumb","itemListElement":[{"@type":"ListItem","position":1,"name":"Home","item":"https:\/\/lat.nl\/de\/"},{"@type":"ListItem","position":2,"name":"Baubetreuung"}]},{"@type":"WebSite","@id":"https:\/\/lat.nl\/#website","url":"https:\/\/lat.nl\/","name":"Looije Agro Technics BV","description":"H\u00e9t onafhankelijk bouwmanagementbureau in de glastuinbouwsector","publisher":{"@id":"https:\/\/lat.nl\/#organization"},"potentialAction":[{"@type":"SearchAction","target":{"@type":"EntryPoint","urlTemplate":"https:\/\/lat.nl\/?s={search_term_string}"},"query-input":{"@type":"PropertyValueSpecification","valueRequired":true,"valueName":"search_term_string"}}],"inLanguage":"de"},{"@type":"Organization","@id":"https:\/\/lat.nl\/#organization","name":"Looije Agro Technics BV","url":"https:\/\/lat.nl\/","logo":{"@type":"ImageObject","inLanguage":"de","@id":"https:\/\/lat.nl\/#\/schema\/logo\/image\/","url":"https:\/\/lat.nl\/wp-content\/uploads\/2018\/03\/logo.jpg","contentUrl":"https:\/\/lat.nl\/wp-content\/uploads\/2018\/03\/logo.jpg","width":319,"height":122,"caption":"Looije Agro Technics BV"},"image":{"@id":"https:\/\/lat.nl\/#\/schema\/logo\/image\/"}}]}},"_links":{"self":[{"href":"https:\/\/lat.nl\/de\/wp-json\/wp\/v2\/pages\/2292","targetHints":{"allow":["GET"]}}],"collection":[{"href":"https:\/\/lat.nl\/de\/wp-json\/wp\/v2\/pages"}],"about":[{"href":"https:\/\/lat.nl\/de\/wp-json\/wp\/v2\/types\/page"}],"author":[{"embeddable":true,"href":"https:\/\/lat.nl\/de\/wp-json\/wp\/v2\/users\/1"}],"replies":[{"embeddable":true,"href":"https:\/\/lat.nl\/de\/wp-json\/wp\/v2\/comments?post=2292"}],"version-history":[{"count":0,"href":"https:\/\/lat.nl\/de\/wp-json\/wp\/v2\/pages\/2292\/revisions"}],"wp:attachment":[{"href":"https:\/\/lat.nl\/de\/wp-json\/wp\/v2\/media?parent=2292"}],"curies":[{"name":"wp","href":"https:\/\/api.w.org\/{rel}","templated":true}]}}