{"id":2298,"date":"2018-03-28T12:09:15","date_gmt":"2018-03-28T12:09:15","guid":{"rendered":"https:\/\/lat.nl\/beleuchtungsanlagen\/"},"modified":"2018-03-28T12:09:15","modified_gmt":"2018-03-28T12:09:15","slug":"beleuchtungsanlagen","status":"publish","type":"page","link":"https:\/\/lat.nl\/de\/beleuchtungsanlagen\/","title":{"rendered":"Beleuchtungsanlagen"},"content":{"rendered":"<p>Das Ermitteln der optimalen Beleuchtungsanlagen ist Spezialistenarbeit, wobei die Mitarbeiter der Abteilung &#8218;Produktion&#8216; und &#8218;Stromversorgung&#8216; eng zusammenarbeiten, um f\u00fcr Sie die beste Beleuchtung herauszufinden.<\/p>\n<p>Aber, wenn Ihre Assimilationsbeleuchtung nun schon h\u00e4ngt, funktioniert sie dann auch, wie geplant? Messungen k\u00f6nnen anzeigen, ob Ihre Anlage auch das tut, was Sie wollen: Lichtgewinnung, Lichtverteilung, Kapazit\u00e4t und Leistung werden alle in deutlichen Berichten aufgef\u00fchrt. Die Messungen finden selbstverst\u00e4ndlich auch nach den entsprechenden Richtlinien statt.<\/p>\n<p>Weil Looije Agro Technics unabh\u00e4ngig ist von jeglichen Lieferanten oder Installateuren, k\u00f6nnen Sie sicher sein, dass unsere Berichte das richtige &#8218;Licht&#8216; auf die Sache werfen.<\/p>\n","protected":false},"excerpt":{"rendered":"<p>Das Ermitteln der optimalen Beleuchtungsanlagen ist Spezialistenarbeit, wobei die Mitarbeiter der Abteilung &#8218;Produktion&#8216; und &#8218;Stromversorgung&#8216; eng zusammenarbeiten, um f\u00fcr Sie die beste Beleuchtung herauszufinden. Aber, wenn Ihre Assimilationsbeleuchtung nun schon h\u00e4ngt, funktioniert sie dann auch, wie geplant? Messungen k\u00f6nnen anzeigen, ob Ihre Anlage auch das tut, was Sie wollen: Lichtgewinnung, Lichtverteilung, Kapazit\u00e4t und Leistung werden [&hellip;]<\/p>\n","protected":false},"author":1,"featured_media":0,"parent":0,"menu_order":0,"comment_status":"open","ping_status":"closed","template":"","meta":{"_acf_changed":false,"_exactmetrics_skip_tracking":false,"_exactmetrics_sitenote_active":false,"_exactmetrics_sitenote_note":"","_exactmetrics_sitenote_category":0,"footnotes":""},"class_list":["post-2298","page","type-page","status-publish","hentry"],"acf":[],"yoast_head":"<!-- This site is optimized with the Yoast SEO plugin v27.3 - https:\/\/yoast.com\/product\/yoast-seo-wordpress\/ -->\n<title>Beleuchtungsanlagen - Looije Agro Technics BV<\/title>\n<meta name=\"robots\" content=\"index, follow, max-snippet:-1, max-image-preview:large, max-video-preview:-1\" \/>\n<link rel=\"canonical\" href=\"https:\/\/lat.nl\/de\/beleuchtungsanlagen\/\" \/>\n<meta property=\"og:locale\" content=\"de_DE\" \/>\n<meta property=\"og:type\" content=\"article\" \/>\n<meta property=\"og:title\" content=\"Beleuchtungsanlagen - Looije Agro Technics BV\" \/>\n<meta property=\"og:description\" content=\"Das Ermitteln der optimalen Beleuchtungsanlagen ist Spezialistenarbeit, wobei die Mitarbeiter der Abteilung &#8218;Produktion&#8216; und &#8218;Stromversorgung&#8216; eng zusammenarbeiten, um f\u00fcr Sie die beste Beleuchtung herauszufinden. Aber, wenn Ihre Assimilationsbeleuchtung nun schon h\u00e4ngt, funktioniert sie dann auch, wie geplant? Messungen k\u00f6nnen anzeigen, ob Ihre Anlage auch das tut, was Sie wollen: Lichtgewinnung, Lichtverteilung, Kapazit\u00e4t und Leistung werden [&hellip;]\" \/>\n<meta property=\"og:url\" content=\"https:\/\/lat.nl\/de\/beleuchtungsanlagen\/\" \/>\n<meta property=\"og:site_name\" content=\"Looije Agro Technics BV\" \/>\n<meta name=\"twitter:card\" content=\"summary_large_image\" \/>\n<meta name=\"twitter:label1\" content=\"Gesch\u00e4tzte Lesezeit\" \/>\n\t<meta name=\"twitter:data1\" content=\"1\u00a0Minute\" \/>\n<script type=\"application\/ld+json\" class=\"yoast-schema-graph\">{\"@context\":\"https:\\\/\\\/schema.org\",\"@graph\":[{\"@type\":\"WebPage\",\"@id\":\"https:\\\/\\\/lat.nl\\\/de\\\/beleuchtungsanlagen\\\/\",\"url\":\"https:\\\/\\\/lat.nl\\\/de\\\/beleuchtungsanlagen\\\/\",\"name\":\"Beleuchtungsanlagen - Looije Agro Technics BV\",\"isPartOf\":{\"@id\":\"https:\\\/\\\/lat.nl\\\/#website\"},\"datePublished\":\"2018-03-28T12:09:15+00:00\",\"breadcrumb\":{\"@id\":\"https:\\\/\\\/lat.nl\\\/de\\\/beleuchtungsanlagen\\\/#breadcrumb\"},\"inLanguage\":\"de\",\"potentialAction\":[{\"@type\":\"ReadAction\",\"target\":[\"https:\\\/\\\/lat.nl\\\/de\\\/beleuchtungsanlagen\\\/\"]}]},{\"@type\":\"BreadcrumbList\",\"@id\":\"https:\\\/\\\/lat.nl\\\/de\\\/beleuchtungsanlagen\\\/#breadcrumb\",\"itemListElement\":[{\"@type\":\"ListItem\",\"position\":1,\"name\":\"Home\",\"item\":\"https:\\\/\\\/lat.nl\\\/de\\\/\"},{\"@type\":\"ListItem\",\"position\":2,\"name\":\"Beleuchtungsanlagen\"}]},{\"@type\":\"WebSite\",\"@id\":\"https:\\\/\\\/lat.nl\\\/#website\",\"url\":\"https:\\\/\\\/lat.nl\\\/\",\"name\":\"Looije Agro Technics BV\",\"description\":\"H\u00e9t onafhankelijk bouwmanagementbureau in de glastuinbouwsector\",\"publisher\":{\"@id\":\"https:\\\/\\\/lat.nl\\\/#organization\"},\"potentialAction\":[{\"@type\":\"SearchAction\",\"target\":{\"@type\":\"EntryPoint\",\"urlTemplate\":\"https:\\\/\\\/lat.nl\\\/?s={search_term_string}\"},\"query-input\":{\"@type\":\"PropertyValueSpecification\",\"valueRequired\":true,\"valueName\":\"search_term_string\"}}],\"inLanguage\":\"de\"},{\"@type\":\"Organization\",\"@id\":\"https:\\\/\\\/lat.nl\\\/#organization\",\"name\":\"Looije Agro Technics BV\",\"url\":\"https:\\\/\\\/lat.nl\\\/\",\"logo\":{\"@type\":\"ImageObject\",\"inLanguage\":\"de\",\"@id\":\"https:\\\/\\\/lat.nl\\\/#\\\/schema\\\/logo\\\/image\\\/\",\"url\":\"https:\\\/\\\/lat.nl\\\/wp-content\\\/uploads\\\/2018\\\/03\\\/logo.jpg\",\"contentUrl\":\"https:\\\/\\\/lat.nl\\\/wp-content\\\/uploads\\\/2018\\\/03\\\/logo.jpg\",\"width\":319,\"height\":122,\"caption\":\"Looije Agro Technics BV\"},\"image\":{\"@id\":\"https:\\\/\\\/lat.nl\\\/#\\\/schema\\\/logo\\\/image\\\/\"}}]}<\/script>\n<!-- \/ Yoast SEO plugin. -->","yoast_head_json":{"title":"Beleuchtungsanlagen - Looije Agro Technics BV","robots":{"index":"index","follow":"follow","max-snippet":"max-snippet:-1","max-image-preview":"max-image-preview:large","max-video-preview":"max-video-preview:-1"},"canonical":"https:\/\/lat.nl\/de\/beleuchtungsanlagen\/","og_locale":"de_DE","og_type":"article","og_title":"Beleuchtungsanlagen - Looije Agro Technics BV","og_description":"Das Ermitteln der optimalen Beleuchtungsanlagen ist Spezialistenarbeit, wobei die Mitarbeiter der Abteilung &#8218;Produktion&#8216; und &#8218;Stromversorgung&#8216; eng zusammenarbeiten, um f\u00fcr Sie die beste Beleuchtung herauszufinden. Aber, wenn Ihre Assimilationsbeleuchtung nun schon h\u00e4ngt, funktioniert sie dann auch, wie geplant? Messungen k\u00f6nnen anzeigen, ob Ihre Anlage auch das tut, was Sie wollen: Lichtgewinnung, Lichtverteilung, Kapazit\u00e4t und Leistung werden [&hellip;]","og_url":"https:\/\/lat.nl\/de\/beleuchtungsanlagen\/","og_site_name":"Looije Agro Technics BV","twitter_card":"summary_large_image","twitter_misc":{"Gesch\u00e4tzte Lesezeit":"1\u00a0Minute"},"schema":{"@context":"https:\/\/schema.org","@graph":[{"@type":"WebPage","@id":"https:\/\/lat.nl\/de\/beleuchtungsanlagen\/","url":"https:\/\/lat.nl\/de\/beleuchtungsanlagen\/","name":"Beleuchtungsanlagen - Looije Agro Technics BV","isPartOf":{"@id":"https:\/\/lat.nl\/#website"},"datePublished":"2018-03-28T12:09:15+00:00","breadcrumb":{"@id":"https:\/\/lat.nl\/de\/beleuchtungsanlagen\/#breadcrumb"},"inLanguage":"de","potentialAction":[{"@type":"ReadAction","target":["https:\/\/lat.nl\/de\/beleuchtungsanlagen\/"]}]},{"@type":"BreadcrumbList","@id":"https:\/\/lat.nl\/de\/beleuchtungsanlagen\/#breadcrumb","itemListElement":[{"@type":"ListItem","position":1,"name":"Home","item":"https:\/\/lat.nl\/de\/"},{"@type":"ListItem","position":2,"name":"Beleuchtungsanlagen"}]},{"@type":"WebSite","@id":"https:\/\/lat.nl\/#website","url":"https:\/\/lat.nl\/","name":"Looije Agro Technics BV","description":"H\u00e9t onafhankelijk bouwmanagementbureau in de glastuinbouwsector","publisher":{"@id":"https:\/\/lat.nl\/#organization"},"potentialAction":[{"@type":"SearchAction","target":{"@type":"EntryPoint","urlTemplate":"https:\/\/lat.nl\/?s={search_term_string}"},"query-input":{"@type":"PropertyValueSpecification","valueRequired":true,"valueName":"search_term_string"}}],"inLanguage":"de"},{"@type":"Organization","@id":"https:\/\/lat.nl\/#organization","name":"Looije Agro Technics BV","url":"https:\/\/lat.nl\/","logo":{"@type":"ImageObject","inLanguage":"de","@id":"https:\/\/lat.nl\/#\/schema\/logo\/image\/","url":"https:\/\/lat.nl\/wp-content\/uploads\/2018\/03\/logo.jpg","contentUrl":"https:\/\/lat.nl\/wp-content\/uploads\/2018\/03\/logo.jpg","width":319,"height":122,"caption":"Looije Agro Technics BV"},"image":{"@id":"https:\/\/lat.nl\/#\/schema\/logo\/image\/"}}]}},"_links":{"self":[{"href":"https:\/\/lat.nl\/de\/wp-json\/wp\/v2\/pages\/2298","targetHints":{"allow":["GET"]}}],"collection":[{"href":"https:\/\/lat.nl\/de\/wp-json\/wp\/v2\/pages"}],"about":[{"href":"https:\/\/lat.nl\/de\/wp-json\/wp\/v2\/types\/page"}],"author":[{"embeddable":true,"href":"https:\/\/lat.nl\/de\/wp-json\/wp\/v2\/users\/1"}],"replies":[{"embeddable":true,"href":"https:\/\/lat.nl\/de\/wp-json\/wp\/v2\/comments?post=2298"}],"version-history":[{"count":0,"href":"https:\/\/lat.nl\/de\/wp-json\/wp\/v2\/pages\/2298\/revisions"}],"wp:attachment":[{"href":"https:\/\/lat.nl\/de\/wp-json\/wp\/v2\/media?parent=2298"}],"curies":[{"name":"wp","href":"https:\/\/api.w.org\/{rel}","templated":true}]}}