{"id":2300,"date":"2018-03-28T12:09:15","date_gmt":"2018-03-28T12:09:15","guid":{"rendered":"https:\/\/lat.nl\/betreuung-bei-anfrage-und-ankauf-von-kwk-anlagen\/"},"modified":"2018-03-28T12:09:15","modified_gmt":"2018-03-28T12:09:15","slug":"betreuung-bei-anfrage-und-ankauf-von-kwk-anlagen","status":"publish","type":"page","link":"https:\/\/lat.nl\/de\/betreuung-bei-anfrage-und-ankauf-von-kwk-anlagen\/","title":{"rendered":"Betreuung bei Anfrage und Ankauf von KWK-Anlagen"},"content":{"rendered":"<p>Die Stromversorgung eines (Unterglas)-Gartenbaubetriebs wird von vielen als das Herzst\u00fcck des Unternehmens angesehen. Sobald ein Entwurf deutliche Formen angenommen hat, gehen die Energiespezialisten bei Looije Agro Technics ans Werk. Sie ermitteln den Strombedarf des Unternehmens und schreiben detailliert die L\u00f6sungsfindungen auf.<\/p>\n<p>Seit der Freigabe des Stromversorgungsmarktes ist es f\u00fcr viele (Unterglas)-Gartenbaubetriebe notwendig geworden, sich f\u00fcr eine BHKW-Anlage zu entscheiden um rentabel wirtschaften zu k\u00f6nnen. Ein Team von Energiespezialisten bei Looije Agro Technics wird Ihren spezifischen Bedarf ermitteln. Auf Grund einer ausf\u00fchrlichen Projektbeschreibung werden anschlie\u00dfend die Lieferanten ersucht, Angebote zu erteilen, die auf Ihren Bedarf zugeschnitten sind. Nach Erhalt der Angebote werden die Produktinformationen ermittelt und vergleichbar dargestellt. Auf diese Weise geben wir Ihnen eine Ausschreibungsempfehlung an die Hand auf der Grundlage einer Rentabilit\u00e4tsermittlung.<\/p>\n<p>Bei Bedarf f\u00fchren wir gemeinsam mit Ihnen die Verhandlungs- und Ankaufsgespr\u00e4che durch und sorgen daf\u00fcr, dass alle Vereinbarungen sorgf\u00e4ltig festgehalten werden. Die Unabh\u00e4ngigkeit von uns bietet Ihnen die Gew\u00e4hr, dass Ihre Anliegen im Mittelpunkt stehen.<\/p>\n","protected":false},"excerpt":{"rendered":"<p>Die Stromversorgung eines (Unterglas)-Gartenbaubetriebs wird von vielen als das Herzst\u00fcck des Unternehmens angesehen. Sobald ein Entwurf deutliche Formen angenommen hat, gehen die Energiespezialisten bei Looije Agro Technics ans Werk. Sie ermitteln den Strombedarf des Unternehmens und schreiben detailliert die L\u00f6sungsfindungen auf. Seit der Freigabe des Stromversorgungsmarktes ist es f\u00fcr viele (Unterglas)-Gartenbaubetriebe notwendig geworden, sich f\u00fcr [&hellip;]<\/p>\n","protected":false},"author":1,"featured_media":0,"parent":0,"menu_order":0,"comment_status":"open","ping_status":"closed","template":"","meta":{"_acf_changed":false,"_exactmetrics_skip_tracking":false,"_exactmetrics_sitenote_active":false,"_exactmetrics_sitenote_note":"","_exactmetrics_sitenote_category":0,"footnotes":""},"class_list":["post-2300","page","type-page","status-publish","hentry"],"acf":[],"yoast_head":"<!-- This site is optimized with the Yoast SEO plugin v27.3 - https:\/\/yoast.com\/product\/yoast-seo-wordpress\/ -->\n<title>Betreuung bei Anfrage und Ankauf von KWK-Anlagen - Looije Agro Technics BV<\/title>\n<meta name=\"robots\" content=\"index, follow, max-snippet:-1, max-image-preview:large, max-video-preview:-1\" \/>\n<link rel=\"canonical\" href=\"https:\/\/lat.nl\/de\/betreuung-bei-anfrage-und-ankauf-von-kwk-anlagen\/\" \/>\n<meta property=\"og:locale\" content=\"de_DE\" \/>\n<meta property=\"og:type\" content=\"article\" \/>\n<meta property=\"og:title\" content=\"Betreuung bei Anfrage und Ankauf von KWK-Anlagen - Looije Agro Technics BV\" \/>\n<meta property=\"og:description\" content=\"Die Stromversorgung eines (Unterglas)-Gartenbaubetriebs wird von vielen als das Herzst\u00fcck des Unternehmens angesehen. Sobald ein Entwurf deutliche Formen angenommen hat, gehen die Energiespezialisten bei Looije Agro Technics ans Werk. Sie ermitteln den Strombedarf des Unternehmens und schreiben detailliert die L\u00f6sungsfindungen auf. Seit der Freigabe des Stromversorgungsmarktes ist es f\u00fcr viele (Unterglas)-Gartenbaubetriebe notwendig geworden, sich f\u00fcr [&hellip;]\" \/>\n<meta property=\"og:url\" content=\"https:\/\/lat.nl\/de\/betreuung-bei-anfrage-und-ankauf-von-kwk-anlagen\/\" \/>\n<meta property=\"og:site_name\" content=\"Looije Agro Technics BV\" \/>\n<meta name=\"twitter:card\" content=\"summary_large_image\" \/>\n<meta name=\"twitter:label1\" content=\"Gesch\u00e4tzte Lesezeit\" \/>\n\t<meta name=\"twitter:data1\" content=\"1\u00a0Minute\" \/>\n<script type=\"application\/ld+json\" class=\"yoast-schema-graph\">{\"@context\":\"https:\\\/\\\/schema.org\",\"@graph\":[{\"@type\":\"WebPage\",\"@id\":\"https:\\\/\\\/lat.nl\\\/de\\\/betreuung-bei-anfrage-und-ankauf-von-kwk-anlagen\\\/\",\"url\":\"https:\\\/\\\/lat.nl\\\/de\\\/betreuung-bei-anfrage-und-ankauf-von-kwk-anlagen\\\/\",\"name\":\"Betreuung bei Anfrage und Ankauf von KWK-Anlagen - Looije Agro Technics BV\",\"isPartOf\":{\"@id\":\"https:\\\/\\\/lat.nl\\\/#website\"},\"datePublished\":\"2018-03-28T12:09:15+00:00\",\"breadcrumb\":{\"@id\":\"https:\\\/\\\/lat.nl\\\/de\\\/betreuung-bei-anfrage-und-ankauf-von-kwk-anlagen\\\/#breadcrumb\"},\"inLanguage\":\"de\",\"potentialAction\":[{\"@type\":\"ReadAction\",\"target\":[\"https:\\\/\\\/lat.nl\\\/de\\\/betreuung-bei-anfrage-und-ankauf-von-kwk-anlagen\\\/\"]}]},{\"@type\":\"BreadcrumbList\",\"@id\":\"https:\\\/\\\/lat.nl\\\/de\\\/betreuung-bei-anfrage-und-ankauf-von-kwk-anlagen\\\/#breadcrumb\",\"itemListElement\":[{\"@type\":\"ListItem\",\"position\":1,\"name\":\"Home\",\"item\":\"https:\\\/\\\/lat.nl\\\/de\\\/\"},{\"@type\":\"ListItem\",\"position\":2,\"name\":\"Betreuung bei Anfrage und Ankauf von KWK-Anlagen\"}]},{\"@type\":\"WebSite\",\"@id\":\"https:\\\/\\\/lat.nl\\\/#website\",\"url\":\"https:\\\/\\\/lat.nl\\\/\",\"name\":\"Looije Agro Technics BV\",\"description\":\"H\u00e9t onafhankelijk bouwmanagementbureau in de glastuinbouwsector\",\"publisher\":{\"@id\":\"https:\\\/\\\/lat.nl\\\/#organization\"},\"potentialAction\":[{\"@type\":\"SearchAction\",\"target\":{\"@type\":\"EntryPoint\",\"urlTemplate\":\"https:\\\/\\\/lat.nl\\\/?s={search_term_string}\"},\"query-input\":{\"@type\":\"PropertyValueSpecification\",\"valueRequired\":true,\"valueName\":\"search_term_string\"}}],\"inLanguage\":\"de\"},{\"@type\":\"Organization\",\"@id\":\"https:\\\/\\\/lat.nl\\\/#organization\",\"name\":\"Looije Agro Technics BV\",\"url\":\"https:\\\/\\\/lat.nl\\\/\",\"logo\":{\"@type\":\"ImageObject\",\"inLanguage\":\"de\",\"@id\":\"https:\\\/\\\/lat.nl\\\/#\\\/schema\\\/logo\\\/image\\\/\",\"url\":\"https:\\\/\\\/lat.nl\\\/wp-content\\\/uploads\\\/2018\\\/03\\\/logo.jpg\",\"contentUrl\":\"https:\\\/\\\/lat.nl\\\/wp-content\\\/uploads\\\/2018\\\/03\\\/logo.jpg\",\"width\":319,\"height\":122,\"caption\":\"Looije Agro Technics BV\"},\"image\":{\"@id\":\"https:\\\/\\\/lat.nl\\\/#\\\/schema\\\/logo\\\/image\\\/\"}}]}<\/script>\n<!-- \/ Yoast SEO plugin. -->","yoast_head_json":{"title":"Betreuung bei Anfrage und Ankauf von KWK-Anlagen - Looije Agro Technics BV","robots":{"index":"index","follow":"follow","max-snippet":"max-snippet:-1","max-image-preview":"max-image-preview:large","max-video-preview":"max-video-preview:-1"},"canonical":"https:\/\/lat.nl\/de\/betreuung-bei-anfrage-und-ankauf-von-kwk-anlagen\/","og_locale":"de_DE","og_type":"article","og_title":"Betreuung bei Anfrage und Ankauf von KWK-Anlagen - Looije Agro Technics BV","og_description":"Die Stromversorgung eines (Unterglas)-Gartenbaubetriebs wird von vielen als das Herzst\u00fcck des Unternehmens angesehen. Sobald ein Entwurf deutliche Formen angenommen hat, gehen die Energiespezialisten bei Looije Agro Technics ans Werk. Sie ermitteln den Strombedarf des Unternehmens und schreiben detailliert die L\u00f6sungsfindungen auf. Seit der Freigabe des Stromversorgungsmarktes ist es f\u00fcr viele (Unterglas)-Gartenbaubetriebe notwendig geworden, sich f\u00fcr [&hellip;]","og_url":"https:\/\/lat.nl\/de\/betreuung-bei-anfrage-und-ankauf-von-kwk-anlagen\/","og_site_name":"Looije Agro Technics BV","twitter_card":"summary_large_image","twitter_misc":{"Gesch\u00e4tzte Lesezeit":"1\u00a0Minute"},"schema":{"@context":"https:\/\/schema.org","@graph":[{"@type":"WebPage","@id":"https:\/\/lat.nl\/de\/betreuung-bei-anfrage-und-ankauf-von-kwk-anlagen\/","url":"https:\/\/lat.nl\/de\/betreuung-bei-anfrage-und-ankauf-von-kwk-anlagen\/","name":"Betreuung bei Anfrage und Ankauf von KWK-Anlagen - Looije Agro Technics BV","isPartOf":{"@id":"https:\/\/lat.nl\/#website"},"datePublished":"2018-03-28T12:09:15+00:00","breadcrumb":{"@id":"https:\/\/lat.nl\/de\/betreuung-bei-anfrage-und-ankauf-von-kwk-anlagen\/#breadcrumb"},"inLanguage":"de","potentialAction":[{"@type":"ReadAction","target":["https:\/\/lat.nl\/de\/betreuung-bei-anfrage-und-ankauf-von-kwk-anlagen\/"]}]},{"@type":"BreadcrumbList","@id":"https:\/\/lat.nl\/de\/betreuung-bei-anfrage-und-ankauf-von-kwk-anlagen\/#breadcrumb","itemListElement":[{"@type":"ListItem","position":1,"name":"Home","item":"https:\/\/lat.nl\/de\/"},{"@type":"ListItem","position":2,"name":"Betreuung bei Anfrage und Ankauf von KWK-Anlagen"}]},{"@type":"WebSite","@id":"https:\/\/lat.nl\/#website","url":"https:\/\/lat.nl\/","name":"Looije Agro Technics BV","description":"H\u00e9t onafhankelijk bouwmanagementbureau in de glastuinbouwsector","publisher":{"@id":"https:\/\/lat.nl\/#organization"},"potentialAction":[{"@type":"SearchAction","target":{"@type":"EntryPoint","urlTemplate":"https:\/\/lat.nl\/?s={search_term_string}"},"query-input":{"@type":"PropertyValueSpecification","valueRequired":true,"valueName":"search_term_string"}}],"inLanguage":"de"},{"@type":"Organization","@id":"https:\/\/lat.nl\/#organization","name":"Looije Agro Technics BV","url":"https:\/\/lat.nl\/","logo":{"@type":"ImageObject","inLanguage":"de","@id":"https:\/\/lat.nl\/#\/schema\/logo\/image\/","url":"https:\/\/lat.nl\/wp-content\/uploads\/2018\/03\/logo.jpg","contentUrl":"https:\/\/lat.nl\/wp-content\/uploads\/2018\/03\/logo.jpg","width":319,"height":122,"caption":"Looije Agro Technics BV"},"image":{"@id":"https:\/\/lat.nl\/#\/schema\/logo\/image\/"}}]}},"_links":{"self":[{"href":"https:\/\/lat.nl\/de\/wp-json\/wp\/v2\/pages\/2300","targetHints":{"allow":["GET"]}}],"collection":[{"href":"https:\/\/lat.nl\/de\/wp-json\/wp\/v2\/pages"}],"about":[{"href":"https:\/\/lat.nl\/de\/wp-json\/wp\/v2\/types\/page"}],"author":[{"embeddable":true,"href":"https:\/\/lat.nl\/de\/wp-json\/wp\/v2\/users\/1"}],"replies":[{"embeddable":true,"href":"https:\/\/lat.nl\/de\/wp-json\/wp\/v2\/comments?post=2300"}],"version-history":[{"count":0,"href":"https:\/\/lat.nl\/de\/wp-json\/wp\/v2\/pages\/2300\/revisions"}],"wp:attachment":[{"href":"https:\/\/lat.nl\/de\/wp-json\/wp\/v2\/media?parent=2300"}],"curies":[{"name":"wp","href":"https:\/\/api.w.org\/{rel}","templated":true}]}}