{"id":2302,"date":"2018-03-28T12:09:15","date_gmt":"2018-03-28T12:09:15","guid":{"rendered":"https:\/\/lat.nl\/betreuung-bei-der-anfrage-und-dem-ankauf-von-gartenbauanlage\/"},"modified":"2018-03-28T12:09:15","modified_gmt":"2018-03-28T12:09:15","slug":"betreuung-bei-der-anfrage-und-dem-ankauf-von-gartenbauanlage","status":"publish","type":"page","link":"https:\/\/lat.nl\/de\/betreuung-bei-der-anfrage-und-dem-ankauf-von-gartenbauanlage\/","title":{"rendered":"Betreuung bei der Anfrage und dem Ankauf von Gartenbauanlage"},"content":{"rendered":"<p>In einem (Unterglas)-Gartenbaubetrieb gibt es eine Vielfalt an Installationsanlagen. Es gibt Anlagen, die das richtige Anbauklima bereiten m\u00fcssen (zum Beispiel: Heizung, Schirmung, CO2, Wassertechnik, Assimilationsbeleuchtung und sonstiges) als auch Anlagen, die sich speziell auf den Anbau richten (h\u00e4ngende Rinnen, Transportsysteme, Sortiersysteme und sonstiges).<\/p>\n<p>Die Fachspezialisten bei Looije Agro Technics kennen sich aus mit allen g\u00e4ngigen Systemen, die in den (Unterglas)-Gartenbau eingesetzt werden. Bei der Ausarbeitung Ihres Planes suchen wir nach Systemen, die einen Mehrwert f\u00fcr Ihr Projekt bedeuten. Einerseits kann das eine, andererseits k\u00f6nnen das mehrere Standardl\u00f6sungen sein, nicht zu vergessen auch Speziall\u00f6sungen, die bedacht und entwickelt werden m\u00fcssen.<\/p>\n<p>Aufgrund einer speziell f\u00fcr Sie angefertigten und detaillierten Projektbeschreibung werden mehrere Lieferanten schriftlich um ein Angebot gebeten. Die eingegangenen Angebote werden von uns gr\u00fcndlichst miteinander verglichen. In diesem Projektabschnitt sorgen wir daf\u00fcr, dass alle Angebote inhaltlich vergleichbar werden und geben wir Ihnen anschlie\u00dfend eine Ausschreibungsempfehlung an die Hand.<\/p>\n<p>Schlie\u00dflich sind Sie derjenige, der den Auftrag erteilen wird. Wir sorgen daf\u00fcr, dass die Vereinbarungen zwischen Ihnen und dem Lieferanten korrekt festgehalten werden, so dass Unklarheiten und \u00c4rgernisse in der Durchf\u00fchrungsphase vermieden werden k\u00f6nnen. Bei Bedarf betreuen wir anschlie\u00dfend auch Ihre Bauplanung und Durchf\u00fchrung, direkt auf Ihrer Baustelle.<\/p>\n","protected":false},"excerpt":{"rendered":"<p>In einem (Unterglas)-Gartenbaubetrieb gibt es eine Vielfalt an Installationsanlagen. Es gibt Anlagen, die das richtige Anbauklima bereiten m\u00fcssen (zum Beispiel: Heizung, Schirmung, CO2, Wassertechnik, Assimilationsbeleuchtung und sonstiges) als auch Anlagen, die sich speziell auf den Anbau richten (h\u00e4ngende Rinnen, Transportsysteme, Sortiersysteme und sonstiges). Die Fachspezialisten bei Looije Agro Technics kennen sich aus mit allen g\u00e4ngigen [&hellip;]<\/p>\n","protected":false},"author":1,"featured_media":0,"parent":0,"menu_order":0,"comment_status":"open","ping_status":"closed","template":"","meta":{"_acf_changed":false,"_exactmetrics_skip_tracking":false,"_exactmetrics_sitenote_active":false,"_exactmetrics_sitenote_note":"","_exactmetrics_sitenote_category":0,"footnotes":""},"class_list":["post-2302","page","type-page","status-publish","hentry"],"acf":[],"yoast_head":"<!-- This site is optimized with the Yoast SEO plugin v27.3 - https:\/\/yoast.com\/product\/yoast-seo-wordpress\/ -->\n<title>Betreuung bei der Anfrage und dem Ankauf von Gartenbauanlage - Looije Agro Technics BV<\/title>\n<meta name=\"robots\" content=\"index, follow, max-snippet:-1, max-image-preview:large, max-video-preview:-1\" \/>\n<link rel=\"canonical\" href=\"https:\/\/lat.nl\/de\/betreuung-bei-der-anfrage-und-dem-ankauf-von-gartenbauanlage\/\" \/>\n<meta property=\"og:locale\" content=\"de_DE\" \/>\n<meta property=\"og:type\" content=\"article\" \/>\n<meta property=\"og:title\" content=\"Betreuung bei der Anfrage und dem Ankauf von Gartenbauanlage - Looije Agro Technics BV\" \/>\n<meta property=\"og:description\" content=\"In einem (Unterglas)-Gartenbaubetrieb gibt es eine Vielfalt an Installationsanlagen. Es gibt Anlagen, die das richtige Anbauklima bereiten m\u00fcssen (zum Beispiel: Heizung, Schirmung, CO2, Wassertechnik, Assimilationsbeleuchtung und sonstiges) als auch Anlagen, die sich speziell auf den Anbau richten (h\u00e4ngende Rinnen, Transportsysteme, Sortiersysteme und sonstiges). Die Fachspezialisten bei Looije Agro Technics kennen sich aus mit allen g\u00e4ngigen [&hellip;]\" \/>\n<meta property=\"og:url\" content=\"https:\/\/lat.nl\/de\/betreuung-bei-der-anfrage-und-dem-ankauf-von-gartenbauanlage\/\" \/>\n<meta property=\"og:site_name\" content=\"Looije Agro Technics BV\" \/>\n<meta name=\"twitter:card\" content=\"summary_large_image\" \/>\n<meta name=\"twitter:label1\" content=\"Gesch\u00e4tzte Lesezeit\" \/>\n\t<meta name=\"twitter:data1\" content=\"1\u00a0Minute\" \/>\n<script type=\"application\/ld+json\" class=\"yoast-schema-graph\">{\"@context\":\"https:\\\/\\\/schema.org\",\"@graph\":[{\"@type\":\"WebPage\",\"@id\":\"https:\\\/\\\/lat.nl\\\/de\\\/betreuung-bei-der-anfrage-und-dem-ankauf-von-gartenbauanlage\\\/\",\"url\":\"https:\\\/\\\/lat.nl\\\/de\\\/betreuung-bei-der-anfrage-und-dem-ankauf-von-gartenbauanlage\\\/\",\"name\":\"Betreuung bei der Anfrage und dem Ankauf von Gartenbauanlage - Looije Agro Technics BV\",\"isPartOf\":{\"@id\":\"https:\\\/\\\/lat.nl\\\/#website\"},\"datePublished\":\"2018-03-28T12:09:15+00:00\",\"breadcrumb\":{\"@id\":\"https:\\\/\\\/lat.nl\\\/de\\\/betreuung-bei-der-anfrage-und-dem-ankauf-von-gartenbauanlage\\\/#breadcrumb\"},\"inLanguage\":\"de\",\"potentialAction\":[{\"@type\":\"ReadAction\",\"target\":[\"https:\\\/\\\/lat.nl\\\/de\\\/betreuung-bei-der-anfrage-und-dem-ankauf-von-gartenbauanlage\\\/\"]}]},{\"@type\":\"BreadcrumbList\",\"@id\":\"https:\\\/\\\/lat.nl\\\/de\\\/betreuung-bei-der-anfrage-und-dem-ankauf-von-gartenbauanlage\\\/#breadcrumb\",\"itemListElement\":[{\"@type\":\"ListItem\",\"position\":1,\"name\":\"Home\",\"item\":\"https:\\\/\\\/lat.nl\\\/de\\\/\"},{\"@type\":\"ListItem\",\"position\":2,\"name\":\"Betreuung bei der Anfrage und dem Ankauf von Gartenbauanlage\"}]},{\"@type\":\"WebSite\",\"@id\":\"https:\\\/\\\/lat.nl\\\/#website\",\"url\":\"https:\\\/\\\/lat.nl\\\/\",\"name\":\"Looije Agro Technics BV\",\"description\":\"H\u00e9t onafhankelijk bouwmanagementbureau in de glastuinbouwsector\",\"publisher\":{\"@id\":\"https:\\\/\\\/lat.nl\\\/#organization\"},\"potentialAction\":[{\"@type\":\"SearchAction\",\"target\":{\"@type\":\"EntryPoint\",\"urlTemplate\":\"https:\\\/\\\/lat.nl\\\/?s={search_term_string}\"},\"query-input\":{\"@type\":\"PropertyValueSpecification\",\"valueRequired\":true,\"valueName\":\"search_term_string\"}}],\"inLanguage\":\"de\"},{\"@type\":\"Organization\",\"@id\":\"https:\\\/\\\/lat.nl\\\/#organization\",\"name\":\"Looije Agro Technics BV\",\"url\":\"https:\\\/\\\/lat.nl\\\/\",\"logo\":{\"@type\":\"ImageObject\",\"inLanguage\":\"de\",\"@id\":\"https:\\\/\\\/lat.nl\\\/#\\\/schema\\\/logo\\\/image\\\/\",\"url\":\"https:\\\/\\\/lat.nl\\\/wp-content\\\/uploads\\\/2018\\\/03\\\/logo.jpg\",\"contentUrl\":\"https:\\\/\\\/lat.nl\\\/wp-content\\\/uploads\\\/2018\\\/03\\\/logo.jpg\",\"width\":319,\"height\":122,\"caption\":\"Looije Agro Technics BV\"},\"image\":{\"@id\":\"https:\\\/\\\/lat.nl\\\/#\\\/schema\\\/logo\\\/image\\\/\"}}]}<\/script>\n<!-- \/ Yoast SEO plugin. -->","yoast_head_json":{"title":"Betreuung bei der Anfrage und dem Ankauf von Gartenbauanlage - Looije Agro Technics BV","robots":{"index":"index","follow":"follow","max-snippet":"max-snippet:-1","max-image-preview":"max-image-preview:large","max-video-preview":"max-video-preview:-1"},"canonical":"https:\/\/lat.nl\/de\/betreuung-bei-der-anfrage-und-dem-ankauf-von-gartenbauanlage\/","og_locale":"de_DE","og_type":"article","og_title":"Betreuung bei der Anfrage und dem Ankauf von Gartenbauanlage - Looije Agro Technics BV","og_description":"In einem (Unterglas)-Gartenbaubetrieb gibt es eine Vielfalt an Installationsanlagen. Es gibt Anlagen, die das richtige Anbauklima bereiten m\u00fcssen (zum Beispiel: Heizung, Schirmung, CO2, Wassertechnik, Assimilationsbeleuchtung und sonstiges) als auch Anlagen, die sich speziell auf den Anbau richten (h\u00e4ngende Rinnen, Transportsysteme, Sortiersysteme und sonstiges). Die Fachspezialisten bei Looije Agro Technics kennen sich aus mit allen g\u00e4ngigen [&hellip;]","og_url":"https:\/\/lat.nl\/de\/betreuung-bei-der-anfrage-und-dem-ankauf-von-gartenbauanlage\/","og_site_name":"Looije Agro Technics BV","twitter_card":"summary_large_image","twitter_misc":{"Gesch\u00e4tzte Lesezeit":"1\u00a0Minute"},"schema":{"@context":"https:\/\/schema.org","@graph":[{"@type":"WebPage","@id":"https:\/\/lat.nl\/de\/betreuung-bei-der-anfrage-und-dem-ankauf-von-gartenbauanlage\/","url":"https:\/\/lat.nl\/de\/betreuung-bei-der-anfrage-und-dem-ankauf-von-gartenbauanlage\/","name":"Betreuung bei der Anfrage und dem Ankauf von Gartenbauanlage - Looije Agro Technics BV","isPartOf":{"@id":"https:\/\/lat.nl\/#website"},"datePublished":"2018-03-28T12:09:15+00:00","breadcrumb":{"@id":"https:\/\/lat.nl\/de\/betreuung-bei-der-anfrage-und-dem-ankauf-von-gartenbauanlage\/#breadcrumb"},"inLanguage":"de","potentialAction":[{"@type":"ReadAction","target":["https:\/\/lat.nl\/de\/betreuung-bei-der-anfrage-und-dem-ankauf-von-gartenbauanlage\/"]}]},{"@type":"BreadcrumbList","@id":"https:\/\/lat.nl\/de\/betreuung-bei-der-anfrage-und-dem-ankauf-von-gartenbauanlage\/#breadcrumb","itemListElement":[{"@type":"ListItem","position":1,"name":"Home","item":"https:\/\/lat.nl\/de\/"},{"@type":"ListItem","position":2,"name":"Betreuung bei der Anfrage und dem Ankauf von Gartenbauanlage"}]},{"@type":"WebSite","@id":"https:\/\/lat.nl\/#website","url":"https:\/\/lat.nl\/","name":"Looije Agro Technics BV","description":"H\u00e9t onafhankelijk bouwmanagementbureau in de glastuinbouwsector","publisher":{"@id":"https:\/\/lat.nl\/#organization"},"potentialAction":[{"@type":"SearchAction","target":{"@type":"EntryPoint","urlTemplate":"https:\/\/lat.nl\/?s={search_term_string}"},"query-input":{"@type":"PropertyValueSpecification","valueRequired":true,"valueName":"search_term_string"}}],"inLanguage":"de"},{"@type":"Organization","@id":"https:\/\/lat.nl\/#organization","name":"Looije Agro Technics BV","url":"https:\/\/lat.nl\/","logo":{"@type":"ImageObject","inLanguage":"de","@id":"https:\/\/lat.nl\/#\/schema\/logo\/image\/","url":"https:\/\/lat.nl\/wp-content\/uploads\/2018\/03\/logo.jpg","contentUrl":"https:\/\/lat.nl\/wp-content\/uploads\/2018\/03\/logo.jpg","width":319,"height":122,"caption":"Looije Agro Technics BV"},"image":{"@id":"https:\/\/lat.nl\/#\/schema\/logo\/image\/"}}]}},"_links":{"self":[{"href":"https:\/\/lat.nl\/de\/wp-json\/wp\/v2\/pages\/2302","targetHints":{"allow":["GET"]}}],"collection":[{"href":"https:\/\/lat.nl\/de\/wp-json\/wp\/v2\/pages"}],"about":[{"href":"https:\/\/lat.nl\/de\/wp-json\/wp\/v2\/types\/page"}],"author":[{"embeddable":true,"href":"https:\/\/lat.nl\/de\/wp-json\/wp\/v2\/users\/1"}],"replies":[{"embeddable":true,"href":"https:\/\/lat.nl\/de\/wp-json\/wp\/v2\/comments?post=2302"}],"version-history":[{"count":0,"href":"https:\/\/lat.nl\/de\/wp-json\/wp\/v2\/pages\/2302\/revisions"}],"wp:attachment":[{"href":"https:\/\/lat.nl\/de\/wp-json\/wp\/v2\/media?parent=2302"}],"curies":[{"name":"wp","href":"https:\/\/api.w.org\/{rel}","templated":true}]}}