{"id":2304,"date":"2018-03-28T12:09:15","date_gmt":"2018-03-28T12:09:15","guid":{"rendered":"https:\/\/lat.nl\/beratung-bei-anfrage-und-ankauf-von-versorgungsanlagen\/"},"modified":"2018-03-28T12:09:15","modified_gmt":"2018-03-28T12:09:15","slug":"beratung-bei-anfrage-und-ankauf-von-versorgungsanlagen","status":"publish","type":"page","link":"https:\/\/lat.nl\/de\/beratung-bei-anfrage-und-ankauf-von-versorgungsanlagen\/","title":{"rendered":"Beratung bei Anfrage und Ankauf von Versorgungsanlagen"},"content":{"rendered":"<p>Ein moderner (Unterglas)-Gartenbaubetrieb kann gew\u00f6hnlich nicht ohne Gas auskommen. Looije Agro Technics k\u00fcmmert sich um Ihre Anfrage und betreut anschlie\u00dfend den gesamten Prozess hinsichtlich Planung, Vertr\u00e4ge mit dem Lieferanten, Baumanagement und Inbetriebnahme der Anlage. Aufgrund unseres Fachwissens und unserer Erfahrung mit den Energieversorgungsbetrieben sind unsere Spezialisten im Stande, schnell und effizient mit den Ansprechpartnern der Energiebetriebe \u00fcber die Versorgungsanschl\u00fcsse zu beraten.<\/p>\n<p>Daneben verbraucht ein modernes (Unterglas)-Gartenbauunternehmen auch eine erhebliche Menge an Strom. Falls auch Unterglas-Beleuchtung geplant ist, oder Strom erzeugt werden soll (mit einer KWK- oder \u00e4hnlichen Anlage) dann ist ein ausreichend gro\u00dfer und umfangreicher Stromanlage notwendig. Die genaue Lage der Anschl\u00fcsse und Transformatoren, die Leitungsf\u00fchrung sowie die Messvorrichtung und weiteres mehr, sind Faktoren, die sich auf die Anschaffung und Nutzung Ihrer Versorgungssysteme auswirken. Wir versorgen bei Bedarf die Gesamtvorbereitung und die Baubetreuung der Versorgungsanlage innerhalb Ihres Projektes, und zwar ab dem ersten Gespr\u00e4ch mit dem Energieunternehmen bis zur Abnahme einer funktionsf\u00e4higen Versorgungsanlage.<\/p>\n<p>In vielen F\u00e4llen wird eng mit den Fachspezialisten unserer Abteilung &#8222;Energie&#8220; zusammengearbeitet um gerade die Anschl\u00fcsse realisieren zu lassen, die bei Ihrem Unternehmen oder Ihrer Betriebserweiterung passen.<\/p>\n<p>Alle \u00fcbrigen Sachen, wie Wasserleitung, Abwasser, Telefon- und Kabelnetz und sonstige Anschl\u00fcsse werden im Bedarfsfall von Fachspezialisten der Abteilung &#8218;Projektbetreuung&#8216; in die Projektplanung und ?vorbereitung mit aufgenommen, angefragt und nachgehalten. Nicht umsonst hei\u00dft unser Firmenleitspruch: &#8218;wohl durchdacht und umfassend&#8216;.<\/p>\n","protected":false},"excerpt":{"rendered":"<p>Ein moderner (Unterglas)-Gartenbaubetrieb kann gew\u00f6hnlich nicht ohne Gas auskommen. Looije Agro Technics k\u00fcmmert sich um Ihre Anfrage und betreut anschlie\u00dfend den gesamten Prozess hinsichtlich Planung, Vertr\u00e4ge mit dem Lieferanten, Baumanagement und Inbetriebnahme der Anlage. Aufgrund unseres Fachwissens und unserer Erfahrung mit den Energieversorgungsbetrieben sind unsere Spezialisten im Stande, schnell und effizient mit den Ansprechpartnern der [&hellip;]<\/p>\n","protected":false},"author":1,"featured_media":0,"parent":0,"menu_order":0,"comment_status":"open","ping_status":"closed","template":"","meta":{"_acf_changed":false,"_exactmetrics_skip_tracking":false,"_exactmetrics_sitenote_active":false,"_exactmetrics_sitenote_note":"","_exactmetrics_sitenote_category":0,"footnotes":""},"class_list":["post-2304","page","type-page","status-publish","hentry"],"acf":[],"yoast_head":"<!-- This site is optimized with the Yoast SEO plugin v27.3 - https:\/\/yoast.com\/product\/yoast-seo-wordpress\/ -->\n<title>Beratung bei Anfrage und Ankauf von Versorgungsanlagen - Looije Agro Technics BV<\/title>\n<meta name=\"robots\" content=\"index, follow, max-snippet:-1, max-image-preview:large, max-video-preview:-1\" \/>\n<link rel=\"canonical\" href=\"https:\/\/lat.nl\/de\/beratung-bei-anfrage-und-ankauf-von-versorgungsanlagen\/\" \/>\n<meta property=\"og:locale\" content=\"de_DE\" \/>\n<meta property=\"og:type\" content=\"article\" \/>\n<meta property=\"og:title\" content=\"Beratung bei Anfrage und Ankauf von Versorgungsanlagen - Looije Agro Technics BV\" \/>\n<meta property=\"og:description\" content=\"Ein moderner (Unterglas)-Gartenbaubetrieb kann gew\u00f6hnlich nicht ohne Gas auskommen. Looije Agro Technics k\u00fcmmert sich um Ihre Anfrage und betreut anschlie\u00dfend den gesamten Prozess hinsichtlich Planung, Vertr\u00e4ge mit dem Lieferanten, Baumanagement und Inbetriebnahme der Anlage. Aufgrund unseres Fachwissens und unserer Erfahrung mit den Energieversorgungsbetrieben sind unsere Spezialisten im Stande, schnell und effizient mit den Ansprechpartnern der [&hellip;]\" \/>\n<meta property=\"og:url\" content=\"https:\/\/lat.nl\/de\/beratung-bei-anfrage-und-ankauf-von-versorgungsanlagen\/\" \/>\n<meta property=\"og:site_name\" content=\"Looije Agro Technics BV\" \/>\n<meta name=\"twitter:card\" content=\"summary_large_image\" \/>\n<meta name=\"twitter:label1\" content=\"Gesch\u00e4tzte Lesezeit\" \/>\n\t<meta name=\"twitter:data1\" content=\"1\u00a0Minute\" \/>\n<script type=\"application\/ld+json\" class=\"yoast-schema-graph\">{\"@context\":\"https:\\\/\\\/schema.org\",\"@graph\":[{\"@type\":\"WebPage\",\"@id\":\"https:\\\/\\\/lat.nl\\\/de\\\/beratung-bei-anfrage-und-ankauf-von-versorgungsanlagen\\\/\",\"url\":\"https:\\\/\\\/lat.nl\\\/de\\\/beratung-bei-anfrage-und-ankauf-von-versorgungsanlagen\\\/\",\"name\":\"Beratung bei Anfrage und Ankauf von Versorgungsanlagen - Looije Agro Technics BV\",\"isPartOf\":{\"@id\":\"https:\\\/\\\/lat.nl\\\/#website\"},\"datePublished\":\"2018-03-28T12:09:15+00:00\",\"breadcrumb\":{\"@id\":\"https:\\\/\\\/lat.nl\\\/de\\\/beratung-bei-anfrage-und-ankauf-von-versorgungsanlagen\\\/#breadcrumb\"},\"inLanguage\":\"de\",\"potentialAction\":[{\"@type\":\"ReadAction\",\"target\":[\"https:\\\/\\\/lat.nl\\\/de\\\/beratung-bei-anfrage-und-ankauf-von-versorgungsanlagen\\\/\"]}]},{\"@type\":\"BreadcrumbList\",\"@id\":\"https:\\\/\\\/lat.nl\\\/de\\\/beratung-bei-anfrage-und-ankauf-von-versorgungsanlagen\\\/#breadcrumb\",\"itemListElement\":[{\"@type\":\"ListItem\",\"position\":1,\"name\":\"Home\",\"item\":\"https:\\\/\\\/lat.nl\\\/de\\\/\"},{\"@type\":\"ListItem\",\"position\":2,\"name\":\"Beratung bei Anfrage und Ankauf von Versorgungsanlagen\"}]},{\"@type\":\"WebSite\",\"@id\":\"https:\\\/\\\/lat.nl\\\/#website\",\"url\":\"https:\\\/\\\/lat.nl\\\/\",\"name\":\"Looije Agro Technics BV\",\"description\":\"H\u00e9t onafhankelijk bouwmanagementbureau in de glastuinbouwsector\",\"publisher\":{\"@id\":\"https:\\\/\\\/lat.nl\\\/#organization\"},\"potentialAction\":[{\"@type\":\"SearchAction\",\"target\":{\"@type\":\"EntryPoint\",\"urlTemplate\":\"https:\\\/\\\/lat.nl\\\/?s={search_term_string}\"},\"query-input\":{\"@type\":\"PropertyValueSpecification\",\"valueRequired\":true,\"valueName\":\"search_term_string\"}}],\"inLanguage\":\"de\"},{\"@type\":\"Organization\",\"@id\":\"https:\\\/\\\/lat.nl\\\/#organization\",\"name\":\"Looije Agro Technics BV\",\"url\":\"https:\\\/\\\/lat.nl\\\/\",\"logo\":{\"@type\":\"ImageObject\",\"inLanguage\":\"de\",\"@id\":\"https:\\\/\\\/lat.nl\\\/#\\\/schema\\\/logo\\\/image\\\/\",\"url\":\"https:\\\/\\\/lat.nl\\\/wp-content\\\/uploads\\\/2018\\\/03\\\/logo.jpg\",\"contentUrl\":\"https:\\\/\\\/lat.nl\\\/wp-content\\\/uploads\\\/2018\\\/03\\\/logo.jpg\",\"width\":319,\"height\":122,\"caption\":\"Looije Agro Technics BV\"},\"image\":{\"@id\":\"https:\\\/\\\/lat.nl\\\/#\\\/schema\\\/logo\\\/image\\\/\"}}]}<\/script>\n<!-- \/ Yoast SEO plugin. -->","yoast_head_json":{"title":"Beratung bei Anfrage und Ankauf von Versorgungsanlagen - Looije Agro Technics BV","robots":{"index":"index","follow":"follow","max-snippet":"max-snippet:-1","max-image-preview":"max-image-preview:large","max-video-preview":"max-video-preview:-1"},"canonical":"https:\/\/lat.nl\/de\/beratung-bei-anfrage-und-ankauf-von-versorgungsanlagen\/","og_locale":"de_DE","og_type":"article","og_title":"Beratung bei Anfrage und Ankauf von Versorgungsanlagen - Looije Agro Technics BV","og_description":"Ein moderner (Unterglas)-Gartenbaubetrieb kann gew\u00f6hnlich nicht ohne Gas auskommen. Looije Agro Technics k\u00fcmmert sich um Ihre Anfrage und betreut anschlie\u00dfend den gesamten Prozess hinsichtlich Planung, Vertr\u00e4ge mit dem Lieferanten, Baumanagement und Inbetriebnahme der Anlage. Aufgrund unseres Fachwissens und unserer Erfahrung mit den Energieversorgungsbetrieben sind unsere Spezialisten im Stande, schnell und effizient mit den Ansprechpartnern der [&hellip;]","og_url":"https:\/\/lat.nl\/de\/beratung-bei-anfrage-und-ankauf-von-versorgungsanlagen\/","og_site_name":"Looije Agro Technics BV","twitter_card":"summary_large_image","twitter_misc":{"Gesch\u00e4tzte Lesezeit":"1\u00a0Minute"},"schema":{"@context":"https:\/\/schema.org","@graph":[{"@type":"WebPage","@id":"https:\/\/lat.nl\/de\/beratung-bei-anfrage-und-ankauf-von-versorgungsanlagen\/","url":"https:\/\/lat.nl\/de\/beratung-bei-anfrage-und-ankauf-von-versorgungsanlagen\/","name":"Beratung bei Anfrage und Ankauf von Versorgungsanlagen - Looije Agro Technics BV","isPartOf":{"@id":"https:\/\/lat.nl\/#website"},"datePublished":"2018-03-28T12:09:15+00:00","breadcrumb":{"@id":"https:\/\/lat.nl\/de\/beratung-bei-anfrage-und-ankauf-von-versorgungsanlagen\/#breadcrumb"},"inLanguage":"de","potentialAction":[{"@type":"ReadAction","target":["https:\/\/lat.nl\/de\/beratung-bei-anfrage-und-ankauf-von-versorgungsanlagen\/"]}]},{"@type":"BreadcrumbList","@id":"https:\/\/lat.nl\/de\/beratung-bei-anfrage-und-ankauf-von-versorgungsanlagen\/#breadcrumb","itemListElement":[{"@type":"ListItem","position":1,"name":"Home","item":"https:\/\/lat.nl\/de\/"},{"@type":"ListItem","position":2,"name":"Beratung bei Anfrage und Ankauf von Versorgungsanlagen"}]},{"@type":"WebSite","@id":"https:\/\/lat.nl\/#website","url":"https:\/\/lat.nl\/","name":"Looije Agro Technics BV","description":"H\u00e9t onafhankelijk bouwmanagementbureau in de glastuinbouwsector","publisher":{"@id":"https:\/\/lat.nl\/#organization"},"potentialAction":[{"@type":"SearchAction","target":{"@type":"EntryPoint","urlTemplate":"https:\/\/lat.nl\/?s={search_term_string}"},"query-input":{"@type":"PropertyValueSpecification","valueRequired":true,"valueName":"search_term_string"}}],"inLanguage":"de"},{"@type":"Organization","@id":"https:\/\/lat.nl\/#organization","name":"Looije Agro Technics BV","url":"https:\/\/lat.nl\/","logo":{"@type":"ImageObject","inLanguage":"de","@id":"https:\/\/lat.nl\/#\/schema\/logo\/image\/","url":"https:\/\/lat.nl\/wp-content\/uploads\/2018\/03\/logo.jpg","contentUrl":"https:\/\/lat.nl\/wp-content\/uploads\/2018\/03\/logo.jpg","width":319,"height":122,"caption":"Looije Agro Technics BV"},"image":{"@id":"https:\/\/lat.nl\/#\/schema\/logo\/image\/"}}]}},"_links":{"self":[{"href":"https:\/\/lat.nl\/de\/wp-json\/wp\/v2\/pages\/2304","targetHints":{"allow":["GET"]}}],"collection":[{"href":"https:\/\/lat.nl\/de\/wp-json\/wp\/v2\/pages"}],"about":[{"href":"https:\/\/lat.nl\/de\/wp-json\/wp\/v2\/types\/page"}],"author":[{"embeddable":true,"href":"https:\/\/lat.nl\/de\/wp-json\/wp\/v2\/users\/1"}],"replies":[{"embeddable":true,"href":"https:\/\/lat.nl\/de\/wp-json\/wp\/v2\/comments?post=2304"}],"version-history":[{"count":0,"href":"https:\/\/lat.nl\/de\/wp-json\/wp\/v2\/pages\/2304\/revisions"}],"wp:attachment":[{"href":"https:\/\/lat.nl\/de\/wp-json\/wp\/v2\/media?parent=2304"}],"curies":[{"name":"wp","href":"https:\/\/api.w.org\/{rel}","templated":true}]}}