{"id":2306,"date":"2018-03-28T12:09:15","date_gmt":"2018-03-28T12:09:15","guid":{"rendered":"https:\/\/lat.nl\/betreuung-bei-anfrage-und-ankauf-von-gewachshausern\/"},"modified":"2018-03-28T12:09:15","modified_gmt":"2018-03-28T12:09:15","slug":"betreuung-bei-anfrage-und-ankauf-von-gewachshausern","status":"publish","type":"page","link":"https:\/\/lat.nl\/de\/betreuung-bei-anfrage-und-ankauf-von-gewachshausern\/","title":{"rendered":"Betreuung bei Anfrage und Ankauf von Gew\u00e4chsh\u00e4usern"},"content":{"rendered":"<p>Obwohl es f\u00fcr den Laien so aussieht, als ob es nur eine Art von Gew\u00e4chsh\u00e4usern g\u00e4be, wissen Sie es besser: Das eine Gew\u00e4chshaus ist nicht unbedingt so wie das andere! Gemeinsam mit Ihnen stellen die Experten von Looije Agro Technics einen Plan auf, wobei das Gew\u00e4chshaus alle Aufmerksamkeit bekommt und sich zum einen nach Ihren Bed\u00fcrfnissen f\u00fcr den Gartenanbau richtet, und zum anderen nach Ihren M\u00f6glichkeiten.<\/p>\n<p>Es gibt viele Lieferanten und Gew\u00e4chshausbauer, ein jeder von ihnen vertritt seine eigene Schwerpunkte und M\u00f6glichkeiten. Weil wir unabh\u00e4ngig wirtschaften und keinem Lieferanten oder Gew\u00e4chshausbauer verpflichtet sind, k\u00f6nnen wir als kein anderer gemeinsam mit Ihnen \u00fcberlegen, welche Marktentwicklungen gerade f\u00fcr Sie interessant sind und welche Entwicklungen optimal an Ihre W\u00fcnsche, Anforderungen und M\u00f6glichkeiten ankn\u00fcpfen.<\/p>\n<p>Aufgrund einer pers\u00f6nlich f\u00fcr Sie angefertigten und detaillierten Projektbeschreibung werden mehrere Lieferanten und Gew\u00e4chshausbauer, die Sie jedoch bestimmen werden, schriftlich um ein Angebot ersucht. Die so eingegangenen Angebote werden von uns sorgf\u00e4ltig gepr\u00fcft, hinterfragt und inhaltlich erg\u00e4nzt, so dass die Werte untereinander ein vergleichbares Niveau haben. Das Ergebnis legen wir Ihnen als eine Ausschreibungsempfehlung vor.<\/p>\n<p>Schlie\u00dflich sind Sie derjenige, der den Auftrag erteilen wird. Wir sorgen daf\u00fcr, dass die Vereinbarungen zwischen Ihnen und dem Lieferanten oder dem Gew\u00e4chshausbauer auch korrekt festgehalten werden, so dass Unklarheiten und \u00c4rgernisse in der Durchf\u00fchrungsphase vermieden werden k\u00f6nnen.<\/p>\n","protected":false},"excerpt":{"rendered":"<p>Obwohl es f\u00fcr den Laien so aussieht, als ob es nur eine Art von Gew\u00e4chsh\u00e4usern g\u00e4be, wissen Sie es besser: Das eine Gew\u00e4chshaus ist nicht unbedingt so wie das andere! Gemeinsam mit Ihnen stellen die Experten von Looije Agro Technics einen Plan auf, wobei das Gew\u00e4chshaus alle Aufmerksamkeit bekommt und sich zum einen nach Ihren [&hellip;]<\/p>\n","protected":false},"author":1,"featured_media":0,"parent":0,"menu_order":0,"comment_status":"open","ping_status":"closed","template":"","meta":{"_acf_changed":false,"_exactmetrics_skip_tracking":false,"_exactmetrics_sitenote_active":false,"_exactmetrics_sitenote_note":"","_exactmetrics_sitenote_category":0,"footnotes":""},"class_list":["post-2306","page","type-page","status-publish","hentry"],"acf":[],"yoast_head":"<!-- This site is optimized with the Yoast SEO plugin v27.3 - https:\/\/yoast.com\/product\/yoast-seo-wordpress\/ -->\n<title>Betreuung bei Anfrage und Ankauf von Gew\u00e4chsh\u00e4usern - Looije Agro Technics BV<\/title>\n<meta name=\"robots\" content=\"index, follow, max-snippet:-1, max-image-preview:large, max-video-preview:-1\" \/>\n<link rel=\"canonical\" href=\"https:\/\/lat.nl\/de\/betreuung-bei-anfrage-und-ankauf-von-gewachshausern\/\" \/>\n<meta property=\"og:locale\" content=\"de_DE\" \/>\n<meta property=\"og:type\" content=\"article\" \/>\n<meta property=\"og:title\" content=\"Betreuung bei Anfrage und Ankauf von Gew\u00e4chsh\u00e4usern - Looije Agro Technics BV\" \/>\n<meta property=\"og:description\" content=\"Obwohl es f\u00fcr den Laien so aussieht, als ob es nur eine Art von Gew\u00e4chsh\u00e4usern g\u00e4be, wissen Sie es besser: Das eine Gew\u00e4chshaus ist nicht unbedingt so wie das andere! Gemeinsam mit Ihnen stellen die Experten von Looije Agro Technics einen Plan auf, wobei das Gew\u00e4chshaus alle Aufmerksamkeit bekommt und sich zum einen nach Ihren [&hellip;]\" \/>\n<meta property=\"og:url\" content=\"https:\/\/lat.nl\/de\/betreuung-bei-anfrage-und-ankauf-von-gewachshausern\/\" \/>\n<meta property=\"og:site_name\" content=\"Looije Agro Technics BV\" \/>\n<meta name=\"twitter:card\" content=\"summary_large_image\" \/>\n<meta name=\"twitter:label1\" content=\"Gesch\u00e4tzte Lesezeit\" \/>\n\t<meta name=\"twitter:data1\" content=\"1\u00a0Minute\" \/>\n<script type=\"application\/ld+json\" class=\"yoast-schema-graph\">{\"@context\":\"https:\\\/\\\/schema.org\",\"@graph\":[{\"@type\":\"WebPage\",\"@id\":\"https:\\\/\\\/lat.nl\\\/de\\\/betreuung-bei-anfrage-und-ankauf-von-gewachshausern\\\/\",\"url\":\"https:\\\/\\\/lat.nl\\\/de\\\/betreuung-bei-anfrage-und-ankauf-von-gewachshausern\\\/\",\"name\":\"Betreuung bei Anfrage und Ankauf von Gew\u00e4chsh\u00e4usern - Looije Agro Technics BV\",\"isPartOf\":{\"@id\":\"https:\\\/\\\/lat.nl\\\/#website\"},\"datePublished\":\"2018-03-28T12:09:15+00:00\",\"breadcrumb\":{\"@id\":\"https:\\\/\\\/lat.nl\\\/de\\\/betreuung-bei-anfrage-und-ankauf-von-gewachshausern\\\/#breadcrumb\"},\"inLanguage\":\"de\",\"potentialAction\":[{\"@type\":\"ReadAction\",\"target\":[\"https:\\\/\\\/lat.nl\\\/de\\\/betreuung-bei-anfrage-und-ankauf-von-gewachshausern\\\/\"]}]},{\"@type\":\"BreadcrumbList\",\"@id\":\"https:\\\/\\\/lat.nl\\\/de\\\/betreuung-bei-anfrage-und-ankauf-von-gewachshausern\\\/#breadcrumb\",\"itemListElement\":[{\"@type\":\"ListItem\",\"position\":1,\"name\":\"Home\",\"item\":\"https:\\\/\\\/lat.nl\\\/de\\\/\"},{\"@type\":\"ListItem\",\"position\":2,\"name\":\"Betreuung bei Anfrage und Ankauf von Gew\u00e4chsh\u00e4usern\"}]},{\"@type\":\"WebSite\",\"@id\":\"https:\\\/\\\/lat.nl\\\/#website\",\"url\":\"https:\\\/\\\/lat.nl\\\/\",\"name\":\"Looije Agro Technics BV\",\"description\":\"H\u00e9t onafhankelijk bouwmanagementbureau in de glastuinbouwsector\",\"publisher\":{\"@id\":\"https:\\\/\\\/lat.nl\\\/#organization\"},\"potentialAction\":[{\"@type\":\"SearchAction\",\"target\":{\"@type\":\"EntryPoint\",\"urlTemplate\":\"https:\\\/\\\/lat.nl\\\/?s={search_term_string}\"},\"query-input\":{\"@type\":\"PropertyValueSpecification\",\"valueRequired\":true,\"valueName\":\"search_term_string\"}}],\"inLanguage\":\"de\"},{\"@type\":\"Organization\",\"@id\":\"https:\\\/\\\/lat.nl\\\/#organization\",\"name\":\"Looije Agro Technics BV\",\"url\":\"https:\\\/\\\/lat.nl\\\/\",\"logo\":{\"@type\":\"ImageObject\",\"inLanguage\":\"de\",\"@id\":\"https:\\\/\\\/lat.nl\\\/#\\\/schema\\\/logo\\\/image\\\/\",\"url\":\"https:\\\/\\\/lat.nl\\\/wp-content\\\/uploads\\\/2018\\\/03\\\/logo.jpg\",\"contentUrl\":\"https:\\\/\\\/lat.nl\\\/wp-content\\\/uploads\\\/2018\\\/03\\\/logo.jpg\",\"width\":319,\"height\":122,\"caption\":\"Looije Agro Technics BV\"},\"image\":{\"@id\":\"https:\\\/\\\/lat.nl\\\/#\\\/schema\\\/logo\\\/image\\\/\"}}]}<\/script>\n<!-- \/ Yoast SEO plugin. -->","yoast_head_json":{"title":"Betreuung bei Anfrage und Ankauf von Gew\u00e4chsh\u00e4usern - Looije Agro Technics BV","robots":{"index":"index","follow":"follow","max-snippet":"max-snippet:-1","max-image-preview":"max-image-preview:large","max-video-preview":"max-video-preview:-1"},"canonical":"https:\/\/lat.nl\/de\/betreuung-bei-anfrage-und-ankauf-von-gewachshausern\/","og_locale":"de_DE","og_type":"article","og_title":"Betreuung bei Anfrage und Ankauf von Gew\u00e4chsh\u00e4usern - Looije Agro Technics BV","og_description":"Obwohl es f\u00fcr den Laien so aussieht, als ob es nur eine Art von Gew\u00e4chsh\u00e4usern g\u00e4be, wissen Sie es besser: Das eine Gew\u00e4chshaus ist nicht unbedingt so wie das andere! Gemeinsam mit Ihnen stellen die Experten von Looije Agro Technics einen Plan auf, wobei das Gew\u00e4chshaus alle Aufmerksamkeit bekommt und sich zum einen nach Ihren [&hellip;]","og_url":"https:\/\/lat.nl\/de\/betreuung-bei-anfrage-und-ankauf-von-gewachshausern\/","og_site_name":"Looije Agro Technics BV","twitter_card":"summary_large_image","twitter_misc":{"Gesch\u00e4tzte Lesezeit":"1\u00a0Minute"},"schema":{"@context":"https:\/\/schema.org","@graph":[{"@type":"WebPage","@id":"https:\/\/lat.nl\/de\/betreuung-bei-anfrage-und-ankauf-von-gewachshausern\/","url":"https:\/\/lat.nl\/de\/betreuung-bei-anfrage-und-ankauf-von-gewachshausern\/","name":"Betreuung bei Anfrage und Ankauf von Gew\u00e4chsh\u00e4usern - Looije Agro Technics BV","isPartOf":{"@id":"https:\/\/lat.nl\/#website"},"datePublished":"2018-03-28T12:09:15+00:00","breadcrumb":{"@id":"https:\/\/lat.nl\/de\/betreuung-bei-anfrage-und-ankauf-von-gewachshausern\/#breadcrumb"},"inLanguage":"de","potentialAction":[{"@type":"ReadAction","target":["https:\/\/lat.nl\/de\/betreuung-bei-anfrage-und-ankauf-von-gewachshausern\/"]}]},{"@type":"BreadcrumbList","@id":"https:\/\/lat.nl\/de\/betreuung-bei-anfrage-und-ankauf-von-gewachshausern\/#breadcrumb","itemListElement":[{"@type":"ListItem","position":1,"name":"Home","item":"https:\/\/lat.nl\/de\/"},{"@type":"ListItem","position":2,"name":"Betreuung bei Anfrage und Ankauf von Gew\u00e4chsh\u00e4usern"}]},{"@type":"WebSite","@id":"https:\/\/lat.nl\/#website","url":"https:\/\/lat.nl\/","name":"Looije Agro Technics BV","description":"H\u00e9t onafhankelijk bouwmanagementbureau in de glastuinbouwsector","publisher":{"@id":"https:\/\/lat.nl\/#organization"},"potentialAction":[{"@type":"SearchAction","target":{"@type":"EntryPoint","urlTemplate":"https:\/\/lat.nl\/?s={search_term_string}"},"query-input":{"@type":"PropertyValueSpecification","valueRequired":true,"valueName":"search_term_string"}}],"inLanguage":"de"},{"@type":"Organization","@id":"https:\/\/lat.nl\/#organization","name":"Looije Agro Technics BV","url":"https:\/\/lat.nl\/","logo":{"@type":"ImageObject","inLanguage":"de","@id":"https:\/\/lat.nl\/#\/schema\/logo\/image\/","url":"https:\/\/lat.nl\/wp-content\/uploads\/2018\/03\/logo.jpg","contentUrl":"https:\/\/lat.nl\/wp-content\/uploads\/2018\/03\/logo.jpg","width":319,"height":122,"caption":"Looije Agro Technics BV"},"image":{"@id":"https:\/\/lat.nl\/#\/schema\/logo\/image\/"}}]}},"_links":{"self":[{"href":"https:\/\/lat.nl\/de\/wp-json\/wp\/v2\/pages\/2306","targetHints":{"allow":["GET"]}}],"collection":[{"href":"https:\/\/lat.nl\/de\/wp-json\/wp\/v2\/pages"}],"about":[{"href":"https:\/\/lat.nl\/de\/wp-json\/wp\/v2\/types\/page"}],"author":[{"embeddable":true,"href":"https:\/\/lat.nl\/de\/wp-json\/wp\/v2\/users\/1"}],"replies":[{"embeddable":true,"href":"https:\/\/lat.nl\/de\/wp-json\/wp\/v2\/comments?post=2306"}],"version-history":[{"count":0,"href":"https:\/\/lat.nl\/de\/wp-json\/wp\/v2\/pages\/2306\/revisions"}],"wp:attachment":[{"href":"https:\/\/lat.nl\/de\/wp-json\/wp\/v2\/media?parent=2306"}],"curies":[{"name":"wp","href":"https:\/\/api.w.org\/{rel}","templated":true}]}}