{"id":2310,"date":"2018-03-28T12:09:15","date_gmt":"2018-03-28T12:09:15","guid":{"rendered":"https:\/\/lat.nl\/aquifers-und-kuhlanlagen\/"},"modified":"2018-03-28T12:09:15","modified_gmt":"2018-03-28T12:09:15","slug":"aquifers-und-kuhlanlagen","status":"publish","type":"page","link":"https:\/\/lat.nl\/de\/aquifers-und-kuhlanlagen\/","title":{"rendered":"Aquifers und K\u00fchlanlagen"},"content":{"rendered":"<p>Bei manchen Anbauprodukten ist eine gleichbleibende Temperatur erw\u00fcnscht und das kann bedeuten, dass gek\u00fchlt werden muss. Nach R\u00fccksprache mit Ihnen werden die Energiespezialisten von Looije Agro Technics pr\u00fcfen, welche M\u00f6glichkeiten f\u00fcr Sie am besten geeignet sind: In dem einen Fall k\u00f6nnen es individuelle K\u00fchler sein, in dem anderen kann der Bau einer kompletten unterirdischen Speicherung (Aquifer) die meist geeignete L\u00f6sung sein.<\/p>\n<p>Unsere Energiespezialisten arbeiten eng mit den Experten der Abteilung &#8218;Bewilligungen und Vorschriften&#8216; zusammen, um bei der Technik, auch gleichzeitig die erforderlichen Vorschriften anwenden zu k\u00f6nnen.<\/p>\n","protected":false},"excerpt":{"rendered":"<p>Bei manchen Anbauprodukten ist eine gleichbleibende Temperatur erw\u00fcnscht und das kann bedeuten, dass gek\u00fchlt werden muss. Nach R\u00fccksprache mit Ihnen werden die Energiespezialisten von Looije Agro Technics pr\u00fcfen, welche M\u00f6glichkeiten f\u00fcr Sie am besten geeignet sind: In dem einen Fall k\u00f6nnen es individuelle K\u00fchler sein, in dem anderen kann der Bau einer kompletten unterirdischen Speicherung [&hellip;]<\/p>\n","protected":false},"author":1,"featured_media":0,"parent":0,"menu_order":0,"comment_status":"open","ping_status":"closed","template":"","meta":{"_acf_changed":false,"_exactmetrics_skip_tracking":false,"_exactmetrics_sitenote_active":false,"_exactmetrics_sitenote_note":"","_exactmetrics_sitenote_category":0,"footnotes":""},"class_list":["post-2310","page","type-page","status-publish","hentry"],"acf":[],"yoast_head":"<!-- This site is optimized with the Yoast SEO plugin v27.3 - https:\/\/yoast.com\/product\/yoast-seo-wordpress\/ -->\n<title>Aquifers und K\u00fchlanlagen - Looije Agro Technics BV<\/title>\n<meta name=\"robots\" content=\"index, follow, max-snippet:-1, max-image-preview:large, max-video-preview:-1\" \/>\n<link rel=\"canonical\" href=\"https:\/\/lat.nl\/de\/aquifers-und-kuhlanlagen\/\" \/>\n<meta property=\"og:locale\" content=\"de_DE\" \/>\n<meta property=\"og:type\" content=\"article\" \/>\n<meta property=\"og:title\" content=\"Aquifers und K\u00fchlanlagen - Looije Agro Technics BV\" \/>\n<meta property=\"og:description\" content=\"Bei manchen Anbauprodukten ist eine gleichbleibende Temperatur erw\u00fcnscht und das kann bedeuten, dass gek\u00fchlt werden muss. Nach R\u00fccksprache mit Ihnen werden die Energiespezialisten von Looije Agro Technics pr\u00fcfen, welche M\u00f6glichkeiten f\u00fcr Sie am besten geeignet sind: In dem einen Fall k\u00f6nnen es individuelle K\u00fchler sein, in dem anderen kann der Bau einer kompletten unterirdischen Speicherung [&hellip;]\" \/>\n<meta property=\"og:url\" content=\"https:\/\/lat.nl\/de\/aquifers-und-kuhlanlagen\/\" \/>\n<meta property=\"og:site_name\" content=\"Looije Agro Technics BV\" \/>\n<meta name=\"twitter:card\" content=\"summary_large_image\" \/>\n<script type=\"application\/ld+json\" class=\"yoast-schema-graph\">{\"@context\":\"https:\\\/\\\/schema.org\",\"@graph\":[{\"@type\":\"WebPage\",\"@id\":\"https:\\\/\\\/lat.nl\\\/de\\\/aquifers-und-kuhlanlagen\\\/\",\"url\":\"https:\\\/\\\/lat.nl\\\/de\\\/aquifers-und-kuhlanlagen\\\/\",\"name\":\"Aquifers und K\u00fchlanlagen - Looije Agro Technics BV\",\"isPartOf\":{\"@id\":\"https:\\\/\\\/lat.nl\\\/#website\"},\"datePublished\":\"2018-03-28T12:09:15+00:00\",\"breadcrumb\":{\"@id\":\"https:\\\/\\\/lat.nl\\\/de\\\/aquifers-und-kuhlanlagen\\\/#breadcrumb\"},\"inLanguage\":\"de\",\"potentialAction\":[{\"@type\":\"ReadAction\",\"target\":[\"https:\\\/\\\/lat.nl\\\/de\\\/aquifers-und-kuhlanlagen\\\/\"]}]},{\"@type\":\"BreadcrumbList\",\"@id\":\"https:\\\/\\\/lat.nl\\\/de\\\/aquifers-und-kuhlanlagen\\\/#breadcrumb\",\"itemListElement\":[{\"@type\":\"ListItem\",\"position\":1,\"name\":\"Home\",\"item\":\"https:\\\/\\\/lat.nl\\\/de\\\/\"},{\"@type\":\"ListItem\",\"position\":2,\"name\":\"Aquifers und K\u00fchlanlagen\"}]},{\"@type\":\"WebSite\",\"@id\":\"https:\\\/\\\/lat.nl\\\/#website\",\"url\":\"https:\\\/\\\/lat.nl\\\/\",\"name\":\"Looije Agro Technics BV\",\"description\":\"H\u00e9t onafhankelijk bouwmanagementbureau in de glastuinbouwsector\",\"publisher\":{\"@id\":\"https:\\\/\\\/lat.nl\\\/#organization\"},\"potentialAction\":[{\"@type\":\"SearchAction\",\"target\":{\"@type\":\"EntryPoint\",\"urlTemplate\":\"https:\\\/\\\/lat.nl\\\/?s={search_term_string}\"},\"query-input\":{\"@type\":\"PropertyValueSpecification\",\"valueRequired\":true,\"valueName\":\"search_term_string\"}}],\"inLanguage\":\"de\"},{\"@type\":\"Organization\",\"@id\":\"https:\\\/\\\/lat.nl\\\/#organization\",\"name\":\"Looije Agro Technics BV\",\"url\":\"https:\\\/\\\/lat.nl\\\/\",\"logo\":{\"@type\":\"ImageObject\",\"inLanguage\":\"de\",\"@id\":\"https:\\\/\\\/lat.nl\\\/#\\\/schema\\\/logo\\\/image\\\/\",\"url\":\"https:\\\/\\\/lat.nl\\\/wp-content\\\/uploads\\\/2018\\\/03\\\/logo.jpg\",\"contentUrl\":\"https:\\\/\\\/lat.nl\\\/wp-content\\\/uploads\\\/2018\\\/03\\\/logo.jpg\",\"width\":319,\"height\":122,\"caption\":\"Looije Agro Technics BV\"},\"image\":{\"@id\":\"https:\\\/\\\/lat.nl\\\/#\\\/schema\\\/logo\\\/image\\\/\"}}]}<\/script>\n<!-- \/ Yoast SEO plugin. -->","yoast_head_json":{"title":"Aquifers und K\u00fchlanlagen - Looije Agro Technics BV","robots":{"index":"index","follow":"follow","max-snippet":"max-snippet:-1","max-image-preview":"max-image-preview:large","max-video-preview":"max-video-preview:-1"},"canonical":"https:\/\/lat.nl\/de\/aquifers-und-kuhlanlagen\/","og_locale":"de_DE","og_type":"article","og_title":"Aquifers und K\u00fchlanlagen - Looije Agro Technics BV","og_description":"Bei manchen Anbauprodukten ist eine gleichbleibende Temperatur erw\u00fcnscht und das kann bedeuten, dass gek\u00fchlt werden muss. Nach R\u00fccksprache mit Ihnen werden die Energiespezialisten von Looije Agro Technics pr\u00fcfen, welche M\u00f6glichkeiten f\u00fcr Sie am besten geeignet sind: In dem einen Fall k\u00f6nnen es individuelle K\u00fchler sein, in dem anderen kann der Bau einer kompletten unterirdischen Speicherung [&hellip;]","og_url":"https:\/\/lat.nl\/de\/aquifers-und-kuhlanlagen\/","og_site_name":"Looije Agro Technics BV","twitter_card":"summary_large_image","schema":{"@context":"https:\/\/schema.org","@graph":[{"@type":"WebPage","@id":"https:\/\/lat.nl\/de\/aquifers-und-kuhlanlagen\/","url":"https:\/\/lat.nl\/de\/aquifers-und-kuhlanlagen\/","name":"Aquifers und K\u00fchlanlagen - Looije Agro Technics BV","isPartOf":{"@id":"https:\/\/lat.nl\/#website"},"datePublished":"2018-03-28T12:09:15+00:00","breadcrumb":{"@id":"https:\/\/lat.nl\/de\/aquifers-und-kuhlanlagen\/#breadcrumb"},"inLanguage":"de","potentialAction":[{"@type":"ReadAction","target":["https:\/\/lat.nl\/de\/aquifers-und-kuhlanlagen\/"]}]},{"@type":"BreadcrumbList","@id":"https:\/\/lat.nl\/de\/aquifers-und-kuhlanlagen\/#breadcrumb","itemListElement":[{"@type":"ListItem","position":1,"name":"Home","item":"https:\/\/lat.nl\/de\/"},{"@type":"ListItem","position":2,"name":"Aquifers und K\u00fchlanlagen"}]},{"@type":"WebSite","@id":"https:\/\/lat.nl\/#website","url":"https:\/\/lat.nl\/","name":"Looije Agro Technics BV","description":"H\u00e9t onafhankelijk bouwmanagementbureau in de glastuinbouwsector","publisher":{"@id":"https:\/\/lat.nl\/#organization"},"potentialAction":[{"@type":"SearchAction","target":{"@type":"EntryPoint","urlTemplate":"https:\/\/lat.nl\/?s={search_term_string}"},"query-input":{"@type":"PropertyValueSpecification","valueRequired":true,"valueName":"search_term_string"}}],"inLanguage":"de"},{"@type":"Organization","@id":"https:\/\/lat.nl\/#organization","name":"Looije Agro Technics BV","url":"https:\/\/lat.nl\/","logo":{"@type":"ImageObject","inLanguage":"de","@id":"https:\/\/lat.nl\/#\/schema\/logo\/image\/","url":"https:\/\/lat.nl\/wp-content\/uploads\/2018\/03\/logo.jpg","contentUrl":"https:\/\/lat.nl\/wp-content\/uploads\/2018\/03\/logo.jpg","width":319,"height":122,"caption":"Looije Agro Technics BV"},"image":{"@id":"https:\/\/lat.nl\/#\/schema\/logo\/image\/"}}]}},"_links":{"self":[{"href":"https:\/\/lat.nl\/de\/wp-json\/wp\/v2\/pages\/2310","targetHints":{"allow":["GET"]}}],"collection":[{"href":"https:\/\/lat.nl\/de\/wp-json\/wp\/v2\/pages"}],"about":[{"href":"https:\/\/lat.nl\/de\/wp-json\/wp\/v2\/types\/page"}],"author":[{"embeddable":true,"href":"https:\/\/lat.nl\/de\/wp-json\/wp\/v2\/users\/1"}],"replies":[{"embeddable":true,"href":"https:\/\/lat.nl\/de\/wp-json\/wp\/v2\/comments?post=2310"}],"version-history":[{"count":0,"href":"https:\/\/lat.nl\/de\/wp-json\/wp\/v2\/pages\/2310\/revisions"}],"wp:attachment":[{"href":"https:\/\/lat.nl\/de\/wp-json\/wp\/v2\/media?parent=2310"}],"curies":[{"name":"wp","href":"https:\/\/api.w.org\/{rel}","templated":true}]}}