{"id":2312,"date":"2018-03-28T12:09:15","date_gmt":"2018-03-28T12:09:15","guid":{"rendered":"https:\/\/lat.nl\/alternative-energiequellen\/"},"modified":"2018-03-28T12:09:15","modified_gmt":"2018-03-28T12:09:15","slug":"alternative-energiequellen","status":"publish","type":"page","link":"https:\/\/lat.nl\/de\/alternative-energiequellen\/","title":{"rendered":"Alternative Energiequellen"},"content":{"rendered":"<p>Die gesellschaftliche Aufforderung, sparsamer mit fossilen Brennstoffen umzugehen, wird immer st\u00e4rker. Dies zeigt sich u.a. in einem kr\u00e4ftigen Preisanstieg bei den \u00d6lpreisen und bei den direkt oder indirekt daran gekoppelten Gaspreisen.<\/p>\n<p>Gerade jetzt besch\u00e4ftigen sich viele moderne (Unterglas)-Gartenbaubetriebe mit der M\u00f6glichkeit, um mit alternativen Energiequellen, Strom zu erzeugen oder mit der Energiefrage anders umzugehen. Denken Sie hierbei an die unterirdische Lagerung von Sonnenenergie, (Aquifers) und das Erzeugen von Energie durch Bioverg\u00e4rung, Coverg\u00e4rung oder das zus\u00e4tzliche Heizen mit Biobrennstoffen. All diese Themen sind f\u00fcr die Energiespezialisten von Looije Agro Technics bekanntes Terrain. Gerne schauen wir uns gemeinsam mit Ihnen an, was die beste Entscheidung f\u00fcr Ihren Betrieb sein wird.<\/p>\n","protected":false},"excerpt":{"rendered":"<p>Die gesellschaftliche Aufforderung, sparsamer mit fossilen Brennstoffen umzugehen, wird immer st\u00e4rker. Dies zeigt sich u.a. in einem kr\u00e4ftigen Preisanstieg bei den \u00d6lpreisen und bei den direkt oder indirekt daran gekoppelten Gaspreisen. Gerade jetzt besch\u00e4ftigen sich viele moderne (Unterglas)-Gartenbaubetriebe mit der M\u00f6glichkeit, um mit alternativen Energiequellen, Strom zu erzeugen oder mit der Energiefrage anders umzugehen. Denken [&hellip;]<\/p>\n","protected":false},"author":1,"featured_media":0,"parent":0,"menu_order":0,"comment_status":"open","ping_status":"closed","template":"","meta":{"_acf_changed":false,"_exactmetrics_skip_tracking":false,"_exactmetrics_sitenote_active":false,"_exactmetrics_sitenote_note":"","_exactmetrics_sitenote_category":0,"footnotes":""},"class_list":["post-2312","page","type-page","status-publish","hentry"],"acf":[],"yoast_head":"<!-- This site is optimized with the Yoast SEO plugin v27.3 - https:\/\/yoast.com\/product\/yoast-seo-wordpress\/ -->\n<title>Alternative Energiequellen - Looije Agro Technics BV<\/title>\n<meta name=\"robots\" content=\"index, follow, max-snippet:-1, max-image-preview:large, max-video-preview:-1\" \/>\n<link rel=\"canonical\" href=\"https:\/\/lat.nl\/de\/alternative-energiequellen\/\" \/>\n<meta property=\"og:locale\" content=\"de_DE\" \/>\n<meta property=\"og:type\" content=\"article\" \/>\n<meta property=\"og:title\" content=\"Alternative Energiequellen - Looije Agro Technics BV\" \/>\n<meta property=\"og:description\" content=\"Die gesellschaftliche Aufforderung, sparsamer mit fossilen Brennstoffen umzugehen, wird immer st\u00e4rker. Dies zeigt sich u.a. in einem kr\u00e4ftigen Preisanstieg bei den \u00d6lpreisen und bei den direkt oder indirekt daran gekoppelten Gaspreisen. Gerade jetzt besch\u00e4ftigen sich viele moderne (Unterglas)-Gartenbaubetriebe mit der M\u00f6glichkeit, um mit alternativen Energiequellen, Strom zu erzeugen oder mit der Energiefrage anders umzugehen. Denken [&hellip;]\" \/>\n<meta property=\"og:url\" content=\"https:\/\/lat.nl\/de\/alternative-energiequellen\/\" \/>\n<meta property=\"og:site_name\" content=\"Looije Agro Technics BV\" \/>\n<meta name=\"twitter:card\" content=\"summary_large_image\" \/>\n<meta name=\"twitter:label1\" content=\"Gesch\u00e4tzte Lesezeit\" \/>\n\t<meta name=\"twitter:data1\" content=\"1\u00a0Minute\" \/>\n<script type=\"application\/ld+json\" class=\"yoast-schema-graph\">{\"@context\":\"https:\\\/\\\/schema.org\",\"@graph\":[{\"@type\":\"WebPage\",\"@id\":\"https:\\\/\\\/lat.nl\\\/de\\\/alternative-energiequellen\\\/\",\"url\":\"https:\\\/\\\/lat.nl\\\/de\\\/alternative-energiequellen\\\/\",\"name\":\"Alternative Energiequellen - Looije Agro Technics BV\",\"isPartOf\":{\"@id\":\"https:\\\/\\\/lat.nl\\\/#website\"},\"datePublished\":\"2018-03-28T12:09:15+00:00\",\"breadcrumb\":{\"@id\":\"https:\\\/\\\/lat.nl\\\/de\\\/alternative-energiequellen\\\/#breadcrumb\"},\"inLanguage\":\"de\",\"potentialAction\":[{\"@type\":\"ReadAction\",\"target\":[\"https:\\\/\\\/lat.nl\\\/de\\\/alternative-energiequellen\\\/\"]}]},{\"@type\":\"BreadcrumbList\",\"@id\":\"https:\\\/\\\/lat.nl\\\/de\\\/alternative-energiequellen\\\/#breadcrumb\",\"itemListElement\":[{\"@type\":\"ListItem\",\"position\":1,\"name\":\"Home\",\"item\":\"https:\\\/\\\/lat.nl\\\/de\\\/\"},{\"@type\":\"ListItem\",\"position\":2,\"name\":\"Alternative Energiequellen\"}]},{\"@type\":\"WebSite\",\"@id\":\"https:\\\/\\\/lat.nl\\\/#website\",\"url\":\"https:\\\/\\\/lat.nl\\\/\",\"name\":\"Looije Agro Technics BV\",\"description\":\"H\u00e9t onafhankelijk bouwmanagementbureau in de glastuinbouwsector\",\"publisher\":{\"@id\":\"https:\\\/\\\/lat.nl\\\/#organization\"},\"potentialAction\":[{\"@type\":\"SearchAction\",\"target\":{\"@type\":\"EntryPoint\",\"urlTemplate\":\"https:\\\/\\\/lat.nl\\\/?s={search_term_string}\"},\"query-input\":{\"@type\":\"PropertyValueSpecification\",\"valueRequired\":true,\"valueName\":\"search_term_string\"}}],\"inLanguage\":\"de\"},{\"@type\":\"Organization\",\"@id\":\"https:\\\/\\\/lat.nl\\\/#organization\",\"name\":\"Looije Agro Technics BV\",\"url\":\"https:\\\/\\\/lat.nl\\\/\",\"logo\":{\"@type\":\"ImageObject\",\"inLanguage\":\"de\",\"@id\":\"https:\\\/\\\/lat.nl\\\/#\\\/schema\\\/logo\\\/image\\\/\",\"url\":\"https:\\\/\\\/lat.nl\\\/wp-content\\\/uploads\\\/2018\\\/03\\\/logo.jpg\",\"contentUrl\":\"https:\\\/\\\/lat.nl\\\/wp-content\\\/uploads\\\/2018\\\/03\\\/logo.jpg\",\"width\":319,\"height\":122,\"caption\":\"Looije Agro Technics BV\"},\"image\":{\"@id\":\"https:\\\/\\\/lat.nl\\\/#\\\/schema\\\/logo\\\/image\\\/\"}}]}<\/script>\n<!-- \/ Yoast SEO plugin. -->","yoast_head_json":{"title":"Alternative Energiequellen - Looije Agro Technics BV","robots":{"index":"index","follow":"follow","max-snippet":"max-snippet:-1","max-image-preview":"max-image-preview:large","max-video-preview":"max-video-preview:-1"},"canonical":"https:\/\/lat.nl\/de\/alternative-energiequellen\/","og_locale":"de_DE","og_type":"article","og_title":"Alternative Energiequellen - Looije Agro Technics BV","og_description":"Die gesellschaftliche Aufforderung, sparsamer mit fossilen Brennstoffen umzugehen, wird immer st\u00e4rker. Dies zeigt sich u.a. in einem kr\u00e4ftigen Preisanstieg bei den \u00d6lpreisen und bei den direkt oder indirekt daran gekoppelten Gaspreisen. Gerade jetzt besch\u00e4ftigen sich viele moderne (Unterglas)-Gartenbaubetriebe mit der M\u00f6glichkeit, um mit alternativen Energiequellen, Strom zu erzeugen oder mit der Energiefrage anders umzugehen. Denken [&hellip;]","og_url":"https:\/\/lat.nl\/de\/alternative-energiequellen\/","og_site_name":"Looije Agro Technics BV","twitter_card":"summary_large_image","twitter_misc":{"Gesch\u00e4tzte Lesezeit":"1\u00a0Minute"},"schema":{"@context":"https:\/\/schema.org","@graph":[{"@type":"WebPage","@id":"https:\/\/lat.nl\/de\/alternative-energiequellen\/","url":"https:\/\/lat.nl\/de\/alternative-energiequellen\/","name":"Alternative Energiequellen - Looije Agro Technics BV","isPartOf":{"@id":"https:\/\/lat.nl\/#website"},"datePublished":"2018-03-28T12:09:15+00:00","breadcrumb":{"@id":"https:\/\/lat.nl\/de\/alternative-energiequellen\/#breadcrumb"},"inLanguage":"de","potentialAction":[{"@type":"ReadAction","target":["https:\/\/lat.nl\/de\/alternative-energiequellen\/"]}]},{"@type":"BreadcrumbList","@id":"https:\/\/lat.nl\/de\/alternative-energiequellen\/#breadcrumb","itemListElement":[{"@type":"ListItem","position":1,"name":"Home","item":"https:\/\/lat.nl\/de\/"},{"@type":"ListItem","position":2,"name":"Alternative Energiequellen"}]},{"@type":"WebSite","@id":"https:\/\/lat.nl\/#website","url":"https:\/\/lat.nl\/","name":"Looije Agro Technics BV","description":"H\u00e9t onafhankelijk bouwmanagementbureau in de glastuinbouwsector","publisher":{"@id":"https:\/\/lat.nl\/#organization"},"potentialAction":[{"@type":"SearchAction","target":{"@type":"EntryPoint","urlTemplate":"https:\/\/lat.nl\/?s={search_term_string}"},"query-input":{"@type":"PropertyValueSpecification","valueRequired":true,"valueName":"search_term_string"}}],"inLanguage":"de"},{"@type":"Organization","@id":"https:\/\/lat.nl\/#organization","name":"Looije Agro Technics BV","url":"https:\/\/lat.nl\/","logo":{"@type":"ImageObject","inLanguage":"de","@id":"https:\/\/lat.nl\/#\/schema\/logo\/image\/","url":"https:\/\/lat.nl\/wp-content\/uploads\/2018\/03\/logo.jpg","contentUrl":"https:\/\/lat.nl\/wp-content\/uploads\/2018\/03\/logo.jpg","width":319,"height":122,"caption":"Looije Agro Technics BV"},"image":{"@id":"https:\/\/lat.nl\/#\/schema\/logo\/image\/"}}]}},"_links":{"self":[{"href":"https:\/\/lat.nl\/de\/wp-json\/wp\/v2\/pages\/2312","targetHints":{"allow":["GET"]}}],"collection":[{"href":"https:\/\/lat.nl\/de\/wp-json\/wp\/v2\/pages"}],"about":[{"href":"https:\/\/lat.nl\/de\/wp-json\/wp\/v2\/types\/page"}],"author":[{"embeddable":true,"href":"https:\/\/lat.nl\/de\/wp-json\/wp\/v2\/users\/1"}],"replies":[{"embeddable":true,"href":"https:\/\/lat.nl\/de\/wp-json\/wp\/v2\/comments?post=2312"}],"version-history":[{"count":0,"href":"https:\/\/lat.nl\/de\/wp-json\/wp\/v2\/pages\/2312\/revisions"}],"wp:attachment":[{"href":"https:\/\/lat.nl\/de\/wp-json\/wp\/v2\/media?parent=2312"}],"curies":[{"name":"wp","href":"https:\/\/api.w.org\/{rel}","templated":true}]}}