{"id":2314,"date":"2018-03-28T12:09:15","date_gmt":"2018-03-28T12:09:15","guid":{"rendered":"https:\/\/lat.nl\/akustisches-gutachten\/"},"modified":"2018-03-28T12:09:15","modified_gmt":"2018-03-28T12:09:15","slug":"akustisches-gutachten","status":"publish","type":"page","link":"https:\/\/lat.nl\/de\/akustisches-gutachten\/","title":{"rendered":"Akustisches Gutachten"},"content":{"rendered":"<p>F\u00fcr jedes Unternehmen gilt: Wo gearbeitet wird, entsteht auch L\u00e4rmentwicklung. So auch in Ihrem Projekt oder Unternehmen. In allen europ\u00e4ischen L\u00e4ndern steht in der Gesetzesgebung, welcher L\u00e4rm noch akzeptabel ist, und welcher nicht und wann die Rede ist von L\u00e4rmbel\u00e4stigung, bzw. wann erg\u00e4nzende Ma\u00dfnahmen erforderlich sind zur Verringerung des L\u00e4rmpegels.<\/p>\n<p>Looije Agro Technics erstellt ausf\u00fchrliche akustische Gutachten zu den Projekten, die Informationen vermitteln \u00fcber den L\u00e4rmpegel, die Herkunft und die Auswirkungen auf die Umgebung. Wenn erforderlich, k\u00f6nnen wir aufgrund unser Expertise im (Unterglas)-Gartenbaubereich bei Problemen und Fragen \u00fcber Anpassungen oder geeignete Ma\u00dfnahmen gezielt beraten.<\/p>\n","protected":false},"excerpt":{"rendered":"<p>F\u00fcr jedes Unternehmen gilt: Wo gearbeitet wird, entsteht auch L\u00e4rmentwicklung. So auch in Ihrem Projekt oder Unternehmen. In allen europ\u00e4ischen L\u00e4ndern steht in der Gesetzesgebung, welcher L\u00e4rm noch akzeptabel ist, und welcher nicht und wann die Rede ist von L\u00e4rmbel\u00e4stigung, bzw. wann erg\u00e4nzende Ma\u00dfnahmen erforderlich sind zur Verringerung des L\u00e4rmpegels. Looije Agro Technics erstellt ausf\u00fchrliche [&hellip;]<\/p>\n","protected":false},"author":1,"featured_media":0,"parent":0,"menu_order":0,"comment_status":"open","ping_status":"closed","template":"","meta":{"_acf_changed":false,"_exactmetrics_skip_tracking":false,"_exactmetrics_sitenote_active":false,"_exactmetrics_sitenote_note":"","_exactmetrics_sitenote_category":0,"footnotes":""},"class_list":["post-2314","page","type-page","status-publish","hentry"],"acf":[],"yoast_head":"<!-- This site is optimized with the Yoast SEO plugin v27.3 - https:\/\/yoast.com\/product\/yoast-seo-wordpress\/ -->\n<title>Akustisches Gutachten - Looije Agro Technics BV<\/title>\n<meta name=\"robots\" content=\"index, follow, max-snippet:-1, max-image-preview:large, max-video-preview:-1\" \/>\n<link rel=\"canonical\" href=\"https:\/\/lat.nl\/de\/akustisches-gutachten\/\" \/>\n<meta property=\"og:locale\" content=\"de_DE\" \/>\n<meta property=\"og:type\" content=\"article\" \/>\n<meta property=\"og:title\" content=\"Akustisches Gutachten - Looije Agro Technics BV\" \/>\n<meta property=\"og:description\" content=\"F\u00fcr jedes Unternehmen gilt: Wo gearbeitet wird, entsteht auch L\u00e4rmentwicklung. So auch in Ihrem Projekt oder Unternehmen. In allen europ\u00e4ischen L\u00e4ndern steht in der Gesetzesgebung, welcher L\u00e4rm noch akzeptabel ist, und welcher nicht und wann die Rede ist von L\u00e4rmbel\u00e4stigung, bzw. wann erg\u00e4nzende Ma\u00dfnahmen erforderlich sind zur Verringerung des L\u00e4rmpegels. Looije Agro Technics erstellt ausf\u00fchrliche [&hellip;]\" \/>\n<meta property=\"og:url\" content=\"https:\/\/lat.nl\/de\/akustisches-gutachten\/\" \/>\n<meta property=\"og:site_name\" content=\"Looije Agro Technics BV\" \/>\n<meta name=\"twitter:card\" content=\"summary_large_image\" \/>\n<meta name=\"twitter:label1\" content=\"Gesch\u00e4tzte Lesezeit\" \/>\n\t<meta name=\"twitter:data1\" content=\"1\u00a0Minute\" \/>\n<script type=\"application\/ld+json\" class=\"yoast-schema-graph\">{\"@context\":\"https:\\\/\\\/schema.org\",\"@graph\":[{\"@type\":\"WebPage\",\"@id\":\"https:\\\/\\\/lat.nl\\\/de\\\/akustisches-gutachten\\\/\",\"url\":\"https:\\\/\\\/lat.nl\\\/de\\\/akustisches-gutachten\\\/\",\"name\":\"Akustisches Gutachten - Looije Agro Technics BV\",\"isPartOf\":{\"@id\":\"https:\\\/\\\/lat.nl\\\/#website\"},\"datePublished\":\"2018-03-28T12:09:15+00:00\",\"breadcrumb\":{\"@id\":\"https:\\\/\\\/lat.nl\\\/de\\\/akustisches-gutachten\\\/#breadcrumb\"},\"inLanguage\":\"de\",\"potentialAction\":[{\"@type\":\"ReadAction\",\"target\":[\"https:\\\/\\\/lat.nl\\\/de\\\/akustisches-gutachten\\\/\"]}]},{\"@type\":\"BreadcrumbList\",\"@id\":\"https:\\\/\\\/lat.nl\\\/de\\\/akustisches-gutachten\\\/#breadcrumb\",\"itemListElement\":[{\"@type\":\"ListItem\",\"position\":1,\"name\":\"Home\",\"item\":\"https:\\\/\\\/lat.nl\\\/de\\\/\"},{\"@type\":\"ListItem\",\"position\":2,\"name\":\"Akustisches Gutachten\"}]},{\"@type\":\"WebSite\",\"@id\":\"https:\\\/\\\/lat.nl\\\/#website\",\"url\":\"https:\\\/\\\/lat.nl\\\/\",\"name\":\"Looije Agro Technics BV\",\"description\":\"H\u00e9t onafhankelijk bouwmanagementbureau in de glastuinbouwsector\",\"publisher\":{\"@id\":\"https:\\\/\\\/lat.nl\\\/#organization\"},\"potentialAction\":[{\"@type\":\"SearchAction\",\"target\":{\"@type\":\"EntryPoint\",\"urlTemplate\":\"https:\\\/\\\/lat.nl\\\/?s={search_term_string}\"},\"query-input\":{\"@type\":\"PropertyValueSpecification\",\"valueRequired\":true,\"valueName\":\"search_term_string\"}}],\"inLanguage\":\"de\"},{\"@type\":\"Organization\",\"@id\":\"https:\\\/\\\/lat.nl\\\/#organization\",\"name\":\"Looije Agro Technics BV\",\"url\":\"https:\\\/\\\/lat.nl\\\/\",\"logo\":{\"@type\":\"ImageObject\",\"inLanguage\":\"de\",\"@id\":\"https:\\\/\\\/lat.nl\\\/#\\\/schema\\\/logo\\\/image\\\/\",\"url\":\"https:\\\/\\\/lat.nl\\\/wp-content\\\/uploads\\\/2018\\\/03\\\/logo.jpg\",\"contentUrl\":\"https:\\\/\\\/lat.nl\\\/wp-content\\\/uploads\\\/2018\\\/03\\\/logo.jpg\",\"width\":319,\"height\":122,\"caption\":\"Looije Agro Technics BV\"},\"image\":{\"@id\":\"https:\\\/\\\/lat.nl\\\/#\\\/schema\\\/logo\\\/image\\\/\"}}]}<\/script>\n<!-- \/ Yoast SEO plugin. -->","yoast_head_json":{"title":"Akustisches Gutachten - Looije Agro Technics BV","robots":{"index":"index","follow":"follow","max-snippet":"max-snippet:-1","max-image-preview":"max-image-preview:large","max-video-preview":"max-video-preview:-1"},"canonical":"https:\/\/lat.nl\/de\/akustisches-gutachten\/","og_locale":"de_DE","og_type":"article","og_title":"Akustisches Gutachten - Looije Agro Technics BV","og_description":"F\u00fcr jedes Unternehmen gilt: Wo gearbeitet wird, entsteht auch L\u00e4rmentwicklung. So auch in Ihrem Projekt oder Unternehmen. In allen europ\u00e4ischen L\u00e4ndern steht in der Gesetzesgebung, welcher L\u00e4rm noch akzeptabel ist, und welcher nicht und wann die Rede ist von L\u00e4rmbel\u00e4stigung, bzw. wann erg\u00e4nzende Ma\u00dfnahmen erforderlich sind zur Verringerung des L\u00e4rmpegels. Looije Agro Technics erstellt ausf\u00fchrliche [&hellip;]","og_url":"https:\/\/lat.nl\/de\/akustisches-gutachten\/","og_site_name":"Looije Agro Technics BV","twitter_card":"summary_large_image","twitter_misc":{"Gesch\u00e4tzte Lesezeit":"1\u00a0Minute"},"schema":{"@context":"https:\/\/schema.org","@graph":[{"@type":"WebPage","@id":"https:\/\/lat.nl\/de\/akustisches-gutachten\/","url":"https:\/\/lat.nl\/de\/akustisches-gutachten\/","name":"Akustisches Gutachten - Looije Agro Technics BV","isPartOf":{"@id":"https:\/\/lat.nl\/#website"},"datePublished":"2018-03-28T12:09:15+00:00","breadcrumb":{"@id":"https:\/\/lat.nl\/de\/akustisches-gutachten\/#breadcrumb"},"inLanguage":"de","potentialAction":[{"@type":"ReadAction","target":["https:\/\/lat.nl\/de\/akustisches-gutachten\/"]}]},{"@type":"BreadcrumbList","@id":"https:\/\/lat.nl\/de\/akustisches-gutachten\/#breadcrumb","itemListElement":[{"@type":"ListItem","position":1,"name":"Home","item":"https:\/\/lat.nl\/de\/"},{"@type":"ListItem","position":2,"name":"Akustisches Gutachten"}]},{"@type":"WebSite","@id":"https:\/\/lat.nl\/#website","url":"https:\/\/lat.nl\/","name":"Looije Agro Technics BV","description":"H\u00e9t onafhankelijk bouwmanagementbureau in de glastuinbouwsector","publisher":{"@id":"https:\/\/lat.nl\/#organization"},"potentialAction":[{"@type":"SearchAction","target":{"@type":"EntryPoint","urlTemplate":"https:\/\/lat.nl\/?s={search_term_string}"},"query-input":{"@type":"PropertyValueSpecification","valueRequired":true,"valueName":"search_term_string"}}],"inLanguage":"de"},{"@type":"Organization","@id":"https:\/\/lat.nl\/#organization","name":"Looije Agro Technics BV","url":"https:\/\/lat.nl\/","logo":{"@type":"ImageObject","inLanguage":"de","@id":"https:\/\/lat.nl\/#\/schema\/logo\/image\/","url":"https:\/\/lat.nl\/wp-content\/uploads\/2018\/03\/logo.jpg","contentUrl":"https:\/\/lat.nl\/wp-content\/uploads\/2018\/03\/logo.jpg","width":319,"height":122,"caption":"Looije Agro Technics BV"},"image":{"@id":"https:\/\/lat.nl\/#\/schema\/logo\/image\/"}}]}},"_links":{"self":[{"href":"https:\/\/lat.nl\/de\/wp-json\/wp\/v2\/pages\/2314","targetHints":{"allow":["GET"]}}],"collection":[{"href":"https:\/\/lat.nl\/de\/wp-json\/wp\/v2\/pages"}],"about":[{"href":"https:\/\/lat.nl\/de\/wp-json\/wp\/v2\/types\/page"}],"author":[{"embeddable":true,"href":"https:\/\/lat.nl\/de\/wp-json\/wp\/v2\/users\/1"}],"replies":[{"embeddable":true,"href":"https:\/\/lat.nl\/de\/wp-json\/wp\/v2\/comments?post=2314"}],"version-history":[{"count":0,"href":"https:\/\/lat.nl\/de\/wp-json\/wp\/v2\/pages\/2314\/revisions"}],"wp:attachment":[{"href":"https:\/\/lat.nl\/de\/wp-json\/wp\/v2\/media?parent=2314"}],"curies":[{"name":"wp","href":"https:\/\/api.w.org\/{rel}","templated":true}]}}