{"id":2316,"date":"2018-03-28T12:09:15","date_gmt":"2018-03-28T12:09:15","guid":{"rendered":"https:\/\/lat.nl\/umbau-eines-bestehenden-unternehmens\/"},"modified":"2018-03-28T12:09:15","modified_gmt":"2018-03-28T12:09:15","slug":"umbau-eines-bestehenden-unternehmens","status":"publish","type":"page","link":"https:\/\/lat.nl\/de\/umbau-eines-bestehenden-unternehmens\/","title":{"rendered":"Umbau eines bestehenden Unternehmens"},"content":{"rendered":"<p><P>Beim Umbau eines bestehenden (Unterglas)-Gartenbauunternehmens ist es wichtig, ein gutes Gleichgewicht zu finden zwischen dem vorhandenen Nutzen, dem erneuten Nutzen und den neuen Investierungen. Nach einer kompletten Bestandsaufnahme der momentanen Situation, einschlie\u00dflich Ihrer heutigen Vorstellungen und M\u00f6glichkeiten, werden wir einen klaren Plan erstellen, um Ihre Investierungen so gewinnbringend wie m\u00f6glich arbeiten zu lassen. <\/P><br \/>\n<P>Anschlie\u00dfend wird der Plan von uns ausgearbeitet in pr\u00e4zisen Teilbereichen. Mit diesen Ausarbeitungen k\u00f6nnen wir bei den Lieferanten oder Installateuren, die Sie uns angeben, die betreffenden Angebote einholen. <\/P><\/p>\n","protected":false},"excerpt":{"rendered":"<p>Beim Umbau eines bestehenden (Unterglas)-Gartenbauunternehmens ist es wichtig, ein gutes Gleichgewicht zu finden zwischen dem vorhandenen Nutzen, dem erneuten Nutzen und den neuen Investierungen. Nach einer kompletten Bestandsaufnahme der momentanen Situation, einschlie\u00dflich Ihrer heutigen Vorstellungen und M\u00f6glichkeiten, werden wir einen klaren Plan erstellen, um Ihre Investierungen so gewinnbringend wie m\u00f6glich arbeiten zu lassen. Anschlie\u00dfend wird [&hellip;]<\/p>\n","protected":false},"author":1,"featured_media":0,"parent":0,"menu_order":0,"comment_status":"open","ping_status":"closed","template":"","meta":{"_acf_changed":false,"_exactmetrics_skip_tracking":false,"_exactmetrics_sitenote_active":false,"_exactmetrics_sitenote_note":"","_exactmetrics_sitenote_category":0,"footnotes":""},"class_list":["post-2316","page","type-page","status-publish","hentry"],"acf":[],"yoast_head":"<!-- This site is optimized with the Yoast SEO plugin v27.3 - https:\/\/yoast.com\/product\/yoast-seo-wordpress\/ -->\n<title>Umbau eines bestehenden Unternehmens - Looije Agro Technics BV<\/title>\n<meta name=\"robots\" content=\"index, follow, max-snippet:-1, max-image-preview:large, max-video-preview:-1\" \/>\n<link rel=\"canonical\" href=\"https:\/\/lat.nl\/de\/umbau-eines-bestehenden-unternehmens\/\" \/>\n<meta property=\"og:locale\" content=\"de_DE\" \/>\n<meta property=\"og:type\" content=\"article\" \/>\n<meta property=\"og:title\" content=\"Umbau eines bestehenden Unternehmens - Looije Agro Technics BV\" \/>\n<meta property=\"og:description\" content=\"Beim Umbau eines bestehenden (Unterglas)-Gartenbauunternehmens ist es wichtig, ein gutes Gleichgewicht zu finden zwischen dem vorhandenen Nutzen, dem erneuten Nutzen und den neuen Investierungen. Nach einer kompletten Bestandsaufnahme der momentanen Situation, einschlie\u00dflich Ihrer heutigen Vorstellungen und M\u00f6glichkeiten, werden wir einen klaren Plan erstellen, um Ihre Investierungen so gewinnbringend wie m\u00f6glich arbeiten zu lassen. Anschlie\u00dfend wird [&hellip;]\" \/>\n<meta property=\"og:url\" content=\"https:\/\/lat.nl\/de\/umbau-eines-bestehenden-unternehmens\/\" \/>\n<meta property=\"og:site_name\" content=\"Looije Agro Technics BV\" \/>\n<meta name=\"twitter:card\" content=\"summary_large_image\" \/>\n<script type=\"application\/ld+json\" class=\"yoast-schema-graph\">{\"@context\":\"https:\\\/\\\/schema.org\",\"@graph\":[{\"@type\":\"WebPage\",\"@id\":\"https:\\\/\\\/lat.nl\\\/de\\\/umbau-eines-bestehenden-unternehmens\\\/\",\"url\":\"https:\\\/\\\/lat.nl\\\/de\\\/umbau-eines-bestehenden-unternehmens\\\/\",\"name\":\"Umbau eines bestehenden Unternehmens - Looije Agro Technics BV\",\"isPartOf\":{\"@id\":\"https:\\\/\\\/lat.nl\\\/#website\"},\"datePublished\":\"2018-03-28T12:09:15+00:00\",\"breadcrumb\":{\"@id\":\"https:\\\/\\\/lat.nl\\\/de\\\/umbau-eines-bestehenden-unternehmens\\\/#breadcrumb\"},\"inLanguage\":\"de\",\"potentialAction\":[{\"@type\":\"ReadAction\",\"target\":[\"https:\\\/\\\/lat.nl\\\/de\\\/umbau-eines-bestehenden-unternehmens\\\/\"]}]},{\"@type\":\"BreadcrumbList\",\"@id\":\"https:\\\/\\\/lat.nl\\\/de\\\/umbau-eines-bestehenden-unternehmens\\\/#breadcrumb\",\"itemListElement\":[{\"@type\":\"ListItem\",\"position\":1,\"name\":\"Home\",\"item\":\"https:\\\/\\\/lat.nl\\\/de\\\/\"},{\"@type\":\"ListItem\",\"position\":2,\"name\":\"Umbau eines bestehenden Unternehmens\"}]},{\"@type\":\"WebSite\",\"@id\":\"https:\\\/\\\/lat.nl\\\/#website\",\"url\":\"https:\\\/\\\/lat.nl\\\/\",\"name\":\"Looije Agro Technics BV\",\"description\":\"H\u00e9t onafhankelijk bouwmanagementbureau in de glastuinbouwsector\",\"publisher\":{\"@id\":\"https:\\\/\\\/lat.nl\\\/#organization\"},\"potentialAction\":[{\"@type\":\"SearchAction\",\"target\":{\"@type\":\"EntryPoint\",\"urlTemplate\":\"https:\\\/\\\/lat.nl\\\/?s={search_term_string}\"},\"query-input\":{\"@type\":\"PropertyValueSpecification\",\"valueRequired\":true,\"valueName\":\"search_term_string\"}}],\"inLanguage\":\"de\"},{\"@type\":\"Organization\",\"@id\":\"https:\\\/\\\/lat.nl\\\/#organization\",\"name\":\"Looije Agro Technics BV\",\"url\":\"https:\\\/\\\/lat.nl\\\/\",\"logo\":{\"@type\":\"ImageObject\",\"inLanguage\":\"de\",\"@id\":\"https:\\\/\\\/lat.nl\\\/#\\\/schema\\\/logo\\\/image\\\/\",\"url\":\"https:\\\/\\\/lat.nl\\\/wp-content\\\/uploads\\\/2018\\\/03\\\/logo.jpg\",\"contentUrl\":\"https:\\\/\\\/lat.nl\\\/wp-content\\\/uploads\\\/2018\\\/03\\\/logo.jpg\",\"width\":319,\"height\":122,\"caption\":\"Looije Agro Technics BV\"},\"image\":{\"@id\":\"https:\\\/\\\/lat.nl\\\/#\\\/schema\\\/logo\\\/image\\\/\"}}]}<\/script>\n<!-- \/ Yoast SEO plugin. -->","yoast_head_json":{"title":"Umbau eines bestehenden Unternehmens - Looije Agro Technics BV","robots":{"index":"index","follow":"follow","max-snippet":"max-snippet:-1","max-image-preview":"max-image-preview:large","max-video-preview":"max-video-preview:-1"},"canonical":"https:\/\/lat.nl\/de\/umbau-eines-bestehenden-unternehmens\/","og_locale":"de_DE","og_type":"article","og_title":"Umbau eines bestehenden Unternehmens - Looije Agro Technics BV","og_description":"Beim Umbau eines bestehenden (Unterglas)-Gartenbauunternehmens ist es wichtig, ein gutes Gleichgewicht zu finden zwischen dem vorhandenen Nutzen, dem erneuten Nutzen und den neuen Investierungen. Nach einer kompletten Bestandsaufnahme der momentanen Situation, einschlie\u00dflich Ihrer heutigen Vorstellungen und M\u00f6glichkeiten, werden wir einen klaren Plan erstellen, um Ihre Investierungen so gewinnbringend wie m\u00f6glich arbeiten zu lassen. Anschlie\u00dfend wird [&hellip;]","og_url":"https:\/\/lat.nl\/de\/umbau-eines-bestehenden-unternehmens\/","og_site_name":"Looije Agro Technics BV","twitter_card":"summary_large_image","schema":{"@context":"https:\/\/schema.org","@graph":[{"@type":"WebPage","@id":"https:\/\/lat.nl\/de\/umbau-eines-bestehenden-unternehmens\/","url":"https:\/\/lat.nl\/de\/umbau-eines-bestehenden-unternehmens\/","name":"Umbau eines bestehenden Unternehmens - Looije Agro Technics BV","isPartOf":{"@id":"https:\/\/lat.nl\/#website"},"datePublished":"2018-03-28T12:09:15+00:00","breadcrumb":{"@id":"https:\/\/lat.nl\/de\/umbau-eines-bestehenden-unternehmens\/#breadcrumb"},"inLanguage":"de","potentialAction":[{"@type":"ReadAction","target":["https:\/\/lat.nl\/de\/umbau-eines-bestehenden-unternehmens\/"]}]},{"@type":"BreadcrumbList","@id":"https:\/\/lat.nl\/de\/umbau-eines-bestehenden-unternehmens\/#breadcrumb","itemListElement":[{"@type":"ListItem","position":1,"name":"Home","item":"https:\/\/lat.nl\/de\/"},{"@type":"ListItem","position":2,"name":"Umbau eines bestehenden Unternehmens"}]},{"@type":"WebSite","@id":"https:\/\/lat.nl\/#website","url":"https:\/\/lat.nl\/","name":"Looije Agro Technics BV","description":"H\u00e9t onafhankelijk bouwmanagementbureau in de glastuinbouwsector","publisher":{"@id":"https:\/\/lat.nl\/#organization"},"potentialAction":[{"@type":"SearchAction","target":{"@type":"EntryPoint","urlTemplate":"https:\/\/lat.nl\/?s={search_term_string}"},"query-input":{"@type":"PropertyValueSpecification","valueRequired":true,"valueName":"search_term_string"}}],"inLanguage":"de"},{"@type":"Organization","@id":"https:\/\/lat.nl\/#organization","name":"Looije Agro Technics BV","url":"https:\/\/lat.nl\/","logo":{"@type":"ImageObject","inLanguage":"de","@id":"https:\/\/lat.nl\/#\/schema\/logo\/image\/","url":"https:\/\/lat.nl\/wp-content\/uploads\/2018\/03\/logo.jpg","contentUrl":"https:\/\/lat.nl\/wp-content\/uploads\/2018\/03\/logo.jpg","width":319,"height":122,"caption":"Looije Agro Technics BV"},"image":{"@id":"https:\/\/lat.nl\/#\/schema\/logo\/image\/"}}]}},"_links":{"self":[{"href":"https:\/\/lat.nl\/de\/wp-json\/wp\/v2\/pages\/2316","targetHints":{"allow":["GET"]}}],"collection":[{"href":"https:\/\/lat.nl\/de\/wp-json\/wp\/v2\/pages"}],"about":[{"href":"https:\/\/lat.nl\/de\/wp-json\/wp\/v2\/types\/page"}],"author":[{"embeddable":true,"href":"https:\/\/lat.nl\/de\/wp-json\/wp\/v2\/users\/1"}],"replies":[{"embeddable":true,"href":"https:\/\/lat.nl\/de\/wp-json\/wp\/v2\/comments?post=2316"}],"version-history":[{"count":0,"href":"https:\/\/lat.nl\/de\/wp-json\/wp\/v2\/pages\/2316\/revisions"}],"wp:attachment":[{"href":"https:\/\/lat.nl\/de\/wp-json\/wp\/v2\/media?parent=2316"}],"curies":[{"name":"wp","href":"https:\/\/api.w.org\/{rel}","templated":true}]}}