{"id":2318,"date":"2018-03-28T12:09:15","date_gmt":"2018-03-28T12:09:15","guid":{"rendered":"https:\/\/lat.nl\/3d-prasentation\/"},"modified":"2018-03-28T12:09:15","modified_gmt":"2018-03-28T12:09:15","slug":"3d-prasentation","status":"publish","type":"page","link":"https:\/\/lat.nl\/de\/3d-prasentation\/","title":{"rendered":"3D Pr\u00e4sentation"},"content":{"rendered":"<p>&#8218;Ein Bild sagt mehr als 1000 W\u00f6rter.&#8216; Das gilt unbedingt auch f\u00fcr Baupl\u00e4ne. Unsren Zeichners verwenden die modernsten Techniken, um Ihren Entwurf zu pr\u00e4sentieren, wie zum Beispiel Zeichentechniken und fotorealistische Wiedergabe.<\/p>\n<p>Durch den Einsatz der modernen Techniken k\u00f6nnen Sie sich schon in einem fr\u00fchen Stadium f\u00fcr Ihr Projekt erw\u00e4rmen. In der Praxis werden bereits in dieser Phase mehrere Optionen nebeneinander ausgearbeitet, bevor man sich f\u00fcr den endg\u00fcltigen Entwurf entscheidet.<\/p>\n<p>Nicht nur Sie als Initiator profitieren von einer 3 D Version Ihres Entwurfs. Auch Dritte, die bei Ihren Planungen beteiligt sind, k\u00f6nnen durch die 3D Modelle eine bessere Vorstellung Ihrer Pl\u00e4ne bekommen und teilhaben an Ihrer Begeisterung und Ihren Ideen. Denken Sie an Ihre Mitarbeiter, die Bank oder sonstige Beteiligten.<\/p>\n","protected":false},"excerpt":{"rendered":"<p>&#8218;Ein Bild sagt mehr als 1000 W\u00f6rter.&#8216; Das gilt unbedingt auch f\u00fcr Baupl\u00e4ne. Unsren Zeichners verwenden die modernsten Techniken, um Ihren Entwurf zu pr\u00e4sentieren, wie zum Beispiel Zeichentechniken und fotorealistische Wiedergabe. Durch den Einsatz der modernen Techniken k\u00f6nnen Sie sich schon in einem fr\u00fchen Stadium f\u00fcr Ihr Projekt erw\u00e4rmen. In der Praxis werden bereits in [&hellip;]<\/p>\n","protected":false},"author":1,"featured_media":0,"parent":0,"menu_order":0,"comment_status":"open","ping_status":"closed","template":"","meta":{"_acf_changed":false,"_exactmetrics_skip_tracking":false,"_exactmetrics_sitenote_active":false,"_exactmetrics_sitenote_note":"","_exactmetrics_sitenote_category":0,"footnotes":""},"class_list":["post-2318","page","type-page","status-publish","hentry"],"acf":[],"yoast_head":"<!-- This site is optimized with the Yoast SEO plugin v27.3 - https:\/\/yoast.com\/product\/yoast-seo-wordpress\/ -->\n<title>3D Pr\u00e4sentation - Looije Agro Technics BV<\/title>\n<meta name=\"robots\" content=\"index, follow, max-snippet:-1, max-image-preview:large, max-video-preview:-1\" \/>\n<link rel=\"canonical\" href=\"https:\/\/lat.nl\/de\/3d-prasentation\/\" \/>\n<meta property=\"og:locale\" content=\"de_DE\" \/>\n<meta property=\"og:type\" content=\"article\" \/>\n<meta property=\"og:title\" content=\"3D Pr\u00e4sentation - Looije Agro Technics BV\" \/>\n<meta property=\"og:description\" content=\"&#8218;Ein Bild sagt mehr als 1000 W\u00f6rter.&#8216; Das gilt unbedingt auch f\u00fcr Baupl\u00e4ne. Unsren Zeichners verwenden die modernsten Techniken, um Ihren Entwurf zu pr\u00e4sentieren, wie zum Beispiel Zeichentechniken und fotorealistische Wiedergabe. Durch den Einsatz der modernen Techniken k\u00f6nnen Sie sich schon in einem fr\u00fchen Stadium f\u00fcr Ihr Projekt erw\u00e4rmen. In der Praxis werden bereits in [&hellip;]\" \/>\n<meta property=\"og:url\" content=\"https:\/\/lat.nl\/de\/3d-prasentation\/\" \/>\n<meta property=\"og:site_name\" content=\"Looije Agro Technics BV\" \/>\n<meta name=\"twitter:card\" content=\"summary_large_image\" \/>\n<meta name=\"twitter:label1\" content=\"Gesch\u00e4tzte Lesezeit\" \/>\n\t<meta name=\"twitter:data1\" content=\"1\u00a0Minute\" \/>\n<script type=\"application\/ld+json\" class=\"yoast-schema-graph\">{\"@context\":\"https:\\\/\\\/schema.org\",\"@graph\":[{\"@type\":\"WebPage\",\"@id\":\"https:\\\/\\\/lat.nl\\\/de\\\/3d-prasentation\\\/\",\"url\":\"https:\\\/\\\/lat.nl\\\/de\\\/3d-prasentation\\\/\",\"name\":\"3D Pr\u00e4sentation - Looije Agro Technics BV\",\"isPartOf\":{\"@id\":\"https:\\\/\\\/lat.nl\\\/#website\"},\"datePublished\":\"2018-03-28T12:09:15+00:00\",\"breadcrumb\":{\"@id\":\"https:\\\/\\\/lat.nl\\\/de\\\/3d-prasentation\\\/#breadcrumb\"},\"inLanguage\":\"de\",\"potentialAction\":[{\"@type\":\"ReadAction\",\"target\":[\"https:\\\/\\\/lat.nl\\\/de\\\/3d-prasentation\\\/\"]}]},{\"@type\":\"BreadcrumbList\",\"@id\":\"https:\\\/\\\/lat.nl\\\/de\\\/3d-prasentation\\\/#breadcrumb\",\"itemListElement\":[{\"@type\":\"ListItem\",\"position\":1,\"name\":\"Home\",\"item\":\"https:\\\/\\\/lat.nl\\\/de\\\/\"},{\"@type\":\"ListItem\",\"position\":2,\"name\":\"3D Pr\u00e4sentation\"}]},{\"@type\":\"WebSite\",\"@id\":\"https:\\\/\\\/lat.nl\\\/#website\",\"url\":\"https:\\\/\\\/lat.nl\\\/\",\"name\":\"Looije Agro Technics BV\",\"description\":\"H\u00e9t onafhankelijk bouwmanagementbureau in de glastuinbouwsector\",\"publisher\":{\"@id\":\"https:\\\/\\\/lat.nl\\\/#organization\"},\"potentialAction\":[{\"@type\":\"SearchAction\",\"target\":{\"@type\":\"EntryPoint\",\"urlTemplate\":\"https:\\\/\\\/lat.nl\\\/?s={search_term_string}\"},\"query-input\":{\"@type\":\"PropertyValueSpecification\",\"valueRequired\":true,\"valueName\":\"search_term_string\"}}],\"inLanguage\":\"de\"},{\"@type\":\"Organization\",\"@id\":\"https:\\\/\\\/lat.nl\\\/#organization\",\"name\":\"Looije Agro Technics BV\",\"url\":\"https:\\\/\\\/lat.nl\\\/\",\"logo\":{\"@type\":\"ImageObject\",\"inLanguage\":\"de\",\"@id\":\"https:\\\/\\\/lat.nl\\\/#\\\/schema\\\/logo\\\/image\\\/\",\"url\":\"https:\\\/\\\/lat.nl\\\/wp-content\\\/uploads\\\/2018\\\/03\\\/logo.jpg\",\"contentUrl\":\"https:\\\/\\\/lat.nl\\\/wp-content\\\/uploads\\\/2018\\\/03\\\/logo.jpg\",\"width\":319,\"height\":122,\"caption\":\"Looije Agro Technics BV\"},\"image\":{\"@id\":\"https:\\\/\\\/lat.nl\\\/#\\\/schema\\\/logo\\\/image\\\/\"}}]}<\/script>\n<!-- \/ Yoast SEO plugin. -->","yoast_head_json":{"title":"3D Pr\u00e4sentation - Looije Agro Technics BV","robots":{"index":"index","follow":"follow","max-snippet":"max-snippet:-1","max-image-preview":"max-image-preview:large","max-video-preview":"max-video-preview:-1"},"canonical":"https:\/\/lat.nl\/de\/3d-prasentation\/","og_locale":"de_DE","og_type":"article","og_title":"3D Pr\u00e4sentation - Looije Agro Technics BV","og_description":"&#8218;Ein Bild sagt mehr als 1000 W\u00f6rter.&#8216; Das gilt unbedingt auch f\u00fcr Baupl\u00e4ne. Unsren Zeichners verwenden die modernsten Techniken, um Ihren Entwurf zu pr\u00e4sentieren, wie zum Beispiel Zeichentechniken und fotorealistische Wiedergabe. Durch den Einsatz der modernen Techniken k\u00f6nnen Sie sich schon in einem fr\u00fchen Stadium f\u00fcr Ihr Projekt erw\u00e4rmen. In der Praxis werden bereits in [&hellip;]","og_url":"https:\/\/lat.nl\/de\/3d-prasentation\/","og_site_name":"Looije Agro Technics BV","twitter_card":"summary_large_image","twitter_misc":{"Gesch\u00e4tzte Lesezeit":"1\u00a0Minute"},"schema":{"@context":"https:\/\/schema.org","@graph":[{"@type":"WebPage","@id":"https:\/\/lat.nl\/de\/3d-prasentation\/","url":"https:\/\/lat.nl\/de\/3d-prasentation\/","name":"3D Pr\u00e4sentation - Looije Agro Technics BV","isPartOf":{"@id":"https:\/\/lat.nl\/#website"},"datePublished":"2018-03-28T12:09:15+00:00","breadcrumb":{"@id":"https:\/\/lat.nl\/de\/3d-prasentation\/#breadcrumb"},"inLanguage":"de","potentialAction":[{"@type":"ReadAction","target":["https:\/\/lat.nl\/de\/3d-prasentation\/"]}]},{"@type":"BreadcrumbList","@id":"https:\/\/lat.nl\/de\/3d-prasentation\/#breadcrumb","itemListElement":[{"@type":"ListItem","position":1,"name":"Home","item":"https:\/\/lat.nl\/de\/"},{"@type":"ListItem","position":2,"name":"3D Pr\u00e4sentation"}]},{"@type":"WebSite","@id":"https:\/\/lat.nl\/#website","url":"https:\/\/lat.nl\/","name":"Looije Agro Technics BV","description":"H\u00e9t onafhankelijk bouwmanagementbureau in de glastuinbouwsector","publisher":{"@id":"https:\/\/lat.nl\/#organization"},"potentialAction":[{"@type":"SearchAction","target":{"@type":"EntryPoint","urlTemplate":"https:\/\/lat.nl\/?s={search_term_string}"},"query-input":{"@type":"PropertyValueSpecification","valueRequired":true,"valueName":"search_term_string"}}],"inLanguage":"de"},{"@type":"Organization","@id":"https:\/\/lat.nl\/#organization","name":"Looije Agro Technics BV","url":"https:\/\/lat.nl\/","logo":{"@type":"ImageObject","inLanguage":"de","@id":"https:\/\/lat.nl\/#\/schema\/logo\/image\/","url":"https:\/\/lat.nl\/wp-content\/uploads\/2018\/03\/logo.jpg","contentUrl":"https:\/\/lat.nl\/wp-content\/uploads\/2018\/03\/logo.jpg","width":319,"height":122,"caption":"Looije Agro Technics BV"},"image":{"@id":"https:\/\/lat.nl\/#\/schema\/logo\/image\/"}}]}},"_links":{"self":[{"href":"https:\/\/lat.nl\/de\/wp-json\/wp\/v2\/pages\/2318","targetHints":{"allow":["GET"]}}],"collection":[{"href":"https:\/\/lat.nl\/de\/wp-json\/wp\/v2\/pages"}],"about":[{"href":"https:\/\/lat.nl\/de\/wp-json\/wp\/v2\/types\/page"}],"author":[{"embeddable":true,"href":"https:\/\/lat.nl\/de\/wp-json\/wp\/v2\/users\/1"}],"replies":[{"embeddable":true,"href":"https:\/\/lat.nl\/de\/wp-json\/wp\/v2\/comments?post=2318"}],"version-history":[{"count":0,"href":"https:\/\/lat.nl\/de\/wp-json\/wp\/v2\/pages\/2318\/revisions"}],"wp:attachment":[{"href":"https:\/\/lat.nl\/de\/wp-json\/wp\/v2\/media?parent=2318"}],"curies":[{"name":"wp","href":"https:\/\/api.w.org\/{rel}","templated":true}]}}