{"id":3276,"date":"2018-03-28T16:17:22","date_gmt":"2018-03-28T16:17:22","guid":{"rendered":"https:\/\/lat.nl\/?page_id=3276"},"modified":"2018-04-10T09:28:57","modified_gmt":"2018-04-10T09:28:57","slug":"home","status":"publish","type":"page","link":"https:\/\/lat.nl\/de\/","title":{"rendered":"Home"},"content":{"rendered":"<p>Looije Agro Technics bv ist ein unabh\u00e4ngiges Planungsb\u00fcro f\u00fcr den Gew\u00e4chshausbau, mit Schwerpunktaufgaben im Bereich der Machbarkeitsstudien und Kostenvoranschl\u00e4gen. Zu ihren weiteren Aufgabenbereichen geh\u00f6ren im Bedarfsfall die Firmenplanung und die Beschaffungsma\u00dfnahmen sowie die gesetzliche Beratung und Abwicklung hinsichtlich wichtiger beh\u00f6rdlicher Vorschriften, die komplette Bauleitung und Baudurchf\u00fchrung, Erschlie\u00dfung des Gartenbaugel\u00e4ndes und zum Schluss die Energieberatung.<\/p>\n<p>Seit 1997 betreuen wir auf praktische und transparente Art die Unterglas-Gartenbaubetriebe und -Gartenbaukooperationen, die sich an uns wenden. Daneben richten sich auch weitere Organisationen und Beh\u00f6rden an uns, wegen unserer unabh\u00e4ngigen (Unterglas-) Gartenbauexpertise. Unsere Zielstellung ist jedoch vor allem die Beratung des selbst\u00e4ndigen Unternehmers.<\/p>\n<p>Die vielseitigen Expertisen innerhalb unseres Unternehmens tragen dazu bei, dass unser Firmenleitspruch &#8218;wohl \u00fcberlegt und umfassend&#8216; auf all unsere Arbeiten Anwendung findet.<\/p>\n<p>Zurzeit ist Looije Agro Technics B.V. in vielen L\u00e4nder t\u00e4tig.<\/p>\n<p>K\u00f6nnen wir etwas f\u00fcr Sie tun? Dann klicken Sie sich \u00fcber die Men\u00fcleiste doch mal weiter zu einigen Kostproben unseres Dienstleistungsangebots.<\/p>\n","protected":false},"excerpt":{"rendered":"<p>Looije Agro Technics bv ist ein unabh\u00e4ngiges Planungsb\u00fcro f\u00fcr den Gew\u00e4chshausbau, mit Schwerpunktaufgaben im Bereich der Machbarkeitsstudien und Kostenvoranschl\u00e4gen. Zu ihren weiteren Aufgabenbereichen geh\u00f6ren im Bedarfsfall die Firmenplanung und die Beschaffungsma\u00dfnahmen sowie die gesetzliche Beratung und Abwicklung hinsichtlich wichtiger beh\u00f6rdlicher Vorschriften, die komplette Bauleitung und Baudurchf\u00fchrung, Erschlie\u00dfung des Gartenbaugel\u00e4ndes und zum Schluss die Energieberatung. Seit [&hellip;]<\/p>\n","protected":false},"author":1,"featured_media":0,"parent":0,"menu_order":0,"comment_status":"closed","ping_status":"closed","template":"index-home.php","meta":{"_acf_changed":false,"_exactmetrics_skip_tracking":false,"_exactmetrics_sitenote_active":false,"_exactmetrics_sitenote_note":"","_exactmetrics_sitenote_category":0,"footnotes":""},"class_list":["post-3276","page","type-page","status-publish","hentry"],"acf":[],"yoast_head":"<!-- This site is optimized with the Yoast SEO plugin v27.3 - https:\/\/yoast.com\/product\/yoast-seo-wordpress\/ -->\n<title>Home - Looije Agro Technics BV<\/title>\n<meta name=\"robots\" content=\"index, follow, max-snippet:-1, max-image-preview:large, max-video-preview:-1\" \/>\n<link rel=\"canonical\" href=\"https:\/\/lat.nl\/de\/\" \/>\n<meta property=\"og:locale\" content=\"de_DE\" \/>\n<meta property=\"og:type\" content=\"article\" \/>\n<meta property=\"og:title\" content=\"Home - Looije Agro Technics BV\" \/>\n<meta property=\"og:description\" content=\"Looije Agro Technics bv ist ein unabh\u00e4ngiges Planungsb\u00fcro f\u00fcr den Gew\u00e4chshausbau, mit Schwerpunktaufgaben im Bereich der Machbarkeitsstudien und Kostenvoranschl\u00e4gen. Zu ihren weiteren Aufgabenbereichen geh\u00f6ren im Bedarfsfall die Firmenplanung und die Beschaffungsma\u00dfnahmen sowie die gesetzliche Beratung und Abwicklung hinsichtlich wichtiger beh\u00f6rdlicher Vorschriften, die komplette Bauleitung und Baudurchf\u00fchrung, Erschlie\u00dfung des Gartenbaugel\u00e4ndes und zum Schluss die Energieberatung. Seit [&hellip;]\" \/>\n<meta property=\"og:url\" content=\"https:\/\/lat.nl\/de\/\" \/>\n<meta property=\"og:site_name\" content=\"Looije Agro Technics BV\" \/>\n<meta property=\"article:modified_time\" content=\"2018-04-10T09:28:57+00:00\" \/>\n<meta name=\"twitter:card\" content=\"summary_large_image\" \/>\n<meta name=\"twitter:label1\" content=\"Gesch\u00e4tzte Lesezeit\" \/>\n\t<meta name=\"twitter:data1\" content=\"1\u00a0Minute\" \/>\n<script type=\"application\/ld+json\" class=\"yoast-schema-graph\">{\"@context\":\"https:\\\/\\\/schema.org\",\"@graph\":[{\"@type\":\"WebPage\",\"@id\":\"https:\\\/\\\/lat.nl\\\/de\\\/\",\"url\":\"https:\\\/\\\/lat.nl\\\/de\\\/\",\"name\":\"Home - Looije Agro Technics BV\",\"isPartOf\":{\"@id\":\"https:\\\/\\\/lat.nl\\\/#website\"},\"datePublished\":\"2018-03-28T16:17:22+00:00\",\"dateModified\":\"2018-04-10T09:28:57+00:00\",\"breadcrumb\":{\"@id\":\"https:\\\/\\\/lat.nl\\\/de\\\/#breadcrumb\"},\"inLanguage\":\"de\",\"potentialAction\":[{\"@type\":\"ReadAction\",\"target\":[\"https:\\\/\\\/lat.nl\\\/de\\\/\"]}]},{\"@type\":\"BreadcrumbList\",\"@id\":\"https:\\\/\\\/lat.nl\\\/de\\\/#breadcrumb\",\"itemListElement\":[{\"@type\":\"ListItem\",\"position\":1,\"name\":\"Home\",\"item\":\"https:\\\/\\\/lat.nl\\\/de\\\/\"},{\"@type\":\"ListItem\",\"position\":2,\"name\":\"Home\"}]},{\"@type\":\"WebSite\",\"@id\":\"https:\\\/\\\/lat.nl\\\/#website\",\"url\":\"https:\\\/\\\/lat.nl\\\/\",\"name\":\"Looije Agro Technics BV\",\"description\":\"H\u00e9t onafhankelijk bouwmanagementbureau in de glastuinbouwsector\",\"publisher\":{\"@id\":\"https:\\\/\\\/lat.nl\\\/#organization\"},\"potentialAction\":[{\"@type\":\"SearchAction\",\"target\":{\"@type\":\"EntryPoint\",\"urlTemplate\":\"https:\\\/\\\/lat.nl\\\/?s={search_term_string}\"},\"query-input\":{\"@type\":\"PropertyValueSpecification\",\"valueRequired\":true,\"valueName\":\"search_term_string\"}}],\"inLanguage\":\"de\"},{\"@type\":\"Organization\",\"@id\":\"https:\\\/\\\/lat.nl\\\/#organization\",\"name\":\"Looije Agro Technics BV\",\"url\":\"https:\\\/\\\/lat.nl\\\/\",\"logo\":{\"@type\":\"ImageObject\",\"inLanguage\":\"de\",\"@id\":\"https:\\\/\\\/lat.nl\\\/#\\\/schema\\\/logo\\\/image\\\/\",\"url\":\"https:\\\/\\\/lat.nl\\\/wp-content\\\/uploads\\\/2018\\\/03\\\/logo.jpg\",\"contentUrl\":\"https:\\\/\\\/lat.nl\\\/wp-content\\\/uploads\\\/2018\\\/03\\\/logo.jpg\",\"width\":319,\"height\":122,\"caption\":\"Looije Agro Technics BV\"},\"image\":{\"@id\":\"https:\\\/\\\/lat.nl\\\/#\\\/schema\\\/logo\\\/image\\\/\"}}]}<\/script>\n<!-- \/ Yoast SEO plugin. -->","yoast_head_json":{"title":"Home - Looije Agro Technics BV","robots":{"index":"index","follow":"follow","max-snippet":"max-snippet:-1","max-image-preview":"max-image-preview:large","max-video-preview":"max-video-preview:-1"},"canonical":"https:\/\/lat.nl\/de\/","og_locale":"de_DE","og_type":"article","og_title":"Home - Looije Agro Technics BV","og_description":"Looije Agro Technics bv ist ein unabh\u00e4ngiges Planungsb\u00fcro f\u00fcr den Gew\u00e4chshausbau, mit Schwerpunktaufgaben im Bereich der Machbarkeitsstudien und Kostenvoranschl\u00e4gen. Zu ihren weiteren Aufgabenbereichen geh\u00f6ren im Bedarfsfall die Firmenplanung und die Beschaffungsma\u00dfnahmen sowie die gesetzliche Beratung und Abwicklung hinsichtlich wichtiger beh\u00f6rdlicher Vorschriften, die komplette Bauleitung und Baudurchf\u00fchrung, Erschlie\u00dfung des Gartenbaugel\u00e4ndes und zum Schluss die Energieberatung. Seit [&hellip;]","og_url":"https:\/\/lat.nl\/de\/","og_site_name":"Looije Agro Technics BV","article_modified_time":"2018-04-10T09:28:57+00:00","twitter_card":"summary_large_image","twitter_misc":{"Gesch\u00e4tzte Lesezeit":"1\u00a0Minute"},"schema":{"@context":"https:\/\/schema.org","@graph":[{"@type":"WebPage","@id":"https:\/\/lat.nl\/de\/","url":"https:\/\/lat.nl\/de\/","name":"Home - Looije Agro Technics BV","isPartOf":{"@id":"https:\/\/lat.nl\/#website"},"datePublished":"2018-03-28T16:17:22+00:00","dateModified":"2018-04-10T09:28:57+00:00","breadcrumb":{"@id":"https:\/\/lat.nl\/de\/#breadcrumb"},"inLanguage":"de","potentialAction":[{"@type":"ReadAction","target":["https:\/\/lat.nl\/de\/"]}]},{"@type":"BreadcrumbList","@id":"https:\/\/lat.nl\/de\/#breadcrumb","itemListElement":[{"@type":"ListItem","position":1,"name":"Home","item":"https:\/\/lat.nl\/de\/"},{"@type":"ListItem","position":2,"name":"Home"}]},{"@type":"WebSite","@id":"https:\/\/lat.nl\/#website","url":"https:\/\/lat.nl\/","name":"Looije Agro Technics BV","description":"H\u00e9t onafhankelijk bouwmanagementbureau in de glastuinbouwsector","publisher":{"@id":"https:\/\/lat.nl\/#organization"},"potentialAction":[{"@type":"SearchAction","target":{"@type":"EntryPoint","urlTemplate":"https:\/\/lat.nl\/?s={search_term_string}"},"query-input":{"@type":"PropertyValueSpecification","valueRequired":true,"valueName":"search_term_string"}}],"inLanguage":"de"},{"@type":"Organization","@id":"https:\/\/lat.nl\/#organization","name":"Looije Agro Technics BV","url":"https:\/\/lat.nl\/","logo":{"@type":"ImageObject","inLanguage":"de","@id":"https:\/\/lat.nl\/#\/schema\/logo\/image\/","url":"https:\/\/lat.nl\/wp-content\/uploads\/2018\/03\/logo.jpg","contentUrl":"https:\/\/lat.nl\/wp-content\/uploads\/2018\/03\/logo.jpg","width":319,"height":122,"caption":"Looije Agro Technics BV"},"image":{"@id":"https:\/\/lat.nl\/#\/schema\/logo\/image\/"}}]}},"_links":{"self":[{"href":"https:\/\/lat.nl\/de\/wp-json\/wp\/v2\/pages\/3276","targetHints":{"allow":["GET"]}}],"collection":[{"href":"https:\/\/lat.nl\/de\/wp-json\/wp\/v2\/pages"}],"about":[{"href":"https:\/\/lat.nl\/de\/wp-json\/wp\/v2\/types\/page"}],"author":[{"embeddable":true,"href":"https:\/\/lat.nl\/de\/wp-json\/wp\/v2\/users\/1"}],"replies":[{"embeddable":true,"href":"https:\/\/lat.nl\/de\/wp-json\/wp\/v2\/comments?post=3276"}],"version-history":[{"count":0,"href":"https:\/\/lat.nl\/de\/wp-json\/wp\/v2\/pages\/3276\/revisions"}],"wp:attachment":[{"href":"https:\/\/lat.nl\/de\/wp-json\/wp\/v2\/media?parent=3276"}],"curies":[{"name":"wp","href":"https:\/\/api.w.org\/{rel}","templated":true}]}}