{"id":2324,"date":"2018-03-28T12:11:10","date_gmt":"2018-03-28T12:11:10","guid":{"rendered":"https:\/\/lat.nl\/menedzsment-tamogatas\/"},"modified":"2018-03-28T12:11:10","modified_gmt":"2018-03-28T12:11:10","slug":"menedzsment-tamogatas","status":"publish","type":"page","link":"https:\/\/lat.nl\/hu\/menedzsment-tamogatas\/","title":{"rendered":"Menedzsment t\u00e1mogat\u00e1s"},"content":{"rendered":"<p>Egy nagy m\u00e9ret\u0171 modern \u00fcvegh\u00e1z \u00e1ltal\u00e1nos menedzsmentje hatalmas tud\u00e1st \u00e9s sok k\u00fcl\u00f6nb\u00f6z\u0151 k\u00e9pess\u00e9get ig\u00e9nyel. A termel\u00e9s \u00e9s a n\u00f6v\u00e9ny, az \u00fcvegh\u00e1z m\u0171szaki rendszerei, az energia, a kapcsolatok \u00e9s a munkaer\u0151 menedzsmentje mind-mind r\u00e9szei annak a tud\u00e1snak aminek egy \u00fcvegh\u00e1z vezet\u0151j\u00e9nek birtok\u00e1ban kell lennie.<\/p>\n<p>Egy \u00faj kert\u00e9szeti v\u00e1llalkoz\u00e1s beind\u00edt\u00e1sa nem k\u00f6nny\u0171 feladat. \u00c9p\u00fcleteknek, berendez\u00e9seknek, n\u00f6v\u00e9nyeknek \u00e9s alkalmazottaknak mind illeni kell egym\u00e1shoz. A j\u00f3zan \u00e9sz azt mondatja, hogy nagy tapasztalatra van sz\u00fcks\u00e9g ehhez. Az\u00e9rt, hogy ler\u00f6vid\u00edts\u00fck ezt a kezdeti id\u0151szakot amennyire csak lehets\u00e9ges \u00e9s a vele j\u00e1r\u00f3 magas k\u00f6lts\u00e9g\u0171 de kev\u00e9ss\u00e9 term\u00e9keny szakaszt, a vezet\u0151s\u00e9gnek pontosan tudnia kell hogyan is kell \u00fczemeltetni a l\u00e9tes\u00edtm\u00e9nyt a legels\u0151 napt\u00f3l elkezdve.<\/p>\n<p>Amennyiben a megrendel\u0151 nincsen a birtok\u00e1ban ezeknek a tapasztalatoknak \u00e9s tud\u00e1snak, a Looije Agro Technics tudja biztos\u00edtani a m\u0171k\u00f6d\u00e9s biztos\u00edt\u00e1s\u00e1hoz sz\u00fcks\u00e9ges menedzsmentet az \u00fcvegh\u00e1z sz\u00e1m\u00e1ra egy meghat\u00e1rozott id\u0151re. Alkalmazottakat tudunk k\u00fcldeni \u00e1lland\u00f3 jelleggel a helysz\u00ednre, akik megfelel\u0151 \u00fcvegh\u00e1z vezet\u0151i tapasztalattal b\u00edrnak.<\/p>\n","protected":false},"excerpt":{"rendered":"<p>Egy nagy m\u00e9ret\u0171 modern \u00fcvegh\u00e1z \u00e1ltal\u00e1nos menedzsmentje hatalmas tud\u00e1st \u00e9s sok k\u00fcl\u00f6nb\u00f6z\u0151 k\u00e9pess\u00e9get ig\u00e9nyel. A termel\u00e9s \u00e9s a n\u00f6v\u00e9ny, az \u00fcvegh\u00e1z m\u0171szaki rendszerei, az energia, a kapcsolatok \u00e9s a munkaer\u0151 menedzsmentje mind-mind r\u00e9szei annak a tud\u00e1snak aminek egy \u00fcvegh\u00e1z vezet\u0151j\u00e9nek birtok\u00e1ban kell lennie. Egy \u00faj kert\u00e9szeti v\u00e1llalkoz\u00e1s beind\u00edt\u00e1sa nem k\u00f6nny\u0171 feladat. \u00c9p\u00fcleteknek, berendez\u00e9seknek, n\u00f6v\u00e9nyeknek \u00e9s [&hellip;]<\/p>\n","protected":false},"author":1,"featured_media":0,"parent":0,"menu_order":0,"comment_status":"open","ping_status":"closed","template":"","meta":{"_acf_changed":false,"_exactmetrics_skip_tracking":false,"_exactmetrics_sitenote_active":false,"_exactmetrics_sitenote_note":"","_exactmetrics_sitenote_category":0,"footnotes":""},"class_list":["post-2324","page","type-page","status-publish","hentry"],"acf":[],"yoast_head":"<!-- This site is optimized with the Yoast SEO plugin v27.4 - https:\/\/yoast.com\/product\/yoast-seo-wordpress\/ -->\n<title>Menedzsment t\u00e1mogat\u00e1s - Looije Agro Technics BV<\/title>\n<meta name=\"robots\" content=\"index, follow, max-snippet:-1, max-image-preview:large, max-video-preview:-1\" \/>\n<link rel=\"canonical\" href=\"https:\/\/lat.nl\/hu\/menedzsment-tamogatas\/\" \/>\n<meta property=\"og:locale\" content=\"hu_HU\" \/>\n<meta property=\"og:type\" content=\"article\" \/>\n<meta property=\"og:title\" content=\"Menedzsment t\u00e1mogat\u00e1s - Looije Agro Technics BV\" \/>\n<meta property=\"og:description\" content=\"Egy nagy m\u00e9ret\u0171 modern \u00fcvegh\u00e1z \u00e1ltal\u00e1nos menedzsmentje hatalmas tud\u00e1st \u00e9s sok k\u00fcl\u00f6nb\u00f6z\u0151 k\u00e9pess\u00e9get ig\u00e9nyel. A termel\u00e9s \u00e9s a n\u00f6v\u00e9ny, az \u00fcvegh\u00e1z m\u0171szaki rendszerei, az energia, a kapcsolatok \u00e9s a munkaer\u0151 menedzsmentje mind-mind r\u00e9szei annak a tud\u00e1snak aminek egy \u00fcvegh\u00e1z vezet\u0151j\u00e9nek birtok\u00e1ban kell lennie. Egy \u00faj kert\u00e9szeti v\u00e1llalkoz\u00e1s beind\u00edt\u00e1sa nem k\u00f6nny\u0171 feladat. \u00c9p\u00fcleteknek, berendez\u00e9seknek, n\u00f6v\u00e9nyeknek \u00e9s [&hellip;]\" \/>\n<meta property=\"og:url\" content=\"https:\/\/lat.nl\/hu\/menedzsment-tamogatas\/\" \/>\n<meta property=\"og:site_name\" content=\"Looije Agro Technics BV\" \/>\n<meta name=\"twitter:card\" content=\"summary_large_image\" \/>\n<meta name=\"twitter:label1\" content=\"Becs\u00fclt olvas\u00e1si id\u0151\" \/>\n\t<meta name=\"twitter:data1\" content=\"1 perc\" \/>\n<script type=\"application\/ld+json\" class=\"yoast-schema-graph\">{\"@context\":\"https:\\\/\\\/schema.org\",\"@graph\":[{\"@type\":\"WebPage\",\"@id\":\"https:\\\/\\\/lat.nl\\\/hu\\\/menedzsment-tamogatas\\\/\",\"url\":\"https:\\\/\\\/lat.nl\\\/hu\\\/menedzsment-tamogatas\\\/\",\"name\":\"Menedzsment t\u00e1mogat\u00e1s - Looije Agro Technics BV\",\"isPartOf\":{\"@id\":\"https:\\\/\\\/lat.nl\\\/#website\"},\"datePublished\":\"2018-03-28T12:11:10+00:00\",\"breadcrumb\":{\"@id\":\"https:\\\/\\\/lat.nl\\\/hu\\\/menedzsment-tamogatas\\\/#breadcrumb\"},\"inLanguage\":\"hu\",\"potentialAction\":[{\"@type\":\"ReadAction\",\"target\":[\"https:\\\/\\\/lat.nl\\\/hu\\\/menedzsment-tamogatas\\\/\"]}]},{\"@type\":\"BreadcrumbList\",\"@id\":\"https:\\\/\\\/lat.nl\\\/hu\\\/menedzsment-tamogatas\\\/#breadcrumb\",\"itemListElement\":[{\"@type\":\"ListItem\",\"position\":1,\"name\":\"Home\",\"item\":\"https:\\\/\\\/lat.nl\\\/hu\\\/\"},{\"@type\":\"ListItem\",\"position\":2,\"name\":\"Menedzsment t\u00e1mogat\u00e1s\"}]},{\"@type\":\"WebSite\",\"@id\":\"https:\\\/\\\/lat.nl\\\/#website\",\"url\":\"https:\\\/\\\/lat.nl\\\/\",\"name\":\"Looije Agro Technics BV\",\"description\":\"H\u00e9t onafhankelijk bouwmanagementbureau in de glastuinbouwsector\",\"publisher\":{\"@id\":\"https:\\\/\\\/lat.nl\\\/#organization\"},\"potentialAction\":[{\"@type\":\"SearchAction\",\"target\":{\"@type\":\"EntryPoint\",\"urlTemplate\":\"https:\\\/\\\/lat.nl\\\/?s={search_term_string}\"},\"query-input\":{\"@type\":\"PropertyValueSpecification\",\"valueRequired\":true,\"valueName\":\"search_term_string\"}}],\"inLanguage\":\"hu\"},{\"@type\":\"Organization\",\"@id\":\"https:\\\/\\\/lat.nl\\\/#organization\",\"name\":\"Looije Agro Technics BV\",\"url\":\"https:\\\/\\\/lat.nl\\\/\",\"logo\":{\"@type\":\"ImageObject\",\"inLanguage\":\"hu\",\"@id\":\"https:\\\/\\\/lat.nl\\\/#\\\/schema\\\/logo\\\/image\\\/\",\"url\":\"https:\\\/\\\/lat.nl\\\/wp-content\\\/uploads\\\/2018\\\/03\\\/logo.jpg\",\"contentUrl\":\"https:\\\/\\\/lat.nl\\\/wp-content\\\/uploads\\\/2018\\\/03\\\/logo.jpg\",\"width\":319,\"height\":122,\"caption\":\"Looije Agro Technics BV\"},\"image\":{\"@id\":\"https:\\\/\\\/lat.nl\\\/#\\\/schema\\\/logo\\\/image\\\/\"}}]}<\/script>\n<!-- \/ Yoast SEO plugin. -->","yoast_head_json":{"title":"Menedzsment t\u00e1mogat\u00e1s - Looije Agro Technics BV","robots":{"index":"index","follow":"follow","max-snippet":"max-snippet:-1","max-image-preview":"max-image-preview:large","max-video-preview":"max-video-preview:-1"},"canonical":"https:\/\/lat.nl\/hu\/menedzsment-tamogatas\/","og_locale":"hu_HU","og_type":"article","og_title":"Menedzsment t\u00e1mogat\u00e1s - Looije Agro Technics BV","og_description":"Egy nagy m\u00e9ret\u0171 modern \u00fcvegh\u00e1z \u00e1ltal\u00e1nos menedzsmentje hatalmas tud\u00e1st \u00e9s sok k\u00fcl\u00f6nb\u00f6z\u0151 k\u00e9pess\u00e9get ig\u00e9nyel. A termel\u00e9s \u00e9s a n\u00f6v\u00e9ny, az \u00fcvegh\u00e1z m\u0171szaki rendszerei, az energia, a kapcsolatok \u00e9s a munkaer\u0151 menedzsmentje mind-mind r\u00e9szei annak a tud\u00e1snak aminek egy \u00fcvegh\u00e1z vezet\u0151j\u00e9nek birtok\u00e1ban kell lennie. Egy \u00faj kert\u00e9szeti v\u00e1llalkoz\u00e1s beind\u00edt\u00e1sa nem k\u00f6nny\u0171 feladat. \u00c9p\u00fcleteknek, berendez\u00e9seknek, n\u00f6v\u00e9nyeknek \u00e9s [&hellip;]","og_url":"https:\/\/lat.nl\/hu\/menedzsment-tamogatas\/","og_site_name":"Looije Agro Technics BV","twitter_card":"summary_large_image","twitter_misc":{"Becs\u00fclt olvas\u00e1si id\u0151":"1 perc"},"schema":{"@context":"https:\/\/schema.org","@graph":[{"@type":"WebPage","@id":"https:\/\/lat.nl\/hu\/menedzsment-tamogatas\/","url":"https:\/\/lat.nl\/hu\/menedzsment-tamogatas\/","name":"Menedzsment t\u00e1mogat\u00e1s - Looije Agro Technics BV","isPartOf":{"@id":"https:\/\/lat.nl\/#website"},"datePublished":"2018-03-28T12:11:10+00:00","breadcrumb":{"@id":"https:\/\/lat.nl\/hu\/menedzsment-tamogatas\/#breadcrumb"},"inLanguage":"hu","potentialAction":[{"@type":"ReadAction","target":["https:\/\/lat.nl\/hu\/menedzsment-tamogatas\/"]}]},{"@type":"BreadcrumbList","@id":"https:\/\/lat.nl\/hu\/menedzsment-tamogatas\/#breadcrumb","itemListElement":[{"@type":"ListItem","position":1,"name":"Home","item":"https:\/\/lat.nl\/hu\/"},{"@type":"ListItem","position":2,"name":"Menedzsment t\u00e1mogat\u00e1s"}]},{"@type":"WebSite","@id":"https:\/\/lat.nl\/#website","url":"https:\/\/lat.nl\/","name":"Looije Agro Technics BV","description":"H\u00e9t onafhankelijk bouwmanagementbureau in de glastuinbouwsector","publisher":{"@id":"https:\/\/lat.nl\/#organization"},"potentialAction":[{"@type":"SearchAction","target":{"@type":"EntryPoint","urlTemplate":"https:\/\/lat.nl\/?s={search_term_string}"},"query-input":{"@type":"PropertyValueSpecification","valueRequired":true,"valueName":"search_term_string"}}],"inLanguage":"hu"},{"@type":"Organization","@id":"https:\/\/lat.nl\/#organization","name":"Looije Agro Technics BV","url":"https:\/\/lat.nl\/","logo":{"@type":"ImageObject","inLanguage":"hu","@id":"https:\/\/lat.nl\/#\/schema\/logo\/image\/","url":"https:\/\/lat.nl\/wp-content\/uploads\/2018\/03\/logo.jpg","contentUrl":"https:\/\/lat.nl\/wp-content\/uploads\/2018\/03\/logo.jpg","width":319,"height":122,"caption":"Looije Agro Technics BV"},"image":{"@id":"https:\/\/lat.nl\/#\/schema\/logo\/image\/"}}]}},"_links":{"self":[{"href":"https:\/\/lat.nl\/hu\/wp-json\/wp\/v2\/pages\/2324","targetHints":{"allow":["GET"]}}],"collection":[{"href":"https:\/\/lat.nl\/hu\/wp-json\/wp\/v2\/pages"}],"about":[{"href":"https:\/\/lat.nl\/hu\/wp-json\/wp\/v2\/types\/page"}],"author":[{"embeddable":true,"href":"https:\/\/lat.nl\/hu\/wp-json\/wp\/v2\/users\/1"}],"replies":[{"embeddable":true,"href":"https:\/\/lat.nl\/hu\/wp-json\/wp\/v2\/comments?post=2324"}],"version-history":[{"count":0,"href":"https:\/\/lat.nl\/hu\/wp-json\/wp\/v2\/pages\/2324\/revisions"}],"wp:attachment":[{"href":"https:\/\/lat.nl\/hu\/wp-json\/wp\/v2\/media?parent=2324"}],"curies":[{"name":"wp","href":"https:\/\/api.w.org\/{rel}","templated":true}]}}