{"id":2330,"date":"2018-03-28T12:11:10","date_gmt":"2018-03-28T12:11:10","guid":{"rendered":"https:\/\/lat.nl\/engedelyek-es-eloirasok\/"},"modified":"2018-03-28T12:11:10","modified_gmt":"2018-03-28T12:11:10","slug":"engedelyek-es-eloirasok","status":"publish","type":"page","link":"https:\/\/lat.nl\/hu\/engedelyek-es-eloirasok\/","title":{"rendered":"Enged\u00e9lyek \u00e9s el\u0151\u00edr\u00e1sok"},"content":{"rendered":"<p>Mindenf\u00e9le jogszab\u00e1lyok \u00e9s el\u0151\u00edr\u00e1sok vonatkoznak az \u00faj \u00e9p\u00edt\u00e9sre, \u00e1talak\u00edt\u00e1sra vagy \u00fcvegh\u00e1z kert\u00e9szeti c\u00e9gek fejleszt\u00e9seire. Gondoljon csak p\u00e9ld\u00e1ul az \u00e9p\u00edt\u00e9si enged\u00e9lyekre, m\u00f3dos\u00edt\u00e1sokra a rendez\u00e9si tervben, k\u00f6rnyezetv\u00e9delmi enged\u00e9lyekre vagy az olyan dolgokra, mint a t\u0171zbiztons\u00e1g vagy t\u0171zv\u00e9delmi tan\u00fas\u00edtv\u00e1nyok.<br \/>M\u00edg az \u00fczemeltet\u0151k r\u00e9gebben &#8216;csak \u00fagy&#8217; tett\u00e9k a dolgukat, ma m\u00e1r ez csaknem lehetetlen a gyakorlatban: ahhoz, hogy megjelenhessen a polg\u00e1rmesteri hivatal, t\u0171zolt\u00f3s\u00e1g, v\u00edzm\u0171vek el\u0151tt, mint j\u00f3l felk\u00e9sz\u00fclt t\u00e1rgyal\u00f3 partner pontosan kell ismernie az \u00f6sszes vonatkoz\u00f3 el\u0151\u00edr\u00e1st \u00e9s szab\u00e1lyt. Ezek a szab\u00e1lyok rendszeresen megv\u00e1ltoznak. Amit ma m\u00e9g \u00edgy kellett csin\u00e1lni azt m\u00e1snapra m\u00e1r felv\u00e1ltja egy \u00faj rendelet.<\/p>\n<p>A Looije Agro Technics B.V-nek van egy k\u00fcl\u00f6n &#8216;El\u0151\u00edr\u00e1sok \u00e9s szab\u00e1lyoz\u00e1sok&#8217; csoportja, ami akkor seg\u00edti az \u00fcvegh\u00e1zi kert\u00e9sz c\u00e9geket, amikor az enged\u00e9lyek \u00e9s szab\u00e1lyok j\u00e1tssz\u00e1k a f\u0151szerepet. Tekintettel arra, hogy a koll\u00e9g\u00e1ink sz\u00e9lesk\u00f6r\u0171 tapasztalattal \u00e9s tud\u00e1ssal rendelkeznek az \u00fcvegh\u00e1zi kert\u00e9szet \u00e9s a vonatkoz\u00f3 el\u0151\u00edr\u00e1sok ter\u00e9n Hollandi\u00e1ban \u00e9s a t\u00f6bbi orsz\u00e1gban is ahol a Looije Agro Technics B.V. tev\u00e9kenykedik, mi lehet\u00fcnk a h\u00edd a Megrendel\u0151 c\u00e9g \u00e9s a szab\u00e1lyoz\u00f3 hat\u00f3s\u00e1gok k\u00f6z\u00f6tt. Sok \u00fcvegh\u00e1z kert\u00e9szet \u00fczemeltet\u0151 sz\u00e1m\u00e1ra vonz\u00f3 koll\u00e9g\u00e1ink vil\u00e1gos \u00e9s gyakorlatias megk\u00f6zel\u00edt\u00e9se.<\/p>\n<p>Amennyiben az \u00d6n projektje megk\u00edv\u00e1nja kapcsolatba l\u00e9p\u00fcnk (p\u00e9ld\u00e1ul) helyi \u00e9p\u00edt\u00e9sszel vagy kivitelez\u0151vel. A helyi szak\u00e9rt\u0151k ereje \u00e9s tekint\u00e9lye \u00edgy \u00f6sszead\u00f3dik a Looije Agro Technics jelent\u0151s \u00fcvegh\u00e1z kert\u00e9szeti szaktud\u00e1s\u00e1val. Ez vezet a t\u00f6k\u00e9letes kombin\u00e1ci\u00f3hoz.<\/p>\n<p>Az alapelv az: &#8216;Annyit t\u00e9gy meg amennyire sz\u00fcks\u00e9g van, sem t\u00f6bbet sem kevesebbet.&#8217;<\/p>\n","protected":false},"excerpt":{"rendered":"<p>Mindenf\u00e9le jogszab\u00e1lyok \u00e9s el\u0151\u00edr\u00e1sok vonatkoznak az \u00faj \u00e9p\u00edt\u00e9sre, \u00e1talak\u00edt\u00e1sra vagy \u00fcvegh\u00e1z kert\u00e9szeti c\u00e9gek fejleszt\u00e9seire. Gondoljon csak p\u00e9ld\u00e1ul az \u00e9p\u00edt\u00e9si enged\u00e9lyekre, m\u00f3dos\u00edt\u00e1sokra a rendez\u00e9si tervben, k\u00f6rnyezetv\u00e9delmi enged\u00e9lyekre vagy az olyan dolgokra, mint a t\u0171zbiztons\u00e1g vagy t\u0171zv\u00e9delmi tan\u00fas\u00edtv\u00e1nyok.M\u00edg az \u00fczemeltet\u0151k r\u00e9gebben &#8216;csak \u00fagy&#8217; tett\u00e9k a dolgukat, ma m\u00e1r ez csaknem lehetetlen a gyakorlatban: ahhoz, hogy megjelenhessen a [&hellip;]<\/p>\n","protected":false},"author":1,"featured_media":0,"parent":0,"menu_order":0,"comment_status":"open","ping_status":"closed","template":"","meta":{"_acf_changed":false,"_exactmetrics_skip_tracking":false,"_exactmetrics_sitenote_active":false,"_exactmetrics_sitenote_note":"","_exactmetrics_sitenote_category":0,"footnotes":""},"class_list":["post-2330","page","type-page","status-publish","hentry"],"acf":[],"yoast_head":"<!-- This site is optimized with the Yoast SEO plugin v27.3 - https:\/\/yoast.com\/product\/yoast-seo-wordpress\/ -->\n<title>Enged\u00e9lyek \u00e9s el\u0151\u00edr\u00e1sok - Looije Agro Technics BV<\/title>\n<meta name=\"robots\" content=\"index, follow, max-snippet:-1, max-image-preview:large, max-video-preview:-1\" \/>\n<link rel=\"canonical\" href=\"https:\/\/lat.nl\/hu\/engedelyek-es-eloirasok\/\" \/>\n<meta property=\"og:locale\" content=\"hu_HU\" \/>\n<meta property=\"og:type\" content=\"article\" \/>\n<meta property=\"og:title\" content=\"Enged\u00e9lyek \u00e9s el\u0151\u00edr\u00e1sok - Looije Agro Technics BV\" \/>\n<meta property=\"og:description\" content=\"Mindenf\u00e9le jogszab\u00e1lyok \u00e9s el\u0151\u00edr\u00e1sok vonatkoznak az \u00faj \u00e9p\u00edt\u00e9sre, \u00e1talak\u00edt\u00e1sra vagy \u00fcvegh\u00e1z kert\u00e9szeti c\u00e9gek fejleszt\u00e9seire. Gondoljon csak p\u00e9ld\u00e1ul az \u00e9p\u00edt\u00e9si enged\u00e9lyekre, m\u00f3dos\u00edt\u00e1sokra a rendez\u00e9si tervben, k\u00f6rnyezetv\u00e9delmi enged\u00e9lyekre vagy az olyan dolgokra, mint a t\u0171zbiztons\u00e1g vagy t\u0171zv\u00e9delmi tan\u00fas\u00edtv\u00e1nyok.M\u00edg az \u00fczemeltet\u0151k r\u00e9gebben &#8216;csak \u00fagy&#8217; tett\u00e9k a dolgukat, ma m\u00e1r ez csaknem lehetetlen a gyakorlatban: ahhoz, hogy megjelenhessen a [&hellip;]\" \/>\n<meta property=\"og:url\" content=\"https:\/\/lat.nl\/hu\/engedelyek-es-eloirasok\/\" \/>\n<meta property=\"og:site_name\" content=\"Looije Agro Technics BV\" \/>\n<meta name=\"twitter:card\" content=\"summary_large_image\" \/>\n<meta name=\"twitter:label1\" content=\"Becs\u00fclt olvas\u00e1si id\u0151\" \/>\n\t<meta name=\"twitter:data1\" content=\"2 perc\" \/>\n<script type=\"application\/ld+json\" class=\"yoast-schema-graph\">{\"@context\":\"https:\\\/\\\/schema.org\",\"@graph\":[{\"@type\":\"WebPage\",\"@id\":\"https:\\\/\\\/lat.nl\\\/hu\\\/engedelyek-es-eloirasok\\\/\",\"url\":\"https:\\\/\\\/lat.nl\\\/hu\\\/engedelyek-es-eloirasok\\\/\",\"name\":\"Enged\u00e9lyek \u00e9s el\u0151\u00edr\u00e1sok - Looije Agro Technics BV\",\"isPartOf\":{\"@id\":\"https:\\\/\\\/lat.nl\\\/#website\"},\"datePublished\":\"2018-03-28T12:11:10+00:00\",\"breadcrumb\":{\"@id\":\"https:\\\/\\\/lat.nl\\\/hu\\\/engedelyek-es-eloirasok\\\/#breadcrumb\"},\"inLanguage\":\"hu\",\"potentialAction\":[{\"@type\":\"ReadAction\",\"target\":[\"https:\\\/\\\/lat.nl\\\/hu\\\/engedelyek-es-eloirasok\\\/\"]}]},{\"@type\":\"BreadcrumbList\",\"@id\":\"https:\\\/\\\/lat.nl\\\/hu\\\/engedelyek-es-eloirasok\\\/#breadcrumb\",\"itemListElement\":[{\"@type\":\"ListItem\",\"position\":1,\"name\":\"Home\",\"item\":\"https:\\\/\\\/lat.nl\\\/hu\\\/\"},{\"@type\":\"ListItem\",\"position\":2,\"name\":\"Enged\u00e9lyek \u00e9s el\u0151\u00edr\u00e1sok\"}]},{\"@type\":\"WebSite\",\"@id\":\"https:\\\/\\\/lat.nl\\\/#website\",\"url\":\"https:\\\/\\\/lat.nl\\\/\",\"name\":\"Looije Agro Technics BV\",\"description\":\"H\u00e9t onafhankelijk bouwmanagementbureau in de glastuinbouwsector\",\"publisher\":{\"@id\":\"https:\\\/\\\/lat.nl\\\/#organization\"},\"potentialAction\":[{\"@type\":\"SearchAction\",\"target\":{\"@type\":\"EntryPoint\",\"urlTemplate\":\"https:\\\/\\\/lat.nl\\\/?s={search_term_string}\"},\"query-input\":{\"@type\":\"PropertyValueSpecification\",\"valueRequired\":true,\"valueName\":\"search_term_string\"}}],\"inLanguage\":\"hu\"},{\"@type\":\"Organization\",\"@id\":\"https:\\\/\\\/lat.nl\\\/#organization\",\"name\":\"Looije Agro Technics BV\",\"url\":\"https:\\\/\\\/lat.nl\\\/\",\"logo\":{\"@type\":\"ImageObject\",\"inLanguage\":\"hu\",\"@id\":\"https:\\\/\\\/lat.nl\\\/#\\\/schema\\\/logo\\\/image\\\/\",\"url\":\"https:\\\/\\\/lat.nl\\\/wp-content\\\/uploads\\\/2018\\\/03\\\/logo.jpg\",\"contentUrl\":\"https:\\\/\\\/lat.nl\\\/wp-content\\\/uploads\\\/2018\\\/03\\\/logo.jpg\",\"width\":319,\"height\":122,\"caption\":\"Looije Agro Technics BV\"},\"image\":{\"@id\":\"https:\\\/\\\/lat.nl\\\/#\\\/schema\\\/logo\\\/image\\\/\"}}]}<\/script>\n<!-- \/ Yoast SEO plugin. -->","yoast_head_json":{"title":"Enged\u00e9lyek \u00e9s el\u0151\u00edr\u00e1sok - Looije Agro Technics BV","robots":{"index":"index","follow":"follow","max-snippet":"max-snippet:-1","max-image-preview":"max-image-preview:large","max-video-preview":"max-video-preview:-1"},"canonical":"https:\/\/lat.nl\/hu\/engedelyek-es-eloirasok\/","og_locale":"hu_HU","og_type":"article","og_title":"Enged\u00e9lyek \u00e9s el\u0151\u00edr\u00e1sok - Looije Agro Technics BV","og_description":"Mindenf\u00e9le jogszab\u00e1lyok \u00e9s el\u0151\u00edr\u00e1sok vonatkoznak az \u00faj \u00e9p\u00edt\u00e9sre, \u00e1talak\u00edt\u00e1sra vagy \u00fcvegh\u00e1z kert\u00e9szeti c\u00e9gek fejleszt\u00e9seire. Gondoljon csak p\u00e9ld\u00e1ul az \u00e9p\u00edt\u00e9si enged\u00e9lyekre, m\u00f3dos\u00edt\u00e1sokra a rendez\u00e9si tervben, k\u00f6rnyezetv\u00e9delmi enged\u00e9lyekre vagy az olyan dolgokra, mint a t\u0171zbiztons\u00e1g vagy t\u0171zv\u00e9delmi tan\u00fas\u00edtv\u00e1nyok.M\u00edg az \u00fczemeltet\u0151k r\u00e9gebben &#8216;csak \u00fagy&#8217; tett\u00e9k a dolgukat, ma m\u00e1r ez csaknem lehetetlen a gyakorlatban: ahhoz, hogy megjelenhessen a [&hellip;]","og_url":"https:\/\/lat.nl\/hu\/engedelyek-es-eloirasok\/","og_site_name":"Looije Agro Technics BV","twitter_card":"summary_large_image","twitter_misc":{"Becs\u00fclt olvas\u00e1si id\u0151":"2 perc"},"schema":{"@context":"https:\/\/schema.org","@graph":[{"@type":"WebPage","@id":"https:\/\/lat.nl\/hu\/engedelyek-es-eloirasok\/","url":"https:\/\/lat.nl\/hu\/engedelyek-es-eloirasok\/","name":"Enged\u00e9lyek \u00e9s el\u0151\u00edr\u00e1sok - Looije Agro Technics BV","isPartOf":{"@id":"https:\/\/lat.nl\/#website"},"datePublished":"2018-03-28T12:11:10+00:00","breadcrumb":{"@id":"https:\/\/lat.nl\/hu\/engedelyek-es-eloirasok\/#breadcrumb"},"inLanguage":"hu","potentialAction":[{"@type":"ReadAction","target":["https:\/\/lat.nl\/hu\/engedelyek-es-eloirasok\/"]}]},{"@type":"BreadcrumbList","@id":"https:\/\/lat.nl\/hu\/engedelyek-es-eloirasok\/#breadcrumb","itemListElement":[{"@type":"ListItem","position":1,"name":"Home","item":"https:\/\/lat.nl\/hu\/"},{"@type":"ListItem","position":2,"name":"Enged\u00e9lyek \u00e9s el\u0151\u00edr\u00e1sok"}]},{"@type":"WebSite","@id":"https:\/\/lat.nl\/#website","url":"https:\/\/lat.nl\/","name":"Looije Agro Technics BV","description":"H\u00e9t onafhankelijk bouwmanagementbureau in de glastuinbouwsector","publisher":{"@id":"https:\/\/lat.nl\/#organization"},"potentialAction":[{"@type":"SearchAction","target":{"@type":"EntryPoint","urlTemplate":"https:\/\/lat.nl\/?s={search_term_string}"},"query-input":{"@type":"PropertyValueSpecification","valueRequired":true,"valueName":"search_term_string"}}],"inLanguage":"hu"},{"@type":"Organization","@id":"https:\/\/lat.nl\/#organization","name":"Looije Agro Technics BV","url":"https:\/\/lat.nl\/","logo":{"@type":"ImageObject","inLanguage":"hu","@id":"https:\/\/lat.nl\/#\/schema\/logo\/image\/","url":"https:\/\/lat.nl\/wp-content\/uploads\/2018\/03\/logo.jpg","contentUrl":"https:\/\/lat.nl\/wp-content\/uploads\/2018\/03\/logo.jpg","width":319,"height":122,"caption":"Looije Agro Technics BV"},"image":{"@id":"https:\/\/lat.nl\/#\/schema\/logo\/image\/"}}]}},"_links":{"self":[{"href":"https:\/\/lat.nl\/hu\/wp-json\/wp\/v2\/pages\/2330","targetHints":{"allow":["GET"]}}],"collection":[{"href":"https:\/\/lat.nl\/hu\/wp-json\/wp\/v2\/pages"}],"about":[{"href":"https:\/\/lat.nl\/hu\/wp-json\/wp\/v2\/types\/page"}],"author":[{"embeddable":true,"href":"https:\/\/lat.nl\/hu\/wp-json\/wp\/v2\/users\/1"}],"replies":[{"embeddable":true,"href":"https:\/\/lat.nl\/hu\/wp-json\/wp\/v2\/comments?post=2330"}],"version-history":[{"count":0,"href":"https:\/\/lat.nl\/hu\/wp-json\/wp\/v2\/pages\/2330\/revisions"}],"wp:attachment":[{"href":"https:\/\/lat.nl\/hu\/wp-json\/wp\/v2\/media?parent=2330"}],"curies":[{"name":"wp","href":"https:\/\/api.w.org\/{rel}","templated":true}]}}