{"id":2334,"date":"2018-03-28T12:11:10","date_gmt":"2018-03-28T12:11:10","guid":{"rendered":"https:\/\/lat.nl\/varostervezes-es-videkfejlesztes\/"},"modified":"2018-03-28T12:11:10","modified_gmt":"2018-03-28T12:11:10","slug":"varostervezes-es-videkfejlesztes","status":"publish","type":"page","link":"https:\/\/lat.nl\/hu\/varostervezes-es-videkfejlesztes\/","title":{"rendered":"V\u00e1rostervez\u00e9s \u00e9s vid\u00e9kfejleszt\u00e9s"},"content":{"rendered":"<p>A &#8216;v\u00e1rostervez\u00e9s \u00e9s vid\u00e9kfejleszt\u00e9s&#8217; koncepci\u00f3ja fontos szerepet t\u00f6lt be a tervek el\u0151k\u00e9sz\u00edt\u00e9s\u00e9ben az \u00faj \u00e9p\u00edt\u00e9sekn\u00e9l \u00e9s a b\u0151v\u00edt\u00e9sekn\u00e9l. Vajon a b\u0151v\u00edt\u00e9si elk\u00e9pzel\u00e9sei illenek a helyi \u00e9s region\u00e1lis v\u00e1rostervez\u00e9si \u00e9s vid\u00e9kfejleszt\u00e9si tervekhez?<br \/>Azok a projektek amik alapvet\u0151en megval\u00f3s\u00edthatatlanok tervez\u00e9si szempontb\u00f3l (a szab\u00e1lyoz\u00e1si tervek vagy m\u00e1s el\u0151\u00edr\u00e1sok miatt) n\u00e9ha m\u00e9gis l\u00e9trej\u00f6hetnek bizonyos v\u00e1ltoztat\u00e1si k\u00e9relmek vagy m\u00e1s hat\u00f3s\u00e1gi elj\u00e1r\u00e1sok sor\u00e1n. Hollandi\u00e1ban a Looije Agro Technics B.V. sz\u00e1mos alkalommal vitt v\u00e9ghez ilyen jelleg\u0171 elj\u00e1r\u00e1sokat a megrendel\u0151i sz\u00e1m\u00e1ra. M\u00e1s orsz\u00e1gokban egy\u00fcttm\u0171k\u00f6d\u00e9si kapcsolatokat \u00e9p\u00edt\u00fcnk ki projektr\u0151l-projektre alapon ahol helyi szak\u00e9rt\u0151k ker\u00fclnek bevon\u00e1sra. A helyi szak\u00e9rt\u0151k neve \u00e9s ereje \u00edgy \u00f6sszevon\u00f3dik a Looije Agro Technics megl\u00e9v\u0151 (\u00fcvegh\u00e1zi) kert\u00e9szeti szaktud\u00e1s\u00e1val. Ennek eredm\u00e9nyek\u00e9ppen j\u00f6n l\u00e9tre a t\u00f6k\u00e9letes kombin\u00e1ci\u00f3.<\/p>\n","protected":false},"excerpt":{"rendered":"<p>A &#8216;v\u00e1rostervez\u00e9s \u00e9s vid\u00e9kfejleszt\u00e9s&#8217; koncepci\u00f3ja fontos szerepet t\u00f6lt be a tervek el\u0151k\u00e9sz\u00edt\u00e9s\u00e9ben az \u00faj \u00e9p\u00edt\u00e9sekn\u00e9l \u00e9s a b\u0151v\u00edt\u00e9sekn\u00e9l. Vajon a b\u0151v\u00edt\u00e9si elk\u00e9pzel\u00e9sei illenek a helyi \u00e9s region\u00e1lis v\u00e1rostervez\u00e9si \u00e9s vid\u00e9kfejleszt\u00e9si tervekhez?Azok a projektek amik alapvet\u0151en megval\u00f3s\u00edthatatlanok tervez\u00e9si szempontb\u00f3l (a szab\u00e1lyoz\u00e1si tervek vagy m\u00e1s el\u0151\u00edr\u00e1sok miatt) n\u00e9ha m\u00e9gis l\u00e9trej\u00f6hetnek bizonyos v\u00e1ltoztat\u00e1si k\u00e9relmek vagy m\u00e1s hat\u00f3s\u00e1gi elj\u00e1r\u00e1sok [&hellip;]<\/p>\n","protected":false},"author":1,"featured_media":0,"parent":0,"menu_order":0,"comment_status":"open","ping_status":"closed","template":"","meta":{"_acf_changed":false,"_exactmetrics_skip_tracking":false,"_exactmetrics_sitenote_active":false,"_exactmetrics_sitenote_note":"","_exactmetrics_sitenote_category":0,"footnotes":""},"class_list":["post-2334","page","type-page","status-publish","hentry"],"acf":[],"yoast_head":"<!-- This site is optimized with the Yoast SEO plugin v27.3 - https:\/\/yoast.com\/product\/yoast-seo-wordpress\/ -->\n<title>V\u00e1rostervez\u00e9s \u00e9s vid\u00e9kfejleszt\u00e9s - Looije Agro Technics BV<\/title>\n<meta name=\"robots\" content=\"index, follow, max-snippet:-1, max-image-preview:large, max-video-preview:-1\" \/>\n<link rel=\"canonical\" href=\"https:\/\/lat.nl\/hu\/varostervezes-es-videkfejlesztes\/\" \/>\n<meta property=\"og:locale\" content=\"hu_HU\" \/>\n<meta property=\"og:type\" content=\"article\" \/>\n<meta property=\"og:title\" content=\"V\u00e1rostervez\u00e9s \u00e9s vid\u00e9kfejleszt\u00e9s - Looije Agro Technics BV\" \/>\n<meta property=\"og:description\" content=\"A &#8216;v\u00e1rostervez\u00e9s \u00e9s vid\u00e9kfejleszt\u00e9s&#8217; koncepci\u00f3ja fontos szerepet t\u00f6lt be a tervek el\u0151k\u00e9sz\u00edt\u00e9s\u00e9ben az \u00faj \u00e9p\u00edt\u00e9sekn\u00e9l \u00e9s a b\u0151v\u00edt\u00e9sekn\u00e9l. Vajon a b\u0151v\u00edt\u00e9si elk\u00e9pzel\u00e9sei illenek a helyi \u00e9s region\u00e1lis v\u00e1rostervez\u00e9si \u00e9s vid\u00e9kfejleszt\u00e9si tervekhez?Azok a projektek amik alapvet\u0151en megval\u00f3s\u00edthatatlanok tervez\u00e9si szempontb\u00f3l (a szab\u00e1lyoz\u00e1si tervek vagy m\u00e1s el\u0151\u00edr\u00e1sok miatt) n\u00e9ha m\u00e9gis l\u00e9trej\u00f6hetnek bizonyos v\u00e1ltoztat\u00e1si k\u00e9relmek vagy m\u00e1s hat\u00f3s\u00e1gi elj\u00e1r\u00e1sok [&hellip;]\" \/>\n<meta property=\"og:url\" content=\"https:\/\/lat.nl\/hu\/varostervezes-es-videkfejlesztes\/\" \/>\n<meta property=\"og:site_name\" content=\"Looije Agro Technics BV\" \/>\n<meta name=\"twitter:card\" content=\"summary_large_image\" \/>\n<meta name=\"twitter:label1\" content=\"Becs\u00fclt olvas\u00e1si id\u0151\" \/>\n\t<meta name=\"twitter:data1\" content=\"1 perc\" \/>\n<script type=\"application\/ld+json\" class=\"yoast-schema-graph\">{\"@context\":\"https:\\\/\\\/schema.org\",\"@graph\":[{\"@type\":\"WebPage\",\"@id\":\"https:\\\/\\\/lat.nl\\\/hu\\\/varostervezes-es-videkfejlesztes\\\/\",\"url\":\"https:\\\/\\\/lat.nl\\\/hu\\\/varostervezes-es-videkfejlesztes\\\/\",\"name\":\"V\u00e1rostervez\u00e9s \u00e9s vid\u00e9kfejleszt\u00e9s - Looije Agro Technics BV\",\"isPartOf\":{\"@id\":\"https:\\\/\\\/lat.nl\\\/#website\"},\"datePublished\":\"2018-03-28T12:11:10+00:00\",\"breadcrumb\":{\"@id\":\"https:\\\/\\\/lat.nl\\\/hu\\\/varostervezes-es-videkfejlesztes\\\/#breadcrumb\"},\"inLanguage\":\"hu\",\"potentialAction\":[{\"@type\":\"ReadAction\",\"target\":[\"https:\\\/\\\/lat.nl\\\/hu\\\/varostervezes-es-videkfejlesztes\\\/\"]}]},{\"@type\":\"BreadcrumbList\",\"@id\":\"https:\\\/\\\/lat.nl\\\/hu\\\/varostervezes-es-videkfejlesztes\\\/#breadcrumb\",\"itemListElement\":[{\"@type\":\"ListItem\",\"position\":1,\"name\":\"Home\",\"item\":\"https:\\\/\\\/lat.nl\\\/hu\\\/\"},{\"@type\":\"ListItem\",\"position\":2,\"name\":\"V\u00e1rostervez\u00e9s \u00e9s vid\u00e9kfejleszt\u00e9s\"}]},{\"@type\":\"WebSite\",\"@id\":\"https:\\\/\\\/lat.nl\\\/#website\",\"url\":\"https:\\\/\\\/lat.nl\\\/\",\"name\":\"Looije Agro Technics BV\",\"description\":\"H\u00e9t onafhankelijk bouwmanagementbureau in de glastuinbouwsector\",\"publisher\":{\"@id\":\"https:\\\/\\\/lat.nl\\\/#organization\"},\"potentialAction\":[{\"@type\":\"SearchAction\",\"target\":{\"@type\":\"EntryPoint\",\"urlTemplate\":\"https:\\\/\\\/lat.nl\\\/?s={search_term_string}\"},\"query-input\":{\"@type\":\"PropertyValueSpecification\",\"valueRequired\":true,\"valueName\":\"search_term_string\"}}],\"inLanguage\":\"hu\"},{\"@type\":\"Organization\",\"@id\":\"https:\\\/\\\/lat.nl\\\/#organization\",\"name\":\"Looije Agro Technics BV\",\"url\":\"https:\\\/\\\/lat.nl\\\/\",\"logo\":{\"@type\":\"ImageObject\",\"inLanguage\":\"hu\",\"@id\":\"https:\\\/\\\/lat.nl\\\/#\\\/schema\\\/logo\\\/image\\\/\",\"url\":\"https:\\\/\\\/lat.nl\\\/wp-content\\\/uploads\\\/2018\\\/03\\\/logo.jpg\",\"contentUrl\":\"https:\\\/\\\/lat.nl\\\/wp-content\\\/uploads\\\/2018\\\/03\\\/logo.jpg\",\"width\":319,\"height\":122,\"caption\":\"Looije Agro Technics BV\"},\"image\":{\"@id\":\"https:\\\/\\\/lat.nl\\\/#\\\/schema\\\/logo\\\/image\\\/\"}}]}<\/script>\n<!-- \/ Yoast SEO plugin. -->","yoast_head_json":{"title":"V\u00e1rostervez\u00e9s \u00e9s vid\u00e9kfejleszt\u00e9s - Looije Agro Technics BV","robots":{"index":"index","follow":"follow","max-snippet":"max-snippet:-1","max-image-preview":"max-image-preview:large","max-video-preview":"max-video-preview:-1"},"canonical":"https:\/\/lat.nl\/hu\/varostervezes-es-videkfejlesztes\/","og_locale":"hu_HU","og_type":"article","og_title":"V\u00e1rostervez\u00e9s \u00e9s vid\u00e9kfejleszt\u00e9s - Looije Agro Technics BV","og_description":"A &#8216;v\u00e1rostervez\u00e9s \u00e9s vid\u00e9kfejleszt\u00e9s&#8217; koncepci\u00f3ja fontos szerepet t\u00f6lt be a tervek el\u0151k\u00e9sz\u00edt\u00e9s\u00e9ben az \u00faj \u00e9p\u00edt\u00e9sekn\u00e9l \u00e9s a b\u0151v\u00edt\u00e9sekn\u00e9l. Vajon a b\u0151v\u00edt\u00e9si elk\u00e9pzel\u00e9sei illenek a helyi \u00e9s region\u00e1lis v\u00e1rostervez\u00e9si \u00e9s vid\u00e9kfejleszt\u00e9si tervekhez?Azok a projektek amik alapvet\u0151en megval\u00f3s\u00edthatatlanok tervez\u00e9si szempontb\u00f3l (a szab\u00e1lyoz\u00e1si tervek vagy m\u00e1s el\u0151\u00edr\u00e1sok miatt) n\u00e9ha m\u00e9gis l\u00e9trej\u00f6hetnek bizonyos v\u00e1ltoztat\u00e1si k\u00e9relmek vagy m\u00e1s hat\u00f3s\u00e1gi elj\u00e1r\u00e1sok [&hellip;]","og_url":"https:\/\/lat.nl\/hu\/varostervezes-es-videkfejlesztes\/","og_site_name":"Looije Agro Technics BV","twitter_card":"summary_large_image","twitter_misc":{"Becs\u00fclt olvas\u00e1si id\u0151":"1 perc"},"schema":{"@context":"https:\/\/schema.org","@graph":[{"@type":"WebPage","@id":"https:\/\/lat.nl\/hu\/varostervezes-es-videkfejlesztes\/","url":"https:\/\/lat.nl\/hu\/varostervezes-es-videkfejlesztes\/","name":"V\u00e1rostervez\u00e9s \u00e9s vid\u00e9kfejleszt\u00e9s - Looije Agro Technics BV","isPartOf":{"@id":"https:\/\/lat.nl\/#website"},"datePublished":"2018-03-28T12:11:10+00:00","breadcrumb":{"@id":"https:\/\/lat.nl\/hu\/varostervezes-es-videkfejlesztes\/#breadcrumb"},"inLanguage":"hu","potentialAction":[{"@type":"ReadAction","target":["https:\/\/lat.nl\/hu\/varostervezes-es-videkfejlesztes\/"]}]},{"@type":"BreadcrumbList","@id":"https:\/\/lat.nl\/hu\/varostervezes-es-videkfejlesztes\/#breadcrumb","itemListElement":[{"@type":"ListItem","position":1,"name":"Home","item":"https:\/\/lat.nl\/hu\/"},{"@type":"ListItem","position":2,"name":"V\u00e1rostervez\u00e9s \u00e9s vid\u00e9kfejleszt\u00e9s"}]},{"@type":"WebSite","@id":"https:\/\/lat.nl\/#website","url":"https:\/\/lat.nl\/","name":"Looije Agro Technics BV","description":"H\u00e9t onafhankelijk bouwmanagementbureau in de glastuinbouwsector","publisher":{"@id":"https:\/\/lat.nl\/#organization"},"potentialAction":[{"@type":"SearchAction","target":{"@type":"EntryPoint","urlTemplate":"https:\/\/lat.nl\/?s={search_term_string}"},"query-input":{"@type":"PropertyValueSpecification","valueRequired":true,"valueName":"search_term_string"}}],"inLanguage":"hu"},{"@type":"Organization","@id":"https:\/\/lat.nl\/#organization","name":"Looije Agro Technics BV","url":"https:\/\/lat.nl\/","logo":{"@type":"ImageObject","inLanguage":"hu","@id":"https:\/\/lat.nl\/#\/schema\/logo\/image\/","url":"https:\/\/lat.nl\/wp-content\/uploads\/2018\/03\/logo.jpg","contentUrl":"https:\/\/lat.nl\/wp-content\/uploads\/2018\/03\/logo.jpg","width":319,"height":122,"caption":"Looije Agro Technics BV"},"image":{"@id":"https:\/\/lat.nl\/#\/schema\/logo\/image\/"}}]}},"_links":{"self":[{"href":"https:\/\/lat.nl\/hu\/wp-json\/wp\/v2\/pages\/2334","targetHints":{"allow":["GET"]}}],"collection":[{"href":"https:\/\/lat.nl\/hu\/wp-json\/wp\/v2\/pages"}],"about":[{"href":"https:\/\/lat.nl\/hu\/wp-json\/wp\/v2\/types\/page"}],"author":[{"embeddable":true,"href":"https:\/\/lat.nl\/hu\/wp-json\/wp\/v2\/users\/1"}],"replies":[{"embeddable":true,"href":"https:\/\/lat.nl\/hu\/wp-json\/wp\/v2\/comments?post=2334"}],"version-history":[{"count":0,"href":"https:\/\/lat.nl\/hu\/wp-json\/wp\/v2\/pages\/2334\/revisions"}],"wp:attachment":[{"href":"https:\/\/lat.nl\/hu\/wp-json\/wp\/v2\/media?parent=2334"}],"curies":[{"name":"wp","href":"https:\/\/api.w.org\/{rel}","templated":true}]}}