{"id":2336,"date":"2018-03-28T12:11:10","date_gmt":"2018-03-28T12:11:10","guid":{"rendered":"https:\/\/lat.nl\/projektvezetes\/"},"modified":"2018-03-28T12:11:10","modified_gmt":"2018-03-28T12:11:10","slug":"projektvezetes","status":"publish","type":"page","link":"https:\/\/lat.nl\/hu\/projektvezetes\/","title":{"rendered":"Projektvezet\u00e9s"},"content":{"rendered":"<p>A projekt alapjak\u00e9nt a Looije Agro Technics egy j\u00f3l \u00e1tgondolt \u00e9s teljes k\u00f6r\u0171 tervet haszn\u00e1l. Form\u00e1ba fogjuk \u00f6nteni a projektre vonatkoz\u00f3 k\u00e9r\u00e9seit \u00e9s ig\u00e9nyeit vil\u00e1gos \u00e9s tiszta form\u00e1ban egy \u201eprojekt le\u00edr\u00e1sban&#8221;. Ez az \u00f6sszef\u00fcgg\u0151 le\u00edr\u00e1s elmondja a besz\u00e1ll\u00edt\u00f3knak pontosan mit is kell megaj\u00e1nlaniuk.<\/p>\n<p>Az egy\u00e9rtelm\u0171 projekt le\u00edr\u00e1s \u00e9s a hozz\u00e1 tartoz\u00f3 magyar\u00e1z\u00f3 \u00e1br\u00e1k \u00e9s rajzoknak k\u00f6sz\u00f6nhet\u0151en a besz\u00e1ll\u00edt\u00f3k \u00e9s kivitelez\u0151k \u00e1ltal megk\u00fcld\u00f6tt p\u00e1ly\u00e1zatok amib\u0151l v\u00e1laszthat t\u00f6bbnyire meglehet\u0151sen hasonl\u00f3ak. Az aj\u00e1nlatok megfelel\u0151 \u00f6sszehasonl\u00edt\u00e1s\u00e1nak \u00e9rdek\u00e9ben a projekt el\u0151k\u00e9sz\u00edt\u0151 csapatunk tagjai alaposan \u00e1tn\u00e9zik a p\u00e1ly\u00e1zatokat \u00e9s tov\u00e1bbi k\u00e9rd\u00e9seket tesznek fel eg\u00e9szen addig a besz\u00e1ll\u00edt\u00f3knak \u00e9s kivitelez\u0151knek, am\u00edg az aj\u00e1nlatok teljes m\u00e9rt\u00e9kben \u00f6sszehasonl\u00edthat\u00f3ak. Ezt k\u00f6vet\u0151en k\u00e9pes lesz vil\u00e1gosan \u00e1ttekinteni, mit milyen \u00e1ron k\u00edn\u00e1lnak. Az aj\u00e1nlatok \u00f6sszehasonl\u00edt\u00e1sa remek eszk\u00f6z az \u00d6n sz\u00e1m\u00e1ra \u00e9s a szerz\u0151d\u00e9sk\u00f6t\u00e9s sor\u00e1n is j\u00f3 szolg\u00e1latot tesz majd.<\/p>\n<p>A projekt el\u0151k\u00e9sz\u00edt\u0151 csapatunk \u00fagy ismeri a kert\u00e9szeti piacot, mint senki m\u00e1s \u00e9s a tov\u00e1bbiakban is seg\u00edts\u00e9g\u00e9re lesz a megrendel\u00e9si t\u00e1rgyal\u00e1sok folyam\u00e1n. Tekintettel arra, hogy napi szinten vesznek r\u00e9szt ilyen jelleg\u0171 projektek p\u00e1ly\u00e1ztat\u00e1s\u00e1ban, t\u00f6bb tucatnyi hasonl\u00f3 projekt megrendel\u00e9si egyeztet\u00e9seinek tapasztalat\u00e1val felv\u00e9rtezve \u00fclhet a t\u00e1rgyal\u00f3 asztalhoz. Ez\u00e1ltal \u00d6n a legjobb \u00e1rakon tud megrendelni a projektje sz\u00e1m\u00e1ra \u00e9s megel\u0151zheti az ilyenkor el\u0151fordul\u00f3 hib\u00e1kat.<\/p>\n<p>Az a t\u00e9ny, hogy a Looije Agro Technics B.V. teljesen f\u00fcggetlen\u00fcl dolgozik a gy\u00e1rt\u00f3kt\u00f3l \u00e9s kivitelez\u0151kt\u0151l garant\u00e1lja, hogy mindig &#8216;korrekt&#8217; tan\u00e1csot kap. Mi \u00d6n mellett \u00fcl\u00fcnk a t\u00e1rgyal\u00f3 asztaln\u00e1l \u00e9s a projektj\u00e9t a saj\u00e1tunkk\u00e9nt kezelj\u00fck!<\/p>\n","protected":false},"excerpt":{"rendered":"<p>A projekt alapjak\u00e9nt a Looije Agro Technics egy j\u00f3l \u00e1tgondolt \u00e9s teljes k\u00f6r\u0171 tervet haszn\u00e1l. Form\u00e1ba fogjuk \u00f6nteni a projektre vonatkoz\u00f3 k\u00e9r\u00e9seit \u00e9s ig\u00e9nyeit vil\u00e1gos \u00e9s tiszta form\u00e1ban egy \u201eprojekt le\u00edr\u00e1sban&#8221;. Ez az \u00f6sszef\u00fcgg\u0151 le\u00edr\u00e1s elmondja a besz\u00e1ll\u00edt\u00f3knak pontosan mit is kell megaj\u00e1nlaniuk. Az egy\u00e9rtelm\u0171 projekt le\u00edr\u00e1s \u00e9s a hozz\u00e1 tartoz\u00f3 magyar\u00e1z\u00f3 \u00e1br\u00e1k \u00e9s rajzoknak [&hellip;]<\/p>\n","protected":false},"author":1,"featured_media":0,"parent":0,"menu_order":0,"comment_status":"open","ping_status":"closed","template":"","meta":{"_acf_changed":false,"_exactmetrics_skip_tracking":false,"_exactmetrics_sitenote_active":false,"_exactmetrics_sitenote_note":"","_exactmetrics_sitenote_category":0,"footnotes":""},"class_list":["post-2336","page","type-page","status-publish","hentry"],"acf":[],"yoast_head":"<!-- This site is optimized with the Yoast SEO plugin v27.3 - https:\/\/yoast.com\/product\/yoast-seo-wordpress\/ -->\n<title>Projektvezet\u00e9s - Looije Agro Technics BV<\/title>\n<meta name=\"robots\" content=\"index, follow, max-snippet:-1, max-image-preview:large, max-video-preview:-1\" \/>\n<link rel=\"canonical\" href=\"https:\/\/lat.nl\/hu\/projektvezetes\/\" \/>\n<meta property=\"og:locale\" content=\"hu_HU\" \/>\n<meta property=\"og:type\" content=\"article\" \/>\n<meta property=\"og:title\" content=\"Projektvezet\u00e9s - Looije Agro Technics BV\" \/>\n<meta property=\"og:description\" content=\"A projekt alapjak\u00e9nt a Looije Agro Technics egy j\u00f3l \u00e1tgondolt \u00e9s teljes k\u00f6r\u0171 tervet haszn\u00e1l. Form\u00e1ba fogjuk \u00f6nteni a projektre vonatkoz\u00f3 k\u00e9r\u00e9seit \u00e9s ig\u00e9nyeit vil\u00e1gos \u00e9s tiszta form\u00e1ban egy \u201eprojekt le\u00edr\u00e1sban&#8221;. Ez az \u00f6sszef\u00fcgg\u0151 le\u00edr\u00e1s elmondja a besz\u00e1ll\u00edt\u00f3knak pontosan mit is kell megaj\u00e1nlaniuk. Az egy\u00e9rtelm\u0171 projekt le\u00edr\u00e1s \u00e9s a hozz\u00e1 tartoz\u00f3 magyar\u00e1z\u00f3 \u00e1br\u00e1k \u00e9s rajzoknak [&hellip;]\" \/>\n<meta property=\"og:url\" content=\"https:\/\/lat.nl\/hu\/projektvezetes\/\" \/>\n<meta property=\"og:site_name\" content=\"Looije Agro Technics BV\" \/>\n<meta name=\"twitter:card\" content=\"summary_large_image\" \/>\n<meta name=\"twitter:label1\" content=\"Becs\u00fclt olvas\u00e1si id\u0151\" \/>\n\t<meta name=\"twitter:data1\" content=\"2 perc\" \/>\n<script type=\"application\/ld+json\" class=\"yoast-schema-graph\">{\"@context\":\"https:\\\/\\\/schema.org\",\"@graph\":[{\"@type\":\"WebPage\",\"@id\":\"https:\\\/\\\/lat.nl\\\/hu\\\/projektvezetes\\\/\",\"url\":\"https:\\\/\\\/lat.nl\\\/hu\\\/projektvezetes\\\/\",\"name\":\"Projektvezet\u00e9s - Looije Agro Technics BV\",\"isPartOf\":{\"@id\":\"https:\\\/\\\/lat.nl\\\/#website\"},\"datePublished\":\"2018-03-28T12:11:10+00:00\",\"breadcrumb\":{\"@id\":\"https:\\\/\\\/lat.nl\\\/hu\\\/projektvezetes\\\/#breadcrumb\"},\"inLanguage\":\"hu\",\"potentialAction\":[{\"@type\":\"ReadAction\",\"target\":[\"https:\\\/\\\/lat.nl\\\/hu\\\/projektvezetes\\\/\"]}]},{\"@type\":\"BreadcrumbList\",\"@id\":\"https:\\\/\\\/lat.nl\\\/hu\\\/projektvezetes\\\/#breadcrumb\",\"itemListElement\":[{\"@type\":\"ListItem\",\"position\":1,\"name\":\"Home\",\"item\":\"https:\\\/\\\/lat.nl\\\/hu\\\/\"},{\"@type\":\"ListItem\",\"position\":2,\"name\":\"Projektvezet\u00e9s\"}]},{\"@type\":\"WebSite\",\"@id\":\"https:\\\/\\\/lat.nl\\\/#website\",\"url\":\"https:\\\/\\\/lat.nl\\\/\",\"name\":\"Looije Agro Technics BV\",\"description\":\"H\u00e9t onafhankelijk bouwmanagementbureau in de glastuinbouwsector\",\"publisher\":{\"@id\":\"https:\\\/\\\/lat.nl\\\/#organization\"},\"potentialAction\":[{\"@type\":\"SearchAction\",\"target\":{\"@type\":\"EntryPoint\",\"urlTemplate\":\"https:\\\/\\\/lat.nl\\\/?s={search_term_string}\"},\"query-input\":{\"@type\":\"PropertyValueSpecification\",\"valueRequired\":true,\"valueName\":\"search_term_string\"}}],\"inLanguage\":\"hu\"},{\"@type\":\"Organization\",\"@id\":\"https:\\\/\\\/lat.nl\\\/#organization\",\"name\":\"Looije Agro Technics BV\",\"url\":\"https:\\\/\\\/lat.nl\\\/\",\"logo\":{\"@type\":\"ImageObject\",\"inLanguage\":\"hu\",\"@id\":\"https:\\\/\\\/lat.nl\\\/#\\\/schema\\\/logo\\\/image\\\/\",\"url\":\"https:\\\/\\\/lat.nl\\\/wp-content\\\/uploads\\\/2018\\\/03\\\/logo.jpg\",\"contentUrl\":\"https:\\\/\\\/lat.nl\\\/wp-content\\\/uploads\\\/2018\\\/03\\\/logo.jpg\",\"width\":319,\"height\":122,\"caption\":\"Looije Agro Technics BV\"},\"image\":{\"@id\":\"https:\\\/\\\/lat.nl\\\/#\\\/schema\\\/logo\\\/image\\\/\"}}]}<\/script>\n<!-- \/ Yoast SEO plugin. -->","yoast_head_json":{"title":"Projektvezet\u00e9s - Looije Agro Technics BV","robots":{"index":"index","follow":"follow","max-snippet":"max-snippet:-1","max-image-preview":"max-image-preview:large","max-video-preview":"max-video-preview:-1"},"canonical":"https:\/\/lat.nl\/hu\/projektvezetes\/","og_locale":"hu_HU","og_type":"article","og_title":"Projektvezet\u00e9s - Looije Agro Technics BV","og_description":"A projekt alapjak\u00e9nt a Looije Agro Technics egy j\u00f3l \u00e1tgondolt \u00e9s teljes k\u00f6r\u0171 tervet haszn\u00e1l. Form\u00e1ba fogjuk \u00f6nteni a projektre vonatkoz\u00f3 k\u00e9r\u00e9seit \u00e9s ig\u00e9nyeit vil\u00e1gos \u00e9s tiszta form\u00e1ban egy \u201eprojekt le\u00edr\u00e1sban&#8221;. Ez az \u00f6sszef\u00fcgg\u0151 le\u00edr\u00e1s elmondja a besz\u00e1ll\u00edt\u00f3knak pontosan mit is kell megaj\u00e1nlaniuk. Az egy\u00e9rtelm\u0171 projekt le\u00edr\u00e1s \u00e9s a hozz\u00e1 tartoz\u00f3 magyar\u00e1z\u00f3 \u00e1br\u00e1k \u00e9s rajzoknak [&hellip;]","og_url":"https:\/\/lat.nl\/hu\/projektvezetes\/","og_site_name":"Looije Agro Technics BV","twitter_card":"summary_large_image","twitter_misc":{"Becs\u00fclt olvas\u00e1si id\u0151":"2 perc"},"schema":{"@context":"https:\/\/schema.org","@graph":[{"@type":"WebPage","@id":"https:\/\/lat.nl\/hu\/projektvezetes\/","url":"https:\/\/lat.nl\/hu\/projektvezetes\/","name":"Projektvezet\u00e9s - Looije Agro Technics BV","isPartOf":{"@id":"https:\/\/lat.nl\/#website"},"datePublished":"2018-03-28T12:11:10+00:00","breadcrumb":{"@id":"https:\/\/lat.nl\/hu\/projektvezetes\/#breadcrumb"},"inLanguage":"hu","potentialAction":[{"@type":"ReadAction","target":["https:\/\/lat.nl\/hu\/projektvezetes\/"]}]},{"@type":"BreadcrumbList","@id":"https:\/\/lat.nl\/hu\/projektvezetes\/#breadcrumb","itemListElement":[{"@type":"ListItem","position":1,"name":"Home","item":"https:\/\/lat.nl\/hu\/"},{"@type":"ListItem","position":2,"name":"Projektvezet\u00e9s"}]},{"@type":"WebSite","@id":"https:\/\/lat.nl\/#website","url":"https:\/\/lat.nl\/","name":"Looije Agro Technics BV","description":"H\u00e9t onafhankelijk bouwmanagementbureau in de glastuinbouwsector","publisher":{"@id":"https:\/\/lat.nl\/#organization"},"potentialAction":[{"@type":"SearchAction","target":{"@type":"EntryPoint","urlTemplate":"https:\/\/lat.nl\/?s={search_term_string}"},"query-input":{"@type":"PropertyValueSpecification","valueRequired":true,"valueName":"search_term_string"}}],"inLanguage":"hu"},{"@type":"Organization","@id":"https:\/\/lat.nl\/#organization","name":"Looije Agro Technics BV","url":"https:\/\/lat.nl\/","logo":{"@type":"ImageObject","inLanguage":"hu","@id":"https:\/\/lat.nl\/#\/schema\/logo\/image\/","url":"https:\/\/lat.nl\/wp-content\/uploads\/2018\/03\/logo.jpg","contentUrl":"https:\/\/lat.nl\/wp-content\/uploads\/2018\/03\/logo.jpg","width":319,"height":122,"caption":"Looije Agro Technics BV"},"image":{"@id":"https:\/\/lat.nl\/#\/schema\/logo\/image\/"}}]}},"_links":{"self":[{"href":"https:\/\/lat.nl\/hu\/wp-json\/wp\/v2\/pages\/2336","targetHints":{"allow":["GET"]}}],"collection":[{"href":"https:\/\/lat.nl\/hu\/wp-json\/wp\/v2\/pages"}],"about":[{"href":"https:\/\/lat.nl\/hu\/wp-json\/wp\/v2\/types\/page"}],"author":[{"embeddable":true,"href":"https:\/\/lat.nl\/hu\/wp-json\/wp\/v2\/users\/1"}],"replies":[{"embeddable":true,"href":"https:\/\/lat.nl\/hu\/wp-json\/wp\/v2\/comments?post=2336"}],"version-history":[{"count":0,"href":"https:\/\/lat.nl\/hu\/wp-json\/wp\/v2\/pages\/2336\/revisions"}],"wp:attachment":[{"href":"https:\/\/lat.nl\/hu\/wp-json\/wp\/v2\/media?parent=2336"}],"curies":[{"name":"wp","href":"https:\/\/api.w.org\/{rel}","templated":true}]}}