{"id":2338,"date":"2018-03-28T12:11:10","date_gmt":"2018-03-28T12:11:10","guid":{"rendered":"https:\/\/lat.nl\/rolunk\/"},"modified":"2018-03-28T12:11:10","modified_gmt":"2018-03-28T12:11:10","slug":"rolunk","status":"publish","type":"page","link":"https:\/\/lat.nl\/hu\/rolunk\/","title":{"rendered":"R\u00f3lunk"},"content":{"rendered":"<p>1997 \u00f3ta t\u00e1mogatja a Looije Agro Technics B.V. a kert\u00e9szeket minden az \u00fczlet\u00fcket \u00e9rint\u0151 k\u00e9rd\u00e9sben, a legels\u0151 \u00f6tlett\u0151l, hogy &#8222;\u00fcvegh\u00e1zat akarok \u00e9p\u00edteni&#8221; addig a pillanatig amikor t\u00e9nylegesen megindul a termel\u00e9s. Az \u00fcvegh\u00e1zi termeszt\u00e9si ipar\u00e1g hatalmas fejl\u0151d\u00e9sen ment kereszt\u00fcl az elm\u00fal n\u00e9h\u00e1ny \u00e9vben. F\u00fcggetlen, szakosodott tan\u00e1csad\u00f3 c\u00e9gk\u00e9nt b\u00e1rmilyen \u00fcvegh\u00e1zr\u00f3l legyen sz\u00f3 a Looije Agro Technics B.V. l\u00e9p\u00e9st tart ezekkel a fejleszt\u00e9sekkel. B\u00e1rmilyen felmer\u00fcl\u0151 k\u00e9rd\u00e9sre a megfelel\u0151 szak\u00e9rt\u0151i seg\u00edts\u00e9g \u00e1ll rendelkez\u00e9sre a c\u00e9g\u00fcnkben, ami azonnal bevethet\u0151.<\/p>\n<p>A \u201ekert\u00e9szeti c\u00e9gek fejleszt\u00e9si \u00e9s \u00e1talak\u00edt\u00e1si tervekkel&#8221; c\u00e9lcsoport mellett m\u00e1s szervezetek \u00e9s korm\u00e1nyzati irod\u00e1k is ig\u00e9nybe veszik a Looije Agro Technics B.V. \u00fcvegh\u00e1zi termel\u00e9si \u00e9s kert\u00e9szeti szak\u00e9rtelm\u00e9t.<\/p>\n","protected":false},"excerpt":{"rendered":"<p>1997 \u00f3ta t\u00e1mogatja a Looije Agro Technics B.V. a kert\u00e9szeket minden az \u00fczlet\u00fcket \u00e9rint\u0151 k\u00e9rd\u00e9sben, a legels\u0151 \u00f6tlett\u0151l, hogy &#8222;\u00fcvegh\u00e1zat akarok \u00e9p\u00edteni&#8221; addig a pillanatig amikor t\u00e9nylegesen megindul a termel\u00e9s. Az \u00fcvegh\u00e1zi termeszt\u00e9si ipar\u00e1g hatalmas fejl\u0151d\u00e9sen ment kereszt\u00fcl az elm\u00fal n\u00e9h\u00e1ny \u00e9vben. F\u00fcggetlen, szakosodott tan\u00e1csad\u00f3 c\u00e9gk\u00e9nt b\u00e1rmilyen \u00fcvegh\u00e1zr\u00f3l legyen sz\u00f3 a Looije Agro Technics B.V. [&hellip;]<\/p>\n","protected":false},"author":1,"featured_media":0,"parent":0,"menu_order":0,"comment_status":"open","ping_status":"closed","template":"","meta":{"_acf_changed":false,"_exactmetrics_skip_tracking":false,"_exactmetrics_sitenote_active":false,"_exactmetrics_sitenote_note":"","_exactmetrics_sitenote_category":0,"footnotes":""},"class_list":["post-2338","page","type-page","status-publish","hentry"],"acf":[],"yoast_head":"<!-- This site is optimized with the Yoast SEO plugin v27.3 - https:\/\/yoast.com\/product\/yoast-seo-wordpress\/ -->\n<title>R\u00f3lunk - Looije Agro Technics BV<\/title>\n<meta name=\"robots\" content=\"index, follow, max-snippet:-1, max-image-preview:large, max-video-preview:-1\" \/>\n<link rel=\"canonical\" href=\"https:\/\/lat.nl\/hu\/rolunk\/\" \/>\n<meta property=\"og:locale\" content=\"hu_HU\" \/>\n<meta property=\"og:type\" content=\"article\" \/>\n<meta property=\"og:title\" content=\"R\u00f3lunk - Looije Agro Technics BV\" \/>\n<meta property=\"og:description\" content=\"1997 \u00f3ta t\u00e1mogatja a Looije Agro Technics B.V. a kert\u00e9szeket minden az \u00fczlet\u00fcket \u00e9rint\u0151 k\u00e9rd\u00e9sben, a legels\u0151 \u00f6tlett\u0151l, hogy &#8222;\u00fcvegh\u00e1zat akarok \u00e9p\u00edteni&#8221; addig a pillanatig amikor t\u00e9nylegesen megindul a termel\u00e9s. Az \u00fcvegh\u00e1zi termeszt\u00e9si ipar\u00e1g hatalmas fejl\u0151d\u00e9sen ment kereszt\u00fcl az elm\u00fal n\u00e9h\u00e1ny \u00e9vben. F\u00fcggetlen, szakosodott tan\u00e1csad\u00f3 c\u00e9gk\u00e9nt b\u00e1rmilyen \u00fcvegh\u00e1zr\u00f3l legyen sz\u00f3 a Looije Agro Technics B.V. [&hellip;]\" \/>\n<meta property=\"og:url\" content=\"https:\/\/lat.nl\/hu\/rolunk\/\" \/>\n<meta property=\"og:site_name\" content=\"Looije Agro Technics BV\" \/>\n<meta name=\"twitter:card\" content=\"summary_large_image\" \/>\n<meta name=\"twitter:label1\" content=\"Becs\u00fclt olvas\u00e1si id\u0151\" \/>\n\t<meta name=\"twitter:data1\" content=\"1 perc\" \/>\n<script type=\"application\/ld+json\" class=\"yoast-schema-graph\">{\"@context\":\"https:\\\/\\\/schema.org\",\"@graph\":[{\"@type\":\"WebPage\",\"@id\":\"https:\\\/\\\/lat.nl\\\/hu\\\/rolunk\\\/\",\"url\":\"https:\\\/\\\/lat.nl\\\/hu\\\/rolunk\\\/\",\"name\":\"R\u00f3lunk - Looije Agro Technics BV\",\"isPartOf\":{\"@id\":\"https:\\\/\\\/lat.nl\\\/#website\"},\"datePublished\":\"2018-03-28T12:11:10+00:00\",\"breadcrumb\":{\"@id\":\"https:\\\/\\\/lat.nl\\\/hu\\\/rolunk\\\/#breadcrumb\"},\"inLanguage\":\"hu\",\"potentialAction\":[{\"@type\":\"ReadAction\",\"target\":[\"https:\\\/\\\/lat.nl\\\/hu\\\/rolunk\\\/\"]}]},{\"@type\":\"BreadcrumbList\",\"@id\":\"https:\\\/\\\/lat.nl\\\/hu\\\/rolunk\\\/#breadcrumb\",\"itemListElement\":[{\"@type\":\"ListItem\",\"position\":1,\"name\":\"Home\",\"item\":\"https:\\\/\\\/lat.nl\\\/hu\\\/\"},{\"@type\":\"ListItem\",\"position\":2,\"name\":\"R\u00f3lunk\"}]},{\"@type\":\"WebSite\",\"@id\":\"https:\\\/\\\/lat.nl\\\/#website\",\"url\":\"https:\\\/\\\/lat.nl\\\/\",\"name\":\"Looije Agro Technics BV\",\"description\":\"H\u00e9t onafhankelijk bouwmanagementbureau in de glastuinbouwsector\",\"publisher\":{\"@id\":\"https:\\\/\\\/lat.nl\\\/#organization\"},\"potentialAction\":[{\"@type\":\"SearchAction\",\"target\":{\"@type\":\"EntryPoint\",\"urlTemplate\":\"https:\\\/\\\/lat.nl\\\/?s={search_term_string}\"},\"query-input\":{\"@type\":\"PropertyValueSpecification\",\"valueRequired\":true,\"valueName\":\"search_term_string\"}}],\"inLanguage\":\"hu\"},{\"@type\":\"Organization\",\"@id\":\"https:\\\/\\\/lat.nl\\\/#organization\",\"name\":\"Looije Agro Technics BV\",\"url\":\"https:\\\/\\\/lat.nl\\\/\",\"logo\":{\"@type\":\"ImageObject\",\"inLanguage\":\"hu\",\"@id\":\"https:\\\/\\\/lat.nl\\\/#\\\/schema\\\/logo\\\/image\\\/\",\"url\":\"https:\\\/\\\/lat.nl\\\/wp-content\\\/uploads\\\/2018\\\/03\\\/logo.jpg\",\"contentUrl\":\"https:\\\/\\\/lat.nl\\\/wp-content\\\/uploads\\\/2018\\\/03\\\/logo.jpg\",\"width\":319,\"height\":122,\"caption\":\"Looije Agro Technics BV\"},\"image\":{\"@id\":\"https:\\\/\\\/lat.nl\\\/#\\\/schema\\\/logo\\\/image\\\/\"}}]}<\/script>\n<!-- \/ Yoast SEO plugin. -->","yoast_head_json":{"title":"R\u00f3lunk - Looije Agro Technics BV","robots":{"index":"index","follow":"follow","max-snippet":"max-snippet:-1","max-image-preview":"max-image-preview:large","max-video-preview":"max-video-preview:-1"},"canonical":"https:\/\/lat.nl\/hu\/rolunk\/","og_locale":"hu_HU","og_type":"article","og_title":"R\u00f3lunk - Looije Agro Technics BV","og_description":"1997 \u00f3ta t\u00e1mogatja a Looije Agro Technics B.V. a kert\u00e9szeket minden az \u00fczlet\u00fcket \u00e9rint\u0151 k\u00e9rd\u00e9sben, a legels\u0151 \u00f6tlett\u0151l, hogy &#8222;\u00fcvegh\u00e1zat akarok \u00e9p\u00edteni&#8221; addig a pillanatig amikor t\u00e9nylegesen megindul a termel\u00e9s. Az \u00fcvegh\u00e1zi termeszt\u00e9si ipar\u00e1g hatalmas fejl\u0151d\u00e9sen ment kereszt\u00fcl az elm\u00fal n\u00e9h\u00e1ny \u00e9vben. F\u00fcggetlen, szakosodott tan\u00e1csad\u00f3 c\u00e9gk\u00e9nt b\u00e1rmilyen \u00fcvegh\u00e1zr\u00f3l legyen sz\u00f3 a Looije Agro Technics B.V. [&hellip;]","og_url":"https:\/\/lat.nl\/hu\/rolunk\/","og_site_name":"Looije Agro Technics BV","twitter_card":"summary_large_image","twitter_misc":{"Becs\u00fclt olvas\u00e1si id\u0151":"1 perc"},"schema":{"@context":"https:\/\/schema.org","@graph":[{"@type":"WebPage","@id":"https:\/\/lat.nl\/hu\/rolunk\/","url":"https:\/\/lat.nl\/hu\/rolunk\/","name":"R\u00f3lunk - Looije Agro Technics BV","isPartOf":{"@id":"https:\/\/lat.nl\/#website"},"datePublished":"2018-03-28T12:11:10+00:00","breadcrumb":{"@id":"https:\/\/lat.nl\/hu\/rolunk\/#breadcrumb"},"inLanguage":"hu","potentialAction":[{"@type":"ReadAction","target":["https:\/\/lat.nl\/hu\/rolunk\/"]}]},{"@type":"BreadcrumbList","@id":"https:\/\/lat.nl\/hu\/rolunk\/#breadcrumb","itemListElement":[{"@type":"ListItem","position":1,"name":"Home","item":"https:\/\/lat.nl\/hu\/"},{"@type":"ListItem","position":2,"name":"R\u00f3lunk"}]},{"@type":"WebSite","@id":"https:\/\/lat.nl\/#website","url":"https:\/\/lat.nl\/","name":"Looije Agro Technics BV","description":"H\u00e9t onafhankelijk bouwmanagementbureau in de glastuinbouwsector","publisher":{"@id":"https:\/\/lat.nl\/#organization"},"potentialAction":[{"@type":"SearchAction","target":{"@type":"EntryPoint","urlTemplate":"https:\/\/lat.nl\/?s={search_term_string}"},"query-input":{"@type":"PropertyValueSpecification","valueRequired":true,"valueName":"search_term_string"}}],"inLanguage":"hu"},{"@type":"Organization","@id":"https:\/\/lat.nl\/#organization","name":"Looije Agro Technics BV","url":"https:\/\/lat.nl\/","logo":{"@type":"ImageObject","inLanguage":"hu","@id":"https:\/\/lat.nl\/#\/schema\/logo\/image\/","url":"https:\/\/lat.nl\/wp-content\/uploads\/2018\/03\/logo.jpg","contentUrl":"https:\/\/lat.nl\/wp-content\/uploads\/2018\/03\/logo.jpg","width":319,"height":122,"caption":"Looije Agro Technics BV"},"image":{"@id":"https:\/\/lat.nl\/#\/schema\/logo\/image\/"}}]}},"_links":{"self":[{"href":"https:\/\/lat.nl\/hu\/wp-json\/wp\/v2\/pages\/2338","targetHints":{"allow":["GET"]}}],"collection":[{"href":"https:\/\/lat.nl\/hu\/wp-json\/wp\/v2\/pages"}],"about":[{"href":"https:\/\/lat.nl\/hu\/wp-json\/wp\/v2\/types\/page"}],"author":[{"embeddable":true,"href":"https:\/\/lat.nl\/hu\/wp-json\/wp\/v2\/users\/1"}],"replies":[{"embeddable":true,"href":"https:\/\/lat.nl\/hu\/wp-json\/wp\/v2\/comments?post=2338"}],"version-history":[{"count":0,"href":"https:\/\/lat.nl\/hu\/wp-json\/wp\/v2\/pages\/2338\/revisions"}],"wp:attachment":[{"href":"https:\/\/lat.nl\/hu\/wp-json\/wp\/v2\/media?parent=2338"}],"curies":[{"name":"wp","href":"https:\/\/api.w.org\/{rel}","templated":true}]}}