{"id":2340,"date":"2018-03-28T12:11:10","date_gmt":"2018-03-28T12:11:10","guid":{"rendered":"https:\/\/lat.nl\/uj-letesitmeny-tervezese\/"},"modified":"2018-03-28T12:11:10","modified_gmt":"2018-03-28T12:11:10","slug":"uj-letesitmeny-tervezese","status":"publish","type":"page","link":"https:\/\/lat.nl\/hu\/uj-letesitmeny-tervezese\/","title":{"rendered":"\u00daj l\u00e9tes\u00edtm\u00e9ny tervez\u00e9se"},"content":{"rendered":"<p>Egy \u00faj \u00fcvegh\u00e1z kert\u00e9szeti l\u00e9tes\u00edtm\u00e9ny megtervez\u00e9se szak\u00e9rt\u0151i feladat. A rendelkez\u00e9sre \u00e1ll\u00f3 ter\u00fcletet a lehet\u0151 legoptim\u00e1lisabban kell kihaszn\u00e1lni \u00e9s a tervez\u00e9s hat\u00e1s\u00e1ra mindennek t\u00f6k\u00e9letes \u00f6sszhangban kell m\u0171k\u00f6dnie egym\u00e1ssal. Az \u00d6n k\u00edv\u00e1ns\u00e1gai \u00e9s ig\u00e9nyei, a j\u00f6v\u0151k\u00e9pe adja mindennek az alapj\u00e1t. A rendez\u00e9si terv, t\u00f6rv\u00e9nyi el\u0151\u00edr\u00e1sok \u00e9s m\u00e1s szab\u00e1lyoz\u00e1sok \u00e9s p\u00e9ld\u00e1ul a biztos\u00edt\u00e1si k\u00f6vetelm\u00e9nyek mind figyelembe vannak v\u00e9ve, m\u00edg v\u00e9g\u00fcl minden \u00f6ssze\u00e1ll egy j\u00f3l \u00e1tgondolt tervben.<\/p>\n<p>Fontos tudni: a Looije Agro Technics B.V. egy f\u00fcggetlen, \u00f6n\u00e1ll\u00f3 c\u00e9g. Mi teljesen f\u00fcggetlen\u00fcl dolgozunk a besz\u00e1ll\u00edt\u00f3kt\u00f3l \u00e9s kivitelez\u0151kt\u0151l vagy a piac r\u00e9sztvev\u0151it\u0151l. Ez biztos\u00edtja, hogy az \u00e9rdekei ker\u00fclnek a projekt fejleszt\u00e9s\u00e9nek k\u00f6zpontj\u00e1ba.<br \/>Egy terv \u00f6ssze\u00e1ll\u00edt\u00e1sakor felhaszn\u00e1ljuk minden ter\u00fcleten a megszerzett tud\u00e1sunkat. A k\u00fcl\u00f6nb\u00f6z\u0151 r\u00e9szegys\u00e9gekt\u0151l, mint az \u00fcvegh\u00e1z, \u00e1rny\u00e9kol\u00e1s, f\u0171t\u00e9s, v\u00edzrendszer, alaprajz, betonszerkezetek, f\u00f6ldmunka, stb. eg\u00e9szen a csomagol\u00f3, rakt\u00e1r \u00e9s irod\u00e1ig. S\u0151t \u00e1tgondoljuk \u00e9s kiv\u00e1lasztjuk megel\u0151z\u0151en a teljes lehets\u00e9ges automatiz\u00e1lt sz\u00e1ll\u00edt\u00e1si rendszert (robotok \u00e9s g\u00e9pek) ami sz\u00fcks\u00e9ges, hogy eljussunk egy megfelel\u0151 alaprajzi elrendez\u00e9shez. A Looje Agro Technics B.V. projekt csapata j\u00f3l ismeri az \u00fczleti szektort \u00e9s teljesen napra k\u00e9sz az alaprajzok k\u00e9sz\u00edt\u00e9s\u00e9ben \u00edgy tervezi meg az optim\u00e1lis kialak\u00edt\u00e1st. Az \u00f6sszes rendelkez\u00e9sre \u00e1ll\u00f3 szaktud\u00e1s \u00f6sszegy\u0171jt\u00e9s\u00e9vel egy \u00e1tfog\u00f3 terv j\u00f6n l\u00e9tre a projektj\u00e9hez.<\/p>\n<p>Miut\u00e1n a Megrendel\u0151vel k\u00f6z\u00f6sen folytatott egyeztet\u00e9sek alapj\u00e1n a tervek j\u00f3v\u00e1hagy\u00e1sra ker\u00fclnek, elk\u00e9sz\u00fclnek a pontos tenderki\u00edr\u00e1sok ami alapj\u00e1n a besz\u00e1ll\u00edt\u00f3kat \u00e9s gy\u00e1rt\u00f3kat meg tudjuk versenyeztetni akikkel egy\u00fctt k\u00edv\u00e1n dolgozni.<\/p>\n<p>Odafigyel\u00fcnk a k\u00edv\u00e1ns\u00e1gaira \u00e9s ezeket beillesztj\u00fck a tervekbe. Nem t\u00fal k\u00e9s\u0151i szakaszban, ez\u00e9rt ha sz\u00fcks\u00e9ges felvessz\u00fck a kapcsolatot t\u00f6bb besz\u00e1ll\u00edt\u00f3val is akiket \u00d6n v\u00e1laszt ki a versenyeztet\u00e9sre.<\/p>\n<p>Term\u00e9szetesen \u00d6n k\u00e9rheti, hogy a Looije Agro Technics B.V. szak\u00e9rt\u0151i a projektj\u00e9nek csak egy-egy r\u00e9szlet\u00e9vel foglalkozzanak, de akkor vagyunk a leghat\u00e9konyabbak ha a teljes projekten egy egys\u00e9ges csapatk\u00e9nt tudunk dolgozni. Nem v\u00e9letlen\u00fcl v\u00e1lasztottuk a c\u00e9g\u00fcnk jelmondat\u00e1ul: &#8216;j\u00f3l \u00e1tgondolt \u00e9s teljes&#8217;.<\/p>\n","protected":false},"excerpt":{"rendered":"<p>Egy \u00faj \u00fcvegh\u00e1z kert\u00e9szeti l\u00e9tes\u00edtm\u00e9ny megtervez\u00e9se szak\u00e9rt\u0151i feladat. A rendelkez\u00e9sre \u00e1ll\u00f3 ter\u00fcletet a lehet\u0151 legoptim\u00e1lisabban kell kihaszn\u00e1lni \u00e9s a tervez\u00e9s hat\u00e1s\u00e1ra mindennek t\u00f6k\u00e9letes \u00f6sszhangban kell m\u0171k\u00f6dnie egym\u00e1ssal. Az \u00d6n k\u00edv\u00e1ns\u00e1gai \u00e9s ig\u00e9nyei, a j\u00f6v\u0151k\u00e9pe adja mindennek az alapj\u00e1t. A rendez\u00e9si terv, t\u00f6rv\u00e9nyi el\u0151\u00edr\u00e1sok \u00e9s m\u00e1s szab\u00e1lyoz\u00e1sok \u00e9s p\u00e9ld\u00e1ul a biztos\u00edt\u00e1si k\u00f6vetelm\u00e9nyek mind figyelembe vannak v\u00e9ve, [&hellip;]<\/p>\n","protected":false},"author":1,"featured_media":0,"parent":0,"menu_order":0,"comment_status":"open","ping_status":"closed","template":"","meta":{"_acf_changed":false,"_exactmetrics_skip_tracking":false,"_exactmetrics_sitenote_active":false,"_exactmetrics_sitenote_note":"","_exactmetrics_sitenote_category":0,"footnotes":""},"class_list":["post-2340","page","type-page","status-publish","hentry"],"acf":[],"yoast_head":"<!-- This site is optimized with the Yoast SEO plugin v27.4 - https:\/\/yoast.com\/product\/yoast-seo-wordpress\/ -->\n<title>\u00daj l\u00e9tes\u00edtm\u00e9ny tervez\u00e9se - Looije Agro Technics BV<\/title>\n<meta name=\"robots\" content=\"index, follow, max-snippet:-1, max-image-preview:large, max-video-preview:-1\" \/>\n<link rel=\"canonical\" href=\"https:\/\/lat.nl\/hu\/uj-letesitmeny-tervezese\/\" \/>\n<meta property=\"og:locale\" content=\"hu_HU\" \/>\n<meta property=\"og:type\" content=\"article\" \/>\n<meta property=\"og:title\" content=\"\u00daj l\u00e9tes\u00edtm\u00e9ny tervez\u00e9se - Looije Agro Technics BV\" \/>\n<meta property=\"og:description\" content=\"Egy \u00faj \u00fcvegh\u00e1z kert\u00e9szeti l\u00e9tes\u00edtm\u00e9ny megtervez\u00e9se szak\u00e9rt\u0151i feladat. A rendelkez\u00e9sre \u00e1ll\u00f3 ter\u00fcletet a lehet\u0151 legoptim\u00e1lisabban kell kihaszn\u00e1lni \u00e9s a tervez\u00e9s hat\u00e1s\u00e1ra mindennek t\u00f6k\u00e9letes \u00f6sszhangban kell m\u0171k\u00f6dnie egym\u00e1ssal. Az \u00d6n k\u00edv\u00e1ns\u00e1gai \u00e9s ig\u00e9nyei, a j\u00f6v\u0151k\u00e9pe adja mindennek az alapj\u00e1t. A rendez\u00e9si terv, t\u00f6rv\u00e9nyi el\u0151\u00edr\u00e1sok \u00e9s m\u00e1s szab\u00e1lyoz\u00e1sok \u00e9s p\u00e9ld\u00e1ul a biztos\u00edt\u00e1si k\u00f6vetelm\u00e9nyek mind figyelembe vannak v\u00e9ve, [&hellip;]\" \/>\n<meta property=\"og:url\" content=\"https:\/\/lat.nl\/hu\/uj-letesitmeny-tervezese\/\" \/>\n<meta property=\"og:site_name\" content=\"Looije Agro Technics BV\" \/>\n<meta name=\"twitter:card\" content=\"summary_large_image\" \/>\n<meta name=\"twitter:label1\" content=\"Becs\u00fclt olvas\u00e1si id\u0151\" \/>\n\t<meta name=\"twitter:data1\" content=\"2 perc\" \/>\n<script type=\"application\/ld+json\" class=\"yoast-schema-graph\">{\"@context\":\"https:\\\/\\\/schema.org\",\"@graph\":[{\"@type\":\"WebPage\",\"@id\":\"https:\\\/\\\/lat.nl\\\/hu\\\/uj-letesitmeny-tervezese\\\/\",\"url\":\"https:\\\/\\\/lat.nl\\\/hu\\\/uj-letesitmeny-tervezese\\\/\",\"name\":\"\u00daj l\u00e9tes\u00edtm\u00e9ny tervez\u00e9se - Looije Agro Technics BV\",\"isPartOf\":{\"@id\":\"https:\\\/\\\/lat.nl\\\/#website\"},\"datePublished\":\"2018-03-28T12:11:10+00:00\",\"breadcrumb\":{\"@id\":\"https:\\\/\\\/lat.nl\\\/hu\\\/uj-letesitmeny-tervezese\\\/#breadcrumb\"},\"inLanguage\":\"hu\",\"potentialAction\":[{\"@type\":\"ReadAction\",\"target\":[\"https:\\\/\\\/lat.nl\\\/hu\\\/uj-letesitmeny-tervezese\\\/\"]}]},{\"@type\":\"BreadcrumbList\",\"@id\":\"https:\\\/\\\/lat.nl\\\/hu\\\/uj-letesitmeny-tervezese\\\/#breadcrumb\",\"itemListElement\":[{\"@type\":\"ListItem\",\"position\":1,\"name\":\"Home\",\"item\":\"https:\\\/\\\/lat.nl\\\/hu\\\/\"},{\"@type\":\"ListItem\",\"position\":2,\"name\":\"\u00daj l\u00e9tes\u00edtm\u00e9ny tervez\u00e9se\"}]},{\"@type\":\"WebSite\",\"@id\":\"https:\\\/\\\/lat.nl\\\/#website\",\"url\":\"https:\\\/\\\/lat.nl\\\/\",\"name\":\"Looije Agro Technics BV\",\"description\":\"H\u00e9t onafhankelijk bouwmanagementbureau in de glastuinbouwsector\",\"publisher\":{\"@id\":\"https:\\\/\\\/lat.nl\\\/#organization\"},\"potentialAction\":[{\"@type\":\"SearchAction\",\"target\":{\"@type\":\"EntryPoint\",\"urlTemplate\":\"https:\\\/\\\/lat.nl\\\/?s={search_term_string}\"},\"query-input\":{\"@type\":\"PropertyValueSpecification\",\"valueRequired\":true,\"valueName\":\"search_term_string\"}}],\"inLanguage\":\"hu\"},{\"@type\":\"Organization\",\"@id\":\"https:\\\/\\\/lat.nl\\\/#organization\",\"name\":\"Looije Agro Technics BV\",\"url\":\"https:\\\/\\\/lat.nl\\\/\",\"logo\":{\"@type\":\"ImageObject\",\"inLanguage\":\"hu\",\"@id\":\"https:\\\/\\\/lat.nl\\\/#\\\/schema\\\/logo\\\/image\\\/\",\"url\":\"https:\\\/\\\/lat.nl\\\/wp-content\\\/uploads\\\/2018\\\/03\\\/logo.jpg\",\"contentUrl\":\"https:\\\/\\\/lat.nl\\\/wp-content\\\/uploads\\\/2018\\\/03\\\/logo.jpg\",\"width\":319,\"height\":122,\"caption\":\"Looije Agro Technics BV\"},\"image\":{\"@id\":\"https:\\\/\\\/lat.nl\\\/#\\\/schema\\\/logo\\\/image\\\/\"}}]}<\/script>\n<!-- \/ Yoast SEO plugin. -->","yoast_head_json":{"title":"\u00daj l\u00e9tes\u00edtm\u00e9ny tervez\u00e9se - Looije Agro Technics BV","robots":{"index":"index","follow":"follow","max-snippet":"max-snippet:-1","max-image-preview":"max-image-preview:large","max-video-preview":"max-video-preview:-1"},"canonical":"https:\/\/lat.nl\/hu\/uj-letesitmeny-tervezese\/","og_locale":"hu_HU","og_type":"article","og_title":"\u00daj l\u00e9tes\u00edtm\u00e9ny tervez\u00e9se - Looije Agro Technics BV","og_description":"Egy \u00faj \u00fcvegh\u00e1z kert\u00e9szeti l\u00e9tes\u00edtm\u00e9ny megtervez\u00e9se szak\u00e9rt\u0151i feladat. A rendelkez\u00e9sre \u00e1ll\u00f3 ter\u00fcletet a lehet\u0151 legoptim\u00e1lisabban kell kihaszn\u00e1lni \u00e9s a tervez\u00e9s hat\u00e1s\u00e1ra mindennek t\u00f6k\u00e9letes \u00f6sszhangban kell m\u0171k\u00f6dnie egym\u00e1ssal. Az \u00d6n k\u00edv\u00e1ns\u00e1gai \u00e9s ig\u00e9nyei, a j\u00f6v\u0151k\u00e9pe adja mindennek az alapj\u00e1t. A rendez\u00e9si terv, t\u00f6rv\u00e9nyi el\u0151\u00edr\u00e1sok \u00e9s m\u00e1s szab\u00e1lyoz\u00e1sok \u00e9s p\u00e9ld\u00e1ul a biztos\u00edt\u00e1si k\u00f6vetelm\u00e9nyek mind figyelembe vannak v\u00e9ve, [&hellip;]","og_url":"https:\/\/lat.nl\/hu\/uj-letesitmeny-tervezese\/","og_site_name":"Looije Agro Technics BV","twitter_card":"summary_large_image","twitter_misc":{"Becs\u00fclt olvas\u00e1si id\u0151":"2 perc"},"schema":{"@context":"https:\/\/schema.org","@graph":[{"@type":"WebPage","@id":"https:\/\/lat.nl\/hu\/uj-letesitmeny-tervezese\/","url":"https:\/\/lat.nl\/hu\/uj-letesitmeny-tervezese\/","name":"\u00daj l\u00e9tes\u00edtm\u00e9ny tervez\u00e9se - Looije Agro Technics BV","isPartOf":{"@id":"https:\/\/lat.nl\/#website"},"datePublished":"2018-03-28T12:11:10+00:00","breadcrumb":{"@id":"https:\/\/lat.nl\/hu\/uj-letesitmeny-tervezese\/#breadcrumb"},"inLanguage":"hu","potentialAction":[{"@type":"ReadAction","target":["https:\/\/lat.nl\/hu\/uj-letesitmeny-tervezese\/"]}]},{"@type":"BreadcrumbList","@id":"https:\/\/lat.nl\/hu\/uj-letesitmeny-tervezese\/#breadcrumb","itemListElement":[{"@type":"ListItem","position":1,"name":"Home","item":"https:\/\/lat.nl\/hu\/"},{"@type":"ListItem","position":2,"name":"\u00daj l\u00e9tes\u00edtm\u00e9ny tervez\u00e9se"}]},{"@type":"WebSite","@id":"https:\/\/lat.nl\/#website","url":"https:\/\/lat.nl\/","name":"Looije Agro Technics BV","description":"H\u00e9t onafhankelijk bouwmanagementbureau in de glastuinbouwsector","publisher":{"@id":"https:\/\/lat.nl\/#organization"},"potentialAction":[{"@type":"SearchAction","target":{"@type":"EntryPoint","urlTemplate":"https:\/\/lat.nl\/?s={search_term_string}"},"query-input":{"@type":"PropertyValueSpecification","valueRequired":true,"valueName":"search_term_string"}}],"inLanguage":"hu"},{"@type":"Organization","@id":"https:\/\/lat.nl\/#organization","name":"Looije Agro Technics BV","url":"https:\/\/lat.nl\/","logo":{"@type":"ImageObject","inLanguage":"hu","@id":"https:\/\/lat.nl\/#\/schema\/logo\/image\/","url":"https:\/\/lat.nl\/wp-content\/uploads\/2018\/03\/logo.jpg","contentUrl":"https:\/\/lat.nl\/wp-content\/uploads\/2018\/03\/logo.jpg","width":319,"height":122,"caption":"Looije Agro Technics BV"},"image":{"@id":"https:\/\/lat.nl\/#\/schema\/logo\/image\/"}}]}},"_links":{"self":[{"href":"https:\/\/lat.nl\/hu\/wp-json\/wp\/v2\/pages\/2340","targetHints":{"allow":["GET"]}}],"collection":[{"href":"https:\/\/lat.nl\/hu\/wp-json\/wp\/v2\/pages"}],"about":[{"href":"https:\/\/lat.nl\/hu\/wp-json\/wp\/v2\/types\/page"}],"author":[{"embeddable":true,"href":"https:\/\/lat.nl\/hu\/wp-json\/wp\/v2\/users\/1"}],"replies":[{"embeddable":true,"href":"https:\/\/lat.nl\/hu\/wp-json\/wp\/v2\/comments?post=2340"}],"version-history":[{"count":0,"href":"https:\/\/lat.nl\/hu\/wp-json\/wp\/v2\/pages\/2340\/revisions"}],"wp:attachment":[{"href":"https:\/\/lat.nl\/hu\/wp-json\/wp\/v2\/media?parent=2340"}],"curies":[{"name":"wp","href":"https:\/\/api.w.org\/{rel}","templated":true}]}}