{"id":2342,"date":"2018-03-28T12:11:10","date_gmt":"2018-03-28T12:11:10","guid":{"rendered":"https:\/\/lat.nl\/iroda-epulet-tervezes\/"},"modified":"2018-03-28T12:11:10","modified_gmt":"2018-03-28T12:11:10","slug":"iroda-epulet-tervezes","status":"publish","type":"page","link":"https:\/\/lat.nl\/hu\/iroda-epulet-tervezes\/","title":{"rendered":"Iroda \u00e9p\u00fclet tervez\u00e9s"},"content":{"rendered":"<p>Az iroda ter\u00fclet gyakran sarkalatos pontja a tervez\u00e9snek, mivel itt tal\u00e1lkoznak az \u00fcvegh\u00e1zi kert\u00e9szeti c\u00e9gek logisztikai vonalai. Egy ilyen \u00e9p\u00fclet nem el\u00e9g ha csak praktikus \u00e9s optim\u00e1lis, de egyszerre kell hogy a c\u00e9g arculat\u00e1t is t\u00fckr\u00f6zze.<\/p>\n<p>A Looije Agro Technics B.V. projekt csapata sz\u00e1mba veszi a k\u00edv\u00e1ns\u00e1gait \u00e9s ig\u00e9nyeit a k\u00f6zponti iroda \u00e9p\u00fcletre vonatkoz\u00f3an. Ezut\u00e1n k\u00e9sz\u00fcl el a terv amelyben ezeket a k\u00edv\u00e1ns\u00e1gokat \u00e9s ig\u00e9nyeket a lehet\u0151 legjobban megval\u00f3s\u00edtjuk egy alaposan \u00e1tgondolt alaprajzban. Ennek sor\u00e1n term\u00e9szetesen figyelembe vessz\u00fck a munka \u00e9s eg\u00e9szs\u00e9gv\u00e9delmi valamint az \u00e9p\u00edt\u00e9s\u00fcgyi el\u0151\u00edr\u00e1sokat.<\/p>\n<p>Nyilv\u00e1nval\u00f3an amikor a k\u00f6zponti iroda\u00e9p\u00fcletet tervezz\u00fck nagy hangs\u00falyt fektet\u00fcnk arra az arculatra, amit a c\u00e9g sug\u00e1rozni szeretne.<\/p>\n","protected":false},"excerpt":{"rendered":"<p>Az iroda ter\u00fclet gyakran sarkalatos pontja a tervez\u00e9snek, mivel itt tal\u00e1lkoznak az \u00fcvegh\u00e1zi kert\u00e9szeti c\u00e9gek logisztikai vonalai. Egy ilyen \u00e9p\u00fclet nem el\u00e9g ha csak praktikus \u00e9s optim\u00e1lis, de egyszerre kell hogy a c\u00e9g arculat\u00e1t is t\u00fckr\u00f6zze. A Looije Agro Technics B.V. projekt csapata sz\u00e1mba veszi a k\u00edv\u00e1ns\u00e1gait \u00e9s ig\u00e9nyeit a k\u00f6zponti iroda \u00e9p\u00fcletre vonatkoz\u00f3an. Ezut\u00e1n [&hellip;]<\/p>\n","protected":false},"author":1,"featured_media":0,"parent":0,"menu_order":0,"comment_status":"open","ping_status":"closed","template":"","meta":{"_acf_changed":false,"_exactmetrics_skip_tracking":false,"_exactmetrics_sitenote_active":false,"_exactmetrics_sitenote_note":"","_exactmetrics_sitenote_category":0,"footnotes":""},"class_list":["post-2342","page","type-page","status-publish","hentry"],"acf":[],"yoast_head":"<!-- This site is optimized with the Yoast SEO plugin v27.3 - https:\/\/yoast.com\/product\/yoast-seo-wordpress\/ -->\n<title>Iroda \u00e9p\u00fclet tervez\u00e9s - Looije Agro Technics BV<\/title>\n<meta name=\"robots\" content=\"index, follow, max-snippet:-1, max-image-preview:large, max-video-preview:-1\" \/>\n<link rel=\"canonical\" href=\"https:\/\/lat.nl\/hu\/iroda-epulet-tervezes\/\" \/>\n<meta property=\"og:locale\" content=\"hu_HU\" \/>\n<meta property=\"og:type\" content=\"article\" \/>\n<meta property=\"og:title\" content=\"Iroda \u00e9p\u00fclet tervez\u00e9s - Looije Agro Technics BV\" \/>\n<meta property=\"og:description\" content=\"Az iroda ter\u00fclet gyakran sarkalatos pontja a tervez\u00e9snek, mivel itt tal\u00e1lkoznak az \u00fcvegh\u00e1zi kert\u00e9szeti c\u00e9gek logisztikai vonalai. Egy ilyen \u00e9p\u00fclet nem el\u00e9g ha csak praktikus \u00e9s optim\u00e1lis, de egyszerre kell hogy a c\u00e9g arculat\u00e1t is t\u00fckr\u00f6zze. A Looije Agro Technics B.V. projekt csapata sz\u00e1mba veszi a k\u00edv\u00e1ns\u00e1gait \u00e9s ig\u00e9nyeit a k\u00f6zponti iroda \u00e9p\u00fcletre vonatkoz\u00f3an. Ezut\u00e1n [&hellip;]\" \/>\n<meta property=\"og:url\" content=\"https:\/\/lat.nl\/hu\/iroda-epulet-tervezes\/\" \/>\n<meta property=\"og:site_name\" content=\"Looije Agro Technics BV\" \/>\n<meta name=\"twitter:card\" content=\"summary_large_image\" \/>\n<meta name=\"twitter:label1\" content=\"Becs\u00fclt olvas\u00e1si id\u0151\" \/>\n\t<meta name=\"twitter:data1\" content=\"1 perc\" \/>\n<script type=\"application\/ld+json\" class=\"yoast-schema-graph\">{\"@context\":\"https:\\\/\\\/schema.org\",\"@graph\":[{\"@type\":\"WebPage\",\"@id\":\"https:\\\/\\\/lat.nl\\\/hu\\\/iroda-epulet-tervezes\\\/\",\"url\":\"https:\\\/\\\/lat.nl\\\/hu\\\/iroda-epulet-tervezes\\\/\",\"name\":\"Iroda \u00e9p\u00fclet tervez\u00e9s - Looije Agro Technics BV\",\"isPartOf\":{\"@id\":\"https:\\\/\\\/lat.nl\\\/#website\"},\"datePublished\":\"2018-03-28T12:11:10+00:00\",\"breadcrumb\":{\"@id\":\"https:\\\/\\\/lat.nl\\\/hu\\\/iroda-epulet-tervezes\\\/#breadcrumb\"},\"inLanguage\":\"hu\",\"potentialAction\":[{\"@type\":\"ReadAction\",\"target\":[\"https:\\\/\\\/lat.nl\\\/hu\\\/iroda-epulet-tervezes\\\/\"]}]},{\"@type\":\"BreadcrumbList\",\"@id\":\"https:\\\/\\\/lat.nl\\\/hu\\\/iroda-epulet-tervezes\\\/#breadcrumb\",\"itemListElement\":[{\"@type\":\"ListItem\",\"position\":1,\"name\":\"Home\",\"item\":\"https:\\\/\\\/lat.nl\\\/hu\\\/\"},{\"@type\":\"ListItem\",\"position\":2,\"name\":\"Iroda \u00e9p\u00fclet tervez\u00e9s\"}]},{\"@type\":\"WebSite\",\"@id\":\"https:\\\/\\\/lat.nl\\\/#website\",\"url\":\"https:\\\/\\\/lat.nl\\\/\",\"name\":\"Looije Agro Technics BV\",\"description\":\"H\u00e9t onafhankelijk bouwmanagementbureau in de glastuinbouwsector\",\"publisher\":{\"@id\":\"https:\\\/\\\/lat.nl\\\/#organization\"},\"potentialAction\":[{\"@type\":\"SearchAction\",\"target\":{\"@type\":\"EntryPoint\",\"urlTemplate\":\"https:\\\/\\\/lat.nl\\\/?s={search_term_string}\"},\"query-input\":{\"@type\":\"PropertyValueSpecification\",\"valueRequired\":true,\"valueName\":\"search_term_string\"}}],\"inLanguage\":\"hu\"},{\"@type\":\"Organization\",\"@id\":\"https:\\\/\\\/lat.nl\\\/#organization\",\"name\":\"Looije Agro Technics BV\",\"url\":\"https:\\\/\\\/lat.nl\\\/\",\"logo\":{\"@type\":\"ImageObject\",\"inLanguage\":\"hu\",\"@id\":\"https:\\\/\\\/lat.nl\\\/#\\\/schema\\\/logo\\\/image\\\/\",\"url\":\"https:\\\/\\\/lat.nl\\\/wp-content\\\/uploads\\\/2018\\\/03\\\/logo.jpg\",\"contentUrl\":\"https:\\\/\\\/lat.nl\\\/wp-content\\\/uploads\\\/2018\\\/03\\\/logo.jpg\",\"width\":319,\"height\":122,\"caption\":\"Looije Agro Technics BV\"},\"image\":{\"@id\":\"https:\\\/\\\/lat.nl\\\/#\\\/schema\\\/logo\\\/image\\\/\"}}]}<\/script>\n<!-- \/ Yoast SEO plugin. -->","yoast_head_json":{"title":"Iroda \u00e9p\u00fclet tervez\u00e9s - Looije Agro Technics BV","robots":{"index":"index","follow":"follow","max-snippet":"max-snippet:-1","max-image-preview":"max-image-preview:large","max-video-preview":"max-video-preview:-1"},"canonical":"https:\/\/lat.nl\/hu\/iroda-epulet-tervezes\/","og_locale":"hu_HU","og_type":"article","og_title":"Iroda \u00e9p\u00fclet tervez\u00e9s - Looije Agro Technics BV","og_description":"Az iroda ter\u00fclet gyakran sarkalatos pontja a tervez\u00e9snek, mivel itt tal\u00e1lkoznak az \u00fcvegh\u00e1zi kert\u00e9szeti c\u00e9gek logisztikai vonalai. Egy ilyen \u00e9p\u00fclet nem el\u00e9g ha csak praktikus \u00e9s optim\u00e1lis, de egyszerre kell hogy a c\u00e9g arculat\u00e1t is t\u00fckr\u00f6zze. A Looije Agro Technics B.V. projekt csapata sz\u00e1mba veszi a k\u00edv\u00e1ns\u00e1gait \u00e9s ig\u00e9nyeit a k\u00f6zponti iroda \u00e9p\u00fcletre vonatkoz\u00f3an. Ezut\u00e1n [&hellip;]","og_url":"https:\/\/lat.nl\/hu\/iroda-epulet-tervezes\/","og_site_name":"Looije Agro Technics BV","twitter_card":"summary_large_image","twitter_misc":{"Becs\u00fclt olvas\u00e1si id\u0151":"1 perc"},"schema":{"@context":"https:\/\/schema.org","@graph":[{"@type":"WebPage","@id":"https:\/\/lat.nl\/hu\/iroda-epulet-tervezes\/","url":"https:\/\/lat.nl\/hu\/iroda-epulet-tervezes\/","name":"Iroda \u00e9p\u00fclet tervez\u00e9s - Looije Agro Technics BV","isPartOf":{"@id":"https:\/\/lat.nl\/#website"},"datePublished":"2018-03-28T12:11:10+00:00","breadcrumb":{"@id":"https:\/\/lat.nl\/hu\/iroda-epulet-tervezes\/#breadcrumb"},"inLanguage":"hu","potentialAction":[{"@type":"ReadAction","target":["https:\/\/lat.nl\/hu\/iroda-epulet-tervezes\/"]}]},{"@type":"BreadcrumbList","@id":"https:\/\/lat.nl\/hu\/iroda-epulet-tervezes\/#breadcrumb","itemListElement":[{"@type":"ListItem","position":1,"name":"Home","item":"https:\/\/lat.nl\/hu\/"},{"@type":"ListItem","position":2,"name":"Iroda \u00e9p\u00fclet tervez\u00e9s"}]},{"@type":"WebSite","@id":"https:\/\/lat.nl\/#website","url":"https:\/\/lat.nl\/","name":"Looije Agro Technics BV","description":"H\u00e9t onafhankelijk bouwmanagementbureau in de glastuinbouwsector","publisher":{"@id":"https:\/\/lat.nl\/#organization"},"potentialAction":[{"@type":"SearchAction","target":{"@type":"EntryPoint","urlTemplate":"https:\/\/lat.nl\/?s={search_term_string}"},"query-input":{"@type":"PropertyValueSpecification","valueRequired":true,"valueName":"search_term_string"}}],"inLanguage":"hu"},{"@type":"Organization","@id":"https:\/\/lat.nl\/#organization","name":"Looije Agro Technics BV","url":"https:\/\/lat.nl\/","logo":{"@type":"ImageObject","inLanguage":"hu","@id":"https:\/\/lat.nl\/#\/schema\/logo\/image\/","url":"https:\/\/lat.nl\/wp-content\/uploads\/2018\/03\/logo.jpg","contentUrl":"https:\/\/lat.nl\/wp-content\/uploads\/2018\/03\/logo.jpg","width":319,"height":122,"caption":"Looije Agro Technics BV"},"image":{"@id":"https:\/\/lat.nl\/#\/schema\/logo\/image\/"}}]}},"_links":{"self":[{"href":"https:\/\/lat.nl\/hu\/wp-json\/wp\/v2\/pages\/2342","targetHints":{"allow":["GET"]}}],"collection":[{"href":"https:\/\/lat.nl\/hu\/wp-json\/wp\/v2\/pages"}],"about":[{"href":"https:\/\/lat.nl\/hu\/wp-json\/wp\/v2\/types\/page"}],"author":[{"embeddable":true,"href":"https:\/\/lat.nl\/hu\/wp-json\/wp\/v2\/users\/1"}],"replies":[{"embeddable":true,"href":"https:\/\/lat.nl\/hu\/wp-json\/wp\/v2\/comments?post=2342"}],"version-history":[{"count":0,"href":"https:\/\/lat.nl\/hu\/wp-json\/wp\/v2\/pages\/2342\/revisions"}],"wp:attachment":[{"href":"https:\/\/lat.nl\/hu\/wp-json\/wp\/v2\/media?parent=2342"}],"curies":[{"name":"wp","href":"https:\/\/api.w.org\/{rel}","templated":true}]}}