{"id":2344,"date":"2018-03-28T12:11:10","date_gmt":"2018-03-28T12:11:10","guid":{"rendered":"https:\/\/lat.nl\/tervezes\/"},"modified":"2018-03-28T12:11:10","modified_gmt":"2018-03-28T12:11:10","slug":"tervezes","status":"publish","type":"page","link":"https:\/\/lat.nl\/hu\/tervezes\/","title":{"rendered":"Tervez\u00e9s"},"content":{"rendered":"<p>Egy j\u00f3 terv elk\u00e9sz\u00edt\u00e9s\u00e9hez vagy megtervez\u00e9s\u00e9hez tud\u00e1sra van sz\u00fcks\u00e9g. Tudni kell mi a fontos. Milyen k\u00edv\u00e1ns\u00e1gok, v\u00e1gyak \u00e9s \u00f6tletek j\u00e1rnak a fej\u00e9ben? Mik az elv\u00e1r\u00e1sai \u00e9s mire k\u00e9pes?<\/p>\n<p>A &#8216;Projekt el\u0151k\u00e9sz\u00edt\u0151&#8217; csoport munkat\u00e1rsai kipump\u00e1lj\u00e1k \u00d6nb\u0151l az inform\u00e1ci\u00f3kat, hogy k\u00e9pesek legyenek vil\u00e1gosan le\u00edrni a gondolatait. \u00c9s m\u00e9g enn\u00e9l is jobb, hogy t\u00fckr\u00f6t tartunk \u00d6n el\u00e9 el\u0151re meghat\u00e1rozott szakaszonk\u00e9nt. Pontosan ez az amire gondolt? Mit szeretne, hol legyen a c\u00e9ge 5 \u00e9v m\u00falva? Hogyan k\u00e9pzeli el a c\u00e9g\u00e9t mondjuk 15 \u00e9vvel k\u00e9s\u0151bb?<\/p>\n<p>Sz\u00e1munkra kih\u00edv\u00e1st jelent, hogy a legjobbak legy\u00fcnk az \u00fcvegh\u00e1zi kert\u00e9szetek ter\u00fcleten. Azt is pontosan akarjuk tudni mi t\u00f6rt\u00e9nik a piacon, de teljesen f\u00fcggetlen\u00fcl dolgozunk a besz\u00e1ll\u00edt\u00f3kt\u00f3l \u00e9s a piac t\u00f6bbi r\u00e9sztvev\u0151j\u00e9t\u0151l. Ezeknek a tulajdons\u00e1goknak a kombin\u00e1ci\u00f3jak\u00e9nt abban vagyunk j\u00f3k, hogy olyan vil\u00e1gos tan\u00e1csot adunk ami k\u00e9t l\u00e1bbal \u00e1ll a f\u00f6ld\u00f6n, mindenkit\u0151l f\u00fcggetlen \u00e9s mindenkin fel\u00fcl \u00e1ll.<\/p>\n<p>Amennyiben sz\u00fcks\u00e9ges k\u00e9sz\u00edt\u00fcnk a v\u00e1zlattervez\u00e9st megel\u0151z\u0151en egy megval\u00f3s\u00edthat\u00f3s\u00e1gi tanulm\u00e1nyt. Az \u00d6nnel tett egyeztet\u00e9sek egy j\u00f3l \u00e1tgondolt, komplett terv kialakul\u00e1s\u00e1hoz vezetnek v\u00e9g\u00fcl. Ezt k\u00f6vet\u0151en a projekt feloszthat\u00f3 lesz logikus egys\u00e9gekre \u00e9s minden egys\u00e9gre k\u00e9sz\u00fcl pontos tender ki\u00edr\u00e1s ami alapj\u00e1n az aj\u00e1nlatok k\u00e9s\u0151bb bek\u00e9rhet\u0151k.<\/p>\n","protected":false},"excerpt":{"rendered":"<p>Egy j\u00f3 terv elk\u00e9sz\u00edt\u00e9s\u00e9hez vagy megtervez\u00e9s\u00e9hez tud\u00e1sra van sz\u00fcks\u00e9g. Tudni kell mi a fontos. Milyen k\u00edv\u00e1ns\u00e1gok, v\u00e1gyak \u00e9s \u00f6tletek j\u00e1rnak a fej\u00e9ben? Mik az elv\u00e1r\u00e1sai \u00e9s mire k\u00e9pes? A &#8216;Projekt el\u0151k\u00e9sz\u00edt\u0151&#8217; csoport munkat\u00e1rsai kipump\u00e1lj\u00e1k \u00d6nb\u0151l az inform\u00e1ci\u00f3kat, hogy k\u00e9pesek legyenek vil\u00e1gosan le\u00edrni a gondolatait. \u00c9s m\u00e9g enn\u00e9l is jobb, hogy t\u00fckr\u00f6t tartunk \u00d6n el\u00e9 el\u0151re [&hellip;]<\/p>\n","protected":false},"author":1,"featured_media":0,"parent":0,"menu_order":0,"comment_status":"open","ping_status":"closed","template":"","meta":{"_acf_changed":false,"_exactmetrics_skip_tracking":false,"_exactmetrics_sitenote_active":false,"_exactmetrics_sitenote_note":"","_exactmetrics_sitenote_category":0,"footnotes":""},"class_list":["post-2344","page","type-page","status-publish","hentry"],"acf":[],"yoast_head":"<!-- This site is optimized with the Yoast SEO plugin v27.3 - https:\/\/yoast.com\/product\/yoast-seo-wordpress\/ -->\n<title>Tervez\u00e9s - Looije Agro Technics BV<\/title>\n<meta name=\"robots\" content=\"index, follow, max-snippet:-1, max-image-preview:large, max-video-preview:-1\" \/>\n<link rel=\"canonical\" href=\"https:\/\/lat.nl\/hu\/tervezes\/\" \/>\n<meta property=\"og:locale\" content=\"hu_HU\" \/>\n<meta property=\"og:type\" content=\"article\" \/>\n<meta property=\"og:title\" content=\"Tervez\u00e9s - Looije Agro Technics BV\" \/>\n<meta property=\"og:description\" content=\"Egy j\u00f3 terv elk\u00e9sz\u00edt\u00e9s\u00e9hez vagy megtervez\u00e9s\u00e9hez tud\u00e1sra van sz\u00fcks\u00e9g. Tudni kell mi a fontos. Milyen k\u00edv\u00e1ns\u00e1gok, v\u00e1gyak \u00e9s \u00f6tletek j\u00e1rnak a fej\u00e9ben? Mik az elv\u00e1r\u00e1sai \u00e9s mire k\u00e9pes? A &#8216;Projekt el\u0151k\u00e9sz\u00edt\u0151&#8217; csoport munkat\u00e1rsai kipump\u00e1lj\u00e1k \u00d6nb\u0151l az inform\u00e1ci\u00f3kat, hogy k\u00e9pesek legyenek vil\u00e1gosan le\u00edrni a gondolatait. \u00c9s m\u00e9g enn\u00e9l is jobb, hogy t\u00fckr\u00f6t tartunk \u00d6n el\u00e9 el\u0151re [&hellip;]\" \/>\n<meta property=\"og:url\" content=\"https:\/\/lat.nl\/hu\/tervezes\/\" \/>\n<meta property=\"og:site_name\" content=\"Looije Agro Technics BV\" \/>\n<meta name=\"twitter:card\" content=\"summary_large_image\" \/>\n<meta name=\"twitter:label1\" content=\"Becs\u00fclt olvas\u00e1si id\u0151\" \/>\n\t<meta name=\"twitter:data1\" content=\"1 perc\" \/>\n<script type=\"application\/ld+json\" class=\"yoast-schema-graph\">{\"@context\":\"https:\\\/\\\/schema.org\",\"@graph\":[{\"@type\":\"WebPage\",\"@id\":\"https:\\\/\\\/lat.nl\\\/hu\\\/tervezes\\\/\",\"url\":\"https:\\\/\\\/lat.nl\\\/hu\\\/tervezes\\\/\",\"name\":\"Tervez\u00e9s - Looije Agro Technics BV\",\"isPartOf\":{\"@id\":\"https:\\\/\\\/lat.nl\\\/#website\"},\"datePublished\":\"2018-03-28T12:11:10+00:00\",\"breadcrumb\":{\"@id\":\"https:\\\/\\\/lat.nl\\\/hu\\\/tervezes\\\/#breadcrumb\"},\"inLanguage\":\"hu\",\"potentialAction\":[{\"@type\":\"ReadAction\",\"target\":[\"https:\\\/\\\/lat.nl\\\/hu\\\/tervezes\\\/\"]}]},{\"@type\":\"BreadcrumbList\",\"@id\":\"https:\\\/\\\/lat.nl\\\/hu\\\/tervezes\\\/#breadcrumb\",\"itemListElement\":[{\"@type\":\"ListItem\",\"position\":1,\"name\":\"Home\",\"item\":\"https:\\\/\\\/lat.nl\\\/hu\\\/\"},{\"@type\":\"ListItem\",\"position\":2,\"name\":\"Tervez\u00e9s\"}]},{\"@type\":\"WebSite\",\"@id\":\"https:\\\/\\\/lat.nl\\\/#website\",\"url\":\"https:\\\/\\\/lat.nl\\\/\",\"name\":\"Looije Agro Technics BV\",\"description\":\"H\u00e9t onafhankelijk bouwmanagementbureau in de glastuinbouwsector\",\"publisher\":{\"@id\":\"https:\\\/\\\/lat.nl\\\/#organization\"},\"potentialAction\":[{\"@type\":\"SearchAction\",\"target\":{\"@type\":\"EntryPoint\",\"urlTemplate\":\"https:\\\/\\\/lat.nl\\\/?s={search_term_string}\"},\"query-input\":{\"@type\":\"PropertyValueSpecification\",\"valueRequired\":true,\"valueName\":\"search_term_string\"}}],\"inLanguage\":\"hu\"},{\"@type\":\"Organization\",\"@id\":\"https:\\\/\\\/lat.nl\\\/#organization\",\"name\":\"Looije Agro Technics BV\",\"url\":\"https:\\\/\\\/lat.nl\\\/\",\"logo\":{\"@type\":\"ImageObject\",\"inLanguage\":\"hu\",\"@id\":\"https:\\\/\\\/lat.nl\\\/#\\\/schema\\\/logo\\\/image\\\/\",\"url\":\"https:\\\/\\\/lat.nl\\\/wp-content\\\/uploads\\\/2018\\\/03\\\/logo.jpg\",\"contentUrl\":\"https:\\\/\\\/lat.nl\\\/wp-content\\\/uploads\\\/2018\\\/03\\\/logo.jpg\",\"width\":319,\"height\":122,\"caption\":\"Looije Agro Technics BV\"},\"image\":{\"@id\":\"https:\\\/\\\/lat.nl\\\/#\\\/schema\\\/logo\\\/image\\\/\"}}]}<\/script>\n<!-- \/ Yoast SEO plugin. -->","yoast_head_json":{"title":"Tervez\u00e9s - Looije Agro Technics BV","robots":{"index":"index","follow":"follow","max-snippet":"max-snippet:-1","max-image-preview":"max-image-preview:large","max-video-preview":"max-video-preview:-1"},"canonical":"https:\/\/lat.nl\/hu\/tervezes\/","og_locale":"hu_HU","og_type":"article","og_title":"Tervez\u00e9s - Looije Agro Technics BV","og_description":"Egy j\u00f3 terv elk\u00e9sz\u00edt\u00e9s\u00e9hez vagy megtervez\u00e9s\u00e9hez tud\u00e1sra van sz\u00fcks\u00e9g. Tudni kell mi a fontos. Milyen k\u00edv\u00e1ns\u00e1gok, v\u00e1gyak \u00e9s \u00f6tletek j\u00e1rnak a fej\u00e9ben? Mik az elv\u00e1r\u00e1sai \u00e9s mire k\u00e9pes? A &#8216;Projekt el\u0151k\u00e9sz\u00edt\u0151&#8217; csoport munkat\u00e1rsai kipump\u00e1lj\u00e1k \u00d6nb\u0151l az inform\u00e1ci\u00f3kat, hogy k\u00e9pesek legyenek vil\u00e1gosan le\u00edrni a gondolatait. \u00c9s m\u00e9g enn\u00e9l is jobb, hogy t\u00fckr\u00f6t tartunk \u00d6n el\u00e9 el\u0151re [&hellip;]","og_url":"https:\/\/lat.nl\/hu\/tervezes\/","og_site_name":"Looije Agro Technics BV","twitter_card":"summary_large_image","twitter_misc":{"Becs\u00fclt olvas\u00e1si id\u0151":"1 perc"},"schema":{"@context":"https:\/\/schema.org","@graph":[{"@type":"WebPage","@id":"https:\/\/lat.nl\/hu\/tervezes\/","url":"https:\/\/lat.nl\/hu\/tervezes\/","name":"Tervez\u00e9s - Looije Agro Technics BV","isPartOf":{"@id":"https:\/\/lat.nl\/#website"},"datePublished":"2018-03-28T12:11:10+00:00","breadcrumb":{"@id":"https:\/\/lat.nl\/hu\/tervezes\/#breadcrumb"},"inLanguage":"hu","potentialAction":[{"@type":"ReadAction","target":["https:\/\/lat.nl\/hu\/tervezes\/"]}]},{"@type":"BreadcrumbList","@id":"https:\/\/lat.nl\/hu\/tervezes\/#breadcrumb","itemListElement":[{"@type":"ListItem","position":1,"name":"Home","item":"https:\/\/lat.nl\/hu\/"},{"@type":"ListItem","position":2,"name":"Tervez\u00e9s"}]},{"@type":"WebSite","@id":"https:\/\/lat.nl\/#website","url":"https:\/\/lat.nl\/","name":"Looije Agro Technics BV","description":"H\u00e9t onafhankelijk bouwmanagementbureau in de glastuinbouwsector","publisher":{"@id":"https:\/\/lat.nl\/#organization"},"potentialAction":[{"@type":"SearchAction","target":{"@type":"EntryPoint","urlTemplate":"https:\/\/lat.nl\/?s={search_term_string}"},"query-input":{"@type":"PropertyValueSpecification","valueRequired":true,"valueName":"search_term_string"}}],"inLanguage":"hu"},{"@type":"Organization","@id":"https:\/\/lat.nl\/#organization","name":"Looije Agro Technics BV","url":"https:\/\/lat.nl\/","logo":{"@type":"ImageObject","inLanguage":"hu","@id":"https:\/\/lat.nl\/#\/schema\/logo\/image\/","url":"https:\/\/lat.nl\/wp-content\/uploads\/2018\/03\/logo.jpg","contentUrl":"https:\/\/lat.nl\/wp-content\/uploads\/2018\/03\/logo.jpg","width":319,"height":122,"caption":"Looije Agro Technics BV"},"image":{"@id":"https:\/\/lat.nl\/#\/schema\/logo\/image\/"}}]}},"_links":{"self":[{"href":"https:\/\/lat.nl\/hu\/wp-json\/wp\/v2\/pages\/2344","targetHints":{"allow":["GET"]}}],"collection":[{"href":"https:\/\/lat.nl\/hu\/wp-json\/wp\/v2\/pages"}],"about":[{"href":"https:\/\/lat.nl\/hu\/wp-json\/wp\/v2\/types\/page"}],"author":[{"embeddable":true,"href":"https:\/\/lat.nl\/hu\/wp-json\/wp\/v2\/users\/1"}],"replies":[{"embeddable":true,"href":"https:\/\/lat.nl\/hu\/wp-json\/wp\/v2\/comments?post=2344"}],"version-history":[{"count":0,"href":"https:\/\/lat.nl\/hu\/wp-json\/wp\/v2\/pages\/2344\/revisions"}],"wp:attachment":[{"href":"https:\/\/lat.nl\/hu\/wp-json\/wp\/v2\/media?parent=2344"}],"curies":[{"name":"wp","href":"https:\/\/api.w.org\/{rel}","templated":true}]}}