{"id":2350,"date":"2018-03-28T12:11:10","date_gmt":"2018-03-28T12:11:10","guid":{"rendered":"https:\/\/lat.nl\/egy-meglevo-vallalkozas-adaptalasa\/"},"modified":"2018-03-28T12:11:10","modified_gmt":"2018-03-28T12:11:10","slug":"egy-meglevo-vallalkozas-adaptalasa","status":"publish","type":"page","link":"https:\/\/lat.nl\/hu\/egy-meglevo-vallalkozas-adaptalasa\/","title":{"rendered":"Egy megl\u00e9v\u0151 v\u00e1llalkoz\u00e1s adapt\u00e1l\u00e1sa"},"content":{"rendered":"<p>Egy m\u00e1r megl\u00e9v\u0151 \u00fcvegh\u00e1z kert\u00e9szeti v\u00e1llalkoz\u00e1s adapt\u00e1l\u00e1sa sor\u00e1n, fontos megtal\u00e1lni a megfelel\u0151 egyens\u00falyt a haszn\u00e1lt, \u00fajrafelhaszn\u00e1lt \u00e9s \u00faj beruh\u00e1z\u00e1s k\u00f6z\u00f6tt. Miut\u00e1n elk\u00e9sz\u00fclt egy megfelel\u0151 lista a megl\u00e9v\u0151 helyzetr\u0151l, ig\u00e9nyekr\u0151l \u00e9s lehet\u0151s\u00e9gekr\u0151l, egy vil\u00e1gos tervet k\u00e9sz\u00edt\u00fcnk, hogy a beruh\u00e1z\u00e1sa annyi hasznot termeljen amennyit csak lehets\u00e9ges.<br \/>Ezut\u00e1n meghat\u00e1rozzuk a project pontos m\u0171szaki tartalm\u00e1t. Az \u00edgy elk\u00e9sz\u00fclt le\u00edr\u00e1sok felhaszn\u00e1l\u00e1s\u00e1val megversenyeztetj\u00fck a besz\u00e1ll\u00edt\u00f3kat \u00e9s kivitelez\u0151ket az \u00d6n sz\u00e1m\u00e1ra.<\/p>\n","protected":false},"excerpt":{"rendered":"<p>Egy m\u00e1r megl\u00e9v\u0151 \u00fcvegh\u00e1z kert\u00e9szeti v\u00e1llalkoz\u00e1s adapt\u00e1l\u00e1sa sor\u00e1n, fontos megtal\u00e1lni a megfelel\u0151 egyens\u00falyt a haszn\u00e1lt, \u00fajrafelhaszn\u00e1lt \u00e9s \u00faj beruh\u00e1z\u00e1s k\u00f6z\u00f6tt. Miut\u00e1n elk\u00e9sz\u00fclt egy megfelel\u0151 lista a megl\u00e9v\u0151 helyzetr\u0151l, ig\u00e9nyekr\u0151l \u00e9s lehet\u0151s\u00e9gekr\u0151l, egy vil\u00e1gos tervet k\u00e9sz\u00edt\u00fcnk, hogy a beruh\u00e1z\u00e1sa annyi hasznot termeljen amennyit csak lehets\u00e9ges.Ezut\u00e1n meghat\u00e1rozzuk a project pontos m\u0171szaki tartalm\u00e1t. Az \u00edgy elk\u00e9sz\u00fclt le\u00edr\u00e1sok felhaszn\u00e1l\u00e1s\u00e1val [&hellip;]<\/p>\n","protected":false},"author":1,"featured_media":0,"parent":0,"menu_order":0,"comment_status":"open","ping_status":"closed","template":"","meta":{"_acf_changed":false,"_exactmetrics_skip_tracking":false,"_exactmetrics_sitenote_active":false,"_exactmetrics_sitenote_note":"","_exactmetrics_sitenote_category":0,"footnotes":""},"class_list":["post-2350","page","type-page","status-publish","hentry"],"acf":[],"yoast_head":"<!-- This site is optimized with the Yoast SEO plugin v27.3 - https:\/\/yoast.com\/product\/yoast-seo-wordpress\/ -->\n<title>Egy megl\u00e9v\u0151 v\u00e1llalkoz\u00e1s adapt\u00e1l\u00e1sa - Looije Agro Technics BV<\/title>\n<meta name=\"robots\" content=\"index, follow, max-snippet:-1, max-image-preview:large, max-video-preview:-1\" \/>\n<link rel=\"canonical\" href=\"https:\/\/lat.nl\/hu\/egy-meglevo-vallalkozas-adaptalasa\/\" \/>\n<meta property=\"og:locale\" content=\"hu_HU\" \/>\n<meta property=\"og:type\" content=\"article\" \/>\n<meta property=\"og:title\" content=\"Egy megl\u00e9v\u0151 v\u00e1llalkoz\u00e1s adapt\u00e1l\u00e1sa - Looije Agro Technics BV\" \/>\n<meta property=\"og:description\" content=\"Egy m\u00e1r megl\u00e9v\u0151 \u00fcvegh\u00e1z kert\u00e9szeti v\u00e1llalkoz\u00e1s adapt\u00e1l\u00e1sa sor\u00e1n, fontos megtal\u00e1lni a megfelel\u0151 egyens\u00falyt a haszn\u00e1lt, \u00fajrafelhaszn\u00e1lt \u00e9s \u00faj beruh\u00e1z\u00e1s k\u00f6z\u00f6tt. Miut\u00e1n elk\u00e9sz\u00fclt egy megfelel\u0151 lista a megl\u00e9v\u0151 helyzetr\u0151l, ig\u00e9nyekr\u0151l \u00e9s lehet\u0151s\u00e9gekr\u0151l, egy vil\u00e1gos tervet k\u00e9sz\u00edt\u00fcnk, hogy a beruh\u00e1z\u00e1sa annyi hasznot termeljen amennyit csak lehets\u00e9ges.Ezut\u00e1n meghat\u00e1rozzuk a project pontos m\u0171szaki tartalm\u00e1t. Az \u00edgy elk\u00e9sz\u00fclt le\u00edr\u00e1sok felhaszn\u00e1l\u00e1s\u00e1val [&hellip;]\" \/>\n<meta property=\"og:url\" content=\"https:\/\/lat.nl\/hu\/egy-meglevo-vallalkozas-adaptalasa\/\" \/>\n<meta property=\"og:site_name\" content=\"Looije Agro Technics BV\" \/>\n<meta name=\"twitter:card\" content=\"summary_large_image\" \/>\n<meta name=\"twitter:label1\" content=\"Becs\u00fclt olvas\u00e1si id\u0151\" \/>\n\t<meta name=\"twitter:data1\" content=\"1 perc\" \/>\n<script type=\"application\/ld+json\" class=\"yoast-schema-graph\">{\"@context\":\"https:\\\/\\\/schema.org\",\"@graph\":[{\"@type\":\"WebPage\",\"@id\":\"https:\\\/\\\/lat.nl\\\/hu\\\/egy-meglevo-vallalkozas-adaptalasa\\\/\",\"url\":\"https:\\\/\\\/lat.nl\\\/hu\\\/egy-meglevo-vallalkozas-adaptalasa\\\/\",\"name\":\"Egy megl\u00e9v\u0151 v\u00e1llalkoz\u00e1s adapt\u00e1l\u00e1sa - Looije Agro Technics BV\",\"isPartOf\":{\"@id\":\"https:\\\/\\\/lat.nl\\\/#website\"},\"datePublished\":\"2018-03-28T12:11:10+00:00\",\"breadcrumb\":{\"@id\":\"https:\\\/\\\/lat.nl\\\/hu\\\/egy-meglevo-vallalkozas-adaptalasa\\\/#breadcrumb\"},\"inLanguage\":\"hu\",\"potentialAction\":[{\"@type\":\"ReadAction\",\"target\":[\"https:\\\/\\\/lat.nl\\\/hu\\\/egy-meglevo-vallalkozas-adaptalasa\\\/\"]}]},{\"@type\":\"BreadcrumbList\",\"@id\":\"https:\\\/\\\/lat.nl\\\/hu\\\/egy-meglevo-vallalkozas-adaptalasa\\\/#breadcrumb\",\"itemListElement\":[{\"@type\":\"ListItem\",\"position\":1,\"name\":\"Home\",\"item\":\"https:\\\/\\\/lat.nl\\\/hu\\\/\"},{\"@type\":\"ListItem\",\"position\":2,\"name\":\"Egy megl\u00e9v\u0151 v\u00e1llalkoz\u00e1s adapt\u00e1l\u00e1sa\"}]},{\"@type\":\"WebSite\",\"@id\":\"https:\\\/\\\/lat.nl\\\/#website\",\"url\":\"https:\\\/\\\/lat.nl\\\/\",\"name\":\"Looije Agro Technics BV\",\"description\":\"H\u00e9t onafhankelijk bouwmanagementbureau in de glastuinbouwsector\",\"publisher\":{\"@id\":\"https:\\\/\\\/lat.nl\\\/#organization\"},\"potentialAction\":[{\"@type\":\"SearchAction\",\"target\":{\"@type\":\"EntryPoint\",\"urlTemplate\":\"https:\\\/\\\/lat.nl\\\/?s={search_term_string}\"},\"query-input\":{\"@type\":\"PropertyValueSpecification\",\"valueRequired\":true,\"valueName\":\"search_term_string\"}}],\"inLanguage\":\"hu\"},{\"@type\":\"Organization\",\"@id\":\"https:\\\/\\\/lat.nl\\\/#organization\",\"name\":\"Looije Agro Technics BV\",\"url\":\"https:\\\/\\\/lat.nl\\\/\",\"logo\":{\"@type\":\"ImageObject\",\"inLanguage\":\"hu\",\"@id\":\"https:\\\/\\\/lat.nl\\\/#\\\/schema\\\/logo\\\/image\\\/\",\"url\":\"https:\\\/\\\/lat.nl\\\/wp-content\\\/uploads\\\/2018\\\/03\\\/logo.jpg\",\"contentUrl\":\"https:\\\/\\\/lat.nl\\\/wp-content\\\/uploads\\\/2018\\\/03\\\/logo.jpg\",\"width\":319,\"height\":122,\"caption\":\"Looije Agro Technics BV\"},\"image\":{\"@id\":\"https:\\\/\\\/lat.nl\\\/#\\\/schema\\\/logo\\\/image\\\/\"}}]}<\/script>\n<!-- \/ Yoast SEO plugin. -->","yoast_head_json":{"title":"Egy megl\u00e9v\u0151 v\u00e1llalkoz\u00e1s adapt\u00e1l\u00e1sa - Looije Agro Technics BV","robots":{"index":"index","follow":"follow","max-snippet":"max-snippet:-1","max-image-preview":"max-image-preview:large","max-video-preview":"max-video-preview:-1"},"canonical":"https:\/\/lat.nl\/hu\/egy-meglevo-vallalkozas-adaptalasa\/","og_locale":"hu_HU","og_type":"article","og_title":"Egy megl\u00e9v\u0151 v\u00e1llalkoz\u00e1s adapt\u00e1l\u00e1sa - Looije Agro Technics BV","og_description":"Egy m\u00e1r megl\u00e9v\u0151 \u00fcvegh\u00e1z kert\u00e9szeti v\u00e1llalkoz\u00e1s adapt\u00e1l\u00e1sa sor\u00e1n, fontos megtal\u00e1lni a megfelel\u0151 egyens\u00falyt a haszn\u00e1lt, \u00fajrafelhaszn\u00e1lt \u00e9s \u00faj beruh\u00e1z\u00e1s k\u00f6z\u00f6tt. Miut\u00e1n elk\u00e9sz\u00fclt egy megfelel\u0151 lista a megl\u00e9v\u0151 helyzetr\u0151l, ig\u00e9nyekr\u0151l \u00e9s lehet\u0151s\u00e9gekr\u0151l, egy vil\u00e1gos tervet k\u00e9sz\u00edt\u00fcnk, hogy a beruh\u00e1z\u00e1sa annyi hasznot termeljen amennyit csak lehets\u00e9ges.Ezut\u00e1n meghat\u00e1rozzuk a project pontos m\u0171szaki tartalm\u00e1t. Az \u00edgy elk\u00e9sz\u00fclt le\u00edr\u00e1sok felhaszn\u00e1l\u00e1s\u00e1val [&hellip;]","og_url":"https:\/\/lat.nl\/hu\/egy-meglevo-vallalkozas-adaptalasa\/","og_site_name":"Looije Agro Technics BV","twitter_card":"summary_large_image","twitter_misc":{"Becs\u00fclt olvas\u00e1si id\u0151":"1 perc"},"schema":{"@context":"https:\/\/schema.org","@graph":[{"@type":"WebPage","@id":"https:\/\/lat.nl\/hu\/egy-meglevo-vallalkozas-adaptalasa\/","url":"https:\/\/lat.nl\/hu\/egy-meglevo-vallalkozas-adaptalasa\/","name":"Egy megl\u00e9v\u0151 v\u00e1llalkoz\u00e1s adapt\u00e1l\u00e1sa - Looije Agro Technics BV","isPartOf":{"@id":"https:\/\/lat.nl\/#website"},"datePublished":"2018-03-28T12:11:10+00:00","breadcrumb":{"@id":"https:\/\/lat.nl\/hu\/egy-meglevo-vallalkozas-adaptalasa\/#breadcrumb"},"inLanguage":"hu","potentialAction":[{"@type":"ReadAction","target":["https:\/\/lat.nl\/hu\/egy-meglevo-vallalkozas-adaptalasa\/"]}]},{"@type":"BreadcrumbList","@id":"https:\/\/lat.nl\/hu\/egy-meglevo-vallalkozas-adaptalasa\/#breadcrumb","itemListElement":[{"@type":"ListItem","position":1,"name":"Home","item":"https:\/\/lat.nl\/hu\/"},{"@type":"ListItem","position":2,"name":"Egy megl\u00e9v\u0151 v\u00e1llalkoz\u00e1s adapt\u00e1l\u00e1sa"}]},{"@type":"WebSite","@id":"https:\/\/lat.nl\/#website","url":"https:\/\/lat.nl\/","name":"Looije Agro Technics BV","description":"H\u00e9t onafhankelijk bouwmanagementbureau in de glastuinbouwsector","publisher":{"@id":"https:\/\/lat.nl\/#organization"},"potentialAction":[{"@type":"SearchAction","target":{"@type":"EntryPoint","urlTemplate":"https:\/\/lat.nl\/?s={search_term_string}"},"query-input":{"@type":"PropertyValueSpecification","valueRequired":true,"valueName":"search_term_string"}}],"inLanguage":"hu"},{"@type":"Organization","@id":"https:\/\/lat.nl\/#organization","name":"Looije Agro Technics BV","url":"https:\/\/lat.nl\/","logo":{"@type":"ImageObject","inLanguage":"hu","@id":"https:\/\/lat.nl\/#\/schema\/logo\/image\/","url":"https:\/\/lat.nl\/wp-content\/uploads\/2018\/03\/logo.jpg","contentUrl":"https:\/\/lat.nl\/wp-content\/uploads\/2018\/03\/logo.jpg","width":319,"height":122,"caption":"Looije Agro Technics BV"},"image":{"@id":"https:\/\/lat.nl\/#\/schema\/logo\/image\/"}}]}},"_links":{"self":[{"href":"https:\/\/lat.nl\/hu\/wp-json\/wp\/v2\/pages\/2350","targetHints":{"allow":["GET"]}}],"collection":[{"href":"https:\/\/lat.nl\/hu\/wp-json\/wp\/v2\/pages"}],"about":[{"href":"https:\/\/lat.nl\/hu\/wp-json\/wp\/v2\/types\/page"}],"author":[{"embeddable":true,"href":"https:\/\/lat.nl\/hu\/wp-json\/wp\/v2\/users\/1"}],"replies":[{"embeddable":true,"href":"https:\/\/lat.nl\/hu\/wp-json\/wp\/v2\/comments?post=2350"}],"version-history":[{"count":0,"href":"https:\/\/lat.nl\/hu\/wp-json\/wp\/v2\/pages\/2350\/revisions"}],"wp:attachment":[{"href":"https:\/\/lat.nl\/hu\/wp-json\/wp\/v2\/media?parent=2350"}],"curies":[{"name":"wp","href":"https:\/\/api.w.org\/{rel}","templated":true}]}}