{"id":2352,"date":"2018-03-28T12:11:10","date_gmt":"2018-03-28T12:11:10","guid":{"rendered":"https:\/\/lat.nl\/3d-prezentacio\/"},"modified":"2018-03-28T12:11:10","modified_gmt":"2018-03-28T12:11:10","slug":"3d-prezentacio","status":"publish","type":"page","link":"https:\/\/lat.nl\/hu\/3d-prezentacio\/","title":{"rendered":"3D-prezentacio"},"content":{"rendered":"<p>Tudj\u00e1k mit mondanak: \u201eEgy k\u00e9p ezer sz\u00f3val is fel\u00e9r.&#8221; Ez az \u00e9p\u00edt\u00e9sz tervekre biztosan igaz. A Looije Agro Technics B.V. tervez\u0151 csapata a lehet\u0151 leg\u00fajabb technik\u00e1t veti be, hogy vil\u00e1gosan bemutathassa a terveket, mint p\u00e9ld\u00e1ul a 3 dimenzi\u00f3s \u00e1br\u00e1zol\u00e1s \u00e9s fot\u00f3 realisztikus renderel\u00e9s.<\/p>\n<p>Az ilyen modern technik\u00e1k haszn\u00e1lat\u00e1val kap egy \u201ebenyom\u00e1st&#8221; a projektr\u0151l a korai szakaszban. Rendszeresen megt\u00f6rt\u00e9nik a gyakorlatban ilyenkor, hogy t\u00f6bb vari\u00e1ci\u00f3 is k\u00e9sz\u00fcl p\u00e1rhuzamosan egym\u00e1ssal miel\u0151tt a v\u00e9gleges diz\u00e1jnt kiv\u00e1lasztan\u00e1k.<\/p>\n<p>Nem csak \u00d6n, mint tulajdonos profit\u00e1l a tervek alapj\u00e1n elk\u00e9sz\u00fcl\u0151 3D-s modellekb\u0151l. A tervez\u00e9sben \u00e9rintett harmadik felek is jobb k\u00e9pet kapnak a tervezett \u00e1llapotr\u00f3l \u00e9s osztoznak az \u00f6tleteken \u00e9s a lelkesed\u00e9sben.<\/p>\n","protected":false},"excerpt":{"rendered":"<p>Tudj\u00e1k mit mondanak: \u201eEgy k\u00e9p ezer sz\u00f3val is fel\u00e9r.&#8221; Ez az \u00e9p\u00edt\u00e9sz tervekre biztosan igaz. A Looije Agro Technics B.V. tervez\u0151 csapata a lehet\u0151 leg\u00fajabb technik\u00e1t veti be, hogy vil\u00e1gosan bemutathassa a terveket, mint p\u00e9ld\u00e1ul a 3 dimenzi\u00f3s \u00e1br\u00e1zol\u00e1s \u00e9s fot\u00f3 realisztikus renderel\u00e9s. Az ilyen modern technik\u00e1k haszn\u00e1lat\u00e1val kap egy \u201ebenyom\u00e1st&#8221; a projektr\u0151l a korai [&hellip;]<\/p>\n","protected":false},"author":1,"featured_media":0,"parent":0,"menu_order":0,"comment_status":"open","ping_status":"closed","template":"","meta":{"_acf_changed":false,"_exactmetrics_skip_tracking":false,"_exactmetrics_sitenote_active":false,"_exactmetrics_sitenote_note":"","_exactmetrics_sitenote_category":0,"footnotes":""},"class_list":["post-2352","page","type-page","status-publish","hentry"],"acf":[],"yoast_head":"<!-- This site is optimized with the Yoast SEO plugin v27.3 - https:\/\/yoast.com\/product\/yoast-seo-wordpress\/ -->\n<title>3D-prezentacio - Looije Agro Technics BV<\/title>\n<meta name=\"robots\" content=\"index, follow, max-snippet:-1, max-image-preview:large, max-video-preview:-1\" \/>\n<link rel=\"canonical\" href=\"https:\/\/lat.nl\/hu\/3d-prezentacio\/\" \/>\n<meta property=\"og:locale\" content=\"hu_HU\" \/>\n<meta property=\"og:type\" content=\"article\" \/>\n<meta property=\"og:title\" content=\"3D-prezentacio - Looije Agro Technics BV\" \/>\n<meta property=\"og:description\" content=\"Tudj\u00e1k mit mondanak: \u201eEgy k\u00e9p ezer sz\u00f3val is fel\u00e9r.&#8221; Ez az \u00e9p\u00edt\u00e9sz tervekre biztosan igaz. A Looije Agro Technics B.V. tervez\u0151 csapata a lehet\u0151 leg\u00fajabb technik\u00e1t veti be, hogy vil\u00e1gosan bemutathassa a terveket, mint p\u00e9ld\u00e1ul a 3 dimenzi\u00f3s \u00e1br\u00e1zol\u00e1s \u00e9s fot\u00f3 realisztikus renderel\u00e9s. Az ilyen modern technik\u00e1k haszn\u00e1lat\u00e1val kap egy \u201ebenyom\u00e1st&#8221; a projektr\u0151l a korai [&hellip;]\" \/>\n<meta property=\"og:url\" content=\"https:\/\/lat.nl\/hu\/3d-prezentacio\/\" \/>\n<meta property=\"og:site_name\" content=\"Looije Agro Technics BV\" \/>\n<meta name=\"twitter:card\" content=\"summary_large_image\" \/>\n<meta name=\"twitter:label1\" content=\"Becs\u00fclt olvas\u00e1si id\u0151\" \/>\n\t<meta name=\"twitter:data1\" content=\"1 perc\" \/>\n<script type=\"application\/ld+json\" class=\"yoast-schema-graph\">{\"@context\":\"https:\\\/\\\/schema.org\",\"@graph\":[{\"@type\":\"WebPage\",\"@id\":\"https:\\\/\\\/lat.nl\\\/hu\\\/3d-prezentacio\\\/\",\"url\":\"https:\\\/\\\/lat.nl\\\/hu\\\/3d-prezentacio\\\/\",\"name\":\"3D-prezentacio - Looije Agro Technics BV\",\"isPartOf\":{\"@id\":\"https:\\\/\\\/lat.nl\\\/#website\"},\"datePublished\":\"2018-03-28T12:11:10+00:00\",\"breadcrumb\":{\"@id\":\"https:\\\/\\\/lat.nl\\\/hu\\\/3d-prezentacio\\\/#breadcrumb\"},\"inLanguage\":\"hu\",\"potentialAction\":[{\"@type\":\"ReadAction\",\"target\":[\"https:\\\/\\\/lat.nl\\\/hu\\\/3d-prezentacio\\\/\"]}]},{\"@type\":\"BreadcrumbList\",\"@id\":\"https:\\\/\\\/lat.nl\\\/hu\\\/3d-prezentacio\\\/#breadcrumb\",\"itemListElement\":[{\"@type\":\"ListItem\",\"position\":1,\"name\":\"Home\",\"item\":\"https:\\\/\\\/lat.nl\\\/hu\\\/\"},{\"@type\":\"ListItem\",\"position\":2,\"name\":\"3D-prezentacio\"}]},{\"@type\":\"WebSite\",\"@id\":\"https:\\\/\\\/lat.nl\\\/#website\",\"url\":\"https:\\\/\\\/lat.nl\\\/\",\"name\":\"Looije Agro Technics BV\",\"description\":\"H\u00e9t onafhankelijk bouwmanagementbureau in de glastuinbouwsector\",\"publisher\":{\"@id\":\"https:\\\/\\\/lat.nl\\\/#organization\"},\"potentialAction\":[{\"@type\":\"SearchAction\",\"target\":{\"@type\":\"EntryPoint\",\"urlTemplate\":\"https:\\\/\\\/lat.nl\\\/?s={search_term_string}\"},\"query-input\":{\"@type\":\"PropertyValueSpecification\",\"valueRequired\":true,\"valueName\":\"search_term_string\"}}],\"inLanguage\":\"hu\"},{\"@type\":\"Organization\",\"@id\":\"https:\\\/\\\/lat.nl\\\/#organization\",\"name\":\"Looije Agro Technics BV\",\"url\":\"https:\\\/\\\/lat.nl\\\/\",\"logo\":{\"@type\":\"ImageObject\",\"inLanguage\":\"hu\",\"@id\":\"https:\\\/\\\/lat.nl\\\/#\\\/schema\\\/logo\\\/image\\\/\",\"url\":\"https:\\\/\\\/lat.nl\\\/wp-content\\\/uploads\\\/2018\\\/03\\\/logo.jpg\",\"contentUrl\":\"https:\\\/\\\/lat.nl\\\/wp-content\\\/uploads\\\/2018\\\/03\\\/logo.jpg\",\"width\":319,\"height\":122,\"caption\":\"Looije Agro Technics BV\"},\"image\":{\"@id\":\"https:\\\/\\\/lat.nl\\\/#\\\/schema\\\/logo\\\/image\\\/\"}}]}<\/script>\n<!-- \/ Yoast SEO plugin. -->","yoast_head_json":{"title":"3D-prezentacio - Looije Agro Technics BV","robots":{"index":"index","follow":"follow","max-snippet":"max-snippet:-1","max-image-preview":"max-image-preview:large","max-video-preview":"max-video-preview:-1"},"canonical":"https:\/\/lat.nl\/hu\/3d-prezentacio\/","og_locale":"hu_HU","og_type":"article","og_title":"3D-prezentacio - Looije Agro Technics BV","og_description":"Tudj\u00e1k mit mondanak: \u201eEgy k\u00e9p ezer sz\u00f3val is fel\u00e9r.&#8221; Ez az \u00e9p\u00edt\u00e9sz tervekre biztosan igaz. A Looije Agro Technics B.V. tervez\u0151 csapata a lehet\u0151 leg\u00fajabb technik\u00e1t veti be, hogy vil\u00e1gosan bemutathassa a terveket, mint p\u00e9ld\u00e1ul a 3 dimenzi\u00f3s \u00e1br\u00e1zol\u00e1s \u00e9s fot\u00f3 realisztikus renderel\u00e9s. Az ilyen modern technik\u00e1k haszn\u00e1lat\u00e1val kap egy \u201ebenyom\u00e1st&#8221; a projektr\u0151l a korai [&hellip;]","og_url":"https:\/\/lat.nl\/hu\/3d-prezentacio\/","og_site_name":"Looije Agro Technics BV","twitter_card":"summary_large_image","twitter_misc":{"Becs\u00fclt olvas\u00e1si id\u0151":"1 perc"},"schema":{"@context":"https:\/\/schema.org","@graph":[{"@type":"WebPage","@id":"https:\/\/lat.nl\/hu\/3d-prezentacio\/","url":"https:\/\/lat.nl\/hu\/3d-prezentacio\/","name":"3D-prezentacio - Looije Agro Technics BV","isPartOf":{"@id":"https:\/\/lat.nl\/#website"},"datePublished":"2018-03-28T12:11:10+00:00","breadcrumb":{"@id":"https:\/\/lat.nl\/hu\/3d-prezentacio\/#breadcrumb"},"inLanguage":"hu","potentialAction":[{"@type":"ReadAction","target":["https:\/\/lat.nl\/hu\/3d-prezentacio\/"]}]},{"@type":"BreadcrumbList","@id":"https:\/\/lat.nl\/hu\/3d-prezentacio\/#breadcrumb","itemListElement":[{"@type":"ListItem","position":1,"name":"Home","item":"https:\/\/lat.nl\/hu\/"},{"@type":"ListItem","position":2,"name":"3D-prezentacio"}]},{"@type":"WebSite","@id":"https:\/\/lat.nl\/#website","url":"https:\/\/lat.nl\/","name":"Looije Agro Technics BV","description":"H\u00e9t onafhankelijk bouwmanagementbureau in de glastuinbouwsector","publisher":{"@id":"https:\/\/lat.nl\/#organization"},"potentialAction":[{"@type":"SearchAction","target":{"@type":"EntryPoint","urlTemplate":"https:\/\/lat.nl\/?s={search_term_string}"},"query-input":{"@type":"PropertyValueSpecification","valueRequired":true,"valueName":"search_term_string"}}],"inLanguage":"hu"},{"@type":"Organization","@id":"https:\/\/lat.nl\/#organization","name":"Looije Agro Technics BV","url":"https:\/\/lat.nl\/","logo":{"@type":"ImageObject","inLanguage":"hu","@id":"https:\/\/lat.nl\/#\/schema\/logo\/image\/","url":"https:\/\/lat.nl\/wp-content\/uploads\/2018\/03\/logo.jpg","contentUrl":"https:\/\/lat.nl\/wp-content\/uploads\/2018\/03\/logo.jpg","width":319,"height":122,"caption":"Looije Agro Technics BV"},"image":{"@id":"https:\/\/lat.nl\/#\/schema\/logo\/image\/"}}]}},"_links":{"self":[{"href":"https:\/\/lat.nl\/hu\/wp-json\/wp\/v2\/pages\/2352","targetHints":{"allow":["GET"]}}],"collection":[{"href":"https:\/\/lat.nl\/hu\/wp-json\/wp\/v2\/pages"}],"about":[{"href":"https:\/\/lat.nl\/hu\/wp-json\/wp\/v2\/types\/page"}],"author":[{"embeddable":true,"href":"https:\/\/lat.nl\/hu\/wp-json\/wp\/v2\/users\/1"}],"replies":[{"embeddable":true,"href":"https:\/\/lat.nl\/hu\/wp-json\/wp\/v2\/comments?post=2352"}],"version-history":[{"count":0,"href":"https:\/\/lat.nl\/hu\/wp-json\/wp\/v2\/pages\/2352\/revisions"}],"wp:attachment":[{"href":"https:\/\/lat.nl\/hu\/wp-json\/wp\/v2\/media?parent=2352"}],"curies":[{"name":"wp","href":"https:\/\/api.w.org\/{rel}","templated":true}]}}