{"id":3278,"date":"2018-03-28T16:17:44","date_gmt":"2018-03-28T16:17:44","guid":{"rendered":"https:\/\/lat.nl\/?page_id=3278"},"modified":"2018-04-10T09:29:12","modified_gmt":"2018-04-10T09:29:12","slug":"home","status":"publish","type":"page","link":"https:\/\/lat.nl\/hu\/","title":{"rendered":"Home"},"content":{"rendered":"<p><strong>\u00dcdv\u00f6z\u00f6lj\u00fck a LAT-\u00dcveghaz<\/strong><br \/>\n<strong> A Looije Agro Technics egy f\u00fcggetlen, szakosodott tan\u00e1csad\u00f3 iroda a kert\u00e9szeti \u00fcvegh\u00e1z szektorban aminek a f\u0151tev\u00e9kenys\u00e9ge a k\u00f6vetkez\u0151ket fedi le: megval\u00f3s\u00edthat\u00f3s\u00e1gi tanulm\u00e1ny \u00e9s k\u00f6lts\u00e9g el\u0151rejelz\u00e9s k\u00e9sz\u00edt\u00e9s, tervez\u00e9s \u00e9s megrendel\u00e9si t\u00e1mogat\u00e1s, tan\u00e1csad\u00e1s a pap\u00edrmunk\u00e1ban az \u00f6sszes vonatkoz\u00f3 enged\u00e9lyez\u00e9s \u00e9s el\u0151\u00edr\u00e1s tekintet\u00e9ben, teljes k\u00f6r\u0171 \u00e9p\u00edt\u00e9s management \u00e9s ir\u00e1ny\u00edt\u00e1s, tan\u00e1csad\u00e1s a kert\u00e9szet \u00e9s energiahasznos\u00edt\u00e1si fejleszt\u00e9sek ter\u00fclet\u00e9n.<\/strong><\/p>\n<p>1997 \u00f3ta adunk \u00fatmutat\u00e1st vil\u00e1gos \u00e9s gyakorlatias m\u00f3don az \u00fcvegh\u00e1zi kert\u00e9szettel foglalkoz\u00f3 c\u00e9geknek \u00e9s a kert\u00e9szetben k\u00f6zrem\u0171k\u00f6d\u0151knek. Tov\u00e1bb\u00e1, m\u00e1s szervezetek \u00e9s korm\u00e1nyzati irod\u00e1k is t\u00e1maszkodnak a f\u00fcggetlen (\u00fcvegh\u00e1z) kert\u00e9szeti tud\u00e1sunkra, c\u00e9g\u00fcnk arculata els\u0151sorban megrendel\u0151 centrikus hozz\u00e1\u00e1ll\u00e1s\u00fa.A c\u00e9gen bel\u00fcli sz\u00e9lesk\u00f6r\u0171 szaktud\u00e1s szavatolja, hogy a jelmondatunk \u201ej\u00f3l \u00e1tgondolt \u00e9s teljes&#8221; pontosan illik mindenfajta munk\u00e1nkra.A Looije Agro Technics jelenleg sz\u00e1mos orsz\u00e1gban akt\u00edv, k\u00f6zt\u00fck Magyarorsz\u00e1gon is.<br \/>\nVajon \u00d6nnek is seg\u00edthet\u00fcnk? B\u00f6ng\u00e9sszen a men\u00fcs\u00e1vban, hogy megismerhesse szolg\u00e1ltat\u00e1saink k\u00f6r\u00e9t.<\/p>\n","protected":false},"excerpt":{"rendered":"<p>\u00dcdv\u00f6z\u00f6lj\u00fck a LAT-\u00dcveghaz A Looije Agro Technics egy f\u00fcggetlen, szakosodott tan\u00e1csad\u00f3 iroda a kert\u00e9szeti \u00fcvegh\u00e1z szektorban aminek a f\u0151tev\u00e9kenys\u00e9ge a k\u00f6vetkez\u0151ket fedi le: megval\u00f3s\u00edthat\u00f3s\u00e1gi tanulm\u00e1ny \u00e9s k\u00f6lts\u00e9g el\u0151rejelz\u00e9s k\u00e9sz\u00edt\u00e9s, tervez\u00e9s \u00e9s megrendel\u00e9si t\u00e1mogat\u00e1s, tan\u00e1csad\u00e1s a pap\u00edrmunk\u00e1ban az \u00f6sszes vonatkoz\u00f3 enged\u00e9lyez\u00e9s \u00e9s el\u0151\u00edr\u00e1s tekintet\u00e9ben, teljes k\u00f6r\u0171 \u00e9p\u00edt\u00e9s management \u00e9s ir\u00e1ny\u00edt\u00e1s, tan\u00e1csad\u00e1s a kert\u00e9szet \u00e9s energiahasznos\u00edt\u00e1si fejleszt\u00e9sek [&hellip;]<\/p>\n","protected":false},"author":1,"featured_media":0,"parent":0,"menu_order":0,"comment_status":"closed","ping_status":"closed","template":"index-home.php","meta":{"_acf_changed":false,"_exactmetrics_skip_tracking":false,"_exactmetrics_sitenote_active":false,"_exactmetrics_sitenote_note":"","_exactmetrics_sitenote_category":0,"footnotes":""},"class_list":["post-3278","page","type-page","status-publish","hentry"],"acf":[],"yoast_head":"<!-- This site is optimized with the Yoast SEO plugin v27.3 - https:\/\/yoast.com\/product\/yoast-seo-wordpress\/ -->\n<title>Home - Looije Agro Technics BV<\/title>\n<meta name=\"robots\" content=\"index, follow, max-snippet:-1, max-image-preview:large, max-video-preview:-1\" \/>\n<link rel=\"canonical\" href=\"https:\/\/lat.nl\/hu\/\" \/>\n<meta property=\"og:locale\" content=\"hu_HU\" \/>\n<meta property=\"og:type\" content=\"article\" \/>\n<meta property=\"og:title\" content=\"Home - Looije Agro Technics BV\" \/>\n<meta property=\"og:description\" content=\"\u00dcdv\u00f6z\u00f6lj\u00fck a LAT-\u00dcveghaz A Looije Agro Technics egy f\u00fcggetlen, szakosodott tan\u00e1csad\u00f3 iroda a kert\u00e9szeti \u00fcvegh\u00e1z szektorban aminek a f\u0151tev\u00e9kenys\u00e9ge a k\u00f6vetkez\u0151ket fedi le: megval\u00f3s\u00edthat\u00f3s\u00e1gi tanulm\u00e1ny \u00e9s k\u00f6lts\u00e9g el\u0151rejelz\u00e9s k\u00e9sz\u00edt\u00e9s, tervez\u00e9s \u00e9s megrendel\u00e9si t\u00e1mogat\u00e1s, tan\u00e1csad\u00e1s a pap\u00edrmunk\u00e1ban az \u00f6sszes vonatkoz\u00f3 enged\u00e9lyez\u00e9s \u00e9s el\u0151\u00edr\u00e1s tekintet\u00e9ben, teljes k\u00f6r\u0171 \u00e9p\u00edt\u00e9s management \u00e9s ir\u00e1ny\u00edt\u00e1s, tan\u00e1csad\u00e1s a kert\u00e9szet \u00e9s energiahasznos\u00edt\u00e1si fejleszt\u00e9sek [&hellip;]\" \/>\n<meta property=\"og:url\" content=\"https:\/\/lat.nl\/hu\/\" \/>\n<meta property=\"og:site_name\" content=\"Looije Agro Technics BV\" \/>\n<meta property=\"article:modified_time\" content=\"2018-04-10T09:29:12+00:00\" \/>\n<meta name=\"twitter:card\" content=\"summary_large_image\" \/>\n<meta name=\"twitter:label1\" content=\"Becs\u00fclt olvas\u00e1si id\u0151\" \/>\n\t<meta name=\"twitter:data1\" content=\"1 perc\" \/>\n<script type=\"application\/ld+json\" class=\"yoast-schema-graph\">{\"@context\":\"https:\\\/\\\/schema.org\",\"@graph\":[{\"@type\":\"WebPage\",\"@id\":\"https:\\\/\\\/lat.nl\\\/hu\\\/\",\"url\":\"https:\\\/\\\/lat.nl\\\/hu\\\/\",\"name\":\"Home - Looije Agro Technics BV\",\"isPartOf\":{\"@id\":\"https:\\\/\\\/lat.nl\\\/#website\"},\"datePublished\":\"2018-03-28T16:17:44+00:00\",\"dateModified\":\"2018-04-10T09:29:12+00:00\",\"breadcrumb\":{\"@id\":\"https:\\\/\\\/lat.nl\\\/hu\\\/#breadcrumb\"},\"inLanguage\":\"hu\",\"potentialAction\":[{\"@type\":\"ReadAction\",\"target\":[\"https:\\\/\\\/lat.nl\\\/hu\\\/\"]}]},{\"@type\":\"BreadcrumbList\",\"@id\":\"https:\\\/\\\/lat.nl\\\/hu\\\/#breadcrumb\",\"itemListElement\":[{\"@type\":\"ListItem\",\"position\":1,\"name\":\"Home\",\"item\":\"https:\\\/\\\/lat.nl\\\/hu\\\/\"},{\"@type\":\"ListItem\",\"position\":2,\"name\":\"Home\"}]},{\"@type\":\"WebSite\",\"@id\":\"https:\\\/\\\/lat.nl\\\/#website\",\"url\":\"https:\\\/\\\/lat.nl\\\/\",\"name\":\"Looije Agro Technics BV\",\"description\":\"H\u00e9t onafhankelijk bouwmanagementbureau in de glastuinbouwsector\",\"publisher\":{\"@id\":\"https:\\\/\\\/lat.nl\\\/#organization\"},\"potentialAction\":[{\"@type\":\"SearchAction\",\"target\":{\"@type\":\"EntryPoint\",\"urlTemplate\":\"https:\\\/\\\/lat.nl\\\/?s={search_term_string}\"},\"query-input\":{\"@type\":\"PropertyValueSpecification\",\"valueRequired\":true,\"valueName\":\"search_term_string\"}}],\"inLanguage\":\"hu\"},{\"@type\":\"Organization\",\"@id\":\"https:\\\/\\\/lat.nl\\\/#organization\",\"name\":\"Looije Agro Technics BV\",\"url\":\"https:\\\/\\\/lat.nl\\\/\",\"logo\":{\"@type\":\"ImageObject\",\"inLanguage\":\"hu\",\"@id\":\"https:\\\/\\\/lat.nl\\\/#\\\/schema\\\/logo\\\/image\\\/\",\"url\":\"https:\\\/\\\/lat.nl\\\/wp-content\\\/uploads\\\/2018\\\/03\\\/logo.jpg\",\"contentUrl\":\"https:\\\/\\\/lat.nl\\\/wp-content\\\/uploads\\\/2018\\\/03\\\/logo.jpg\",\"width\":319,\"height\":122,\"caption\":\"Looije Agro Technics BV\"},\"image\":{\"@id\":\"https:\\\/\\\/lat.nl\\\/#\\\/schema\\\/logo\\\/image\\\/\"}}]}<\/script>\n<!-- \/ Yoast SEO plugin. -->","yoast_head_json":{"title":"Home - Looije Agro Technics BV","robots":{"index":"index","follow":"follow","max-snippet":"max-snippet:-1","max-image-preview":"max-image-preview:large","max-video-preview":"max-video-preview:-1"},"canonical":"https:\/\/lat.nl\/hu\/","og_locale":"hu_HU","og_type":"article","og_title":"Home - Looije Agro Technics BV","og_description":"\u00dcdv\u00f6z\u00f6lj\u00fck a LAT-\u00dcveghaz A Looije Agro Technics egy f\u00fcggetlen, szakosodott tan\u00e1csad\u00f3 iroda a kert\u00e9szeti \u00fcvegh\u00e1z szektorban aminek a f\u0151tev\u00e9kenys\u00e9ge a k\u00f6vetkez\u0151ket fedi le: megval\u00f3s\u00edthat\u00f3s\u00e1gi tanulm\u00e1ny \u00e9s k\u00f6lts\u00e9g el\u0151rejelz\u00e9s k\u00e9sz\u00edt\u00e9s, tervez\u00e9s \u00e9s megrendel\u00e9si t\u00e1mogat\u00e1s, tan\u00e1csad\u00e1s a pap\u00edrmunk\u00e1ban az \u00f6sszes vonatkoz\u00f3 enged\u00e9lyez\u00e9s \u00e9s el\u0151\u00edr\u00e1s tekintet\u00e9ben, teljes k\u00f6r\u0171 \u00e9p\u00edt\u00e9s management \u00e9s ir\u00e1ny\u00edt\u00e1s, tan\u00e1csad\u00e1s a kert\u00e9szet \u00e9s energiahasznos\u00edt\u00e1si fejleszt\u00e9sek [&hellip;]","og_url":"https:\/\/lat.nl\/hu\/","og_site_name":"Looije Agro Technics BV","article_modified_time":"2018-04-10T09:29:12+00:00","twitter_card":"summary_large_image","twitter_misc":{"Becs\u00fclt olvas\u00e1si id\u0151":"1 perc"},"schema":{"@context":"https:\/\/schema.org","@graph":[{"@type":"WebPage","@id":"https:\/\/lat.nl\/hu\/","url":"https:\/\/lat.nl\/hu\/","name":"Home - Looije Agro Technics BV","isPartOf":{"@id":"https:\/\/lat.nl\/#website"},"datePublished":"2018-03-28T16:17:44+00:00","dateModified":"2018-04-10T09:29:12+00:00","breadcrumb":{"@id":"https:\/\/lat.nl\/hu\/#breadcrumb"},"inLanguage":"hu","potentialAction":[{"@type":"ReadAction","target":["https:\/\/lat.nl\/hu\/"]}]},{"@type":"BreadcrumbList","@id":"https:\/\/lat.nl\/hu\/#breadcrumb","itemListElement":[{"@type":"ListItem","position":1,"name":"Home","item":"https:\/\/lat.nl\/hu\/"},{"@type":"ListItem","position":2,"name":"Home"}]},{"@type":"WebSite","@id":"https:\/\/lat.nl\/#website","url":"https:\/\/lat.nl\/","name":"Looije Agro Technics BV","description":"H\u00e9t onafhankelijk bouwmanagementbureau in de glastuinbouwsector","publisher":{"@id":"https:\/\/lat.nl\/#organization"},"potentialAction":[{"@type":"SearchAction","target":{"@type":"EntryPoint","urlTemplate":"https:\/\/lat.nl\/?s={search_term_string}"},"query-input":{"@type":"PropertyValueSpecification","valueRequired":true,"valueName":"search_term_string"}}],"inLanguage":"hu"},{"@type":"Organization","@id":"https:\/\/lat.nl\/#organization","name":"Looije Agro Technics BV","url":"https:\/\/lat.nl\/","logo":{"@type":"ImageObject","inLanguage":"hu","@id":"https:\/\/lat.nl\/#\/schema\/logo\/image\/","url":"https:\/\/lat.nl\/wp-content\/uploads\/2018\/03\/logo.jpg","contentUrl":"https:\/\/lat.nl\/wp-content\/uploads\/2018\/03\/logo.jpg","width":319,"height":122,"caption":"Looije Agro Technics BV"},"image":{"@id":"https:\/\/lat.nl\/#\/schema\/logo\/image\/"}}]}},"_links":{"self":[{"href":"https:\/\/lat.nl\/hu\/wp-json\/wp\/v2\/pages\/3278","targetHints":{"allow":["GET"]}}],"collection":[{"href":"https:\/\/lat.nl\/hu\/wp-json\/wp\/v2\/pages"}],"about":[{"href":"https:\/\/lat.nl\/hu\/wp-json\/wp\/v2\/types\/page"}],"author":[{"embeddable":true,"href":"https:\/\/lat.nl\/hu\/wp-json\/wp\/v2\/users\/1"}],"replies":[{"embeddable":true,"href":"https:\/\/lat.nl\/hu\/wp-json\/wp\/v2\/comments?post=3278"}],"version-history":[{"count":0,"href":"https:\/\/lat.nl\/hu\/wp-json\/wp\/v2\/pages\/3278\/revisions"}],"wp:attachment":[{"href":"https:\/\/lat.nl\/hu\/wp-json\/wp\/v2\/media?parent=3278"}],"curies":[{"name":"wp","href":"https:\/\/api.w.org\/{rel}","templated":true}]}}