{"id":2368,"date":"2018-03-28T12:13:11","date_gmt":"2018-03-28T12:13:11","guid":{"rendered":"https:\/\/lat.nl\/savetovanje-prilikom-narucivanja-i-kupovine-komunalne-i-energetske-opreme\/"},"modified":"2018-03-28T12:13:11","modified_gmt":"2018-03-28T12:13:11","slug":"savetovanje-prilikom-narucivanja-i-kupovine-komunalne-i-energetske-opreme","status":"publish","type":"page","link":"https:\/\/lat.nl\/sk\/savetovanje-prilikom-narucivanja-i-kupovine-komunalne-i-energetske-opreme\/","title":{"rendered":"Savetovanje prilikom naru\u010divanja i kupovine komunalne i energetske opreme"},"content":{"rendered":"<p>Po pravilu, moderne staklene ba\u0161te ne funkcioni\u0161u bez gasa. Looije Agro Technics B.V. c\u0301e se pobrinuti za va\u0161e potrebe vezane za to, a zatim \u0107e voditi i \u010ditav proces planiranja, pregovaranja sa va\u0161im dobavlja\u010dima, upravljanja zgradom i postavljanja opreme. Na\u0161e ogromno znanje na ovom podru\u010dju i dobra saradnja sa energetskim kompanijama nam poma\u017eu da na\u0161i stru\u010dnjaci brzo i kompetentno na\u0111u zajedni\u010dki jezik i najbolja komunalna re\u0161enja u okviru pregovara sa energetskim kompanijama.<br \/>\n<BR><BR><br \/>\nOsim gasa, moderne staklene ba\u0161te \u010desto tro\u0161e i zna\u010dajnu koli\u010dinu elektri\u010dne energije. Ako va\u0161 sistem osvetljivanja koristi elektri\u010dnu energiju ili je ona potrebna za kogeneracioni modul ili sli\u010dnu opremu, onda je svakako potrebno da va\u0161 staklenik ima kvalitetnu vezu sa elektri\u010dnom energijom. Ta\u010dna lokacija sobe sa srednjim naponom, trafostanice, precizan strujni put, kontrolne strukture i drugi elementi su faktori koji uti\u010du na odabir i kori\u0161c\u0301enje va\u0161ih sistema. Looije Agro Technics B.V. c\u0301e se pobrinuti za pripremu i kompletan nadzor izgradnje ovakvih strujnih veza. Uz vas smo od prvog kontakta sa dobavlja\u010dem elektri\u010dne energije do dostave i instalacije sistema.<br \/>\n<BR><BR><br \/>\nU mnogim slu\u010dajevima se odlu\u010dujemo i za blisku saradnju sa na\u0161im stru\u010dnjacima iz odeljenja energetike, tako da se svi zajedno odlu\u010dimo za najbolju elektri\u010dnu instalaciju za va\u0161u kompaniju ili njeno pro\u0161irenje.<br \/>\n<BR><BR><br \/>\nPo \u017eelji mo\u017eemo da se pobrinemo i za sve druge elemente va\u0161eg staklenika, kao \u0161to su: vodovod, kanalizacija, telefon, kablovske veze i sve drugo \u0161to je potrebno i \u0161to \u017eelite. Po va\u0161oj \u017eelji sve to uklju\u010dujemo u na\u0161 plan projekta, na kome rade i na\u0161i stru\u010dnjaci iz odeljenja za pripremu projekta. Upravo iz tog razloga je na\u0161 slogan: \u201cNajstru\u010dnije i kompletno\u201d.<\/p>\n","protected":false},"excerpt":{"rendered":"<p>Po pravilu, moderne staklene ba\u0161te ne funkcioni\u0161u bez gasa. Looije Agro Technics B.V. c\u0301e se pobrinuti za va\u0161e potrebe vezane za to, a zatim \u0107e voditi i \u010ditav proces planiranja, pregovaranja sa va\u0161im dobavlja\u010dima, upravljanja zgradom i postavljanja opreme. Na\u0161e ogromno znanje na ovom podru\u010dju i dobra saradnja sa energetskim kompanijama nam poma\u017eu da na\u0161i [&hellip;]<\/p>\n","protected":false},"author":1,"featured_media":0,"parent":0,"menu_order":0,"comment_status":"open","ping_status":"closed","template":"","meta":{"_acf_changed":false,"_exactmetrics_skip_tracking":false,"_exactmetrics_sitenote_active":false,"_exactmetrics_sitenote_note":"","_exactmetrics_sitenote_category":0,"footnotes":""},"class_list":["post-2368","page","type-page","status-publish","hentry"],"acf":[],"yoast_head":"<!-- This site is optimized with the Yoast SEO plugin v27.4 - https:\/\/yoast.com\/product\/yoast-seo-wordpress\/ -->\n<title>Savetovanje prilikom naru\u010divanja i kupovine komunalne i energetske opreme - Looije Agro Technics BV<\/title>\n<meta name=\"robots\" content=\"index, follow, max-snippet:-1, max-image-preview:large, max-video-preview:-1\" \/>\n<link rel=\"canonical\" href=\"https:\/\/lat.nl\/sk\/savetovanje-prilikom-narucivanja-i-kupovine-komunalne-i-energetske-opreme\/\" \/>\n<meta property=\"og:locale\" content=\"sk_SK\" \/>\n<meta property=\"og:type\" content=\"article\" \/>\n<meta property=\"og:title\" content=\"Savetovanje prilikom naru\u010divanja i kupovine komunalne i energetske opreme - Looije Agro Technics BV\" \/>\n<meta property=\"og:description\" content=\"Po pravilu, moderne staklene ba\u0161te ne funkcioni\u0161u bez gasa. Looije Agro Technics B.V. c\u0301e se pobrinuti za va\u0161e potrebe vezane za to, a zatim \u0107e voditi i \u010ditav proces planiranja, pregovaranja sa va\u0161im dobavlja\u010dima, upravljanja zgradom i postavljanja opreme. Na\u0161e ogromno znanje na ovom podru\u010dju i dobra saradnja sa energetskim kompanijama nam poma\u017eu da na\u0161i [&hellip;]\" \/>\n<meta property=\"og:url\" content=\"https:\/\/lat.nl\/sk\/savetovanje-prilikom-narucivanja-i-kupovine-komunalne-i-energetske-opreme\/\" \/>\n<meta property=\"og:site_name\" content=\"Looije Agro Technics BV\" \/>\n<meta name=\"twitter:card\" content=\"summary_large_image\" \/>\n<meta name=\"twitter:label1\" content=\"Predpokladan\u00fd \u010das \u010d\u00edtania\" \/>\n\t<meta name=\"twitter:data1\" content=\"2 min\u00faty\" \/>\n<script type=\"application\/ld+json\" class=\"yoast-schema-graph\">{\"@context\":\"https:\\\/\\\/schema.org\",\"@graph\":[{\"@type\":\"WebPage\",\"@id\":\"https:\\\/\\\/lat.nl\\\/sk\\\/savetovanje-prilikom-narucivanja-i-kupovine-komunalne-i-energetske-opreme\\\/\",\"url\":\"https:\\\/\\\/lat.nl\\\/sk\\\/savetovanje-prilikom-narucivanja-i-kupovine-komunalne-i-energetske-opreme\\\/\",\"name\":\"Savetovanje prilikom naru\u010divanja i kupovine komunalne i energetske opreme - Looije Agro Technics BV\",\"isPartOf\":{\"@id\":\"https:\\\/\\\/lat.nl\\\/#website\"},\"datePublished\":\"2018-03-28T12:13:11+00:00\",\"breadcrumb\":{\"@id\":\"https:\\\/\\\/lat.nl\\\/sk\\\/savetovanje-prilikom-narucivanja-i-kupovine-komunalne-i-energetske-opreme\\\/#breadcrumb\"},\"inLanguage\":\"sk-SK\",\"potentialAction\":[{\"@type\":\"ReadAction\",\"target\":[\"https:\\\/\\\/lat.nl\\\/sk\\\/savetovanje-prilikom-narucivanja-i-kupovine-komunalne-i-energetske-opreme\\\/\"]}]},{\"@type\":\"BreadcrumbList\",\"@id\":\"https:\\\/\\\/lat.nl\\\/sk\\\/savetovanje-prilikom-narucivanja-i-kupovine-komunalne-i-energetske-opreme\\\/#breadcrumb\",\"itemListElement\":[{\"@type\":\"ListItem\",\"position\":1,\"name\":\"Home\",\"item\":\"https:\\\/\\\/lat.nl\\\/sk\\\/\"},{\"@type\":\"ListItem\",\"position\":2,\"name\":\"Savetovanje prilikom naru\u010divanja i kupovine komunalne i energetske opreme\"}]},{\"@type\":\"WebSite\",\"@id\":\"https:\\\/\\\/lat.nl\\\/#website\",\"url\":\"https:\\\/\\\/lat.nl\\\/\",\"name\":\"Looije Agro Technics BV\",\"description\":\"H\u00e9t onafhankelijk bouwmanagementbureau in de glastuinbouwsector\",\"publisher\":{\"@id\":\"https:\\\/\\\/lat.nl\\\/#organization\"},\"potentialAction\":[{\"@type\":\"SearchAction\",\"target\":{\"@type\":\"EntryPoint\",\"urlTemplate\":\"https:\\\/\\\/lat.nl\\\/?s={search_term_string}\"},\"query-input\":{\"@type\":\"PropertyValueSpecification\",\"valueRequired\":true,\"valueName\":\"search_term_string\"}}],\"inLanguage\":\"sk-SK\"},{\"@type\":\"Organization\",\"@id\":\"https:\\\/\\\/lat.nl\\\/#organization\",\"name\":\"Looije Agro Technics BV\",\"url\":\"https:\\\/\\\/lat.nl\\\/\",\"logo\":{\"@type\":\"ImageObject\",\"inLanguage\":\"sk-SK\",\"@id\":\"https:\\\/\\\/lat.nl\\\/#\\\/schema\\\/logo\\\/image\\\/\",\"url\":\"https:\\\/\\\/lat.nl\\\/wp-content\\\/uploads\\\/2018\\\/03\\\/logo.jpg\",\"contentUrl\":\"https:\\\/\\\/lat.nl\\\/wp-content\\\/uploads\\\/2018\\\/03\\\/logo.jpg\",\"width\":319,\"height\":122,\"caption\":\"Looije Agro Technics BV\"},\"image\":{\"@id\":\"https:\\\/\\\/lat.nl\\\/#\\\/schema\\\/logo\\\/image\\\/\"}}]}<\/script>\n<!-- \/ Yoast SEO plugin. -->","yoast_head_json":{"title":"Savetovanje prilikom naru\u010divanja i kupovine komunalne i energetske opreme - Looije Agro Technics BV","robots":{"index":"index","follow":"follow","max-snippet":"max-snippet:-1","max-image-preview":"max-image-preview:large","max-video-preview":"max-video-preview:-1"},"canonical":"https:\/\/lat.nl\/sk\/savetovanje-prilikom-narucivanja-i-kupovine-komunalne-i-energetske-opreme\/","og_locale":"sk_SK","og_type":"article","og_title":"Savetovanje prilikom naru\u010divanja i kupovine komunalne i energetske opreme - Looije Agro Technics BV","og_description":"Po pravilu, moderne staklene ba\u0161te ne funkcioni\u0161u bez gasa. Looije Agro Technics B.V. c\u0301e se pobrinuti za va\u0161e potrebe vezane za to, a zatim \u0107e voditi i \u010ditav proces planiranja, pregovaranja sa va\u0161im dobavlja\u010dima, upravljanja zgradom i postavljanja opreme. Na\u0161e ogromno znanje na ovom podru\u010dju i dobra saradnja sa energetskim kompanijama nam poma\u017eu da na\u0161i [&hellip;]","og_url":"https:\/\/lat.nl\/sk\/savetovanje-prilikom-narucivanja-i-kupovine-komunalne-i-energetske-opreme\/","og_site_name":"Looije Agro Technics BV","twitter_card":"summary_large_image","twitter_misc":{"Predpokladan\u00fd \u010das \u010d\u00edtania":"2 min\u00faty"},"schema":{"@context":"https:\/\/schema.org","@graph":[{"@type":"WebPage","@id":"https:\/\/lat.nl\/sk\/savetovanje-prilikom-narucivanja-i-kupovine-komunalne-i-energetske-opreme\/","url":"https:\/\/lat.nl\/sk\/savetovanje-prilikom-narucivanja-i-kupovine-komunalne-i-energetske-opreme\/","name":"Savetovanje prilikom naru\u010divanja i kupovine komunalne i energetske opreme - Looije Agro Technics BV","isPartOf":{"@id":"https:\/\/lat.nl\/#website"},"datePublished":"2018-03-28T12:13:11+00:00","breadcrumb":{"@id":"https:\/\/lat.nl\/sk\/savetovanje-prilikom-narucivanja-i-kupovine-komunalne-i-energetske-opreme\/#breadcrumb"},"inLanguage":"sk-SK","potentialAction":[{"@type":"ReadAction","target":["https:\/\/lat.nl\/sk\/savetovanje-prilikom-narucivanja-i-kupovine-komunalne-i-energetske-opreme\/"]}]},{"@type":"BreadcrumbList","@id":"https:\/\/lat.nl\/sk\/savetovanje-prilikom-narucivanja-i-kupovine-komunalne-i-energetske-opreme\/#breadcrumb","itemListElement":[{"@type":"ListItem","position":1,"name":"Home","item":"https:\/\/lat.nl\/sk\/"},{"@type":"ListItem","position":2,"name":"Savetovanje prilikom naru\u010divanja i kupovine komunalne i energetske opreme"}]},{"@type":"WebSite","@id":"https:\/\/lat.nl\/#website","url":"https:\/\/lat.nl\/","name":"Looije Agro Technics BV","description":"H\u00e9t onafhankelijk bouwmanagementbureau in de glastuinbouwsector","publisher":{"@id":"https:\/\/lat.nl\/#organization"},"potentialAction":[{"@type":"SearchAction","target":{"@type":"EntryPoint","urlTemplate":"https:\/\/lat.nl\/?s={search_term_string}"},"query-input":{"@type":"PropertyValueSpecification","valueRequired":true,"valueName":"search_term_string"}}],"inLanguage":"sk-SK"},{"@type":"Organization","@id":"https:\/\/lat.nl\/#organization","name":"Looije Agro Technics BV","url":"https:\/\/lat.nl\/","logo":{"@type":"ImageObject","inLanguage":"sk-SK","@id":"https:\/\/lat.nl\/#\/schema\/logo\/image\/","url":"https:\/\/lat.nl\/wp-content\/uploads\/2018\/03\/logo.jpg","contentUrl":"https:\/\/lat.nl\/wp-content\/uploads\/2018\/03\/logo.jpg","width":319,"height":122,"caption":"Looije Agro Technics BV"},"image":{"@id":"https:\/\/lat.nl\/#\/schema\/logo\/image\/"}}]}},"_links":{"self":[{"href":"https:\/\/lat.nl\/sk\/wp-json\/wp\/v2\/pages\/2368","targetHints":{"allow":["GET"]}}],"collection":[{"href":"https:\/\/lat.nl\/sk\/wp-json\/wp\/v2\/pages"}],"about":[{"href":"https:\/\/lat.nl\/sk\/wp-json\/wp\/v2\/types\/page"}],"author":[{"embeddable":true,"href":"https:\/\/lat.nl\/sk\/wp-json\/wp\/v2\/users\/1"}],"replies":[{"embeddable":true,"href":"https:\/\/lat.nl\/sk\/wp-json\/wp\/v2\/comments?post=2368"}],"version-history":[{"count":0,"href":"https:\/\/lat.nl\/sk\/wp-json\/wp\/v2\/pages\/2368\/revisions"}],"wp:attachment":[{"href":"https:\/\/lat.nl\/sk\/wp-json\/wp\/v2\/media?parent=2368"}],"curies":[{"name":"wp","href":"https:\/\/api.w.org\/{rel}","templated":true}]}}